{"id":10215,"date":"2025-04-05T15:06:40","date_gmt":"2025-04-05T07:06:40","guid":{"rendered":"https:\/\/zojopackaging.com\/?post_type=product&#038;p=10215"},"modified":"2025-04-05T16:03:54","modified_gmt":"2025-04-05T08:03:54","slug":"custom-cbd-thc-child-resistance-boxes-sustainable-packaging-box","status":"publish","type":"product","link":"https:\/\/zojopackaging.com\/pl\/product\/custom-cbd-thc-child-resistance-boxes-sustainable-packaging-box\/","title":{"rendered":"Niestandardowe pude\u0142ka CBD THC z zabezpieczeniem przed dzie\u0107mi Zr\u00f3wnowa\u017cone pude\u0142ko do pakowania"},"content":{"rendered":"<h3 id=\"-1-safety-protection-structural-innovation-and-child-friendly-design-\"><strong>1. Ochrona bezpiecze\u0144stwa: innowacje strukturalne i konstrukcja przyjazna dzieciom<\/strong><\/h3>\n<p>-\u00a0<strong>System zapi\u0119\u0107 zabezpieczony przed dzie\u0107mi<\/strong>: posiada opatentowany zamek magnetyczny + podw\u00f3jne zabezpieczenie j\u0119zyka (patrz wyniki wyszukiwania), wymaga si\u0142y ci\u0105gni\u0119cia wi\u0119kszej ni\u017c 2,5 N do otwarcia i jest zgodny z normami bezpiecze\u0144stwa dzieci EN 71-3;<\/p>\n<p>-\u00a0<strong>Certyfikacja materia\u0142\u00f3w<\/strong>: Szara tektura przesz\u0142a certyfikacj\u0119 le\u015bn\u0105 FSC, papier powierzchniowy wykorzystuje papier artystyczny bez \u015brodk\u00f3w fluorescencyjnych, a emisja formaldehydu wynosi \u22640,01 mg\/m\u00b3 (\u017ar\u00f3d\u0142o danych: raport z testu SGS).<\/p>\n<h3 id=\"-2-visual-communication-pantone-special-colors-and-gradient-aesthetics-\"><strong>2. Komunikacja wizualna: Kolory specjalne Pantone i estetyka gradientu<\/strong><\/h3>\n<p>-\u00a0<strong>System kolor\u00f3w<\/strong>: -\u00a0<strong>Klasyczna czer\u0144 i z\u0142oto<\/strong>: Pantone 19-3939 TCX (Royal Blue) z wyt\u0142oczeniami w kolorze r\u00f3\u017cowego z\u0142ota, po\u0142ysk w dotyku osi\u0105ga 90GU;<\/p>\n<p>-\u00a0<strong>Naturalny gradient<\/strong>: Przyj\u0119cie niemieckiego sze\u015bciokolorowego zespo\u0142u drukuj\u0105cego Heidelberg, osi\u0105gni\u0119cie przej\u015bcia kolor\u00f3w 0,1 mm, r\u00f3\u017cnica kolor\u00f3w \u0394E\u22641,2;<\/p>\n<p>-\u00a0<strong>Drukowanie funkcjonalne<\/strong>: Czterokolorowy druk + lokalny proces UV, parametry produktu s\u0105 prezentowane w tr\u00f3jwymiarowym reliefie, a wydajno\u015b\u0107 komunikacji informacyjnej jest zwi\u0119kszona przez 50%.<\/p>\n<h3 id=\"-3-material-innovation-a-balance-between-environmental-protection-and-luxury-\"><strong>3. Innowacje materia\u0142owe: r\u00f3wnowaga mi\u0119dzy ochron\u0105 \u015brodowiska a luksusem<\/strong><\/h3>\n<p>-\u00a0<strong>Struktura szarej tablicy<\/strong>: 1200 g szarej tektury + 157 g powlekanego papieru kompozytowego, wytrzyma\u0142o\u015b\u0107 na \u015bciskanie \u2265 280 N (odniesienie do testu ISO 12048), wska\u017anik uszkodze\u0144 transportowych poni\u017cej 0,3%;<\/p>\n<p>-\u00a0<strong>Zr\u00f3wnowa\u017cona podszewka<\/strong>: -\u00a0<strong>Opcja flaneli<\/strong>: 300 g ultra mi\u0119kkiego kr\u00f3tkiego pluszu (wsp\u00f3\u0142czynnik tarcia \u2264 0,15), wska\u017anik recyklingu \u2265 90%;<\/p>\n<p>-\u00a0<strong>Alternatywa przyjazna dla \u015brodowiska<\/strong>Podszewka z w\u0142\u00f3kna bambusowego (zgodna z normami OEKO-TEX 100), kt\u00f3ra w dotyku przypomina jedwab i jest biodegradowalna.<\/p>\n<h3 id=\"-4-functional-design-precision-adaptation-and-user-experience-\"><strong>4. Projekt funkcjonalny: precyzyjna adaptacja i do\u015bwiadczenie u\u017cytkownika<\/strong><\/h3>\n<p>-\u00a0<strong>Adaptacja do wielu scenariuszy<\/strong>: Obs\u0142uguje produkty elektroniczne (minimalna adaptacja obiektywu \u03a630 mm), instrumenty precyzyjne (poziom odporno\u015bci na wstrz\u0105sy 5), towary luksusowe (test odporno\u015bci na zarysowania przeszed\u0142 pomy\u015blnie ISO 20645);<\/p>\n<p>-\u00a0<strong>Inteligentna ekspansja<\/strong>Wbudowany skaner kod\u00f3w chipowych NFC (zgodny z norm\u0105 ISO 18000-63), czujnik temperatury i wilgotno\u015bci (dok\u0142adno\u015b\u0107 \u00b10,5 \u2103).<\/p>\n<h3 id=\"-5-production-system-agile-manufacturing-and-quality-control-\"><strong>5. System produkcji: Zwinna produkcja i kontrola jako\u015bci<\/strong><\/h3>\n<p>-\u00a0<strong>Zautomatyzowana linia produkcyjna<\/strong>: Wyposa\u017cony w pe\u0142ni automatyczn\u0105 lini\u0119 do sztancowania niemieckiej firmy Krones (dok\u0142adno\u015b\u0107 \u00b10,05 mm), dzienna produkcja ponad 3000 pude\u0142ek upominkowych;<\/p>\n<p>-\u00a0<strong>Standardy kontroli jako\u015bci<\/strong>: Przeszed\u0142 certyfikacj\u0119 ISO 9001\/BRCGS, ka\u017cda partia przechodzi 12 kontroli jako\u015bci (w tym test upadku\/test trwa\u0142o\u015bci koloru\/test t\u0142umienia magnetycznego), z wynikiem 99,99%;<\/p>\n<p>-\u00a0<strong>Szybka reakcja<\/strong>: Pilne zam\u00f3wienia s\u0105 dostarczane w ci\u0105gu 24 godzin (przyk\u0142ad: 100 000 przyspieszonych zam\u00f3wie\u0144 dla czo\u0142owej luksusowej marki w 2024 r.).<\/p>\n<h3 id=\"-6-sustainable-commitment-full-chain-from-materials-to-recycling-\"><strong>6. Zr\u00f3wnowa\u017cone zaanga\u017cowanie: pe\u0142ny \u0142a\u0144cuch od materia\u0142\u00f3w do recyklingu<\/strong><\/h3>\n<p>-\u00a0<strong>Produkcja neutralna pod wzgl\u0119dem emisji dwutlenku w\u0119gla<\/strong>U\u017cywany jest sprz\u0119t zasilany energi\u0105 s\u0142oneczn\u0105, a \u015blad w\u0119glowy pojedynczego pude\u0142ka wynosi \u2264300g CO\u2082e (certyfikat Carbon Trust);<\/p>\n<p>-\u00a0<strong>Okr\u0105g\u0142a konstrukcja<\/strong>Korpus pude\u0142ka obs\u0142uguje 5 cykli, a wy\u015bci\u00f3\u0142k\u0119 mo\u017cna wyj\u0105\u0107 i wypra\u0107 (patrz koncepcja chusteczek antybakteryjnych wielokrotnego u\u017cytku w wynikach wyszukiwania);<\/p>\n<p>-\u00a0<strong>Plan recyklingu<\/strong>Wsp\u00f3lnie ustanawiamy sie\u0107 recyklingu opakowa\u0144 z TerraCycle, a wska\u017anik recyklingu starych pude\u0142ek wynosi \u226585%.<\/p>\n<h3 id=\"-7-design-empowerment-global-insights-of-the-luxury-team-\"><strong>7. Wzmocnienie pozycji projektanta: Globalne spostrze\u017cenia luksusowego zespo\u0142u<\/strong><\/h3>\n<p>\"Sustainable Aesthetics Research Institute\" sk\u0142adaj\u0105cy si\u0119 z 12 starszych projektant\u00f3w zapewnia trzy podstawowe us\u0142ugi:<\/p>\n<p>-\u00a0<strong>Przewidywanie trend\u00f3w<\/strong>: Publikowanie co kwarta\u0142 raportu \"High-end Packaging Sustainable Color Trend Report\", obejmuj\u0105cego popularne kolory i innowacje materia\u0142owe Pantone;<\/p>\n<p>-\u00a0<strong>Integracja kulturowa<\/strong>: Utworzenie centr\u00f3w projektowych w Pary\u017cu, Mediolanie i Tokio oraz opracowanie ponad 200 przyjaznych dla \u015brodowiska bibliotek wzor\u00f3w;<\/p>\n<p>-\u00a0<strong>Przypadek klienta<\/strong>: Zaprojektowa\u0142 gradientowe zielone pude\u0142ko dla p\u00f3\u0142nocnoameryka\u0144skiej marki CBD i zdoby\u0142 nagrod\u0119 Red Dot Design Award 2024 za biodegradowaln\u0105 flanelow\u0105 podszewk\u0119.<\/p>\n<p><strong>Niech ka\u017cde pude\u0142ko stanie si\u0119 podw\u00f3jn\u0105 deklaracj\u0105 odpowiedzialno\u015bci marki i estetyki.<\/strong><\/p>","protected":false},"excerpt":{"rendered":"<p><strong>ZOJO Print | Dostosowane pude\u0142ko CBD THC zabezpieczone przed dzie\u0107mi i zr\u00f3wnowa\u017cone opakowanie - podw\u00f3jna innowacja w zakresie ochrony bezpiecze\u0144stwa i walor\u00f3w estetycznych<\/strong><\/p>\n<p>W dziedzinie wysokiej klasy opakowa\u0144 produkt\u00f3w konsumenckich, ochrona dzieci i zr\u00f3wnowa\u017cony design sta\u0142y si\u0119 podstawowymi wymaganiami marek w zakresie wype\u0142niania ich obowi\u0105zk\u00f3w spo\u0142ecznych. ZOJO Print jest g\u0142\u0119boko zaanga\u017cowane w bran\u017c\u0119 od 16 lat, koncentruj\u0105c si\u0119 na dostarczaniu niestandardowych rozwi\u0105za\u0144 opakowaniowych, kt\u00f3re s\u0105 bezpieczne, przyjazne dla \u015brodowiska i artystyczne dla wra\u017cliwych produkt\u00f3w, takich jak CBD \/ THC.<\/p>","protected":false},"featured_media":10221,"template":"","meta":[],"product_brand":[],"product_cat":[30,431,418,31],"product_tag":[1372,1371,1373],"class_list":{"0":"post-10215","1":"product","2":"type-product","3":"status-publish","4":"has-post-thumbnail","6":"product_cat-by-industry","7":"product_cat-child-resistant-packaging","8":"product_cat-custom-cbd-boxes","9":"product_cat-paper-box-style","10":"product_tag-child-resistance-boxes","11":"product_tag-custom-cbd-thc-box","12":"product_tag-sustainable-packaging-box","14":"first","15":"instock","16":"shipping-taxable","17":"product-type-simple"},"_links":{"self":[{"href":"https:\/\/zojopackaging.com\/pl\/wp-json\/wp\/v2\/product\/10215","targetHints":{"allow":["GET"]}}],"collection":[{"href":"https:\/\/zojopackaging.com\/pl\/wp-json\/wp\/v2\/product"}],"about":[{"href":"https:\/\/zojopackaging.com\/pl\/wp-json\/wp\/v2\/types\/product"}],"version-history":[{"count":1,"href":"https:\/\/zojopackaging.com\/pl\/wp-json\/wp\/v2\/product\/10215\/revisions"}],"predecessor-version":[{"id":10222,"href":"https:\/\/zojopackaging.com\/pl\/wp-json\/wp\/v2\/product\/10215\/revisions\/10222"}],"wp:featuredmedia":[{"embeddable":true,"href":"https:\/\/zojopackaging.com\/pl\/wp-json\/wp\/v2\/media\/10221"}],"wp:attachment":[{"href":"https:\/\/zojopackaging.com\/pl\/wp-json\/wp\/v2\/media?parent=10215"}],"wp:term":[{"taxonomy":"product_brand","embeddable":true,"href":"https:\/\/zojopackaging.com\/pl\/wp-json\/wp\/v2\/product_brand?post=10215"},{"taxonomy":"product_cat","embeddable":true,"href":"https:\/\/zojopackaging.com\/pl\/wp-json\/wp\/v2\/product_cat?post=10215"},{"taxonomy":"product_tag","embeddable":true,"href":"https:\/\/zojopackaging.com\/pl\/wp-json\/wp\/v2\/product_tag?post=10215"}],"curies":[{"name":"wp","href":"https:\/\/api.w.org\/{rel}","templated":true}]}}