{"id":10223,"date":"2025-04-05T15:17:39","date_gmt":"2025-04-05T07:17:39","guid":{"rendered":"https:\/\/zojopackaging.com\/?post_type=product&#038;p=10223"},"modified":"2025-04-05T15:29:17","modified_gmt":"2025-04-05T07:29:17","slug":"custom-vape-pods-packaging-cardboard-box-wholesale-rates-maker","status":"publish","type":"product","link":"https:\/\/zojopackaging.com\/pl\/product\/custom-vape-pods-packaging-cardboard-box-wholesale-rates-maker\/","title":{"rendered":"Niestandardowe opakowania kartonowe na kapsu\u0142ki Vape Producent stawek hurtowych"},"content":{"rendered":"<h3 id=\"-1-material-innovation-industrial-grade-protection-of-350g-white-cardboard-\"><strong>1. Innowacyjny materia\u0142: przemys\u0142owa ochrona 350g bia\u0142ego kartonu<\/strong><\/h3>\n<p>Przyj\u0119cie\u00a0<strong>Bia\u0142y karton 350 g z certyfikatem FSC<\/strong>\u00a0(b\u0142\u0105d wagi \u2264\u00b15g\/m\u00b2), przechodz\u0105 niemiecki standardowy test \u015bciskania DIN 53357, obci\u0105\u017cenie pojedynczego pude\u0142ka \u226515kg, wsp\u00f3\u0142czynnik odkszta\u0142cenia &lt;0,3%. Ilo\u015b\u0107 nak\u0142adanego kleju na powierzchni\u0119 kartonu osi\u0105ga 8 g\/m\u00b2, a odporno\u015b\u0107 na wilgo\u0107 jest poprawiona o 60% (patrz wynik wyszukiwania dla przyjaznych dla \u015brodowiska standard\u00f3w opakowa\u0144), co spe\u0142nia surowe wymagania przepis\u00f3w UE REACH dotycz\u0105cych materia\u0142\u00f3w opakowaniowych.<\/p>\n<h3 id=\"-2-minimalist-design-visual-expression-of-industrial-aesthetics-\"><strong>2. Minimalistyczny design: wizualny wyraz estetyki przemys\u0142owej<\/strong><\/h3>\n<p>-\u00a0<strong>Projekt strukturalny<\/strong>wyt\u0142oczony z blachy stalowej walcowanej na zimno o grubo\u015bci 0,8 mm, b\u0142\u0105d jednorodno\u015bci grubo\u015bci \u015bcianki pude\u0142ka \u22640,1 mm; -\u00a0<strong>System wizualny<\/strong>: -\u00a0<strong>Kontrola kolor\u00f3w<\/strong>: Pantone 11-0601 TCX (czysta biel) jako kolor g\u0142\u00f3wny, z lini\u0105 t\u0142oczon\u0105 na gor\u0105co o szeroko\u015bci 0,3 mm (r\u00f3\u017cnica kolor\u00f3w \u0394E\u22641,5); -\u00a0<strong>Poziom informacji<\/strong>Czterokolorowy nadruk + lokalny proces wyt\u0142aczania UV, chropowato\u015b\u0107 dotyku LOGO marki Ra\u22653.0\u03bcm, rozpoznawalno\u015b\u0107 alfabetu Braille'a zwi\u0119kszona o 40%.<\/p>\n<h3 id=\"-3-printing-technology-accurate-delivery-of-brand-value-\"><strong>3. Technologia druku: dok\u0142adne dostarczanie warto\u015bci marki<\/strong><\/h3>\n<p>-\u00a0<strong>Precyzyjne drukowanie<\/strong>: niemiecki sze\u015bciokolorowy zesp\u00f3\u0142 drukuj\u0105cy Heidelberg, osi\u0105gaj\u0105cy dok\u0142adno\u015b\u0107 nadruku na poziomie 0,05 mm (\u015brednia w bran\u017cy 0,15 mm), odwzorowanie kolor\u00f3w \u0394E\u22641,2; -\u00a0<strong>Technologia zapobiegaj\u0105ca podrabianiu<\/strong>Zintegrowany mikrotekst (szeroko\u015b\u0107 linii 0,02 mm) i kod QR ze zmiennymi danymi, obs\u0142uga wi\u0105zania chip\u00f3w NFC (zgodna z norm\u0105 ISO 14443).<\/p>\n<h3 id=\"-4-human-computer-interaction-minimal-opening-and-efficient-production-\"><strong>4. Interakcja cz\u0142owiek-komputer: minimalne otwarcie i wydajna produkcja<\/strong><\/h3>\n<p>-\u00a0<strong>System otwierania<\/strong>: zamek magnetyczny + podw\u00f3jne ubezpieczenie szyny \u015blizgowej, si\u0142a otwierania \u22641,5N (zgodne z normami bezpiecze\u0144stwa dzieci ISO 13857), wska\u017anik powodzenia obs\u0142ugi jedn\u0105 r\u0119k\u0105 \uff1e98%; -\u00a0<strong>Wydajno\u015b\u0107 produkcji<\/strong>Wykorzystanie w pe\u0142ni automatycznej linii sztancuj\u0105cej (pr\u0119dko\u015b\u0107 \u22653000 arkuszy\/godzin\u0119), cykl formowania pude\u0142ek &lt;8 sekund, dzienna zdolno\u015b\u0107 produkcyjna przekracza 50 000 sztuk.<\/p>\n<h3 id=\"-5-smart-manufacturing-system-hard-core-support-for-large-scale-production-\"><strong>5. Inteligentny system produkcyjny: podstawowe wsparcie dla produkcji na du\u017c\u0105 skal\u0119<\/strong><\/h3>\n<p>-\u00a0<strong>Skala bazowa<\/strong>: Inteligentna fabryka o powierzchni 5.360 metr\u00f3w kwadratowych, wyposa\u017cona w niemieck\u0105 pi\u0119ciowarstwow\u0105 lini\u0119 do produkcji tektury BHS (pr\u0119dko\u015b\u0107 \u2265 200 m\/min).\u00a0<strong>Zwinna reakcja<\/strong>: Obs\u0142uga dostosowywania ma\u0142ych partii (minimalne zam\u00f3wienie 500 sztuk), 72-godzinny szybki proofing i 48-godzinna dostawa pilnych zam\u00f3wie\u0144.<\/p>\n<h3 id=\"-6-quality-control-full-link-quality-control-guarantee-\"><strong>6. Kontrola jako\u015bci: pe\u0142na gwarancja kontroli jako\u015bci<\/strong><\/h3>\n<p>-\u00a0<strong>Trzypoziomowa kontrola<\/strong>: - Koniec surowca: Ka\u017cda partia tektury jest testowana pod k\u0105tem gramatury\/odporno\u015bci na \u015bciskanie\/\u015brodka fluorescencyjnego (patrz proces kontroli jako\u015bci wynik\u00f3w wyszukiwania); - Koniec produkcji: System kontroli wizualnej online ekranuje wady druku w czasie rzeczywistym (wska\u017anik wykrywalno\u015bci \uff1e99,9%); - Koniec produktu gotowego: Zewn\u0119trzna notarialna kontrola jako\u015bci (w tym test upadku\/wibracji\/upuszczenia). -\u00a0<strong>System certyfikacji<\/strong>: Przeszed\u0142 certyfikacj\u0119 ISO 9001\/BRCGS\/FSC, a raport z kontroli jako\u015bci mo\u017cna prze\u015bledzi\u0107 wstecz do partii surowca.<\/p>\n<h3 id=\"-7-design-empowerment-in-depth-insight-into-industry-trends-\"><strong>7. Wzmocnienie pozycji projektanta: dog\u0142\u0119bny wgl\u0105d w trendy bran\u017cowe<\/strong><\/h3>\n<p>\"Laboratorium opakowa\u0144 e-papieros\u00f3w\" sk\u0142adaj\u0105ce si\u0119 z 8 starszych in\u017cynier\u00f3w ds. opakowa\u0144 zapewnia trzy g\u0142\u00f3wne innowacyjne us\u0142ugi: -\u00a0<strong>Przewidywanie trend\u00f3w<\/strong>: wydawanie co kwarta\u0142 \"Bia\u0142ej ksi\u0119gi technologii opakowa\u0144 e-papieros\u00f3w\", obejmuj\u0105cej najnowocze\u015bniejsze kierunki, takie jak magnetyczna struktura ss\u0105ca\/materia\u0142y ulegaj\u0105ce degradacji; - wydawanie co kwarta\u0142 \"Bia\u0142ej ksi\u0119gi technologii opakowa\u0144 e-papieros\u00f3w\".\u00a0<strong>Rezerwa patentowa<\/strong>: 18 patent\u00f3w na konstrukcj\u0119 opakowania (w tym 5 mi\u0119dzynarodowych patent\u00f3w PCT), a magnetyczny zamek ss\u0105cy ma \u017cywotno\u015b\u0107 10 000 otwar\u0107 i zamkni\u0119\u0107.\u00a0<strong>Rozwi\u0105zanie dostosowane do indywidualnych potrzeb<\/strong>: Obs\u0142uguje zintegrowane projekty, takie jak inteligentny wy\u015bwietlacz kontroli temperatury i wska\u017anik pozosta\u0142ego wk\u0142adu papierosowego (patrz nagradzane przypadki w wynikach wyszukiwania).<\/p>\n<p><strong>Niech ka\u017cde opakowanie stanie si\u0119 wizualn\u0105 deklaracj\u0105 technicznej si\u0142y marki.<\/strong><\/p>","protected":false},"excerpt":{"rendered":"<p><strong>ZOJO Print | Niestandardowe opakowanie kartonowe na wk\u0142ady do e-papieros\u00f3w - wykorzystanie estetyki przemys\u0142owej i inteligentnej produkcji, aby umo\u017cliwi\u0107 skok warto\u015bci marki do przodu<\/strong><\/p>\n<p>W dzisiejszej szybkiej iteracji bran\u017cy e-papieros\u00f3w opakowanie jest nie tylko pojemnikiem na produkt, ale tak\u017ce g\u0142\u00f3wnym no\u015bnikiem wizerunku marki i zgodno\u015bci. Firma ZOJO Print jest g\u0142\u0119boko zaanga\u017cowana w dziedzinie opakowa\u0144 do e-papieros\u00f3w i opracowa\u0142a rozwi\u0105zanie kartonowe, kt\u00f3re \u0142\u0105czy w sobie bezpiecze\u0144stwo, ochron\u0119 \u015brodowiska i zmys\u0142 projektowy zgodnie z charakterystyk\u0105 wk\u0142ad\u00f3w.<\/p>","protected":false},"featured_media":10224,"template":"","meta":[],"product_brand":[],"product_cat":[30,420,430,31],"product_tag":[1375,1126,1374],"class_list":{"0":"post-10223","1":"product","2":"type-product","3":"status-publish","4":"has-post-thumbnail","6":"product_cat-by-industry","7":"product_cat-custom-cannabis-boxes","8":"product_cat-folding-cartons","9":"product_cat-paper-box-style","10":"product_tag-box-wholesale-rates-maker","11":"product_tag-cardboard-box-wholesale","12":"product_tag-custom-vape-pods-packaging","14":"first","15":"instock","16":"shipping-taxable","17":"product-type-grouped"},"_links":{"self":[{"href":"https:\/\/zojopackaging.com\/pl\/wp-json\/wp\/v2\/product\/10223","targetHints":{"allow":["GET"]}}],"collection":[{"href":"https:\/\/zojopackaging.com\/pl\/wp-json\/wp\/v2\/product"}],"about":[{"href":"https:\/\/zojopackaging.com\/pl\/wp-json\/wp\/v2\/types\/product"}],"version-history":[{"count":1,"href":"https:\/\/zojopackaging.com\/pl\/wp-json\/wp\/v2\/product\/10223\/revisions"}],"predecessor-version":[{"id":10230,"href":"https:\/\/zojopackaging.com\/pl\/wp-json\/wp\/v2\/product\/10223\/revisions\/10230"}],"wp:featuredmedia":[{"embeddable":true,"href":"https:\/\/zojopackaging.com\/pl\/wp-json\/wp\/v2\/media\/10224"}],"wp:attachment":[{"href":"https:\/\/zojopackaging.com\/pl\/wp-json\/wp\/v2\/media?parent=10223"}],"wp:term":[{"taxonomy":"product_brand","embeddable":true,"href":"https:\/\/zojopackaging.com\/pl\/wp-json\/wp\/v2\/product_brand?post=10223"},{"taxonomy":"product_cat","embeddable":true,"href":"https:\/\/zojopackaging.com\/pl\/wp-json\/wp\/v2\/product_cat?post=10223"},{"taxonomy":"product_tag","embeddable":true,"href":"https:\/\/zojopackaging.com\/pl\/wp-json\/wp\/v2\/product_tag?post=10223"}],"curies":[{"name":"wp","href":"https:\/\/api.w.org\/{rel}","templated":true}]}}