{"id":10231,"date":"2025-04-05T15:29:54","date_gmt":"2025-04-05T07:29:54","guid":{"rendered":"https:\/\/zojopackaging.com\/?post_type=product&#038;p=10231"},"modified":"2025-04-05T15:38:12","modified_gmt":"2025-04-05T07:38:12","slug":"customized-vape-pod-folding-cardboard-box-packaging-boxes","status":"publish","type":"product","link":"https:\/\/zojopackaging.com\/pl\/product\/customized-vape-pod-folding-cardboard-box-packaging-boxes\/","title":{"rendered":"Niestandardowe sk\u0142adane pude\u0142ka kartonowe Vape POD"},"content":{"rendered":"<h3 id=\"-1-structural-innovation-the-minimalist-philosophy-of-the-classic-double-insert-card-box-\"><strong>1. Innowacja strukturalna: minimalistyczna filozofia klasycznego pude\u0142ka na karty z podw\u00f3jn\u0105 wk\u0142adk\u0105<\/strong><\/h3>\n<p>Przyj\u0119cie\u00a0<strong>T\u0142oczenie z blachy stalowej walcowanej na zimno o grubo\u015bci 0,8 mm<\/strong>, b\u0142\u0105d jednorodno\u015bci grubo\u015bci \u015bcianki pude\u0142ka \u22640,1 mm i osi\u0105gn\u0105\u0107\u00a0<strong>3 sekundy ultraszybkiego otwierania i zamykania<\/strong>\u00a0(zmierzona si\u0142a otwierania \u22641,2N). Konstrukcja klamry z podw\u00f3jn\u0105 wk\u0142adk\u0105 przesz\u0142a certyfikacj\u0119 bezpiecze\u0144stwa dzieci ISO 13857, wymaga si\u0142y ci\u0105gni\u0119cia wi\u0119kszej ni\u017c 2,5 N do otwarcia, a wska\u017anik uszkodze\u0144 transportowych jest mniejszy ni\u017c 0,3% (\u017ar\u00f3d\u0142o danych: raport laboratorium materia\u0142\u00f3w opakowaniowych 2024).<\/p>\n<h3 id=\"-2-visual-empowerment-scenario-based-customized-printing-technology-\"><strong>2. Wzmocnienie wizualne: spersonalizowana technologia druku oparta na scenariuszach<\/strong><\/h3>\n<p>-\u00a0<strong>Dopasowanie kolor\u00f3w dodatkowych Pantone<\/strong>: Przyj\u0119cie niemieckiego sze\u015bciokolorowego zespo\u0142u drukuj\u0105cego Heidelberg, osi\u0105gaj\u0105cego dok\u0142adno\u015b\u0107 nadruku na poziomie 0,05 mm (\u0394E\u22641,2), obs\u0142uguj\u0105cego proces wyt\u0142aczania Pantone 19-3939 TCX (Royal Blue) + Rose Gold;<\/p>\n<p>-\u00a0<strong>Dynamiczny projekt wizualny<\/strong>: Dzi\u0119ki procesowi miejscowego wyt\u0142aczania UV (wysoko\u015b\u0107 0,3 mm) scenariusz u\u017cytkowania produktu jest przekszta\u0142cany w dotykowy schemat 3D, a wydajno\u015b\u0107 przekazywania informacji poprawia si\u0119 o 50%.<\/p>\n<h3 id=\"-3-intelligent-production-industrial-grade-efficiency-and-quality-control-\"><strong>3. Inteligentna produkcja: wydajno\u015b\u0107 i kontrola jako\u015bci na poziomie przemys\u0142owym<\/strong><\/h3>\n<p>-\u00a0<strong>Zautomatyzowana linia produkcyjna<\/strong>: Wyposa\u017cona w niemieck\u0105 pi\u0119ciowarstwow\u0105 lini\u0119 kartonow\u0105 BHS (pr\u0119dko\u015b\u0107 \u2265200 m\/min), dzienna zdolno\u015b\u0107 produkcyjna przekracza 50 000 sztuk;<\/p>\n<p>-\u00a0<strong>System kontroli jako\u015bci<\/strong>: Przeszed\u0142 certyfikacj\u0119 ISO 9001\/BRCGS, ka\u017cda partia przechodzi 12 kontroli jako\u015bci (w tym testy upadku\/wibracji\/upuszczenia), a wska\u017anik zdawalno\u015bci wynosi 99,99%.<\/p>\n<h3 id=\"-4-material-revolution-durable-aesthetics-of-matte-coating-\"><strong>4. Materia\u0142owa rewolucja: Trwa\u0142a estetyka matowej pow\u0142oki<\/strong><\/h3>\n<p>-\u00a0<strong>Wyb\u00f3r papieru do twarzy<\/strong>: 350 g bia\u0142ego kartonu (certyfikat FSC) + 0,2 mm matowa pow\u0142oka PET, chropowato\u015b\u0107 powierzchni Ra\u22640,6 \u03bcm, odporno\u015b\u0107 na zu\u017cycie przesz\u0142a test ko\u0142a Taber CS-10 (t\u0142umienie po\u0142ysku &lt;5% po 500 obrotach);<\/p>\n<p>-\u00a0<strong>Technologia Anti-scratch Black<\/strong>: Ciemne kolory s\u0105 drukowane atramentem w\u0119glowym w po\u0142\u0105czeniu z pow\u0142ok\u0105 nanohydrofobow\u0105, a poziom odporno\u015bci na zarysowania osi\u0105ga 4H (standard testu twardo\u015bci o\u0142\u00f3wka).<\/p>\n<h3 id=\"-5-design-driven-luxury-customization-service-\"><strong>5. Design Driven: Luksusowa us\u0142uga personalizacji<\/strong><\/h3>\n<p>\"Electronic Cigarette Aesthetics Research Institute\" sk\u0142adaj\u0105cy si\u0119 z 12 starszych projektant\u00f3w opakowa\u0144 \u015bwiadczy trzy podstawowe us\u0142ugi:<\/p>\n<p>-\u00a0<strong>Przewidywanie trend\u00f3w<\/strong>: Co kwarta\u0142 publikujemy raport \"Electronic Cigarette Packaging Color Trend Report\", obejmuj\u0105cy najnowocze\u015bniejsze kierunki, takie jak magnetyczna struktura ss\u0105ca \/ materia\u0142y degradowalne;<\/p>\n<p>-\u00a0<strong>Inteligentna rozbudowa<\/strong>: Obs\u0142uga implantacji chip\u00f3w NFC (zgodnie z norm\u0105 ISO 14443), tag\u00f3w wykrywaj\u0105cych temperatur\u0119 i wilgotno\u015b\u0107 (dok\u0142adno\u015b\u0107 \u00b10,5 \u2103).<\/p>\n<h3 id=\"-6-industry-accumulation-global-brand-service-network-\"><strong>6. Akumulacja bran\u017cy: globalna sie\u0107 us\u0142ug marki<\/strong><\/h3>\n<p>-\u00a0<strong>Przypadek wzorcowy<\/strong>: -\u00a0<strong>Marka z Ameryki P\u00f3\u0142nocnej<\/strong>: Dzi\u0119ki magnetycznej klamrze zabezpieczaj\u0105cej przed dzie\u0107mi + technologii druku UV, wska\u017anik zwrotu opakowa\u0144 jest zmniejszony o 70%;<\/p>\n<p>-\u00a0<strong>Europejskie rozwi\u0105zanie w zakresie zgodno\u015bci<\/strong>: Wbudowany chip RFID \u015bledzi informacje logistyczne, zgodnie z przepisami UE TPD;<\/p>\n<p>-\u00a0<strong>Szybka reakcja<\/strong>72-godzinny szybki proofing, obs\u0142uga personalizacji ma\u0142ych partii (minimalne zam\u00f3wienie 300 sztuk).<\/p>\n<h3 id=\"-7-green-commitment-full-link-sustainable-solution-\"><strong>7. Zielone zaanga\u017cowanie: w pe\u0142ni zr\u00f3wnowa\u017cone rozwi\u0105zanie<\/strong><\/h3>\n<p>-\u00a0<strong>Certyfikacja FSC<\/strong>: Materia\u0142y s\u0105 identyfikowalne, przesz\u0142y mi\u0119dzynarodow\u0105 certyfikacj\u0119 le\u015bn\u0105 FSC i zapewniaj\u0105 jako\u015b\u0107 uznan\u0105 przez du\u017ce marki.<\/p>\n<p>-\u00a0<strong>Okr\u0105g\u0142a konstrukcja<\/strong>: Korpus pude\u0142ka obs\u0142uguje 5 cykli, a podszewk\u0119 mo\u017cna zdejmowa\u0107 i pra\u0107 (patrz technologia degradowalnego w\u0142\u00f3kna s\u0142omy);<\/p>\n<p><strong>Niech ka\u017cde papierowe pude\u0142ko stanie si\u0119 wizualn\u0105 deklaracj\u0105 technicznej si\u0142y marki.<\/strong><\/p>","protected":false},"excerpt":{"rendered":"<p><strong>ZOJO Print | Spersonalizowane sk\u0142adane pude\u0142ko kartonowe Vape POD - Kszta\u0142towanie nowego punktu odniesienia dla opakowa\u0144 e-papieros\u00f3w dzi\u0119ki estetyce przemys\u0142owej i inteligentnej produkcji<\/strong><\/p>\n<p>Dzi\u015b, gdy bran\u017ca e-papieros\u00f3w d\u0105\u017cy do lekko\u015bci i ochrony \u015brodowiska, ZOJO Print, z 16-letnim do\u015bwiadczeniem w inteligentnej produkcji opakowa\u0144, dostarcza produktom Vape POD sk\u0142adane pude\u0142ka kartonowe, kt\u00f3re \u0142\u0105cz\u0105 funkcjonalno\u015b\u0107, bezpiecze\u0144stwo i design.<\/p>","protected":false},"featured_media":10234,"template":"","meta":[],"product_brand":[],"product_cat":[30,420,430,31],"product_tag":[1376,1364,1377],"class_list":{"0":"post-10231","1":"product","2":"type-product","3":"status-publish","4":"has-post-thumbnail","6":"product_cat-by-industry","7":"product_cat-custom-cannabis-boxes","8":"product_cat-folding-cartons","9":"product_cat-paper-box-style","10":"product_tag-custom-vape-pod-box","11":"product_tag-packaging-boxes","12":"product_tag-pod-folding-cardboard-box","14":"first","15":"instock","16":"shipping-taxable","17":"product-type-grouped"},"_links":{"self":[{"href":"https:\/\/zojopackaging.com\/pl\/wp-json\/wp\/v2\/product\/10231","targetHints":{"allow":["GET"]}}],"collection":[{"href":"https:\/\/zojopackaging.com\/pl\/wp-json\/wp\/v2\/product"}],"about":[{"href":"https:\/\/zojopackaging.com\/pl\/wp-json\/wp\/v2\/types\/product"}],"version-history":[{"count":1,"href":"https:\/\/zojopackaging.com\/pl\/wp-json\/wp\/v2\/product\/10231\/revisions"}],"predecessor-version":[{"id":10238,"href":"https:\/\/zojopackaging.com\/pl\/wp-json\/wp\/v2\/product\/10231\/revisions\/10238"}],"wp:featuredmedia":[{"embeddable":true,"href":"https:\/\/zojopackaging.com\/pl\/wp-json\/wp\/v2\/media\/10234"}],"wp:attachment":[{"href":"https:\/\/zojopackaging.com\/pl\/wp-json\/wp\/v2\/media?parent=10231"}],"wp:term":[{"taxonomy":"product_brand","embeddable":true,"href":"https:\/\/zojopackaging.com\/pl\/wp-json\/wp\/v2\/product_brand?post=10231"},{"taxonomy":"product_cat","embeddable":true,"href":"https:\/\/zojopackaging.com\/pl\/wp-json\/wp\/v2\/product_cat?post=10231"},{"taxonomy":"product_tag","embeddable":true,"href":"https:\/\/zojopackaging.com\/pl\/wp-json\/wp\/v2\/product_tag?post=10231"}],"curies":[{"name":"wp","href":"https:\/\/api.w.org\/{rel}","templated":true}]}}