{"id":10239,"date":"2025-04-05T15:41:20","date_gmt":"2025-04-05T07:41:20","guid":{"rendered":"https:\/\/zojopackaging.com\/?post_type=product&#038;p=10239"},"modified":"2025-04-05T16:03:28","modified_gmt":"2025-04-05T08:03:28","slug":"customized-pre-roll-cigarette-boxes-fast-delivery-cardboard-box","status":"publish","type":"product","link":"https:\/\/zojopackaging.com\/pl\/product\/customized-pre-roll-cigarette-boxes-fast-delivery-cardboard-box\/","title":{"rendered":"Dostosowane pude\u0142ka na papierosy Pre Roll Szybka dostawa Pude\u0142ko kartonowe"},"content":{"rendered":"<h3 id=\"-1-structural-innovation-the-minimalist-philosophy-of-opening-and-closing-cigarette-boxes-\"><strong>1. Innowacja strukturalna: minimalistyczna filozofia otwierania i zamykania pude\u0142ek papieros\u00f3w<\/strong><\/h3>\n<p>Przyj\u0119cie\u00a0<strong>T\u0142oczenie z blachy stalowej walcowanej na zimno o grubo\u015bci 0,8 mm<\/strong>B\u0142\u0105d jednorodno\u015bci grubo\u015bci \u015bcianki pude\u0142ka wynosi \u22640,1 mm, osi\u0105gaj\u0105c\u00a0<strong>3 sekundy ultraszybkiego otwierania i zamykania<\/strong>\u00a0(zmierzona si\u0142a otwarcia \u22641,2N). Opieraj\u0105c si\u0119 na koncepcji projektowej wysokiej klasy koronek do zegark\u00f3w, model\u00a0<strong>System podw\u00f3jnej klamry ubezpieczeniowej<\/strong>\u00a0jest innowacyjnie dodana, wymagaj\u0105c si\u0142y ci\u0105gni\u0119cia wi\u0119kszej ni\u017c 2,5 N do otwarcia (zgodnie z normami bezpiecze\u0144stwa dzieci ISO 13857), a wska\u017anik uszkodze\u0144 transportowych jest mniejszy ni\u017c 0,3% (\u017ar\u00f3d\u0142o danych: raport laboratorium materia\u0142\u00f3w opakowaniowych 2024).<\/p>\n<h3 id=\"-2-visual-narrative-scenario-based-customized-printing-technology-\"><strong>2. Narracja wizualna: Niestandardowa technologia druku oparta na scenariuszach<\/strong><\/h3>\n<p>-\u00a0<strong>Dopasowywanie kolor\u00f3w dodatkowych Pantone<\/strong>: Przyj\u0119cie niemieckiego sze\u015bciokolorowego zespo\u0142u drukuj\u0105cego Heidelberg, osi\u0105gaj\u0105cego dok\u0142adno\u015b\u0107 nadruku 0,05 mm (\u0394E\u22641,2), obs\u0142uguj\u0105cego proces wyt\u0142aczania Pantone 19-3939 TCX (Royal Blue) + Rose Gold;<\/p>\n<p>-\u00a0<strong>Dynamiczny projekt wizualny<\/strong>: Dzi\u0119ki procesowi lokalnego wyt\u0142aczania UV (wysoko\u015b\u0107 0,3 mm), scena sadzenia tytoniu jest przekszta\u0142cana w dotykowy diagram 3D, a wydajno\u015b\u0107 transmisji informacji wzrasta o 50%.<\/p>\n<h3 id=\"-3-modeling-breakthrough-industrial-expression-of-geometric-aesthetics-\"><strong>3. Prze\u0142om w modelowaniu: przemys\u0142owa ekspresja estetyki geometrycznej<\/strong><\/h3>\n<p>-\u00a0<strong>Innowacje strukturalne<\/strong>: Prze\u0142amanie tradycyjnego cylindrycznego kszta\u0142tu, przyj\u0119cie\u00a0<strong>ci\u0119cie wed\u0142ug z\u0142otego podzia\u0142u<\/strong>Korpus skrzynki jest nachylony pod k\u0105tem 12\u00b0 i dostosowany do ergonomicznej krzywizny uchwytu\u00a0<strong>Opatentowana konstrukcja<\/strong>: Posiadaj\u0105c patent na \"struktur\u0119 amortyzuj\u0105c\u0105 o strukturze plastra miodu\", wytrzyma\u0142o\u015b\u0107 na \u015bciskanie zosta\u0142a zwi\u0119kszona o 80% i przesz\u0142a test transportowy ISTA 3A.<\/p>\n<h3 id=\"-4-environmental-commitment-forest-certification-system-material-\"><strong>4. Zaanga\u017cowanie w ochron\u0119 \u015brodowiska: materia\u0142y systemu certyfikacji las\u00f3w<\/strong><\/h3>\n<p>-\u00a0<strong>Wyb\u00f3r materia\u0142u<\/strong>: Certyfikat FSC 1200g szarej p\u0142yty + 350g bia\u0142ej karty o strukturze kompozytowej, emisja formaldehydu \u22640,01mg\/m\u00b3 (certyfikat testu SGS);<\/p>\n<p>-\u00a0<strong>Proces bezpiecze\u0144stwa<\/strong>Obr\u00f3bka powierzchni wykorzystuje lakier na bazie wody (zawarto\u015b\u0107 LZO \u226450g\/L), przeszed\u0142 certyfikacj\u0119 FDA do kontaktu z \u017cywno\u015bci\u0105.<\/p>\n<h3 id=\"-5-brand-empowerment-luxury-customization-service-\"><strong>5. Wzmocnienie marki: luksusowa us\u0142uga personalizacji<\/strong><\/h3>\n<p>\"Tobacco Aesthetics Research Institute\" sk\u0142adaj\u0105cy si\u0119 z 12 starszych projektant\u00f3w opakowa\u0144 \u015bwiadczy trzy podstawowe us\u0142ugi:<\/p>\n<p>-\u00a0<strong>Implantacja genu marki<\/strong>Grawerowanie laserowe LOGO (dok\u0142adno\u015b\u0107 \u00b10,02 mm) + t\u0142oczenie na gor\u0105co (grubo\u015b\u0107 0,3 mm) proces \u0142\u0105czony;<\/p>\n<p>-\u00a0<strong>Inteligentna ekspansja<\/strong>Obs\u0142uguje implantacj\u0119 chip\u00f3w NFC (zgodnie z norm\u0105 ISO 14443), znaczniki wykrywaj\u0105ce temperatur\u0119 i wilgotno\u015b\u0107 (dok\u0142adno\u015b\u0107 \u00b10,5 \u2103).<\/p>\n<h3 id=\"-6-texture-revolution-matt-lamination-process-\"><strong>6. Rewolucja w teksturach: Proces laminowania matowego<\/strong><\/h3>\n<p>-\u00a0<strong>Obr\u00f3bka powierzchni<\/strong>: Przyj\u0119cie niestandardowej matowej laminacji PET niemieckiej firmy Henkel (po\u0142ysk \u226415GU), wsp\u00f3\u0142czynnik tarcia \u22640,15, poziom odporno\u015bci na zarysowania do 4H (test twardo\u015bci o\u0142\u00f3wka); -\u00a0<strong>Optymalizacja dotykowa<\/strong>: Mikromatowa powierzchnia (Ra\u22640,8\u03bcm), dotyk jest delikatny jak jedwab, a ilo\u015b\u0107 odcisk\u00f3w palc\u00f3w jest zmniejszona o 90%.<\/p>\n<h3 id=\"-7-agile-smart-manufacturing-72-hour-ultra-fast-delivery-system-\"><strong>7. Zwinna inteligentna produkcja: 72-godzinny ultraszybki system dostaw<\/strong><\/h3>\n<p>-\u00a0<strong>Inteligentna baza produkcyjna<\/strong>: Inteligentna fabryka o powierzchni 15 000 metr\u00f3w kwadratowych, wyposa\u017cona w niemieck\u0105 pi\u0119ciowarstwow\u0105 lini\u0119 do produkcji tektury BHS (pr\u0119dko\u015b\u0107 pojazdu \u2265 200 m\/min);<\/p>\n<p>-\u00a0<strong>Standard kontroli jako\u015bci<\/strong>: Przeszed\u0142 certyfikacj\u0119 ISO 9001\/BRCGS, ka\u017cda partia przechodzi 12 kontroli jako\u015bci (w tym testy upadku\/wibracji\/upuszczenia), a wska\u017anik zdawalno\u015bci wynosi 99,99%;<\/p>\n<p>-\u00a0<strong>Szybka reakcja<\/strong>: Obs\u0142uga dostosowywania ma\u0142ych partii (minimalne zam\u00f3wienie 300 sztuk), 72-godzinny szybki proofing i 48-godzinna dostawa w przypadku pilnych zam\u00f3wie\u0144.<\/p>\n<p><strong>Niech ka\u017cde opakowanie stanie si\u0119 wizualn\u0105 deklaracj\u0105 technicznej si\u0142y marki.<\/strong><\/p>","protected":false},"excerpt":{"rendered":"<p><strong>ZOJO Print | Dostosowane pude\u0142ko na papierosy Pre-roll z szybk\u0105 dostaw\u0105 - przekszta\u0142cenie nowego wzorca opakowa\u0144 tytoniowych dzi\u0119ki estetyce przemys\u0142owej i sprawnej produkcji<\/strong><\/p>\n<p>Na rynku wysokiej klasy wyrob\u00f3w tytoniowych opakowanie jest nie tylko pojemnikiem na produkt, ale tak\u017ce g\u0142\u00f3wnym no\u015bnikiem tonu marki i emocjonalnej wi\u0119zi z konsumentem. Firma ZOJO Print jest g\u0142\u0119boko zaanga\u017cowana w dziedzinie opakowa\u0144 tytoniowych i opracowa\u0142a rozwi\u0105zanie kartonowe, kt\u00f3re \u0142\u0105czy w sobie funkcjonalno\u015b\u0107, kunszt i sprawn\u0105 dostaw\u0119 w oparciu o charakterystyk\u0119 papieros\u00f3w Pre-roll.<\/p>","protected":false},"featured_media":10252,"template":"","meta":[],"product_brand":[],"product_cat":[30,420,430,31],"product_tag":[1378,1380,1379],"class_list":{"0":"post-10239","1":"product","2":"type-product","3":"status-publish","4":"has-post-thumbnail","6":"product_cat-by-industry","7":"product_cat-custom-cannabis-boxes","8":"product_cat-folding-cartons","9":"product_cat-paper-box-style","10":"product_tag-customized-pre-roll-box","11":"product_tag-fast-delivery-cardboard-box","12":"product_tag-pre-roll-cigarette-boxes","14":"first","15":"instock","16":"shipping-taxable","17":"product-type-grouped"},"_links":{"self":[{"href":"https:\/\/zojopackaging.com\/pl\/wp-json\/wp\/v2\/product\/10239","targetHints":{"allow":["GET"]}}],"collection":[{"href":"https:\/\/zojopackaging.com\/pl\/wp-json\/wp\/v2\/product"}],"about":[{"href":"https:\/\/zojopackaging.com\/pl\/wp-json\/wp\/v2\/types\/product"}],"version-history":[{"count":1,"href":"https:\/\/zojopackaging.com\/pl\/wp-json\/wp\/v2\/product\/10239\/revisions"}],"predecessor-version":[{"id":10240,"href":"https:\/\/zojopackaging.com\/pl\/wp-json\/wp\/v2\/product\/10239\/revisions\/10240"}],"wp:featuredmedia":[{"embeddable":true,"href":"https:\/\/zojopackaging.com\/pl\/wp-json\/wp\/v2\/media\/10252"}],"wp:attachment":[{"href":"https:\/\/zojopackaging.com\/pl\/wp-json\/wp\/v2\/media?parent=10239"}],"wp:term":[{"taxonomy":"product_brand","embeddable":true,"href":"https:\/\/zojopackaging.com\/pl\/wp-json\/wp\/v2\/product_brand?post=10239"},{"taxonomy":"product_cat","embeddable":true,"href":"https:\/\/zojopackaging.com\/pl\/wp-json\/wp\/v2\/product_cat?post=10239"},{"taxonomy":"product_tag","embeddable":true,"href":"https:\/\/zojopackaging.com\/pl\/wp-json\/wp\/v2\/product_tag?post=10239"}],"curies":[{"name":"wp","href":"https:\/\/api.w.org\/{rel}","templated":true}]}}