{"id":10241,"date":"2025-04-05T15:49:32","date_gmt":"2025-04-05T07:49:32","guid":{"rendered":"https:\/\/zojopackaging.com\/?post_type=product&#038;p=10241"},"modified":"2025-04-05T15:59:53","modified_gmt":"2025-04-05T07:59:53","slug":"custom-child-resistant-packaging-for-cbd-products-drawer-box","status":"publish","type":"product","link":"https:\/\/zojopackaging.com\/pl\/product\/custom-child-resistant-packaging-for-cbd-products-drawer-box\/","title":{"rendered":"Niestandardowe opakowanie zabezpieczone przed dzie\u0107mi do szuflady na produkty CBD"},"content":{"rendered":"<h3 id=\"-1-safety-protection-patented-child-proof-buckle-and-color-psychology-integration-\"><strong>1. Ochrona bezpiecze\u0144stwa: opatentowana klamra zabezpieczaj\u0105ca przed dzie\u0107mi i integracja psychologii kolor\u00f3w<\/strong><\/h3>\n<p>-\u00a0<strong>System zabezpieczaj\u0105cy przed dzie\u0107mi<\/strong>: Przyj\u0119cie struktury zamka: dzieci nie mog\u0105 go otworzy\u0107, skutecznie chroni\u0105c zdrowie dzieci i spe\u0142niaj\u0105c wymagania techniczne i standardy zamk\u00f3w dzieci\u0119cych w Stanach Zjednoczonych, Kanadzie i innych krajach.<\/p>\n<p>-\u00a0<strong>Kolor gradientu<\/strong>: Wykorzystuj\u0105c o\u015bmiokolorowy zesp\u00f3\u0142 drukuj\u0105cy niemieckiej firmy Heidelberg, uzyskano przej\u015bcie gradientowe 0,03 mm (fiolet Pantone 19-3939 TCX do r\u00f3\u017cowej czerwieni 16-3938 TCX), r\u00f3\u017cnic\u0119 kolor\u00f3w \u0394E\u22640,8, a dynamiczne widmo jest symulowane przez efekt siatki, co zwi\u0119ksza atrakcyjno\u015b\u0107 wizualn\u0105 o 70%.<\/p>\n<h3 id=\"-2-space-revolution-modular-lining-and-size-customization-\"><strong>2. Kosmiczna rewolucja: Modu\u0142owa podszewka i dostosowanie rozmiaru<\/strong><\/h3>\n<p>-\u00a0<strong>Elastyczna struktura<\/strong>: Sze\u015bciok\u0105tna wy\u015bci\u00f3\u0142ka o strukturze plastra miodu (z mo\u017cliwo\u015bci\u0105 od\u0142\u0105czenia) umo\u017cliwia jednoczesne umieszczenie 3-6 wk\u0142ad\u00f3w CBD i zwi\u0119ksza wykorzystanie przestrzeni o 40%;<\/p>\n<p>-\u00a0<strong>Dostosowanie rozmiaru<\/strong>: Minimalne dopasowanie \u03a615 mm wk\u0142adu, maksymalna masa no\u015bna 200 g, struktura no\u015bna zoptymalizowana za pomoc\u0105 analizy element\u00f3w sko\u0144czonych (wytrzyma\u0142o\u015b\u0107 na \u015bciskanie \u2265 250 N).<\/p>\n<h3 id=\"-3-material-innovation-gray-board-copper-plate-composite-process-\"><strong>3. Innowacyjny materia\u0142: Szara p\u0142yta miedziana proces kompozytowy<\/strong><\/h3>\n<p>-\u00a0<strong>Wyb\u00f3r materia\u0142u bazowego<\/strong>: 1200 g szarej tektury (certyfikat FSC) + 200 g powlekanego papieru kompozytowego, ilo\u015b\u0107 nak\u0142adanego kleju powierzchniowego 10 g\/m\u00b2, odporno\u015b\u0107 na wilgo\u0107 przechodzi 72-godzinny test kondensacji (wilgotno\u015b\u0107 \u2264 85%);<\/p>\n<p>-\u00a0<strong>Technologia zapobiegaj\u0105ca odkszta\u0142ceniom<\/strong>: Cztery rogi korpusu skrzyni przyjmuj\u0105 tr\u00f3jk\u0105tn\u0105 konstrukcj\u0119 \u017cebra wzmacniaj\u0105cego (k\u0105t 45 \u00b0), wsp\u00f3\u0142czynnik odkszta\u0142cenia &lt;0,15% (patrz norma ISO 12048).<\/p>\n<h3 id=\"-4-brand-empowerment-fashion-elements-and-craftsmanship-empowerment-\"><strong>4. Wzmocnienie marki: Elementy mody i upodmiotowienie rzemios\u0142a<\/strong><\/h3>\n<p>-\u00a0<strong>System wizualny<\/strong>: -\u00a0<strong>Kolizja kolor\u00f3w<\/strong>: G\u0142\u0119boki fioletowy kolor g\u0142\u00f3wny z laserowymi srebrnymi liniami (po\u0142ysk \u2265 95GU), chropowato\u015b\u0107 dotyku Ra \u2265 4.0\u03bcm;<\/p>\n<p>-\u00a0<strong>Inteligentne drukowanie<\/strong>: Zintegrowany atrament o zmiennej temperaturze (odwzorowanie kolor\u00f3w 31-36 \u2103) i warstwa \u015bwietlna (ci\u0105g\u0142a luminescencja przez 8 godzin) w celu zwi\u0119kszenia interaktywno\u015bci.<\/p>\n<p>-\u00a0<strong>Implantacja element\u00f3w<\/strong>: Obs\u0142uga grawerowania laserowego wzoru DNA marki (dok\u0142adno\u015b\u0107 \u00b1 0,01 mm) + dynamiczna holograficzna \u0142atka projekcyjna (zgodna z norm\u0105 ISO 18000-63).<\/p>\n<h3 id=\"-5-process-breakthrough-dual-upgrade-of-touch-and-vision-\"><strong>5. Prze\u0142om w procesie: podw\u00f3jne ulepszenie dotyku i wzroku<\/strong><\/h3>\n<p>-\u00a0<strong>Proces wyt\u0142aczania<\/strong>: Metalowa p\u0142ytka wytrawiaj\u0105ca o grubo\u015bci 0,5 mm, wysoko\u015b\u0107 wypuk\u0142o\u015bci 0,3 mm (zgodnie ze standardami rozpoznawania alfabetu Braille'a), odporno\u015b\u0107 na zu\u017cycie przesz\u0142a test ko\u0142a Taber CS-10 (wsp\u00f3\u0142czynnik zachowania przejrzysto\u015bci po 1000 obrotach&gt; 95%);<\/p>\n<p>-\u00a0<strong>Miejscowe oszklenie UV<\/strong>: przy u\u017cyciu niemieckiego oleju UV Henkel (grubo\u015b\u0107 5\u03bcm), kontrast po\u0142ysku 1:5, poziom odporno\u015bci na zarysowania 4H (test twardo\u015bci o\u0142\u00f3wka).<\/p>\n<h3 id=\"-6-industry-precipitation-global-brand-service-network-\"><strong>6. Predyspozycje bran\u017cowe: globalna sie\u0107 obs\u0142ugi marki<\/strong><\/h3>\n<p>-\u00a0<strong>Przypadek wzorcowy<\/strong>: -\u00a0<strong>Lider CBD w Ameryce P\u00f3\u0142nocnej<\/strong>Magnetyczna klamra zabezpieczaj\u0105ca przed dzie\u0107mi + proces gradientu, wska\u017anik odkupu opakowa\u0144 wzr\u00f3s\u0142 o 150%;<\/p>\n<p>-\u00a0<strong>Europejskie rozwi\u0105zanie w zakresie zgodno\u015bci<\/strong>Wbudowany chip NFC do \u015bledzenia logistyki, zgodnie z przepisami UE TPD;<\/p>\n<p>-\u00a0<strong>Szybka reakcja<\/strong>72 godziny szybkiego sprawdzania, obs\u0142uga dostosowywania ma\u0142ych partii (minimalne zam\u00f3wienie 200 sztuk).<\/p>\n<h3 id=\"-7-smart-manufacturing-system-agile-production-and-quality-control-\"><strong>7. Inteligentny system produkcji: zwinna produkcja i kontrola jako\u015bci<\/strong><\/h3>\n<p>-\u00a0<strong>Zautomatyzowana linia produkcyjna<\/strong>Wyposa\u017cony w niemieck\u0105 w pe\u0142ni automatyczn\u0105 lini\u0119 sztancuj\u0105c\u0105 BHS (pr\u0119dko\u015b\u0107 \u2265 3500 arkuszy\/godzin\u0119), o dziennej zdolno\u015bci produkcyjnej ponad 8000 sztuk;<\/p>\n<p>-\u00a0<strong>Standardy kontroli jako\u015bci<\/strong>: Certyfikat ISO 9001\/BRCGS, ka\u017cda partia przechodzi 15 kontroli jako\u015bci (w tym test t\u0142umienia magnetycznego\/test trwa\u0142o\u015bci koloru\/test kroplowy), z wynikiem 99,98%;<\/p>\n<p>-\u00a0<strong>Zr\u00f3wnowa\u017cone zaanga\u017cowanie<\/strong>: Uruchomienie planu \"opakowania o zerowej emisji dwutlenku w\u0119gla\", ze \u015bladem w\u0119glowym \u2264180g CO\u2082e na pude\u0142ko (certyfikowane przez Carbon Trust).<\/p>\n<p><strong>Niech ka\u017cda szuflada stanie si\u0119 doskona\u0142ym no\u015bnikiem technologicznej si\u0142y marki i humanistycznej troski.<\/strong><\/p>","protected":false},"excerpt":{"rendered":"<p><strong>ZOJO Print | Dostosowane opakowanie CBD z szuflad\u0105 zabezpieczaj\u0105c\u0105 przed dzie\u0107mi - kszta\u0142towanie nowego punktu odniesienia dla wysokiej klasy opakowa\u0144 produkt\u00f3w z konopi indyjskich o estetyce przemys\u0142owej i inteligentnej ochronie<\/strong><\/p>\n<p>W dziedzinie opakowa\u0144 produkt\u00f3w CBD, r\u00f3wnowaga mi\u0119dzy bezpiecze\u0144stwem a designem sta\u0142a si\u0119 kluczow\u0105 konkurencyjno\u015bci\u0105 marek, aby zdoby\u0107 rynek high-end. Firma ZOJO Print jest g\u0142\u0119boko zaanga\u017cowana w pakowanie produkt\u00f3w z konopi indyjskich od 16 lat i opracowa\u0142a rozwi\u0105zanie szufladowe, kt\u00f3re \u0142\u0105czy w sobie bezpiecze\u0144stwo przed dzie\u0107mi, efekt wizualny i funkcje przestrzenne w oparciu o cechy produkt\u00f3w CBD.<\/p>","protected":false},"featured_media":10246,"template":"","meta":[],"product_brand":[],"product_cat":[30,431,418,31],"product_tag":[1382,1383,1381],"class_list":{"0":"post-10241","1":"product","2":"type-product","3":"status-publish","4":"has-post-thumbnail","6":"product_cat-by-industry","7":"product_cat-child-resistant-packaging","8":"product_cat-custom-cbd-boxes","9":"product_cat-paper-box-style","10":"product_tag-cbd-products-drawer-box","11":"product_tag-child-resistant-packaging","12":"product_tag-custom-child-resistant-packaging","14":"first","15":"instock","16":"shipping-taxable","17":"product-type-simple"},"_links":{"self":[{"href":"https:\/\/zojopackaging.com\/pl\/wp-json\/wp\/v2\/product\/10241","targetHints":{"allow":["GET"]}}],"collection":[{"href":"https:\/\/zojopackaging.com\/pl\/wp-json\/wp\/v2\/product"}],"about":[{"href":"https:\/\/zojopackaging.com\/pl\/wp-json\/wp\/v2\/types\/product"}],"version-history":[{"count":1,"href":"https:\/\/zojopackaging.com\/pl\/wp-json\/wp\/v2\/product\/10241\/revisions"}],"predecessor-version":[{"id":10248,"href":"https:\/\/zojopackaging.com\/pl\/wp-json\/wp\/v2\/product\/10241\/revisions\/10248"}],"wp:featuredmedia":[{"embeddable":true,"href":"https:\/\/zojopackaging.com\/pl\/wp-json\/wp\/v2\/media\/10246"}],"wp:attachment":[{"href":"https:\/\/zojopackaging.com\/pl\/wp-json\/wp\/v2\/media?parent=10241"}],"wp:term":[{"taxonomy":"product_brand","embeddable":true,"href":"https:\/\/zojopackaging.com\/pl\/wp-json\/wp\/v2\/product_brand?post=10241"},{"taxonomy":"product_cat","embeddable":true,"href":"https:\/\/zojopackaging.com\/pl\/wp-json\/wp\/v2\/product_cat?post=10241"},{"taxonomy":"product_tag","embeddable":true,"href":"https:\/\/zojopackaging.com\/pl\/wp-json\/wp\/v2\/product_tag?post=10241"}],"curies":[{"name":"wp","href":"https:\/\/api.w.org\/{rel}","templated":true}]}}