{"id":10446,"date":"2025-06-04T15:03:01","date_gmt":"2025-06-04T07:03:01","guid":{"rendered":"https:\/\/zojopackaging.com\/?post_type=product&#038;p=10446"},"modified":"2025-06-04T16:22:11","modified_gmt":"2025-06-04T08:22:11","slug":"empty-luxury-magnetic-closure-eyeshadow-blusher-palettes-box","status":"publish","type":"product","link":"https:\/\/zojopackaging.com\/pl\/product\/empty-luxury-magnetic-closure-eyeshadow-blusher-palettes-box\/","title":{"rendered":"Puste, luksusowe, zamykane magnetycznie pude\u0142ko na palety cieni do powiek"},"content":{"rendered":"<p><strong>Fantastyczne i ekstrawaganckie wakacyjne magnetyczne pude\u0142ko do makija\u017cu\u00a0<\/strong>zosta\u0142 zaprojektowany z my\u015bl\u0105 o markach, kt\u00f3re d\u0105\u017c\u0105 do doskona\u0142ych wra\u017ce\u0144 z makija\u017cu i wysokiego poziomu wygl\u0105du opakowania. Jest to nie tylko pojemnik, ale tak\u017ce wyj\u0105tkowa scena dla produkt\u00f3w do makija\u017cu premium, \u0142\u0105cz\u0105ca cechy funkcjonalne z wystawnym wygl\u0105dem, aby zapewni\u0107 klientom niezwyk\u0142e wra\u017cenia podczas rozpakowywania i u\u017cytkowania.<\/p>\n<h2 id=\"1-classic-form-functional-design-\">1.\u00a0<strong>Klasyczna forma, funkcjonalny design:\u00a0<\/strong>.<\/h2>\n<ul>\n<li>Przyj\u0119cie\u00a0<strong>Tradycyjne prostok\u0105tne pude\u0142ko z klapk\u0105\u00a0<\/strong>. Linie s\u0105 g\u0142adkie i rutynowe, boki s\u0105 wyra\u017ane, a og\u00f3lny wygl\u0105d jest klimatyczny i stabilny, co spe\u0142nia wizualne standardy g\u0142\u00f3wnego nurtu wysokiej klasy estetycznych opakowa\u0144 produkt\u00f3w.<\/li>\n<li>Rama jest bezpieczna i trwa\u0142a, co jest wygodne w przypadku zwyk\u0142ego ekranu wy\u015bwietlacza w punkcie sprzeda\u017cy detalicznej, aby jak najlepiej wykorzysta\u0107 wp\u0142yw ekranu wy\u015bwietlacza. Jego niewielka obudowa jest r\u00f3wnie\u017c bardzo wygodna dla klient\u00f3w do codziennego noszenia, robienia zakup\u00f3w i przechowywania oraz szybkiego retuszu makija\u017cu w dowolnym miejscu i czasie.<\/li>\n<\/ul>\n<h2 id=\"2-magnificent-opening-box-mirror-reflection-\">2.\u00a0<strong>Wspania\u0142e otwierane pude\u0142ko, lustrzane odbicie:\u00a0<\/strong>.<\/h2>\n<ul>\n<li>W momencie otwarcia pokrywy,\u00a0<strong>ogromny obszar wbudowanego lustra o wysokiej rozdzielczo\u015bci\u00a0<\/strong>od razu si\u0119 pojawia, zajmuj\u0105c g\u0142\u00f3wn\u0105 pozycj\u0119 pokrywy. Lustro ma wysok\u0105 przejrzysto\u015b\u0107 i doskona\u0142e przetwarzanie boczne, zapewniaj\u0105c doskona\u0142e wra\u017cenia z u\u017cytkowania, podobne do specjalistycznego lusterka do makija\u017cu.<\/li>\n<li>Ten styl znacznie zwi\u0119ksza \u0142atwo\u015b\u0107 i satysfakcj\u0119 u\u017cytkownik\u00f3w z poprawek makija\u017cu i kontroli kolor\u00f3w, a tak\u017ce doskonale integruje u\u017cyteczne funkcje (szybka kontrola makija\u017cu, dok\u0142adne barwienie) z przyjemno\u015bci\u0105 wizualn\u0105 (otwarta przestrze\u0144, poprawa jako\u015bci przedmiotu).<\/li>\n<\/ul>\n<h2 id=\"3-difficult-substrate-impressive-structure-\">3.\u00a0<strong>Trudne pod\u0142o\u017ce, imponuj\u0105ca struktura:\u00a0<\/strong>.<\/h2>\n<ul>\n<li>Tekst produktu sk\u0142ada si\u0119 z\u00a0<strong>wyselekcjonowany, wysokiej jako\u015bci trudny karton\u00a0<\/strong>. Ma doskona\u0142e w\u0142a\u015bciwo\u015bci\u00a0<strong>szczelno\u015b\u0107 i wydajno\u015b\u0107 wsparcia\u00a0<\/strong>oferuj\u0105c siln\u0105 ochron\u0119 strukturaln\u0105.<\/li>\n<li>Jest w stanie wytrzyma\u0107 wibracje, wyciskanie podczas transportu i kolizje w codziennym u\u017cytkowaniu, gwarantuj\u0105c ochron\u0119 delikatnych produkt\u00f3w do makija\u017cu, takich jak cienie do powiek i sp\u0142ukiwanie.<\/li>\n<li>Jednocze\u015bnie tektura o wysokiej g\u0119sto\u015bci jest\u00a0<strong>odpowiednie pod\u0142o\u017ce dla\u00a0<\/strong>zapewnienie wyrafinowanych efekt\u00f3w powierzchniowych (takich jak delikatne znakowanie na ciep\u0142o, b\u0142yszcz\u0105ca laminacja, miejscowe promieniowanie UV, film dotykowy itp.\u00a0<strong>Doskona\u0142y wygl\u0105d\u00a0<\/strong>Solidny i stabilny dotyk, a tak\u017ce wizualnie bogaty.<\/li>\n<\/ul>\n<h2 id=\"4-captivating-shade-emotional-resonance-\">4.\u00a0<strong>Urzekaj\u0105cy odcie\u0144, emocjonalny rezonans:\u00a0<\/strong>.<\/h2>\n<ul>\n<li>Podstawowy odcie\u0144 korpusu opakowania przyjmuje\u00a0<strong>\u017cywy i jasny odcie\u0144 r\u00f3\u017cu\u00a0<\/strong>. Ta opcja odcienia ma silny\u00a0<strong>Wp\u0142yw estetyczny i rozpoznawalno\u015b\u0107 marki\u00a0<\/strong>kt\u00f3re mog\u0105 szybko przyci\u0105gn\u0105\u0107 uwag\u0119 na p\u00f3\u0142ce i zainteresowa\u0107 konsument\u00f3w.<\/li>\n<li>Precyzyjnie dopasowuj\u0105 si\u0119 do estetycznych wybor\u00f3w docelowych u\u017cytkowniczek w zakresie mi\u0142o\u015bci, delikatno\u015bci i witalno\u015bci, stymuluj\u0105 wibracje psychologiczne i wywieraj\u0105 g\u0142\u0119boki wp\u0142yw na mark\u0119.<\/li>\n<\/ul>\n<h2 id=\"5-versatile-modification-unique-satisfaction-\">5.\u00a0<strong>Wszechstronne modyfikacje, wyj\u0105tkowa satysfakcja:\u00a0<\/strong>.<\/h2>\n<ul>\n<li>Dajemy\u00a0<strong>Bardzo wszechstronne, spersonalizowane us\u0142ugi\u00a0<\/strong>. Niezale\u017cnie od tego, czy jest to wymiar pude\u0142ka (dostosowanie do specyfikacji i liczby ciemno\u015bci oka i sp\u0142ukiwania), wewn\u0119trzny uk\u0142ad podzia\u0142u (przyssawka magnetyczna \/ plastikowa taca lub okre\u015blone przegrody), czy styl zapi\u0119cia magnetycznego (wytrzyma\u0142o\u015b\u0107 magnetyczna, terapia powierzchniowa), informacje o strukturze opakowania (takie jak podszewka, pozycja mocowania), mo\u017cna specjalnie spersonalizowa\u0107 zgodnie z Twoim\u00a0<strong>szczeg\u00f3\u0142y dotycz\u0105ce potrzeb produktu i tonu marki\u00a0<\/strong>.<\/li>\n<li>Unikalny design, aby bezb\u0142\u0119dnie podkre\u015bli\u0107 wyj\u0105tkow\u0105 warto\u015b\u0107 produktu.<\/li>\n<\/ul>\n<h2 id=\"6-speed-wins-one-action-faster-\">6.\u00a0<strong>Szybko\u015b\u0107 wygrywa, jedna akcja szybciej:\u00a0<\/strong>.<\/h2>\n<ul>\n<li>Specjalnie uruchomiony\u00a0<strong>Us\u0142uga \"1-godzinny szybki przyk\u0142ad\"\u00a0<\/strong>. Po otrzymaniu dokument\u00f3w dotycz\u0105cych stylu lub potrzeb, zapewniamy, \u017ce\u00a0<strong>oferowa\u0107 przyk\u0142ady opakowa\u0144 w ci\u0105gu 1 godziny\u00a0<\/strong>.<\/li>\n<li>Rozwi\u0105zanie to ma na celu\u00a0<strong>szybkie potwierdzenie efektu projektu (kolor, materia\u0142, proces, struktura)\u00a0<\/strong>Znacz\u0105co skraca cykl sprawdzania, dostosowywania i weryfikacji produktu, oferuj\u0105c solidn\u0105 gwarancj\u0119 realizacji natychmiastowych zada\u0144 lub strategii rynkowych, kt\u00f3re wymagaj\u0105 szybkiego podejmowania decyzji,\u00a0<strong>znaczna poprawa szybko\u015bci wprowadzania nowych produkt\u00f3w na rynek i szybko\u015bci reagowania na potrzeby rynku\u00a0<\/strong>.<\/li>\n<\/ul>\n<h2 id=\"7-craftsmanship-inheritance-quality-control-\">7.\u00a0<strong>Dziedziczenie rzemios\u0142a, kontrola jako\u015bci:\u00a0<\/strong>.<\/h2>\n<ul>\n<li>W zale\u017cno\u015bci od g\u0142\u0119bokiego do\u015bwiadczenia fabryki zgromadzonego w\u00a0<strong>pakowanie produkt\u00f3w i przemys\u0142 poligraficzny od wielu lat\u00a0<\/strong>oraz\u00a0<strong>Dojrza\u0142y i stabilny system procedur produkcyjnych\u00a0<\/strong>.<\/li>\n<li>Dog\u0142\u0119bnie rozumiemy i mo\u017cemy dok\u0142adnie zrozumie\u0107 wszystkie Twoje wymagaj\u0105ce potrzeby w zakresie\u00a0<strong>Wysokiej klasy opakowanie z urokiem\u00a0<\/strong>- Od rygorystycznego doboru materia\u0142\u00f3w, przez czaruj\u0105cy kunszt, a\u017c po rygorystyczn\u0105 kontrol\u0119 jako\u015bci.<\/li>\n<li><strong>Doskona\u0142e zdolno\u015bci produkcyjne s\u0105 podstaw\u0105 do opracowania najlepszej jako\u015bci YaoSe - wysokiej klasy pustego pude\u0142ka.\u00a0<\/strong>Ka\u017cdy produkt uosabia nasze ci\u0105g\u0142e poszukiwanie wiedzy i wysokiej jako\u015bci.<\/li>\n<\/ul>\n<p><strong>YaoSe - Wysokiej klasy pude\u0142ko magnetyczne do makija\u017cu z pust\u0105 p\u0142ytk\u0105\u00a0<\/strong>dzi\u0119ki pi\u0119knemu wykonaniu, humanizowanemu stylowi, urzekaj\u0105cemu wygl\u0105dowi i wydajnym us\u0142ugom modyfikacji, ma na celu sta\u0107 si\u0119 silnym wsparciem w produkcji atrakcyjnych produkt\u00f3w premium. Wybierz nas, wybierz doskona\u0142\u0105 jedno\u015b\u0107 szybko\u015bci, wysokiej jako\u015bci i wysokiej klasy.<\/p>\n<h2 id=\"product-core-advantage-summary-table-\">Tabela podsumowuj\u0105ca podstawowe zalety produktu.<\/h2>\n<table>\n<thead>\n<tr>\n<th>Pomiar funkcji<\/th>\n<th>G\u0142\u00f3wne punkty korzy\u015bci<\/th>\n<th>Warte wcielenia<\/th>\n<\/tr>\n<\/thead>\n<tbody>\n<tr>\n<td><strong>Funkcje i styl<\/strong><\/td>\n<td><strong>1. Klasyczne prostok\u0105tne pude\u0142ko z klapk\u0105<\/strong><\/td>\n<td>G\u0142\u00f3wny nurt estetyczny, hojny i rozs\u0105dny; \u0142atwy do wy\u015bwietlania, przenoszenia i oszcz\u0119dzania.<\/td>\n<\/tr>\n<tr>\n<td><\/td>\n<td><strong>2. Wbudowane lustro o wysokiej rozdzielczo\u015bci<\/strong><\/td>\n<td>Usprawnienie obs\u0142ugi klienta, badanie makija\u017cu i odcieni jest wyj\u0105tkowo bezproblemowe; rozs\u0105dne i wspania\u0142e.<\/td>\n<\/tr>\n<tr>\n<td><strong>Materia\u0142 i struktura<\/strong><\/td>\n<td><strong>3. Wybrany trudny kartonowy korpus<\/strong><\/td>\n<td>Wyj\u0105tkowa szczelno\u015b\u0107 i wsparcie, zapobieganie wyciskaniu; ochrona bezpiecze\u0144stwa element\u00f3w wewn\u0119trznych.<\/td>\n<\/tr>\n<tr>\n<td><\/td>\n<td><\/td>\n<td>Bezb\u0142\u0119dnie wprowadzaj\u0105 wyrafinowan\u0105 powierzchni\u0119, nowoczesn\u0105 technologi\u0119, imponuj\u0105c\u0105 tekstur\u0119, efektowny dotyk.<\/td>\n<\/tr>\n<tr>\n<td><strong>Wygl\u0105d i rozpoznawalno\u015b\u0107<\/strong><\/td>\n<td><strong>4. Intensywnie r\u00f3\u017cowa aplikacja<\/strong><\/td>\n<td>Solidny efekt estetyczny; wysokie uznanie; zgodnie z wyborami docelowych kobiet.<\/td>\n<\/tr>\n<tr>\n<td><strong>Rozwi\u0105zanie i pomoc<\/strong><\/td>\n<td><strong>5. Bardzo spersonalizowane \u015brodki zaradcze<\/strong><\/td>\n<td>Rozmiar, struktura, format wewn\u0119trzny, klamra magnetyczna i jako\u015b\u0107 wykonania mog\u0105 by\u0107 dostosowane do konkretnych potrzeb.<\/td>\n<\/tr>\n<tr>\n<td><\/td>\n<td><strong>6. 1-godzinny roztw\u00f3r do szybkiego pobierania pr\u00f3bek<\/strong><\/td>\n<td>Szybkie potwierdzenie wp\u0142ywu uk\u0142adu; skr\u00f3cenie cyklu rozwoju; wsparcie projekt\u00f3w w sytuacjach awaryjnych; zwi\u0119kszenie wska\u017anika dzia\u0142a\u0144 rynkowych.<\/td>\n<\/tr>\n<tr>\n<td><strong>Produkcja i jako\u015b\u0107<\/strong><\/td>\n<td><strong>7. Lata do\u015bwiadczenia w bran\u017cy oraz w pe\u0142ni rozwini\u0119ta i stabilna nowoczesna technologia<\/strong><\/td>\n<td>Precyzyjne zrozumienie potrzeb opakowa\u0144 produkt\u00f3w premium; w pe\u0142ni rozwini\u0119ta nowoczesna technologia produkcji gwarantuje wyj\u0105tkow\u0105 wysok\u0105 jako\u015b\u0107 i dystrybucj\u0119.<\/td>\n<\/tr>\n<\/tbody>\n<\/table>","protected":false},"excerpt":{"rendered":"<p>Pude\u0142ko ma klasyczny i praktyczny kszta\u0142t prostopad\u0142o\u015bcianu z klapk\u0105. Taka konstrukcja jest schludna i elegancka, zgodna z g\u0142\u00f3wnym nurtem estetyki opakowa\u0144 kosmetycznych i jest \u0142atwa do eksponowania, przenoszenia i przechowywania. Po otwarciu pude\u0142ko jest wyposa\u017cone w du\u017ce lusterko, kt\u00f3re znacznie poprawia komfort u\u017cytkowania i u\u0142atwia u\u017cytkownikom poprawianie makija\u017cu i wypr\u00f3bowywanie kolor\u00f3w. Jest to idealne po\u0142\u0105czenie praktyczno\u015bci i pi\u0119kna. Korpus pude\u0142ka ma jasnor\u00f3\u017cowy kolor. Ten wyb\u00f3r kolor\u00f3w jest bardzo efektowny wizualnie i rozpoznawalny, co spe\u0142nia preferencje estetyczne docelowych u\u017cytkowniczek.<\/p>","protected":false},"featured_media":10447,"template":"","meta":[],"product_brand":[],"product_cat":[30,390,424,31],"product_tag":[1388,1389,1387],"class_list":{"0":"post-10446","1":"product","2":"type-product","3":"status-publish","4":"has-post-thumbnail","6":"product_cat-by-industry","7":"product_cat-custom-cosmetics-boxes","8":"product_cat-magnetic-closure-boxes","9":"product_cat-paper-box-style","10":"product_tag-blusher-palettes-boxes","11":"product_tag-custom-eyeshadow-blusher-palettes-boxes","12":"product_tag-empty-magnetic-eyeshadow-palette","14":"first","15":"instock","16":"shipping-taxable","17":"product-type-simple"},"_links":{"self":[{"href":"https:\/\/zojopackaging.com\/pl\/wp-json\/wp\/v2\/product\/10446","targetHints":{"allow":["GET"]}}],"collection":[{"href":"https:\/\/zojopackaging.com\/pl\/wp-json\/wp\/v2\/product"}],"about":[{"href":"https:\/\/zojopackaging.com\/pl\/wp-json\/wp\/v2\/types\/product"}],"version-history":[{"count":1,"href":"https:\/\/zojopackaging.com\/pl\/wp-json\/wp\/v2\/product\/10446\/revisions"}],"predecessor-version":[{"id":10452,"href":"https:\/\/zojopackaging.com\/pl\/wp-json\/wp\/v2\/product\/10446\/revisions\/10452"}],"wp:featuredmedia":[{"embeddable":true,"href":"https:\/\/zojopackaging.com\/pl\/wp-json\/wp\/v2\/media\/10447"}],"wp:attachment":[{"href":"https:\/\/zojopackaging.com\/pl\/wp-json\/wp\/v2\/media?parent=10446"}],"wp:term":[{"taxonomy":"product_brand","embeddable":true,"href":"https:\/\/zojopackaging.com\/pl\/wp-json\/wp\/v2\/product_brand?post=10446"},{"taxonomy":"product_cat","embeddable":true,"href":"https:\/\/zojopackaging.com\/pl\/wp-json\/wp\/v2\/product_cat?post=10446"},{"taxonomy":"product_tag","embeddable":true,"href":"https:\/\/zojopackaging.com\/pl\/wp-json\/wp\/v2\/product_tag?post=10446"}],"curies":[{"name":"wp","href":"https:\/\/api.w.org\/{rel}","templated":true}]}}