{"id":2434,"date":"2024-03-12T10:15:11","date_gmt":"2024-03-12T02:15:11","guid":{"rendered":"https:\/\/zojopackaging.com\/?post_type=product&#038;p=2434"},"modified":"2025-03-27T21:12:25","modified_gmt":"2025-03-27T13:12:25","slug":"personalized-cigarette-boxes","status":"publish","type":"product","link":"https:\/\/zojopackaging.com\/pl\/product\/personalized-cigarette-boxes\/","title":{"rendered":"Puste opakowania na naboje Vape 510 z konopi indyjskich - sprzeda\u017c hurtowa"},"content":{"rendered":"<h1>Puste opakowania na naboje Vape 510 z konopi indyjskich - sprzeda\u017c hurtowa<\/h1>\n<p>Nasi producenci zawsze poszukuj\u0105 spersonalizowanych niestandardowych pude\u0142ek vape, kt\u00f3re s\u0105 unikalne, zaprojektowane na zam\u00f3wienie i spe\u0142niaj\u0105 najwy\u017csze standardy jako\u015bci. Zdali\u015bmy sobie spraw\u0119 z zapotrzebowania na tyto\u0144 w spo\u0142ecze\u0144stwie i trendu stylowych niestandardowych pude\u0142ek. Palacze przywi\u0105zuj\u0105 du\u017c\u0105 wag\u0119 do jako\u015bci pude\u0142ek na papierosy, aby pokaza\u0107 styl i wzmocni\u0107 swoj\u0105 osobowo\u015b\u0107. Wiemy, jak wa\u017cny jest styl opr\u00f3cz jako\u015bci pude\u0142ek i dlatego projektujemy modne pude\u0142ka na papierosy, kt\u00f3re pokochaj\u0105 Twoi klienci.<\/p>\n<h1>Pozw\u00f3l nam wydrukowa\u0107 dla Ciebie pude\u0142ka<\/h1>\n<p>Nie tylko tworzymy pude\u0142ka i sprzedajemy; pracujemy nad projektem, wykonujemy makiet\u0119 3D i wykonujemy pude\u0142ka przy u\u017cyciu wysokiej jako\u015bci tektury lub Kraft. W obecnej erze ka\u017cda firma tytoniowa pracuje dzie\u0144 i noc, aby wyr\u00f3\u017cni\u0107 mark\u0119 za pomoc\u0105 spersonalizowanych element\u00f3w projektu, kolor\u00f3w druku, logo lub dowolnej infografiki. Z nami to proste! Po prostu prze\u015blij nam swoje wymagania projektowe lub pozw\u00f3l nam stworzy\u0107 co\u015b atrakcyjnego dla Ciebie. Wiemy, jak stworzy\u0107 wiod\u0105ce na rynku i drukowane spersonalizowane pude\u0142ka na papierosy, kt\u00f3re s\u0105 wystarczaj\u0105co mocne, aby zwi\u0119kszy\u0107 sprzeda\u017c w ci\u0105gu kilku dni.<\/p>\n<p>Co wi\u0119cej, nasze zaawansowane cyfrowe maszyny drukarskie s\u0105 obs\u0142ugiwane przez do\u015bwiadczonych technik\u00f3w, nie pozostawiaj\u0105c miejsca na b\u0142\u0119dy, je\u015bli chodzi o drukowanie niestandardowych papierowych pude\u0142ek na papierosy. Z dum\u0105 wyznaczamy nowy standard spersonalizowanych pude\u0142ek na papierosy, wystarczaj\u0105co kompetentnych, aby pom\u00f3c marce odblokowa\u0107 nowy wymiar sukcesu.<\/p>\n<h1>Dost\u0119pne we wszystkich rozmiarach<\/h1>\n<p>Praktyczne do\u015bwiadczenie i badania rynku sprawi\u0142y, \u017ce jeste\u015bmy w stanie zaprojektowa\u0107 wszystkie struktury, style i rozmiary pude\u0142ek. Dlatego twierdzimy, \u017ce nasze drukowane spersonalizowane pude\u0142ka na papierosy s\u0105 dostosowane do strategii marketingowych firm na najwy\u017cszym poziomie, pomagaj\u0105 im si\u0119 rozwija\u0107, a wreszcie Twoja marka zyska efekt wow. Wystarczy przes\u0142a\u0107 nam rozmiary i dok\u0142adne wymiary, aby\u015bmy mogli odpowiednio wykona\u0107 pude\u0142ka. Jeste\u015bmy przekonani, \u017ce nie zauwa\u017cysz r\u00f3\u017cnicy w naszych pude\u0142kach, uznaj\u0105c je za idealne klony i kopie.<\/p>\n<h1>Tworzymy pude\u0142ka z ka\u017cdego materia\u0142u<\/h1>\n<p>Jednym z najwa\u017cniejszych aspekt\u00f3w pakowania jest materia\u0142, a jedn\u0105 z naszych przewag konkurencyjnych jest tworzenie pude\u0142ek ze wszystkich materia\u0142\u00f3w, tj. kraft, karton lub innych. Tekturowe spersonalizowane pude\u0142ka na papierosy s\u0105 odporne, wytrzyma\u0142e i najcz\u0119\u015bciej u\u017cywane do pakowania wielu papieros\u00f3w. Z drugiej strony, spersonalizowane pude\u0142ka na papierosy z nadrukiem Kraft s\u0105 lekkie, bardziej rzucaj\u0105ce si\u0119 w oczy dzi\u0119ki elementom brandingowym i kolorom, a tak\u017ce ulegaj\u0105 biodegradacji.<\/p>\n<h1><strong>Specyfikacja<\/strong><\/h1>\n<table width=\"1153\">\n<tbody>\n<tr>\n<td width=\"373\">Wymiary<\/td>\n<td width=\"373\">Wszystkie niestandardowe rozmiary i kszta\u0142ty<\/td>\n<\/tr>\n<tr>\n<td width=\"373\">Drukowanie<\/td>\n<td width=\"373\">CMYK, PMS, bez nadruku<\/td>\n<\/tr>\n<tr>\n<td width=\"373\">Papier zapasowy<\/td>\n<td width=\"373\">10pt do 28pt (60lb do 400lb) Ekologiczny Kraft, tektura falista E-flute, tektura Bux, karton<\/td>\n<\/tr>\n<tr>\n<td width=\"373\">Ilo\u015bci<\/td>\n<td width=\"373\">500- 500,000<\/td>\n<\/tr>\n<tr>\n<td width=\"373\">Pow\u0142oka<\/td>\n<td width=\"373\">B\u0142yszcz\u0105cy, matowy, punktowy UV<\/td>\n<\/tr>\n<tr>\n<td width=\"373\">Proces domy\u015blny<\/td>\n<td width=\"373\">Sztancowanie, klejenie, nacinanie, perforacja<\/td>\n<\/tr>\n<tr>\n<td width=\"373\">Opcje<\/td>\n<td width=\"373\">Niestandardowe wyci\u0119cie okna, foliowanie z\u0142ote\/srebrne, wyt\u0142aczanie, wypuk\u0142y atrament, arkusz PVC.<\/td>\n<\/tr>\n<tr>\n<td width=\"373\">Dow\u00f3d<\/td>\n<td width=\"373\">Widok p\u0142aski, makieta 3D, pr\u00f3bkowanie fizyczne (na \u017c\u0105danie)<\/td>\n<\/tr>\n<tr>\n<td width=\"373\">Czas realizacji<\/td>\n<td width=\"373\">7-14 dni roboczych, po\u015bpiech<\/td>\n<\/tr>\n<tr>\n<td width=\"373\">MOQ<\/td>\n<td width=\"373\">500<\/td>\n<\/tr>\n<tr>\n<td width=\"373\">Czas pr\u00f3by<\/td>\n<td width=\"373\">\u00a05 dni<\/td>\n<\/tr>\n<tr>\n<td width=\"373\">Termin p\u0142atno\u015bci<\/td>\n<td width=\"373\">T \/ T, Western Union, Paypal, depozyt 30% i saldo 70% przed wysy\u0142k\u0105.<\/td>\n<\/tr>\n<\/tbody>\n<\/table>\n<div class=\"widget block block-static-block\">\n<div class=\"landing-page-section option-bottom\">\n<div class=\"custom-materials-tabs-content container container-adjustment\">\n<div class=\"custom-materials-tab-content active\">\n<div class=\"widget block block-static-block\">\n<div class=\"options-items\">\n<div class=\"flex-grid-row-option\">\n<div class=\"flex-grid-item-option\">\n<div class=\"material-box\">\n<p>&nbsp;<\/p>\n<\/div>\n<\/div>\n<\/div>\n<\/div>\n<p><!---end of option item--><\/p>\n<\/div>\n<\/div>\n<\/div>\n<\/div>\n<\/div>","protected":false},"excerpt":{"rendered":"<p>1. magnetyczne zamkni\u0119cie pude\u0142ka, wbudowany magnes, aby unikn\u0105\u0107 zewn\u0119trznego zu\u017cycia, wizualna prostota, p\u0142ynniejsze otwieranie i zamykanie, wysoki wska\u017anik ponownego u\u017cycia pude\u0142ka<br \/>\n2. Schemat kolor\u00f3w Macaron zmniejsza zm\u0119czenie wzroku i tworzy relaksuj\u0105c\u0105 i lecznicz\u0105 atmosfer\u0119.<br \/>\n3. Mo\u017ce by\u0107 w pe\u0142ni dostosowany do potrzeb, aby pasowa\u0142 do opakowania e-papierosa z konopi indyjskich<\/p>","protected":false},"featured_media":2445,"template":"","meta":[],"product_brand":[],"product_cat":[30,420,424,31],"product_tag":[716,715,593],"class_list":{"0":"post-2434","1":"product","2":"type-product","3":"status-publish","4":"has-post-thumbnail","6":"product_cat-by-industry","7":"product_cat-custom-cannabis-boxes","8":"product_cat-magnetic-closure-boxes","9":"product_cat-paper-box-style","10":"product_tag-cartridge-packaging-wholesale","11":"product_tag-empty-vape-packaging","12":"product_tag-vape-cartridge-packaging","14":"first","15":"instock","16":"shipping-taxable","17":"product-type-grouped"},"_links":{"self":[{"href":"https:\/\/zojopackaging.com\/pl\/wp-json\/wp\/v2\/product\/2434","targetHints":{"allow":["GET"]}}],"collection":[{"href":"https:\/\/zojopackaging.com\/pl\/wp-json\/wp\/v2\/product"}],"about":[{"href":"https:\/\/zojopackaging.com\/pl\/wp-json\/wp\/v2\/types\/product"}],"version-history":[{"count":2,"href":"https:\/\/zojopackaging.com\/pl\/wp-json\/wp\/v2\/product\/2434\/revisions"}],"predecessor-version":[{"id":8424,"href":"https:\/\/zojopackaging.com\/pl\/wp-json\/wp\/v2\/product\/2434\/revisions\/8424"}],"wp:featuredmedia":[{"embeddable":true,"href":"https:\/\/zojopackaging.com\/pl\/wp-json\/wp\/v2\/media\/2445"}],"wp:attachment":[{"href":"https:\/\/zojopackaging.com\/pl\/wp-json\/wp\/v2\/media?parent=2434"}],"wp:term":[{"taxonomy":"product_brand","embeddable":true,"href":"https:\/\/zojopackaging.com\/pl\/wp-json\/wp\/v2\/product_brand?post=2434"},{"taxonomy":"product_cat","embeddable":true,"href":"https:\/\/zojopackaging.com\/pl\/wp-json\/wp\/v2\/product_cat?post=2434"},{"taxonomy":"product_tag","embeddable":true,"href":"https:\/\/zojopackaging.com\/pl\/wp-json\/wp\/v2\/product_tag?post=2434"}],"curies":[{"name":"wp","href":"https:\/\/api.w.org\/{rel}","templated":true}]}}