{"id":2460,"date":"2024-03-12T10:50:19","date_gmt":"2024-03-12T02:50:19","guid":{"rendered":"https:\/\/zojopackaging.com\/?post_type=product&#038;p=2460"},"modified":"2025-03-28T16:09:01","modified_gmt":"2025-03-28T08:09:01","slug":"cardboard-cigarette-packaging-boxes","status":"publish","type":"product","link":"https:\/\/zojopackaging.com\/pl\/product\/cardboard-cigarette-packaging-boxes\/","title":{"rendered":"Niestandardowy sk\u0142adany karton na e-liquid Producent w Chinach"},"content":{"rendered":"<h1>Niestandardowy sk\u0142adany karton na e-liquid Producent w Chinach<\/h1>\n<p style=\"font-weight: 400;\">Oto nowe puste paczki papieros\u00f3w w<strong>\u00a0<\/strong>Niskie minima i szybka realizacja. Uzyskaj ogromne zni\u017cki na kartonowe pude\u0142ka i pojemniki. Dost\u0119pne s\u0105 ma\u0142e, \u015brednie i du\u017ce rozmiary, zgodnie z Twoimi potrzebami i wymaganiami. Papieros jest luksusem dla ludzi, kt\u00f3rzy lubi\u0105 spo\u017cywa\u0107 opary tytoniu i cieszy\u0107 si\u0119 jego wp\u0142ywem na uk\u0142ad nerwowy. U\u017cytkownicy lubi\u0105 trzyma\u0107 <strong>Pude\u0142ka na papierosy<\/strong>\u00a0w kieszeni, a niesmaczne i obskurne opakowanie mo\u017ce sprawi\u0107, \u017ce poczuj\u0105 si\u0119 mniej pewni siebie. Ludzie lubi\u0105 zachowywa\u0107 gracj\u0119 we wszystkich aspektach \u017cycia, a palacze wol\u0105 kupowa\u0107 papierosy zwykle sprzedawane w stylowych opakowaniach.\u00a0<strong>niestandardowe pude\u0142ka<\/strong> kt\u00f3re mog\u0105 w uroczy spos\u00f3b przedstawia\u0107 ich osobowo\u015b\u0107.<\/p>\n<ul style=\"font-weight: 400;\">\n<li>Dedykowany zesp\u00f3\u0142 wsparcia<\/li>\n<li>Darmowa wycena<\/li>\n<li>Bezp\u0142atna wysy\u0142ka do USA i Kanady<\/li>\n<li>Dostawca opakowa\u0144 #1<\/li>\n<li><\/li>\n<li>100% na zam\u00f3wienie<\/li>\n<li>Obejrzyj nasz film o produkcie<\/li>\n<li>100% Zadowolenie klienta<\/li>\n<li>Bezp\u0142atne pobieranie pr\u00f3bek<\/li>\n<li>Wytrzyma\u0142a konstrukcja z podw\u00f3jnym ko\u0144cem i podw\u00f3jnym dnem<\/li>\n<li>Do wszelkich prac kreatywnych i dekoracyjnych<\/li>\n<\/ul>\n<h1><strong>Specyfikacja<\/strong><\/h1>\n<div class=\"widget block block-static-block\">\n<div class=\"landing-page-section option-bottom\">\n<div class=\"custom-materials-tabs-content container container-adjustment\">\n<div class=\"custom-materials-tab-content active\">\n<div class=\"widget block block-static-block\">\n<div class=\"options-items\">\n<div class=\"flex-grid-row-option\">\n<div class=\"flex-grid-item-option\">\n<div class=\"material-box\">\n<div class=\"material-des\">\n<table width=\"1070\">\n<tbody>\n<tr>\n<td width=\"373\">Wymiary<\/td>\n<td width=\"373\">Wszystkie niestandardowe rozmiary i kszta\u0142ty<\/td>\n<\/tr>\n<tr>\n<td width=\"373\">MOQ<\/td>\n<td width=\"373\">500szt.<\/td>\n<\/tr>\n<tr>\n<td width=\"373\">Czas pr\u00f3by<\/td>\n<td width=\"373\">3-5 dni<\/td>\n<\/tr>\n<tr>\n<td width=\"373\">Proces domy\u015blny<\/td>\n<td width=\"373\">Sztancowanie, klejenie, nacinanie, perforacja<\/td>\n<\/tr>\n<tr>\n<td width=\"373\">Drukowanie<\/td>\n<td width=\"373\">Cmyk, pms, bez drukowania<\/td>\n<\/tr>\n<tr>\n<td width=\"373\">Opcja materia\u0142u<\/td>\n<td width=\"373\">Bia\u0142y papier kartonowy, papier powlekany, papier artystyczny, papier siarczanowy, ko\u015b\u0107 s\u0142oniowa, tektura dwustronna, papier specjalny itp.<\/td>\n<\/tr>\n<tr>\n<td width=\"373\">Wyko\u0144czenie powierzchni<\/td>\n<td width=\"373\">Laminowanie matowe\/b\u0142yszcz\u0105ce, punktowe UVDebossing, t\u0142oczenie, t\u0142oczenie foli\u0105 itp.<\/td>\n<\/tr>\n<tr>\n<td width=\"373\">Wykorzystanie w przemy\u015ble<\/td>\n<td width=\"373\">kosmetyki, perfumy, odzie\u017c, bi\u017cuteria, tyto\u0144, \u017cywno\u015b\u0107, towary codziennego u\u017cytku,<\/td>\n<\/tr>\n<tr>\n<td width=\"373\">Kontrola jako\u015bci<\/td>\n<td width=\"373\">Zaawansowany sprz\u0119t i do\u015bwiadczony zesp\u00f3\u0142 kontroli jako\u015bci dok\u0142adnie sprawdz\u0105 materia\u0142y, p\u00f3\u0142produkty i gotowe produkty na ka\u017cdym etapie przed ich u\u017cyciem.<\/td>\n<\/tr>\n<tr>\n<td width=\"373\">Cena<\/td>\n<td width=\"373\">Ostateczna cena b\u0119dzie dostosowana do produktu i wymaganej ilo\u015bci<\/td>\n<\/tr>\n<tr>\n<td width=\"373\">Czas zwrotu<\/td>\n<td width=\"373\">7-14 dni roboczych, po\u015bpiech<\/td>\n<\/tr>\n<tr>\n<td width=\"373\">Papier<\/td>\n<td width=\"373\">10pt do 28pt (60lb do 400lb) ekologiczny Kraft, tektura falista e-flute, tektura bux, karton<\/td>\n<\/tr>\n<tr>\n<td width=\"373\">Format grafiki<\/td>\n<td width=\"373\">JPG, PDF, AI, CDR, EPS, GIF....<\/td>\n<\/tr>\n<tr>\n<td width=\"373\">Akcesoria<\/td>\n<td width=\"373\">Magnes, ta\u015bma, forma EVA, plastikowa taca, g\u0105bka, okienko PVC\/PET\/PP,...<\/td>\n<\/tr>\n<tr>\n<td width=\"373\">Termin p\u0142atno\u015bci<\/td>\n<td width=\"373\">T \/ T, Western Union, Paypal, depozyt 30% i saldo 70% przed wysy\u0142k\u0105.<\/td>\n<\/tr>\n<\/tbody>\n<\/table>\n<\/div>\n<\/div>\n<\/div>\n<\/div>\n<\/div>\n<\/div>\n<\/div>\n<\/div>\n<\/div>\n<\/div>\n<div class=\"widget block block-static-block\">\n<div class=\"landing-page-section option-bottom\">\n<div class=\"custom-materials-tabs-content container container-adjustment\">\n<div class=\"custom-materials-tab-content active\">\n<div class=\"widget block block-static-block\">\n<div class=\"options-items\">\n<div class=\"flex-grid-row-option\">\n<div class=\"flex-grid-item-option\">\n<div class=\"material-box\">\n<p>&nbsp;<\/p>\n<\/div>\n<\/div>\n<\/div>\n<\/div>\n<p><!---end of option item--><\/p>\n<\/div>\n<\/div>\n<\/div>\n<\/div>\n<\/div>","protected":false},"excerpt":{"rendered":"<p>Niestandardowe pude\u0142ka na e-liquid firmy Premier Packaging s\u0105 solidne i atrakcyjne, a jednocze\u015bnie zabezpieczaj\u0105 e-liquid przed uszkodzeniem. Jeste\u015bmy firm\u0105 produkuj\u0105c\u0105 opakowania z najwy\u017cszej p\u00f3\u0142ki.<\/p>\n<p>Rodzaj materia\u0142u: Ekologiczne, posiadaj\u0105 certyfikaty FSC\/ISO\/BSCI<br \/>\nCzas produkcji: Pr\u00f3bka 1-3 dni; Luzem 7-9 dni<br \/>\nCzas wysy\u0142ki: Express 3-7 dni; Air 12-16 dni; Boat 25-30 dni\uff08R\u00f3\u017cne kraje maj\u0105 r\u00f3\u017cne czasy)<\/p>\n<p>Cena:Skontaktuj si\u0119 z nami, aby wys\u0142a\u0107 zapytanie!<\/p>","protected":false},"featured_media":2465,"template":"","meta":[],"product_brand":[],"product_cat":[30,418,430,31],"product_tag":[819,818,820],"class_list":{"0":"post-2460","1":"product","2":"type-product","3":"status-publish","4":"has-post-thumbnail","6":"product_cat-by-industry","7":"product_cat-custom-cbd-boxes","8":"product_cat-folding-cartons","9":"product_cat-paper-box-style","10":"product_tag-box-manufacturer-in-china","11":"product_tag-e-liquid-folding-carton","12":"product_tag-folding-carton-box","14":"first","15":"instock","16":"shipping-taxable","17":"product-type-grouped"},"_links":{"self":[{"href":"https:\/\/zojopackaging.com\/pl\/wp-json\/wp\/v2\/product\/2460","targetHints":{"allow":["GET"]}}],"collection":[{"href":"https:\/\/zojopackaging.com\/pl\/wp-json\/wp\/v2\/product"}],"about":[{"href":"https:\/\/zojopackaging.com\/pl\/wp-json\/wp\/v2\/types\/product"}],"version-history":[{"count":3,"href":"https:\/\/zojopackaging.com\/pl\/wp-json\/wp\/v2\/product\/2460\/revisions"}],"predecessor-version":[{"id":8469,"href":"https:\/\/zojopackaging.com\/pl\/wp-json\/wp\/v2\/product\/2460\/revisions\/8469"}],"wp:featuredmedia":[{"embeddable":true,"href":"https:\/\/zojopackaging.com\/pl\/wp-json\/wp\/v2\/media\/2465"}],"wp:attachment":[{"href":"https:\/\/zojopackaging.com\/pl\/wp-json\/wp\/v2\/media?parent=2460"}],"wp:term":[{"taxonomy":"product_brand","embeddable":true,"href":"https:\/\/zojopackaging.com\/pl\/wp-json\/wp\/v2\/product_brand?post=2460"},{"taxonomy":"product_cat","embeddable":true,"href":"https:\/\/zojopackaging.com\/pl\/wp-json\/wp\/v2\/product_cat?post=2460"},{"taxonomy":"product_tag","embeddable":true,"href":"https:\/\/zojopackaging.com\/pl\/wp-json\/wp\/v2\/product_tag?post=2460"}],"curies":[{"name":"wp","href":"https:\/\/api.w.org\/{rel}","templated":true}]}}