{"id":2469,"date":"2024-03-12T10:57:56","date_gmt":"2024-03-12T02:57:56","guid":{"rendered":"https:\/\/zojopackaging.com\/?post_type=product&#038;p=2469"},"modified":"2025-03-28T16:22:24","modified_gmt":"2025-03-28T08:22:24","slug":"wholesale-e-cigarette-packaging-box","status":"publish","type":"product","link":"https:\/\/zojopackaging.com\/pl\/product\/wholesale-e-cigarette-packaging-box\/","title":{"rendered":"Niestandardowe markowe pude\u0142ko do pakowania marihuany hurtowo"},"content":{"rendered":"<h1>Niestandardowe markowe pude\u0142ko do pakowania marihuany hurtowo<\/h1>\n<p>Nasze niestandardowe markowe opakowania na marihuan\u0119 s\u0105 wykonane z my\u015bl\u0105 o precyzji i jako\u015bci. Wykonane z wysokiej jako\u015bci materia\u0142\u00f3w, oferuj\u0105 trwa\u0142o\u015b\u0107 i elegancki wygl\u0105d, kt\u00f3ry przyci\u0105ga wzrok.<\/p>\n<p>Niestandardowe, markowe opakowania na marihuan\u0119 s\u0105 nie tylko funkcjonalne, ale tak\u017ce konfigurowalne. Mo\u017cesz wybiera\u0107 spo\u015br\u00f3d wielu kolor\u00f3w, wzor\u00f3w i opcji brandingu, aby stworzy\u0107 unikalny i charakterystyczny wygl\u0105d, kt\u00f3ry odzwierciedla to\u017csamo\u015b\u0107 Twojej marki. Dzi\u0119ki temu produkty e-papierosowe wyr\u00f3\u017cniaj\u0105 si\u0119 na p\u00f3\u0142kach i przyci\u0105gaj\u0105 uwag\u0119 potencjalnych klient\u00f3w.<\/p>\n<p>Opr\u00f3cz estetycznego wygl\u0105du, nasze pude\u0142ko zosta\u0142o zaprojektowane z my\u015bl\u0105 o wygodzie u\u017cytkownika. S\u0105 one wyposa\u017cone w mechanizmy \u0142atwego otwierania i przegr\u00f3dki do organizowania akcesori\u00f3w, zapewniaj\u0105c bezproblemow\u0105 obs\u0142ug\u0119 zar\u00f3wno sprzedawcom detalicznym, jak i konsumentom.<\/p>\n<p>Wybieraj\u0105c nasz\u0105<\/p>\n<p>Kupuj\u0105c hurtowo niestandardowe markowe opakowanie na marihuan\u0119, nie otrzymujesz tylko pojemnika; inwestujesz w narz\u0119dzie marketingowe, kt\u00f3re pomaga promowa\u0107 Twoj\u0105 mark\u0119 i zwi\u0119ksza\u0107 postrzegan\u0105 warto\u015b\u0107 Twoich produkt\u00f3w. Niezale\u017cnie od tego, czy jeste\u015b ma\u0142\u0105 firm\u0105, czy du\u017cym dystrybutorem, nasze ceny hurtowe sprawiaj\u0105, \u017ce pakowanie e-papieros\u00f3w ze stylem i profesjonalizmem jest op\u0142acalne.<\/p>\n<p>Wzmocnij swoj\u0105 dzia\u0142alno\u015b\u0107 zwi\u0105zan\u0105 z e-papierosami dzi\u0119ki naszym najwy\u017cszej jako\u015bci hurtowym opakowaniom do e-papieros\u00f3w i zapewnij swoim produktom prezentacj\u0119, na jak\u0105 zas\u0142uguj\u0105.<\/p>\n<h1><strong>Specyfikacja<\/strong><\/h1>\n<table style=\"height: 456px;\" width=\"1153\">\n<tbody>\n<tr>\n<td width=\"373\">Wymiary<\/td>\n<td width=\"373\">Wszystkie niestandardowe rozmiary i kszta\u0142ty<\/td>\n<\/tr>\n<tr>\n<td width=\"373\">Drukowanie<\/td>\n<td width=\"373\">CMYK, PMS, bez nadruku<\/td>\n<\/tr>\n<tr>\n<td width=\"373\">Papier zapasowy<\/td>\n<td width=\"373\">10pt do 28pt (60lb do 400lb) Ekologiczny Kraft, tektura falista E-flute, tektura Bux, karton<\/td>\n<\/tr>\n<tr>\n<td width=\"373\">Ilo\u015bci<\/td>\n<td width=\"373\">500- 500,000<\/td>\n<\/tr>\n<tr>\n<td width=\"373\">Pow\u0142oka<\/td>\n<td width=\"373\">B\u0142yszcz\u0105cy, matowy, punktowy UV<\/td>\n<\/tr>\n<tr>\n<td width=\"373\">Proces domy\u015blny<\/td>\n<td width=\"373\">Sztancowanie, klejenie, nacinanie, perforacja<\/td>\n<\/tr>\n<tr>\n<td width=\"373\">Opcje<\/td>\n<td width=\"373\">Niestandardowe wyci\u0119cie okna, foliowanie z\u0142ote\/srebrne, wyt\u0142aczanie, wypuk\u0142y atrament, arkusz PVC.<\/td>\n<\/tr>\n<tr>\n<td width=\"373\">Dow\u00f3d<\/td>\n<td width=\"373\">Widok p\u0142aski, makieta 3D, pr\u00f3bkowanie fizyczne (na \u017c\u0105danie)<\/td>\n<\/tr>\n<tr>\n<td width=\"373\">Czas realizacji<\/td>\n<td width=\"373\">7-14 dni roboczych, po\u015bpiech<\/td>\n<\/tr>\n<tr>\n<td width=\"373\">MOQ<\/td>\n<td width=\"373\">500<\/td>\n<\/tr>\n<tr>\n<td width=\"373\">Czas pr\u00f3by<\/td>\n<td width=\"373\">\u00a05 dni<\/td>\n<\/tr>\n<tr>\n<td width=\"373\">Termin p\u0142atno\u015bci<\/td>\n<td width=\"373\">T \/ T, Western Union, Paypal, depozyt 30% i saldo 70% przed wysy\u0142k\u0105.<\/td>\n<\/tr>\n<\/tbody>\n<\/table>\n<div class=\"widget block block-static-block\">\n<div class=\"landing-page-section option-bottom\">\n<div class=\"custom-materials-tabs-content container container-adjustment\">\n<div class=\"custom-materials-tab-content active\">\n<div class=\"widget block block-static-block\">\n<div class=\"options-items\">\n<div class=\"flex-grid-row-option\">\n<div class=\"flex-grid-item-option\">\n<div class=\"material-box\">\n<div class=\"material-des\">\n<p>&nbsp;<\/p>\n<\/div>\n<p>&nbsp;<\/p>\n<\/div>\n<\/div>\n<\/div>\n<\/div>\n<p><!---end of option item--><\/p>\n<\/div>\n<\/div>\n<\/div>\n<\/div>\n<\/div>","protected":false},"excerpt":{"rendered":"<p>1. Konstrukcja szuflady i przesuwne otwieranie u\u0142atwiaj\u0105 u\u017cytkownikom otwieranie i zamykanie, zwi\u0119kszaj\u0105c komfort rozpakowywania.<br \/>\n2. Schemat kolor\u00f3w macaron zmniejsza zm\u0119czenie wzroku i tworzy relaksuj\u0105c\u0105 i lecznicz\u0105 atmosfer\u0119.<br \/>\n3. Powierzchnia pude\u0142ka jest wyra\u017anie zadrukowana bez r\u00f3\u017cnicy kolor\u00f3w. Mo\u017ce to poprawi\u0107 wra\u017cenia u\u017cytkownika<\/p>","protected":false},"featured_media":2474,"template":"","meta":[],"product_brand":[],"product_cat":[30,420,31],"product_tag":[824,826,825],"class_list":{"0":"post-2469","1":"product","2":"type-product","3":"status-publish","4":"has-post-thumbnail","6":"product_cat-by-industry","7":"product_cat-custom-cannabis-boxes","8":"product_cat-paper-box-style","9":"product_tag-cannabis-packaging-box","10":"product_tag-custom-cannabis-packaging-box","11":"product_tag-marijuana-packaging-wholesale","13":"first","14":"instock","15":"shipping-taxable","16":"product-type-grouped"},"_links":{"self":[{"href":"https:\/\/zojopackaging.com\/pl\/wp-json\/wp\/v2\/product\/2469","targetHints":{"allow":["GET"]}}],"collection":[{"href":"https:\/\/zojopackaging.com\/pl\/wp-json\/wp\/v2\/product"}],"about":[{"href":"https:\/\/zojopackaging.com\/pl\/wp-json\/wp\/v2\/types\/product"}],"version-history":[{"count":2,"href":"https:\/\/zojopackaging.com\/pl\/wp-json\/wp\/v2\/product\/2469\/revisions"}],"predecessor-version":[{"id":8471,"href":"https:\/\/zojopackaging.com\/pl\/wp-json\/wp\/v2\/product\/2469\/revisions\/8471"}],"wp:featuredmedia":[{"embeddable":true,"href":"https:\/\/zojopackaging.com\/pl\/wp-json\/wp\/v2\/media\/2474"}],"wp:attachment":[{"href":"https:\/\/zojopackaging.com\/pl\/wp-json\/wp\/v2\/media?parent=2469"}],"wp:term":[{"taxonomy":"product_brand","embeddable":true,"href":"https:\/\/zojopackaging.com\/pl\/wp-json\/wp\/v2\/product_brand?post=2469"},{"taxonomy":"product_cat","embeddable":true,"href":"https:\/\/zojopackaging.com\/pl\/wp-json\/wp\/v2\/product_cat?post=2469"},{"taxonomy":"product_tag","embeddable":true,"href":"https:\/\/zojopackaging.com\/pl\/wp-json\/wp\/v2\/product_tag?post=2469"}],"curies":[{"name":"wp","href":"https:\/\/api.w.org\/{rel}","templated":true}]}}