{"id":2476,"date":"2024-03-12T11:11:02","date_gmt":"2024-03-12T03:11:02","guid":{"rendered":"https:\/\/zojopackaging.com\/?post_type=product&#038;p=2476"},"modified":"2025-03-28T12:53:50","modified_gmt":"2025-03-28T04:53:50","slug":"customized-e-cigarette-packaging-card-box","status":"publish","type":"product","link":"https:\/\/zojopackaging.com\/pl\/product\/customized-e-cigarette-packaging-card-box\/","title":{"rendered":"Producent niestandardowych opakowa\u0144 kartonowych z olejem konopnym"},"content":{"rendered":"<h1>Producent niestandardowych opakowa\u0144 kartonowych z olejem konopnym<\/h1>\n<p>Te proste, ale eleganckie niestandardowe pude\u0142ka na papierosy pomog\u0105 ci zapakowa\u0107 i wyeksponowa\u0107 e-papierosy w modnym stylu. Wykonane z trwa\u0142ych materia\u0142\u00f3w opakowaniowych, te wspania\u0142e pude\u0142ka bezpiecznie przetransportuj\u0105 delikatne e-papierosy. Niezale\u017cnie od tego, czy musisz dostarczy\u0107 swoje e-papierosy do klient\u00f3w, czy sprzedawc\u00f3w detalicznych, te wytrzyma\u0142e pude\u0142ka bardzo ci pomog\u0105. Zadzwo\u0144 do nas, aby uzyska\u0107 wspania\u0142\u0105 ofert\u0119 rabatow\u0105 na te atrakcyjne pude\u0142ka!<\/p>\n<h1>Uzyskaj najlepsze wsparcie projektowe dla producenta niestandardowych opakowa\u0144 kartonowych z olejem konopnym!<\/h1>\n<p>Oferujemy najbardziej reprezentacyjne pude\u0142ka na e-papierosy z nadrukiem, kt\u00f3re przenios\u0105 Twoj\u0105 mark\u0119 na zupe\u0142nie nowy poziom. Fascynuj\u0105ca prezentacja oferowana przez te pude\u0142ka sprawi, \u017ce Twoje e-papierosy b\u0119d\u0105 sprzedawa\u0107 si\u0119 bardzo dobrze i natychmiast. Czy kiedykolwiek chcia\u0142e\u015b zaprojektowa\u0107 w\u0142asne pude\u0142ka do pakowania z motywem i kolorami swojej marki? Nasi eksperci od opakowa\u0144 z przyjemno\u015bci\u0105 pomog\u0105 Ci uzyska\u0107 najlepsze pude\u0142ka! Zapewniamy najbardziej kompetentn\u0105 wiedz\u0119 i wsparcie projektowe bez \u017cadnych op\u0142at.<\/p>\n<h1>Najbardziej nieskazitelne niestandardowe pude\u0142ka na e-papierosy ze wspania\u0142ym logo marki<\/h1>\n<p>W Zojoprint Packaging dok\u0142adamy wszelkich stara\u0144, aby promowa\u0107 i wyr\u00f3\u017cnia\u0107 Twoj\u0105 mark\u0119 na rynku. Mo\u017cesz wydrukowa\u0107 nazw\u0119 swojej marki i logo na tych modnych pude\u0142kach, aby szerzej zaprezentowa\u0107 swoj\u0105 firm\u0119. Mo\u017cesz mie\u0107 pewno\u015b\u0107, \u017ce dzi\u0119ki naszej innowacyjnej technologii druku offsetowego i cyfrowego otrzymasz tylko najbardziej nienaganne niestandardowe pude\u0142ka na e-papierosy z osza\u0142amiaj\u0105cym logo marki.<\/p>\n<h1><strong>Specyfikacja<\/strong><\/h1>\n<div class=\"widget block block-static-block\">\n<div class=\"landing-page-section option-bottom\">\n<div class=\"custom-materials-tabs-content container container-adjustment\">\n<div class=\"custom-materials-tab-content active\">\n<div class=\"widget block block-static-block\">\n<div class=\"options-items\">\n<div class=\"flex-grid-row-option\">\n<div class=\"flex-grid-item-option\">\n<div class=\"material-box\">\n<div class=\"material-des\">\n<table width=\"1070\">\n<tbody>\n<tr>\n<td width=\"373\">Wymiary<\/td>\n<td width=\"373\">Wszystkie niestandardowe rozmiary i kszta\u0142ty<\/td>\n<\/tr>\n<tr>\n<td width=\"373\">MOQ<\/td>\n<td width=\"373\">500szt.<\/td>\n<\/tr>\n<tr>\n<td width=\"373\">Czas pr\u00f3by<\/td>\n<td width=\"373\">3-5 dni<\/td>\n<\/tr>\n<tr>\n<td width=\"373\">Proces domy\u015blny<\/td>\n<td width=\"373\">Sztancowanie, klejenie, nacinanie, perforacja<\/td>\n<\/tr>\n<tr>\n<td width=\"373\">Drukowanie<\/td>\n<td width=\"373\">Cmyk, pms, bez drukowania<\/td>\n<\/tr>\n<tr>\n<td width=\"373\">Opcja materia\u0142u<\/td>\n<td width=\"373\">Bia\u0142y papier kartonowy, papier powlekany, papier artystyczny, papier siarczanowy, ko\u015b\u0107 s\u0142oniowa, tektura dwustronna, papier specjalny itp.<\/td>\n<\/tr>\n<tr>\n<td width=\"373\">Wyko\u0144czenie powierzchni<\/td>\n<td width=\"373\">Laminowanie matowe\/b\u0142yszcz\u0105ce, punktowe UVDebossing, t\u0142oczenie, t\u0142oczenie foli\u0105 itp.<\/td>\n<\/tr>\n<tr>\n<td width=\"373\">Wykorzystanie w przemy\u015ble<\/td>\n<td width=\"373\">kosmetyki, perfumy, odzie\u017c, bi\u017cuteria, tyto\u0144, \u017cywno\u015b\u0107, towary codziennego u\u017cytku,<\/td>\n<\/tr>\n<tr>\n<td width=\"373\">Kontrola jako\u015bci<\/td>\n<td width=\"373\">Zaawansowany sprz\u0119t i do\u015bwiadczony zesp\u00f3\u0142 kontroli jako\u015bci dok\u0142adnie sprawdz\u0105 materia\u0142y, p\u00f3\u0142produkty i gotowe produkty na ka\u017cdym etapie przed ich u\u017cyciem.<\/td>\n<\/tr>\n<tr>\n<td width=\"373\">Cena<\/td>\n<td width=\"373\">Ostateczna cena b\u0119dzie dostosowana do produktu i wymaganej ilo\u015bci<\/td>\n<\/tr>\n<tr>\n<td width=\"373\">Czas zwrotu<\/td>\n<td width=\"373\">7-14 dni roboczych, po\u015bpiech<\/td>\n<\/tr>\n<tr>\n<td width=\"373\">Papier<\/td>\n<td width=\"373\">10pt do 28pt (60lb do 400lb) ekologiczny Kraft, tektura falista e-flute, tektura bux, karton<\/td>\n<\/tr>\n<tr>\n<td width=\"373\">Format grafiki<\/td>\n<td width=\"373\">JPG, PDF, AI, CDR, EPS, GIF....<\/td>\n<\/tr>\n<tr>\n<td width=\"373\">Akcesoria<\/td>\n<td width=\"373\">Magnes, ta\u015bma, forma EVA, plastikowa taca, g\u0105bka, okienko PVC\/PET\/PP,...<\/td>\n<\/tr>\n<tr>\n<td width=\"373\">Termin p\u0142atno\u015bci<\/td>\n<td width=\"373\">T \/ T, Western Union, Paypal, depozyt 30% i saldo 70% przed wysy\u0142k\u0105.<\/td>\n<\/tr>\n<\/tbody>\n<\/table>\n<\/div>\n<\/div>\n<\/div>\n<\/div>\n<\/div>\n<\/div>\n<\/div>\n<\/div>\n<\/div>\n<\/div>\n<div class=\"widget block block-static-block\">\n<div class=\"landing-page-section option-bottom\">\n<div class=\"custom-materials-tabs-content container container-adjustment\">\n<div class=\"custom-materials-tab-content active\">\n<div class=\"widget block block-static-block\">\n<div class=\"options-items\">\n<div class=\"flex-grid-row-option\">\n<div class=\"flex-grid-item-option\">\n<div class=\"material-box\">\n<p>&nbsp;<\/p>\n<\/div>\n<\/div>\n<\/div>\n<\/div>\n<p><!---end of option item--><\/p>\n<\/div>\n<\/div>\n<\/div>\n<\/div>\n<\/div>","protected":false},"excerpt":{"rendered":"<p>1. Sk\u0142adany karton mo\u017cna sp\u0142aszczy\u0107 do przechowywania, zmniejszaj\u0105c przestrze\u0144 magazynow\u0105; wysoka wydajno\u015b\u0107 uk\u0142adania w stosy podczas transportu, zmniejszaj\u0105c koszty logistyczne<br \/>\n2. bia\u0142y materia\u0142 kartonowy, g\u0142adka i delikatna powierzchnia, druk przyjazny dla \u015brodowiska<br \/>\n3. R\u00f3\u017cne rozmiary mo\u017cna dostosowa\u0107 do swoich produkt\u00f3w, odpowiednie dla r\u00f3\u017cnych opakowa\u0144 oleju z konopi indyjskich<\/p>","protected":false},"featured_media":2480,"template":"","meta":[],"product_brand":[],"product_cat":[30,420,430,31],"product_tag":[774,772,773],"class_list":{"0":"post-2476","1":"product","2":"type-product","3":"status-publish","4":"has-post-thumbnail","6":"product_cat-by-industry","7":"product_cat-custom-cannabis-boxes","8":"product_cat-folding-cartons","9":"product_cat-paper-box-style","10":"product_tag-custom-hemp-oil-boxes-manufacturer","11":"product_tag-custom-hemp-packaging","12":"product_tag-hemp-oil-boxes","14":"first","15":"instock","16":"shipping-taxable","17":"product-type-grouped"},"_links":{"self":[{"href":"https:\/\/zojopackaging.com\/pl\/wp-json\/wp\/v2\/product\/2476","targetHints":{"allow":["GET"]}}],"collection":[{"href":"https:\/\/zojopackaging.com\/pl\/wp-json\/wp\/v2\/product"}],"about":[{"href":"https:\/\/zojopackaging.com\/pl\/wp-json\/wp\/v2\/types\/product"}],"version-history":[{"count":2,"href":"https:\/\/zojopackaging.com\/pl\/wp-json\/wp\/v2\/product\/2476\/revisions"}],"predecessor-version":[{"id":8450,"href":"https:\/\/zojopackaging.com\/pl\/wp-json\/wp\/v2\/product\/2476\/revisions\/8450"}],"wp:featuredmedia":[{"embeddable":true,"href":"https:\/\/zojopackaging.com\/pl\/wp-json\/wp\/v2\/media\/2480"}],"wp:attachment":[{"href":"https:\/\/zojopackaging.com\/pl\/wp-json\/wp\/v2\/media?parent=2476"}],"wp:term":[{"taxonomy":"product_brand","embeddable":true,"href":"https:\/\/zojopackaging.com\/pl\/wp-json\/wp\/v2\/product_brand?post=2476"},{"taxonomy":"product_cat","embeddable":true,"href":"https:\/\/zojopackaging.com\/pl\/wp-json\/wp\/v2\/product_cat?post=2476"},{"taxonomy":"product_tag","embeddable":true,"href":"https:\/\/zojopackaging.com\/pl\/wp-json\/wp\/v2\/product_tag?post=2476"}],"curies":[{"name":"wp","href":"https:\/\/api.w.org\/{rel}","templated":true}]}}