{"id":2526,"date":"2024-03-12T11:46:02","date_gmt":"2024-03-12T03:46:02","guid":{"rendered":"https:\/\/zojopackaging.com\/?post_type=product&#038;p=2526"},"modified":"2025-03-27T21:23:20","modified_gmt":"2025-03-27T13:23:20","slug":"customized-e-cigarette-box","status":"publish","type":"product","link":"https:\/\/zojopackaging.com\/pl\/product\/customized-e-cigarette-box\/","title":{"rendered":"Niestandardowe jednorazowe opakowania Dank Vape Pen hurtowo"},"content":{"rendered":"<h1>Niestandardowe jednorazowe opakowania Dank Vape Pen hurtowo<\/h1>\n<p><strong>Unikalny design<\/strong><br \/>\nNasze spersonalizowane pude\u0142ko na e-papierosy ma elegancki i nowoczesny wygl\u0105d, kt\u00f3ry przyci\u0105ga wzrok. G\u0142adki mechanizm klapki dodaje odrobin\u0119 wyrafinowania, u\u0142atwiaj\u0105c dost\u0119p do e-papierosa w dobrym stylu. Konfigurowalne opcje pozwalaj\u0105 spersonalizowa\u0107 pude\u0142ko za pomoc\u0105 logo marki, kolor\u00f3w i wzor\u00f3w, dzi\u0119ki czemu wyr\u00f3\u017cnia si\u0119 ono na p\u00f3\u0142ce.<br \/>\n<strong>Materia\u0142y premium<\/strong><br \/>\nU\u017cywamy wy\u0142\u0105cznie materia\u0142\u00f3w najwy\u017cszej jako\u015bci, aby zapewni\u0107 trwa\u0142o\u015b\u0107 i ochron\u0119. Pude\u0142ko jest wykonane z wytrzyma\u0142ego kartonu lub plastiku, kt\u00f3ry chroni e-papierosa przed uszkodzeniem podczas transportu i przechowywania. Wewn\u0119trzna wy\u015bci\u00f3\u0142ka zosta\u0142a starannie zaprojektowana, aby bezpiecznie utrzyma\u0107 urz\u0105dzenie w miejscu, zapobiegaj\u0105c wszelkim ruchom lub zadrapaniom.<br \/>\n<strong>Wygodny i kompaktowy<\/strong><br \/>\nKompaktowy rozmiar Customized E-Cigarette Flip Box sprawia, \u017ce jest on bardzo przeno\u015bny. Mo\u017cna go \u0142atwo wsun\u0105\u0107 do kieszeni lub torby, zabieraj\u0105c ze sob\u0105 niezb\u0119dne akcesoria do waporyzacji, gdziekolwiek jeste\u015b. Odwracana konstrukcja zapewnia r\u00f3wnie\u017c szybki i bezproblemowy dost\u0119p do e-papierosa, umo\u017cliwiaj\u0105c p\u0142ynne waporyzowanie w podr\u00f3\u017cy.<br \/>\n<strong>Promocja marki<\/strong><br \/>\nTo pude\u0142ko z klapk\u0105 jest nie tylko rozwi\u0105zaniem opakowaniowym, ale tak\u017ce pot\u0119\u017cnym narz\u0119dziem marketingowym. Dostosuj je do to\u017csamo\u015bci swojej marki, aby zwi\u0119kszy\u0107 jej widoczno\u015b\u0107 i rozpoznawalno\u015b\u0107. Unikalny design i spersonalizowany wygl\u0105d pozostawi\u0105 trwa\u0142e wra\u017cenie na klientach, pomagaj\u0105c w budowaniu lojalnej bazy klient\u00f3w.<br \/>\n<strong>Wszechstronne opcje<\/strong><br \/>\nNiezale\u017cnie od tego, czy jeste\u015b ma\u0142ym startupem, czy uznan\u0105 mark\u0105, oferujemy szeroki zakres opcji dostosowywania, aby spe\u0142ni\u0107 Twoje specyficzne potrzeby. Wybieraj spo\u015br\u00f3d r\u00f3\u017cnych rozmiar\u00f3w, kszta\u0142t\u00f3w i wyko\u0144cze\u0144, aby stworzy\u0107 pude\u0142ko typu flip box, kt\u00f3re idealnie reprezentuje Tw\u00f3j produkt e-papierosowy.<\/p>\n<p>Ulepsz swoje opakowanie na e-papierosy dzi\u0119ki spersonalizowanemu pude\u0142ku na e-papierosy Flip Box i zr\u00f3b odwa\u017cne o\u015bwiadczenie na rynku. Skontaktuj si\u0119 z nami ju\u017c dzi\u015b, aby rozpocz\u0105\u0107 tworzenie unikalnego rozwi\u0105zania opakowaniowego!<\/p>\n<h1><strong>Specyfikacja<\/strong><\/h1>\n<div class=\"widget block block-static-block\">\n<div class=\"landing-page-section option-bottom\">\n<div class=\"custom-materials-tabs-content container container-adjustment\">\n<div class=\"custom-materials-tab-content active\">\n<div class=\"widget block block-static-block\">\n<div class=\"options-items\">\n<div class=\"flex-grid-row-option\">\n<div class=\"flex-grid-item-option\">\n<div class=\"material-box\">\n<div class=\"material-des\">\n<table class=\"table table-striped\" width=\"1140\">\n<tbody>\n<tr class=\"firstRow\">\n<td>Wymiary<\/td>\n<td>Wszystkie niestandardowe rozmiary i kszta\u0142ty<\/td>\n<\/tr>\n<tr>\n<td>Drukowanie<\/td>\n<td>CMYK, PMS, bez nadruku<\/td>\n<\/tr>\n<tr>\n<td>Papier zapasowy<\/td>\n<td>10pt do 28pt (60lb do 400lb) Ekologiczny Kraft, tektura falista E-flute, tektura Bux, karton<\/td>\n<\/tr>\n<tr>\n<td>Ilo\u015bci<\/td>\n<td>500 - 500,000<\/td>\n<\/tr>\n<tr>\n<td>Pow\u0142oka<\/td>\n<td>B\u0142yszcz\u0105cy, matowy, punktowy UV<\/td>\n<\/tr>\n<tr>\n<td>Proces domy\u015blny<\/td>\n<td>Sztancowanie, klejenie, nacinanie, perforacja<\/td>\n<\/tr>\n<tr>\n<td>Opcje<\/td>\n<td>Niestandardowe wyci\u0119cie okna, foliowanie z\u0142ote\/srebrne, wyt\u0142aczanie, wypuk\u0142y atrament, arkusz PVC.<\/td>\n<\/tr>\n<tr>\n<td>Dow\u00f3d<\/td>\n<td>Widok p\u0142aski, makieta 3D, pr\u00f3bkowanie fizyczne (na \u017c\u0105danie)<\/td>\n<\/tr>\n<tr>\n<td>Czas realizacji<\/td>\n<td>7-14 dni roboczych, po\u015bpiech<\/td>\n<\/tr>\n<tr>\n<td>MOQ<\/td>\n<td>500<\/td>\n<\/tr>\n<\/tbody>\n<\/table>\n<\/div>\n<p>&nbsp;<\/p>\n<\/div>\n<\/div>\n<\/div>\n<\/div>\n<p><!---end of option item--><\/p>\n<\/div>\n<\/div>\n<\/div>\n<\/div>\n<\/div>","protected":false},"excerpt":{"rendered":"<p>1. Konstrukcja zabezpieczona przed dzie\u0107mi, aby zapobiec przypadkowemu po\u0142kni\u0119ciu przez dzieci, ale doro\u015bli mog\u0105 j\u0105 \u0142atwo otworzy\u0107<br \/>\n2. R\u00f3\u017cne rozmiary mo\u017cna dostosowa\u0107 do swoich produkt\u00f3w, odpowiednie do pakowania r\u00f3\u017cnych rodzaj\u00f3w vape z konopi indyjskich<br \/>\n3. Fabryka dostosowywania opakowa\u0144 konopi indyjskich, bezp\u0142atne pr\u00f3bki, mo\u017ce zapewni\u0107 najni\u017csz\u0105 cen\u0119 i najszybszy czas dostawy<\/p>","protected":false},"featured_media":6464,"template":"","meta":[],"product_brand":[],"product_cat":[30,431,420,31],"product_tag":[719,717,718],"class_list":{"0":"post-2526","1":"product","2":"type-product","3":"status-publish","4":"has-post-thumbnail","6":"product_cat-by-industry","7":"product_cat-child-resistant-packaging","8":"product_cat-custom-cannabis-boxes","9":"product_cat-paper-box-style","10":"product_tag-dank-vape-packaging-boxes","11":"product_tag-disposable-vape-packaging","12":"product_tag-vape-pen-packaging","14":"first","15":"instock","16":"shipping-taxable","17":"product-type-grouped"},"_links":{"self":[{"href":"https:\/\/zojopackaging.com\/pl\/wp-json\/wp\/v2\/product\/2526","targetHints":{"allow":["GET"]}}],"collection":[{"href":"https:\/\/zojopackaging.com\/pl\/wp-json\/wp\/v2\/product"}],"about":[{"href":"https:\/\/zojopackaging.com\/pl\/wp-json\/wp\/v2\/types\/product"}],"version-history":[{"count":2,"href":"https:\/\/zojopackaging.com\/pl\/wp-json\/wp\/v2\/product\/2526\/revisions"}],"predecessor-version":[{"id":8425,"href":"https:\/\/zojopackaging.com\/pl\/wp-json\/wp\/v2\/product\/2526\/revisions\/8425"}],"wp:featuredmedia":[{"embeddable":true,"href":"https:\/\/zojopackaging.com\/pl\/wp-json\/wp\/v2\/media\/6464"}],"wp:attachment":[{"href":"https:\/\/zojopackaging.com\/pl\/wp-json\/wp\/v2\/media?parent=2526"}],"wp:term":[{"taxonomy":"product_brand","embeddable":true,"href":"https:\/\/zojopackaging.com\/pl\/wp-json\/wp\/v2\/product_brand?post=2526"},{"taxonomy":"product_cat","embeddable":true,"href":"https:\/\/zojopackaging.com\/pl\/wp-json\/wp\/v2\/product_cat?post=2526"},{"taxonomy":"product_tag","embeddable":true,"href":"https:\/\/zojopackaging.com\/pl\/wp-json\/wp\/v2\/product_tag?post=2526"}],"curies":[{"name":"wp","href":"https:\/\/api.w.org\/{rel}","templated":true}]}}