{"id":2539,"date":"2024-03-12T11:50:20","date_gmt":"2024-03-12T03:50:20","guid":{"rendered":"https:\/\/zojopackaging.com\/?post_type=product&#038;p=2539"},"modified":"2025-03-28T14:15:29","modified_gmt":"2025-03-28T06:15:29","slug":"custom-e-cigarette-drawer-packaging-boxes","status":"publish","type":"product","link":"https:\/\/zojopackaging.com\/pl\/product\/custom-e-cigarette-drawer-packaging-boxes\/","title":{"rendered":"Najwy\u017cszej jako\u015bci niestandardowe opakowania Vape z zabezpieczeniem przed dzie\u0107mi hurtowo"},"content":{"rendered":"<h1>Najwy\u017cszej jako\u015bci niestandardowe opakowania Vape z zabezpieczeniem przed dzie\u0107mi hurtowo<\/h1>\n<p>Wysokiej jako\u015bci niestandardowe opakowania vape zabezpieczone przed dzie\u0107mi - wyrafinowane i funkcjonalne rozwi\u0105zanie do pakowania produkt\u00f3w e-papierosowych.<\/p>\n<p>Wn\u0119trze papierowego pude\u0142ka z szuflad\u0105 jest starannie wykonane, aby zapewni\u0107 dok\u0142adne dopasowanie do karku i akcesori\u00f3w. Zapewnia doskona\u0142\u0105 ochron\u0119, zabezpieczaj\u0105c produkty przed uszkodzeniem podczas przechowywania i transportu.<\/p>\n<p>Nasze niestandardowe pude\u0142ka papierowe do szuflad vape s\u0105 wykonane z wysokiej jako\u015bci materia\u0142\u00f3w, gwarantuj\u0105c trwa\u0142o\u015b\u0107 i luksusowy wygl\u0105d. Nie s\u0105 one tylko opakowaniem; s\u0105 one przed\u0142u\u017ceniem jako\u015bci i zaanga\u017cowania Twojej marki.<\/p>\n<p>Niezale\u017cnie od tego, czy wprowadzasz na rynek now\u0105 lini\u0119 produkt\u00f3w vape, czy te\u017c chcesz ulepszy\u0107 istniej\u0105ce opakowanie, nasze niestandardowe pude\u0142ka szufladowe s\u0105 idealnym wyborem. Wyr\u00f3\u017cnij si\u0119 na rynku i zapewnij swoim klientom niezapomniane wra\u017cenia podczas rozpakowywania.<\/p>\n<p>Wybierz niestandardowe pude\u0142ka papierowe do szuflad vape i wynie\u015b swoj\u0105 mark\u0119 na nowy poziom.<\/p>\n<h1><strong>Specyfikacja<\/strong><\/h1>\n<table style=\"height: 456px;\" width=\"1153\">\n<tbody>\n<tr>\n<td width=\"373\">Wymiary<\/td>\n<td width=\"373\">Wszystkie niestandardowe rozmiary i kszta\u0142ty<\/td>\n<\/tr>\n<tr>\n<td width=\"373\">Drukowanie<\/td>\n<td width=\"373\">CMYK, PMS, bez nadruku<\/td>\n<\/tr>\n<tr>\n<td width=\"373\">Papier zapasowy<\/td>\n<td width=\"373\">10pt do 28pt (60lb do 400lb) Ekologiczny Kraft, tektura falista E-flute, tektura Bux, karton<\/td>\n<\/tr>\n<tr>\n<td width=\"373\">Ilo\u015bci<\/td>\n<td width=\"373\">500- 500,000<\/td>\n<\/tr>\n<tr>\n<td width=\"373\">Pow\u0142oka<\/td>\n<td width=\"373\">B\u0142yszcz\u0105cy, matowy, punktowy UV<\/td>\n<\/tr>\n<tr>\n<td width=\"373\">Proces domy\u015blny<\/td>\n<td width=\"373\">Sztancowanie, klejenie, nacinanie, perforacja<\/td>\n<\/tr>\n<tr>\n<td width=\"373\">Opcje<\/td>\n<td width=\"373\">Niestandardowe wyci\u0119cie okna, foliowanie z\u0142ote\/srebrne, wyt\u0142aczanie, wypuk\u0142y atrament, arkusz PVC.<\/td>\n<\/tr>\n<tr>\n<td width=\"373\">Dow\u00f3d<\/td>\n<td width=\"373\">Widok p\u0142aski, makieta 3D, pr\u00f3bkowanie fizyczne (na \u017c\u0105danie)<\/td>\n<\/tr>\n<tr>\n<td width=\"373\">Czas realizacji<\/td>\n<td width=\"373\">7-14 dni roboczych, po\u015bpiech<\/td>\n<\/tr>\n<tr>\n<td width=\"373\">MOQ<\/td>\n<td width=\"373\">500<\/td>\n<\/tr>\n<tr>\n<td width=\"373\">Czas pr\u00f3by<\/td>\n<td width=\"373\">\u00a05 dni<\/td>\n<\/tr>\n<tr>\n<td width=\"373\">Termin p\u0142atno\u015bci<\/td>\n<td width=\"373\">T \/ T, Western Union, Paypal, depozyt 30% i saldo 70% przed wysy\u0142k\u0105.<\/td>\n<\/tr>\n<\/tbody>\n<\/table>\n<div class=\"widget block block-static-block\">\n<div class=\"landing-page-section option-bottom\">\n<div class=\"custom-materials-tabs-content container container-adjustment\">\n<div class=\"custom-materials-tab-content active\">\n<div class=\"widget block block-static-block\">\n<div class=\"options-items\">\n<div class=\"flex-grid-row-option\">\n<div class=\"flex-grid-item-option\">\n<div class=\"material-box\">\n<div class=\"material-des\">\n<p>&nbsp;<\/p>\n<\/div>\n<p>&nbsp;<\/p>\n<\/div>\n<\/div>\n<\/div>\n<\/div>\n<p><!---end of option item--><\/p>\n<\/div>\n<\/div>\n<\/div>\n<\/div>\n<\/div>","protected":false},"excerpt":{"rendered":"<p>1. Konstrukcja zabezpieczona przed dzie\u0107mi, aby zapobiec przypadkowemu po\u0142kni\u0119ciu przez dzieci, ale doro\u015bli mog\u0105 j\u0105 \u0142atwo otworzy\u0107<br \/>\n2. Konstrukcja okna umo\u017cliwia klientom bardziej intuicyjne ogl\u0105danie produkt\u00f3w vape, co mo\u017ce obni\u017cy\u0107 koszty komunikacji.<br \/>\n3. R\u00f3\u017cne rozmiary mo\u017cna dostosowa\u0107 do swoich produkt\u00f3w, odpowiednie do wszystkich rodzaj\u00f3w opakowa\u0144 vape z konopi indyjskich<\/p>","protected":false},"featured_media":6384,"template":"","meta":[],"product_brand":[],"product_cat":[30,431,420,31],"product_tag":[792,793,595],"class_list":{"0":"post-2539","1":"product","2":"type-product","3":"status-publish","4":"has-post-thumbnail","6":"product_cat-by-industry","7":"product_cat-child-resistant-packaging","8":"product_cat-custom-cannabis-boxes","9":"product_cat-paper-box-style","10":"product_tag-child-proof-vape-packaging","11":"product_tag-premium-vape-packaging","12":"product_tag-vape-packaging-wholesale","14":"first","15":"instock","16":"shipping-taxable","17":"product-type-grouped"},"_links":{"self":[{"href":"https:\/\/zojopackaging.com\/pl\/wp-json\/wp\/v2\/product\/2539","targetHints":{"allow":["GET"]}}],"collection":[{"href":"https:\/\/zojopackaging.com\/pl\/wp-json\/wp\/v2\/product"}],"about":[{"href":"https:\/\/zojopackaging.com\/pl\/wp-json\/wp\/v2\/types\/product"}],"version-history":[{"count":2,"href":"https:\/\/zojopackaging.com\/pl\/wp-json\/wp\/v2\/product\/2539\/revisions"}],"predecessor-version":[{"id":8458,"href":"https:\/\/zojopackaging.com\/pl\/wp-json\/wp\/v2\/product\/2539\/revisions\/8458"}],"wp:featuredmedia":[{"embeddable":true,"href":"https:\/\/zojopackaging.com\/pl\/wp-json\/wp\/v2\/media\/6384"}],"wp:attachment":[{"href":"https:\/\/zojopackaging.com\/pl\/wp-json\/wp\/v2\/media?parent=2539"}],"wp:term":[{"taxonomy":"product_brand","embeddable":true,"href":"https:\/\/zojopackaging.com\/pl\/wp-json\/wp\/v2\/product_brand?post=2539"},{"taxonomy":"product_cat","embeddable":true,"href":"https:\/\/zojopackaging.com\/pl\/wp-json\/wp\/v2\/product_cat?post=2539"},{"taxonomy":"product_tag","embeddable":true,"href":"https:\/\/zojopackaging.com\/pl\/wp-json\/wp\/v2\/product_tag?post=2539"}],"curies":[{"name":"wp","href":"https:\/\/api.w.org\/{rel}","templated":true}]}}