{"id":2571,"date":"2024-03-12T13:47:23","date_gmt":"2024-03-12T05:47:23","guid":{"rendered":"https:\/\/zojopackaging.com\/?post_type=product&#038;p=2571"},"modified":"2025-03-24T18:34:31","modified_gmt":"2025-03-24T10:34:31","slug":"custom-pre-roll-packaging","status":"publish","type":"product","link":"https:\/\/zojopackaging.com\/pl\/product\/custom-pre-roll-packaging\/","title":{"rendered":"Niestandardowe z\u0142\u0105cza wst\u0119pnie zwijane z konopi indyjskich Pude\u0142ka do pakowania Materia\u0142y eksploatacyjne"},"content":{"rendered":"<h1>Niestandardowe z\u0142\u0105cza do opakowa\u0144 z konopi indyjskich Pude\u0142ka do opakowa\u0144 Dostawy Niestandardowe opakowania do opakowa\u0144 z konopi indyjskich<\/h1>\n<p><a href=\"https:\/\/zojopackaging.com\/pl\/kategoria-produktu\/cannabis-boxes\/\">Niestandardowe opakowania typu Pre Roll<\/a> to specyficzna metoda pakowania wst\u0119pnie zwini\u0119tych <a href=\"https:\/\/zojoprint.en.alibaba.com\/productgrouplist-941131925\/Child_Resistant_Packaging_Box.html\" target=\"_blank\" rel=\"noopener\">produkty z konopi indyjskich<\/a>Wraz z legalizacj\u0105 i komercjalizacj\u0105 konopi indyjskich, bran\u017ca ta do\u015bwiadcza szybkich zmian i innowacji.<a href=\"https:\/\/zojopackaging.com\/pl\/kategoria-produktu\/cannabis-boxes\/\">opakowania z rolki wst\u0119pnej<\/a> maj\u0105 wiele niestandardowych opcji, w tym r\u00f3\u017cnorodne kszta\u0142ty, wzory, rozmiary, kolory, zabezpieczenia przed dzie\u0107mi i wykrojniki itp., Opcje te pozwalaj\u0105 im nie tylko chroni\u0107 produkty, ale tak\u017ce poprawia\u0107 wizerunek marki i przyci\u0105ga\u0107 uwag\u0119 konsument\u00f3w.<\/p>\n<h3><a href=\"https:\/\/zojopackaging.com\/pl\/kategoria-produktu\/cannabis-boxes\/\">Niestandardowe opakowania typu Pre Roll<\/a> nad\u0105\u017ca za trendami rynkowymi<\/h3>\n<p>Bran\u017ca konopi indyjskich to dynamiczny rynek, kt\u00f3ry stale ewoluuje, a preferencje konsument\u00f3w i krajobrazy regulacyjne zmieniaj\u0105 si\u0119 w szybkim tempie, dlatego na zat\u0142oczonym rynku niezb\u0119dny jest unikalny projekt opakowania. opakowanie jest cz\u0119sto pierwsz\u0105 interakcj\u0105 konsumenta z produktem. Dobrze zaprojektowane opakowanie mo\u017ce poprawi\u0107 wra\u017cenia u\u017cytkownika, niestandardowe opakowanie pomaga markom marihuany ustanowi\u0107 unikaln\u0105 to\u017csamo\u015b\u0107 i budowa\u0107 lojalno\u015b\u0107 klient\u00f3w. zojopackaging.us Zapewniamy kompleksowe <a href=\"https:\/\/zojopackaging.com\/pl\/kategoria-produktu\/cannabis-boxes\/\">Niestandardowe opakowania typu pre-roll<\/a> Rozwi\u0105zania oparte na specyfikacjach produktu i potrzebach rynku, pozwalaj\u0105ce marce na uzyskanie unikalnej pozycji rynkowej przy jednoczesnym zapewnieniu jako\u015bci i bezpiecze\u0144stwa produktu, maj\u0105ce na celu pom\u00f3c marce wyr\u00f3\u017cni\u0107 si\u0119 na wysoce konkurencyjnym rynku.<\/p>\n<h3>Niestandardowe opakowania i nadruki Pre Roll Box<\/h3>\n<p>Dostarczamy najwy\u017cszej jako\u015bci rozwi\u0105zania w zakresie pakowania i drukowania produkt\u00f3w wst\u0119pnie walcowanych. Posiadamy profesjonalny zesp\u00f3\u0142, kt\u00f3ry regularnie przeprowadza badania rynku w celu analizy zmian w zachowaniach i preferencjach konsument\u00f3w oraz posiada dog\u0142\u0119bne zrozumienie i wgl\u0105d w czasie rzeczywistym w popularne trendy w bran\u017cy druku opakowa\u0144. Zapewniamy, \u017ce nasi klienci mog\u0105 korzysta\u0107 z najnowszych projekt\u00f3w i technologii w celu ulepszenia opakowa\u0144 swoich produkt\u00f3w. Korzystamy z najnowszych technologii drukowania, aby zapewni\u0107, \u017ce jako\u015b\u0107 druku opakowa\u0144 jest na najwy\u017cszym poziomie, takich jak pude\u0142ka z rolkami wst\u0119pnymi Projekt opakowania mo\u017cna dostosowa\u0107 do w\u0142asnych potrzeb, w tym kolor, wz\u00f3r, logo marki i etykiet\u0119 informacyjn\u0105. Mo\u017ce to pom\u00f3c Twojej marce wyr\u00f3\u017cni\u0107 si\u0119 na rynku.<\/p>\n<p>&nbsp;<\/p>\n<p><strong>Specyfikacja<\/strong><\/p>\n<table style=\"height: 456px;\" width=\"1153\">\n<tbody>\n<tr>\n<td width=\"373\">Wymiary<\/td>\n<td width=\"373\">Wszystkie niestandardowe rozmiary i kszta\u0142ty<\/td>\n<\/tr>\n<tr>\n<td width=\"373\">Drukowanie<\/td>\n<td width=\"373\">CMYK, PMS, bez nadruku<\/td>\n<\/tr>\n<tr>\n<td width=\"373\">Papier zapasowy<\/td>\n<td width=\"373\">10pt do 28pt (60lb do 400lb) Ekologiczny Kraft, tektura falista E-flute, tektura Bux, karton<\/td>\n<\/tr>\n<tr>\n<td width=\"373\">Ilo\u015bci<\/td>\n<td width=\"373\">500- 500,000<\/td>\n<\/tr>\n<tr>\n<td width=\"373\">Pow\u0142oka<\/td>\n<td width=\"373\">B\u0142yszcz\u0105cy, matowy, punktowy UV<\/td>\n<\/tr>\n<tr>\n<td width=\"373\">Proces domy\u015blny<\/td>\n<td width=\"373\">Sztancowanie, klejenie, nacinanie, perforacja<\/td>\n<\/tr>\n<tr>\n<td width=\"373\">Opcje<\/td>\n<td width=\"373\">Niestandardowe wyci\u0119cie okna, foliowanie z\u0142ote\/srebrne, wyt\u0142aczanie, wypuk\u0142y atrament, arkusz PVC.<\/td>\n<\/tr>\n<tr>\n<td width=\"373\">Dow\u00f3d<\/td>\n<td width=\"373\">Widok p\u0142aski, makieta 3D, pr\u00f3bkowanie fizyczne (na \u017c\u0105danie)<\/td>\n<\/tr>\n<tr>\n<td width=\"373\">Czas realizacji<\/td>\n<td width=\"373\">7-14 dni roboczych, po\u015bpiech<\/td>\n<\/tr>\n<tr>\n<td width=\"373\">MOQ<\/td>\n<td width=\"373\">500<\/td>\n<\/tr>\n<tr>\n<td width=\"373\">Czas pr\u00f3by<\/td>\n<td width=\"373\">\u00a05 dni<\/td>\n<\/tr>\n<tr>\n<td width=\"373\">Termin p\u0142atno\u015bci<\/td>\n<td width=\"373\">T \/ T, Western Union, Paypal, depozyt 30% i saldo 70% przed wysy\u0142k\u0105.<\/td>\n<\/tr>\n<\/tbody>\n<\/table>\n<div class=\"widget block block-static-block\">\n<div class=\"landing-page-section option-bottom\">\n<div class=\"custom-materials-tabs-content container container-adjustment\">\n<div class=\"custom-materials-tab-content active\">\n<div class=\"widget block block-static-block\">\n<div class=\"options-items\">\n<div class=\"flex-grid-row-option\">\n<div class=\"flex-grid-item-option\">\n<div class=\"material-box\">\n<div class=\"material-des\">\n<p>&nbsp;<\/p>\n<\/div>\n<p>&nbsp;<\/p>\n<\/div>\n<\/div>\n<\/div>\n<\/div>\n<p><!---end of option item--><\/p>\n<\/div>\n<\/div>\n<\/div>\n<\/div>\n<\/div>","protected":false},"excerpt":{"rendered":"<ul>\n<li>MOQ: 500 sztuk<\/li>\n<li>Czas dostawy: 7-14 dni roboczych, po\u015bpiech<\/li>\n<li>Wymiary na zam\u00f3wienie (\u015brednica x wysoko\u015b\u0107)<\/li>\n<li>Drukowanie na zam\u00f3wienie<\/li>\n<li>Przyjazny dla \u015brodowiska, nadaj\u0105cy si\u0119 do recyklingu i niezawieraj\u0105cy plastiku<\/li>\n<li>Cena \uff1a Ostateczna cena zostanie dostosowana do produktu i wymaganej ilo\u015bci<\/li>\n<\/ul>","protected":false},"featured_media":6462,"template":"","meta":[],"product_brand":[],"product_cat":[30,431,420,31,426],"product_tag":[584,585,586],"class_list":{"0":"post-2571","1":"product","2":"type-product","3":"status-publish","4":"has-post-thumbnail","6":"product_cat-by-industry","7":"product_cat-child-resistant-packaging","8":"product_cat-custom-cannabis-boxes","9":"product_cat-paper-box-style","10":"product_cat-paper-drawer-boxes","11":"product_tag-cannabis-pre-roll-packaging","12":"product_tag-pre-roll-boxes","13":"product_tag-pre-roll-packaging-supplies","15":"first","16":"instock","17":"shipping-taxable","18":"product-type-grouped"},"_links":{"self":[{"href":"https:\/\/zojopackaging.com\/pl\/wp-json\/wp\/v2\/product\/2571","targetHints":{"allow":["GET"]}}],"collection":[{"href":"https:\/\/zojopackaging.com\/pl\/wp-json\/wp\/v2\/product"}],"about":[{"href":"https:\/\/zojopackaging.com\/pl\/wp-json\/wp\/v2\/types\/product"}],"version-history":[{"count":2,"href":"https:\/\/zojopackaging.com\/pl\/wp-json\/wp\/v2\/product\/2571\/revisions"}],"predecessor-version":[{"id":8115,"href":"https:\/\/zojopackaging.com\/pl\/wp-json\/wp\/v2\/product\/2571\/revisions\/8115"}],"wp:featuredmedia":[{"embeddable":true,"href":"https:\/\/zojopackaging.com\/pl\/wp-json\/wp\/v2\/media\/6462"}],"wp:attachment":[{"href":"https:\/\/zojopackaging.com\/pl\/wp-json\/wp\/v2\/media?parent=2571"}],"wp:term":[{"taxonomy":"product_brand","embeddable":true,"href":"https:\/\/zojopackaging.com\/pl\/wp-json\/wp\/v2\/product_brand?post=2571"},{"taxonomy":"product_cat","embeddable":true,"href":"https:\/\/zojopackaging.com\/pl\/wp-json\/wp\/v2\/product_cat?post=2571"},{"taxonomy":"product_tag","embeddable":true,"href":"https:\/\/zojopackaging.com\/pl\/wp-json\/wp\/v2\/product_tag?post=2571"}],"curies":[{"name":"wp","href":"https:\/\/api.w.org\/{rel}","templated":true}]}}