{"id":2585,"date":"2024-03-12T13:59:15","date_gmt":"2024-03-12T05:59:15","guid":{"rendered":"https:\/\/zojopackaging.com\/?post_type=product&#038;p=2585"},"modified":"2025-03-28T14:40:18","modified_gmt":"2025-03-28T06:40:18","slug":"customized-e-cigarette-packaging-box","status":"publish","type":"product","link":"https:\/\/zojopackaging.com\/pl\/product\/customized-e-cigarette-packaging-box\/","title":{"rendered":"Pude\u0142ko na kartrid\u017ce Vape z nadrukiem zabezpieczaj\u0105cym przed dzie\u0107mi"},"content":{"rendered":"<h1>Pude\u0142ko na kartrid\u017ce Vape z nadrukiem zabezpieczaj\u0105cym przed dzie\u0107mi<\/h1>\n<div>Pude\u0142ka Vape wymagaj\u0105 opakowania, kt\u00f3re chroni delikatne przedmioty i mo\u017ce przyci\u0105gn\u0105\u0107 uwag\u0119 klient\u00f3w na pierwszy rzut oka.<\/div>\n<div>Sk\u0142adaj\u0105 si\u0119 one z atomizera, baterii, ustnika i e-liquidu. Ze wzgl\u0119du na rosn\u0105ce uzale\u017cnienie od smaku i bycie ikon\u0105 stylu w dzisiejszych czasach, ka\u017cda firma tytoniowa jest bardzo \u015bwiadoma swojej marki i swoich pude\u0142ek. Nie mo\u017cesz pozwoli\u0107 sobie na zignorowanie kolorowego i atrakcyjnego papierowego pude\u0142ka. Podnie\u015b swoje wra\u017cenia z wapowania dzi\u0119ki naszemu wysokiej jako\u015bci niestandardowemu opakowaniu vape. Wykonane z precyzj\u0105 i staranno\u015bci\u0105, nasze rozwi\u0105zanie opakowaniowe oferuje stylowy i funkcjonalny spos\u00f3b przechowywania i transportu e-papieros\u00f3w.<\/div>\n<div>\n<ul>\n<li>Dedykowany zesp\u00f3\u0142 wsparcia<\/li>\n<li>Darmowa wycena<\/li>\n<li>100% na zam\u00f3wienie<\/li>\n<li>Obejrzyj nasz film o produkcie<\/li>\n<li>100% Zadowolenie klienta<\/li>\n<li>Bezp\u0142atne pobieranie pr\u00f3bek<\/li>\n<li>Wytrzyma\u0142a konstrukcja z podw\u00f3jnym ko\u0144cem i podw\u00f3jnym dnem<\/li>\n<li>Do wszelkich prac kreatywnych i dekoracyjnych<\/li>\n<\/ul>\n<\/div>\n<div class=\"widget block block-static-block\">\n<div class=\"landing-page-section option-bottom\">\n<div class=\"custom-materials-tabs-content container container-adjustment\">\n<div class=\"custom-materials-tab-content active\">\n<div class=\"widget block block-static-block\">\n<div class=\"options-items\">\n<div class=\"flex-grid-row-option\">\n<div class=\"flex-grid-item-option\">\n<div class=\"material-box\">\n<div class=\"material-des\">\n<h1><strong>Specyfikacja<\/strong><\/h1>\n<table style=\"height: 456px;\" width=\"1153\">\n<tbody>\n<tr>\n<td width=\"373\">Wymiary<\/td>\n<td width=\"373\">Wszystkie niestandardowe rozmiary i kszta\u0142ty<\/td>\n<\/tr>\n<tr>\n<td width=\"373\">Drukowanie<\/td>\n<td width=\"373\">CMYK, PMS, bez nadruku<\/td>\n<\/tr>\n<tr>\n<td width=\"373\">Papier zapasowy<\/td>\n<td width=\"373\">10pt do 28pt (60lb do 400lb) Ekologiczny Kraft, tektura falista E-flute, tektura Bux, karton<\/td>\n<\/tr>\n<tr>\n<td width=\"373\">Ilo\u015bci<\/td>\n<td width=\"373\">500- 500,000<\/td>\n<\/tr>\n<tr>\n<td width=\"373\">Pow\u0142oka<\/td>\n<td width=\"373\">B\u0142yszcz\u0105cy, matowy, punktowy UV<\/td>\n<\/tr>\n<tr>\n<td width=\"373\">Proces domy\u015blny<\/td>\n<td width=\"373\">Sztancowanie, klejenie, nacinanie, perforacja<\/td>\n<\/tr>\n<tr>\n<td width=\"373\">Opcje<\/td>\n<td width=\"373\">Niestandardowe wyci\u0119cie okna, foliowanie z\u0142ote\/srebrne, wyt\u0142aczanie, wypuk\u0142y atrament, arkusz PVC.<\/td>\n<\/tr>\n<tr>\n<td width=\"373\">Dow\u00f3d<\/td>\n<td width=\"373\">Widok p\u0142aski, makieta 3D, pr\u00f3bkowanie fizyczne (na \u017c\u0105danie)<\/td>\n<\/tr>\n<tr>\n<td width=\"373\">Czas realizacji<\/td>\n<td width=\"373\">7-14 dni roboczych, po\u015bpiech<\/td>\n<\/tr>\n<tr>\n<td width=\"373\">MOQ<\/td>\n<td width=\"373\">500<\/td>\n<\/tr>\n<tr>\n<td width=\"373\">Czas pr\u00f3by<\/td>\n<td width=\"373\">\u00a05 dni<\/td>\n<\/tr>\n<tr>\n<td width=\"373\">Termin p\u0142atno\u015bci<\/td>\n<td width=\"373\">T \/ T, Western Union, Paypal, depozyt 30% i saldo 70% przed wysy\u0142k\u0105.<\/td>\n<\/tr>\n<\/tbody>\n<\/table>\n<\/div>\n<p>&nbsp;<\/p>\n<\/div>\n<\/div>\n<\/div>\n<\/div>\n<p><!---end of option item--><\/p>\n<\/div>\n<\/div>\n<\/div>\n<\/div>\n<\/div>","protected":false},"excerpt":{"rendered":"<p>1. Punktowe wyko\u0144czenie UV mo\u017cna ca\u0142kowicie utwardzi\u0107 w ci\u0105gu kilku sekund, znacznie skracaj\u0105c czas suszenia, wspieraj\u0105c ci\u0105g\u0142e drukowanie i przetwarzanie ko\u0144cowe oraz znacznie poprawiaj\u0105c wydajno\u015b\u0107 produkcji<br \/>\n2. Konstrukcja zabezpieczona przed dzie\u0107mi, aby zapobiec przypadkowemu po\u0142kni\u0119ciu przez dzieci, ale doro\u015bli mog\u0105 j\u0105 \u0142atwo otworzy\u0107<br \/>\n3. R\u00f3\u017cne rozmiary mo\u017cna dostosowa\u0107 do produktu, odpowiednie do wszystkich rodzaj\u00f3w opakowa\u0144 e-papieros\u00f3w z konopi indyjskich<\/p>","protected":false},"featured_media":6118,"template":"","meta":[],"product_brand":[],"product_cat":[30,431,420,31],"product_tag":[803,594,802],"class_list":{"0":"post-2585","1":"product","2":"type-product","3":"status-publish","4":"has-post-thumbnail","6":"product_cat-by-industry","7":"product_cat-child-resistant-packaging","8":"product_cat-custom-cannabis-boxes","9":"product_cat-paper-box-style","10":"product_tag-child-resistant-cartridge-packaging","11":"product_tag-custom-vape-packaging","12":"product_tag-vape-cartridge-packaging-box","14":"first","15":"instock","16":"shipping-taxable","17":"product-type-grouped"},"_links":{"self":[{"href":"https:\/\/zojopackaging.com\/pl\/wp-json\/wp\/v2\/product\/2585","targetHints":{"allow":["GET"]}}],"collection":[{"href":"https:\/\/zojopackaging.com\/pl\/wp-json\/wp\/v2\/product"}],"about":[{"href":"https:\/\/zojopackaging.com\/pl\/wp-json\/wp\/v2\/types\/product"}],"version-history":[{"count":2,"href":"https:\/\/zojopackaging.com\/pl\/wp-json\/wp\/v2\/product\/2585\/revisions"}],"predecessor-version":[{"id":8462,"href":"https:\/\/zojopackaging.com\/pl\/wp-json\/wp\/v2\/product\/2585\/revisions\/8462"}],"wp:featuredmedia":[{"embeddable":true,"href":"https:\/\/zojopackaging.com\/pl\/wp-json\/wp\/v2\/media\/6118"}],"wp:attachment":[{"href":"https:\/\/zojopackaging.com\/pl\/wp-json\/wp\/v2\/media?parent=2585"}],"wp:term":[{"taxonomy":"product_brand","embeddable":true,"href":"https:\/\/zojopackaging.com\/pl\/wp-json\/wp\/v2\/product_brand?post=2585"},{"taxonomy":"product_cat","embeddable":true,"href":"https:\/\/zojopackaging.com\/pl\/wp-json\/wp\/v2\/product_cat?post=2585"},{"taxonomy":"product_tag","embeddable":true,"href":"https:\/\/zojopackaging.com\/pl\/wp-json\/wp\/v2\/product_tag?post=2585"}],"curies":[{"name":"wp","href":"https:\/\/api.w.org\/{rel}","templated":true}]}}