{"id":2612,"date":"2024-03-12T14:51:34","date_gmt":"2024-03-12T06:51:34","guid":{"rendered":"https:\/\/zojopackaging.com\/?post_type=product&#038;p=2612"},"modified":"2025-03-28T16:37:20","modified_gmt":"2025-03-28T08:37:20","slug":"pink-e-cigarette-packaging-card-box","status":"publish","type":"product","link":"https:\/\/zojopackaging.com\/pl\/product\/pink-e-cigarette-packaging-card-box\/","title":{"rendered":"Niestandardowy p\u0142ynny d\u0142ugopis Vape Marihuana Fabryka opakowa\u0144 jadalnych"},"content":{"rendered":"<h1>Niestandardowy p\u0142ynny d\u0142ugopis Vape Marihuana Fabryka opakowa\u0144 jadalnych<\/h1>\n<p>R\u00f3\u017cowe, niestandardowe, jadalne pude\u0142ko na d\u0142ugopisy z marihuan\u0105 to stylowe i funkcjonalne rozwi\u0105zanie do przechowywania i prezentowania elektronicznych papieros\u00f3w w atrakcyjny spos\u00f3b. To opakowanie zosta\u0142o zaprojektowane z kobiecym akcentem, w delikatnym r\u00f3\u017cowym kolorze, kt\u00f3ry przemawia do bardziej delikatnej i eleganckiej estetyki.<\/p>\n<p>Pude\u0142ko na karty wykonane jest z wysokiej jako\u015bci materia\u0142\u00f3w, zapewniaj\u0105c trwa\u0142o\u015b\u0107 i ochron\u0119 znajduj\u0105cych si\u0119 w nim papieros\u00f3w elektronicznych. Solidna konstrukcja pude\u0142ka pomaga zachowa\u0107 bezpiecze\u0144stwo zawarto\u015bci podczas przechowywania i transportu.<\/p>\n<p>Projekt opakowania kartonowego jest elegancki i nowoczesny, z czystym i minimalistycznym wygl\u0105dem, kt\u00f3ry uzupe\u0142nia og\u00f3lny urok elektronicznych papieros\u00f3w. R\u00f3\u017cowy kolor dodaje odrobin\u0119 wyrafinowania i uroku, dzi\u0119ki czemu wyr\u00f3\u017cnia si\u0119 na p\u00f3\u0142kach sklepowych lub jako prezent.<\/p>\n<p>Pude\u0142ko zosta\u0142o zaprojektowane tak, aby by\u0142o kompaktowe i lekkie, dzi\u0119ki czemu u\u017cytkownicy mog\u0105 wygodnie przenosi\u0107 i przechowywa\u0107 swoje elektroniczne papierosy. Pude\u0142ko na karty zapewnia bezpieczn\u0105 obudow\u0119 dla e-papieros\u00f3w, utrzymuj\u0105c je w porz\u0105dku i chroni\u0105c przed czynnikami zewn\u0119trznymi.<\/p>\n<h1><strong>Specyfikacja<\/strong><\/h1>\n<table style=\"height: 456px;\" width=\"1153\">\n<tbody>\n<tr>\n<td width=\"373\">Wymiary<\/td>\n<td width=\"373\">Wszystkie niestandardowe rozmiary i kszta\u0142ty<\/td>\n<\/tr>\n<tr>\n<td width=\"373\">Drukowanie<\/td>\n<td width=\"373\">CMYK, PMS, bez nadruku<\/td>\n<\/tr>\n<tr>\n<td width=\"373\">Papier zapasowy<\/td>\n<td width=\"373\">10pt do 28pt (60lb do 400lb) Ekologiczny Kraft, tektura falista E-flute, tektura Bux, karton<\/td>\n<\/tr>\n<tr>\n<td width=\"373\">Ilo\u015bci<\/td>\n<td width=\"373\">500- 500,000<\/td>\n<\/tr>\n<tr>\n<td width=\"373\">Pow\u0142oka<\/td>\n<td width=\"373\">B\u0142yszcz\u0105cy, matowy, punktowy UV<\/td>\n<\/tr>\n<tr>\n<td width=\"373\">Proces domy\u015blny<\/td>\n<td width=\"373\">Sztancowanie, klejenie, nacinanie, perforacja<\/td>\n<\/tr>\n<tr>\n<td width=\"373\">Opcje<\/td>\n<td width=\"373\">Niestandardowe wyci\u0119cie okna, foliowanie z\u0142ote\/srebrne, wyt\u0142aczanie, wypuk\u0142y atrament, arkusz PVC.<\/td>\n<\/tr>\n<tr>\n<td width=\"373\">Dow\u00f3d<\/td>\n<td width=\"373\">Widok p\u0142aski, makieta 3D, pr\u00f3bkowanie fizyczne (na \u017c\u0105danie)<\/td>\n<\/tr>\n<tr>\n<td width=\"373\">Czas realizacji<\/td>\n<td width=\"373\">7-14 dni roboczych, po\u015bpiech<\/td>\n<\/tr>\n<tr>\n<td width=\"373\">MOQ<\/td>\n<td width=\"373\">500<\/td>\n<\/tr>\n<tr>\n<td width=\"373\">Czas pr\u00f3by<\/td>\n<td width=\"373\">\u00a05 dni<\/td>\n<\/tr>\n<tr>\n<td width=\"373\">Termin p\u0142atno\u015bci<\/td>\n<td width=\"373\">T \/ T, Western Union, Paypal, depozyt 30% i saldo 70% przed wysy\u0142k\u0105.<\/td>\n<\/tr>\n<\/tbody>\n<\/table>\n<div class=\"widget block block-static-block\">\n<div class=\"landing-page-section option-bottom\">\n<div class=\"custom-materials-tabs-content container container-adjustment\">\n<div class=\"custom-materials-tab-content active\">\n<div class=\"widget block block-static-block\">\n<div class=\"options-items\">\n<div class=\"flex-grid-row-option\">\n<div class=\"flex-grid-item-option\">\n<div class=\"material-box\">\n<div class=\"material-des\">\n<p>&nbsp;<\/p>\n<\/div>\n<p>&nbsp;<\/p>\n<\/div>\n<\/div>\n<\/div>\n<\/div>\n<p><!---end of option item--><\/p>\n<\/div>\n<\/div>\n<\/div>\n<\/div>\n<\/div>","protected":false},"excerpt":{"rendered":"<p>1. Wykonane z bia\u0142ego kartonu, o g\u0142adkiej i delikatnej powierzchni, z nadrukiem przyjaznym dla \u015brodowiska.<br \/>\n2. Sk\u0142adane pude\u0142ka kartonowe mo\u017cna sp\u0142aszczy\u0107 do przechowywania, zmniejszaj\u0105c przestrze\u0144 magazynow\u0105; wysoka wydajno\u015b\u0107 uk\u0142adania w stosy podczas transportu, zmniejszaj\u0105c koszty logistyczne<br \/>\n3. R\u00f3\u017cne rozmiary mo\u017cna dostosowa\u0107 do swoich produkt\u00f3w, odpowiednie do pakowania r\u00f3\u017cnych produkt\u00f3w<\/p>","protected":false},"featured_media":2622,"template":"","meta":[],"product_brand":[],"product_cat":[30,420,430,31],"product_tag":[830,831,718],"class_list":{"0":"post-2612","1":"product","2":"type-product","3":"status-publish","4":"has-post-thumbnail","6":"product_cat-by-industry","7":"product_cat-custom-cannabis-boxes","8":"product_cat-folding-cartons","9":"product_cat-paper-box-style","10":"product_tag-custom-vape-liquid-packaging","11":"product_tag-marijuana-edible-packaging","12":"product_tag-vape-pen-packaging","14":"first","15":"instock","16":"shipping-taxable","17":"product-type-grouped"},"_links":{"self":[{"href":"https:\/\/zojopackaging.com\/pl\/wp-json\/wp\/v2\/product\/2612","targetHints":{"allow":["GET"]}}],"collection":[{"href":"https:\/\/zojopackaging.com\/pl\/wp-json\/wp\/v2\/product"}],"about":[{"href":"https:\/\/zojopackaging.com\/pl\/wp-json\/wp\/v2\/types\/product"}],"version-history":[{"count":2,"href":"https:\/\/zojopackaging.com\/pl\/wp-json\/wp\/v2\/product\/2612\/revisions"}],"predecessor-version":[{"id":8473,"href":"https:\/\/zojopackaging.com\/pl\/wp-json\/wp\/v2\/product\/2612\/revisions\/8473"}],"wp:featuredmedia":[{"embeddable":true,"href":"https:\/\/zojopackaging.com\/pl\/wp-json\/wp\/v2\/media\/2622"}],"wp:attachment":[{"href":"https:\/\/zojopackaging.com\/pl\/wp-json\/wp\/v2\/media?parent=2612"}],"wp:term":[{"taxonomy":"product_brand","embeddable":true,"href":"https:\/\/zojopackaging.com\/pl\/wp-json\/wp\/v2\/product_brand?post=2612"},{"taxonomy":"product_cat","embeddable":true,"href":"https:\/\/zojopackaging.com\/pl\/wp-json\/wp\/v2\/product_cat?post=2612"},{"taxonomy":"product_tag","embeddable":true,"href":"https:\/\/zojopackaging.com\/pl\/wp-json\/wp\/v2\/product_tag?post=2612"}],"curies":[{"name":"wp","href":"https:\/\/api.w.org\/{rel}","templated":true}]}}