{"id":2624,"date":"2024-03-12T14:59:23","date_gmt":"2024-03-12T06:59:23","guid":{"rendered":"https:\/\/zojopackaging.com\/?post_type=product&#038;p=2624"},"modified":"2025-03-28T16:51:07","modified_gmt":"2025-03-28T08:51:07","slug":"custom-printed-e-cigarette-boxes","status":"publish","type":"product","link":"https:\/\/zojopackaging.com\/pl\/product\/custom-printed-e-cigarette-boxes\/","title":{"rendered":"Niestandardowe pude\u0142ko na olej konopny CBD z nadrukiem z konopi indyjskich"},"content":{"rendered":"<h1 class=\"LC20lb MBeuO DKV0Md\">Niestandardowe pude\u0142ko na olej konopny CBD z nadrukiem z konopi indyjskich<\/h1>\n<p>Wykorzystuj\u0105 one bateri\u0119 zawieraj\u0105c\u0105 roztw\u00f3r r\u00f3\u017cnych substancji chemicznych, aromat\u00f3w i nikotyny. Chocia\u017c niekt\u00f3re substancje mog\u0105 by\u0107 niebezpieczne, s\u0105 one znacznie mniej szkodliwe ni\u017c tradycyjne papierosy. Tak wi\u0119c, wraz ze wzrostem popytu na e-papierosy i inne produkty do wapowania, firmy staraj\u0105 si\u0119 znale\u017a\u0107 bardziej kreatywne sposoby pakowania swoich towar\u00f3w. W tym celu nasi profesjonalni graficy proponuj\u0105 pomys\u0142y i projekty pude\u0142ek na e-papierosy. Zapewniaj\u0105 one profesjonaln\u0105 ekspozycj\u0119 produkt\u00f3w i pomagaj\u0105 zachowa\u0107 ich jako\u015b\u0107. <em>Niestandardowe pude\u0142ka<\/em>\u00a0zapewnia unikalne mo\u017cliwo\u015bci dostosowywania\u00a0<strong>Projekty opakowa\u0144 e-papieros\u00f3w<\/strong>\u00a0kt\u00f3re buduj\u0105 godn\u0105 zaufania relacj\u0119 mi\u0119dzy mark\u0105 a konsumentami. Co wi\u0119cej, najlepszej jako\u015bci materia\u0142 chroni produkty przed zanieczyszczeniem i uszkodzeniem. Trend u\u017cywania e-papieros\u00f3w wzr\u00f3s\u0142 z czasem. Opr\u00f3cz nieograniczonej personalizacji, jeste\u015bmy r\u00f3wnie\u017c pierwszym wyborem konsument\u00f3w ze wzgl\u0119du na nasze wyj\u0105tkowe us\u0142ugi.<\/p>\n<h3><strong>Kup <\/strong>Niestandardowe pude\u0142ko na olej konopny CBD z nadrukiem z konopi indyjskich <strong>Wed\u0142ug stawek hurtowych<\/strong><\/h3>\n<p>W \u015bwiecie e-papieros\u00f3w istnieje wiele marek na rynku, z kt\u00f3rymi mo\u017cna konkurowa\u0107. Dlatego te\u017c klasyczny wygl\u0105d sta\u0142 si\u0119 obowi\u0105zkowy, aby przetrwa\u0107 konkurencj\u0119. Niestandardowy\u00a0<strong>Rozwi\u0105zania do pakowania papieros\u00f3w elektronicznych<\/strong>\u00a0odgrywaj\u0105 znacz\u0105c\u0105 rol\u0119 w tym zakresie. Pude\u0142ka te zwi\u0119kszaj\u0105 widoczno\u015b\u0107 produkt\u00f3w, podkre\u015blaj\u0105c mark\u0119 na rynku. Kartonowe pude\u0142ka na papierosy elektroniczne to najlepszy spos\u00f3b na zachowanie ich jako\u015bci. S\u0105 one zaprojektowane tak, aby spe\u0142nia\u0107 oczekiwania klient\u00f3w i aktualne trendy rynkowe.\u00a0<em>Niestandardowe pude\u0142ka<\/em>\u00a0jest jednym z najwi\u0119kszych producent\u00f3w hurtowych, kt\u00f3ry oferuje wysokiej klasy pude\u0142ka w przyst\u0119pnych cenach.<\/p>\n<h3><strong>Wytrzyma\u0142y materia\u0142 dla ochrony 100%<\/strong><\/h3>\n<p>Produkujemy pude\u0142ka do przechowywania e-papieros\u00f3w z materia\u0142\u00f3w najwy\u017cszej jako\u015bci\u00a0<a href=\"https:\/\/zojopackaging.com\/pl\/kategoria-produktu\/custom-e-cigarette-box\/\">pude\u0142ka kartonowe<\/a>\u00a0lub Kraft. Materia\u0142 jest trwa\u0142y i wystarczaj\u0105co wytrzyma\u0142y, aby zapewni\u0107 maksymaln\u0105 ochron\u0119 produktu. Zapewnia im bezpiecze\u0144stwo podczas przenoszenia, przechowywania i ekspozycji. Grubo\u015b\u0107 pude\u0142ka mo\u017cna dostosowa\u0107 do delikatno\u015bci cennych produkt\u00f3w. Taki \u017cywio\u0142owy wygl\u0105d niestandardowych hurtowych pude\u0142ek na papierosy elektroniczne sprawia, \u017ce Twoje produkty wyr\u00f3\u017cniaj\u0105 si\u0119 na p\u00f3\u0142kach sklepowych.<\/p>\n<p>Czy to nie zdumiewaj\u0105ce, \u017ce mo\u017cna uzyska\u0107 doskona\u0142\u0105 jako\u015b\u0107 i minimalne ceny pod jednym dachem? Tak, dobrze my\u015blisz, b\u0119dziesz mia\u0142 od nas idealne po\u0142\u0105czenie jako\u015bci i ceny, aby przekroczy\u0107 oczekiwania klient\u00f3w. Oferujemy dobr\u0105 jako\u015b\u0107<strong>\u00a0<\/strong><strong>niestandardowe pude\u0142ka na papierosy z nadrukiem<\/strong>\u00a0w op\u0142acalnych cenach. Nasze ceny s\u0105 bardzo konkurencyjne w por\u00f3wnaniu do cen rynkowych.<\/p>\n<h3><strong>Druk najwy\u017cszej jako\u015bci<\/strong><\/h3>\n<p>Jeste\u015bmy najch\u0119tniej wybierani przez konsument\u00f3w, poniewa\u017c zapewniamy najwy\u017cszej jako\u015bci us\u0142ugi drukarskie naszym szanowanym klientom. Posiadamy du\u017ce maszyny do druku cyfrowego, sitodrukowego i offsetowego wykorzystuj\u0105ce najnowocze\u015bniejsze techniki. Doskona\u0142ej jako\u015bci tusze i maszyny drukarskie sprawiaj\u0105, \u017ce najlepiej oceniane<strong>\u00a0<\/strong>niestandardowe papierowe pude\u0142ka na papierosy z nadrukiem. Specjalne laminowanie i wyko\u0144czenie s\u0105 stosowane na ko\u0144cu, aby zwi\u0119kszy\u0107 jego wdzi\u0119k. Oferujemy przyjazne dla \u015brodowiska praktyki 100% dla\u00a0<strong>Drukowanie projekt\u00f3w e-papieros\u00f3w<\/strong>. Gwarantuje to dostarczenie produktu o wysokiej warto\u015bci pod drzwi klienta. Zastosowanie wysokiej jako\u015bci nadruk\u00f3w i atrakcyjnych styl\u00f3w nadaje produktom wyj\u0105tkowy wygl\u0105d.<\/p>\n<p>Co wi\u0119cej, do \u017cadnego z naszych produkt\u00f3w nie s\u0105 stosowane \u017cadne op\u0142aty za wykrawanie lub powlekanie.<strong>\u00a0<\/strong>Oferujemy kompletne rozwi\u0105zanie w zakresie dostosowywania uk\u0142adu i projektu. Klienci mog\u0105 swobodnie wybiera\u0107 specyfikacje<strong>\u00a0<\/strong><strong>Niestandardowe pude\u0142ka do pakowania e-papieros\u00f3w\u00a0<\/strong>zgodnie z ich wymaganiami. Naszym najwy\u017cszym priorytetem jest zapewnienie naszym klientom wymarzonych pude\u0142ek do pakowania.<\/p>\n<h3><strong>Wycinane pude\u0142ka na e-papierosy<\/strong><\/h3>\n<p>Mo\u017cesz zaprojektowa\u0107 niestandardowe, wycinane pude\u0142ka na papierosy elektroniczne w szerokiej kombinacji kszta\u0142t\u00f3w i styl\u00f3w, w zale\u017cno\u015bci od wymaga\u0144 dotycz\u0105cych marki. Innowacyjne rozwi\u0105zanie opakowaniowe jest potrzebne, aby zwi\u0119kszy\u0107 widoczno\u015b\u0107 produktu. Niestandardowe pude\u0142ka na e-papierosy s\u0105 idealne, aby Twoja marka wyr\u00f3\u017cnia\u0142a si\u0119 na tle konkurencji. Wydrukuj te pude\u0142ka z ekscytuj\u0105cymi wzorami lub niestandardow\u0105 grafik\u0105, aby uczyni\u0107 je bardziej atrakcyjnymi. Jest to dobra opcja dla firm, kt\u00f3re chc\u0105 stworzy\u0107 odr\u0119bn\u0105 to\u017csamo\u015b\u0107 marki. Nasze najlepiej oceniane pude\u0142ka z wykrojnikami pozwalaj\u0105 klientom zobaczy\u0107 rzeczywisty produkt przed zakupem. Zwi\u0119ksza to zadowolenie klient\u00f3w i pozwala producentom na atrakcyjn\u0105 ekspozycj\u0119 swoich produkt\u00f3w. Specjalne wk\u0142adki s\u0105 r\u00f3wnie\u017c zaprojektowane dla pude\u0142ek, aby zapewni\u0107 dodatkow\u0105 amortyzacj\u0119, aby zapobiec p\u0119kaniu podczas wysy\u0142ki i transportu.<\/p>\n<h3><strong>Darmowa wysy\u0142ka i bezp\u0142atne wsparcie projektowe<\/strong><\/h3>\n<p>Bezp\u0142atna wysy\u0142ka i wsparcie projektowe to tylko niekt\u00f3re z podstawowych praktyk naszej firmy. Dysponujemy zespo\u0142em profesjonalnych projektant\u00f3w i ekspert\u00f3w technicznych, kt\u00f3rzy pomagaj\u0105 w tworzeniu\u00a0<strong>niestandardowe pude\u0142ka na papierosy elektroniczne z logo.<\/strong>\u00a0Informuj\u0105 klient\u00f3w o specyfikacjach, funkcjach i powi\u0105zanej grafice. Projektanci przygotowuj\u0105 szablon zgodnie z wymaganiami klienta. Ca\u0142y proces jest przeprowadzany bezp\u0142atnie. Oferujemy r\u00f3wnie\u017c bezp\u0142atn\u0105 wysy\u0142k\u0119 na terenie USA i Kanady. Jednak dla klient\u00f3w mieszkaj\u0105cych poza nimi nasze op\u0142aty za wysy\u0142k\u0119 s\u0105 minimalne w por\u00f3wnaniu do konkurencji.<\/p>\n<p>Ponadto, w por\u00f3wnaniu do innych producent\u00f3w opakowa\u0144 niestandardowych, mamy szybki czas realizacji. Nasi eksperci ds. opakowa\u0144 zawsze dbaj\u0105 o to, aby wszystkie terminy by\u0142y dotrzymywane na czas. Co wi\u0119cej, mo\u017cesz r\u00f3wnie\u017c skontaktowa\u0107 si\u0119 z naszym dzia\u0142em obs\u0142ugi klienta, kt\u00f3ry jest dost\u0119pny 24 godziny na dob\u0119, 7 dni w tygodniu. Mamy kilku wykwalifikowanych przedstawicieli handlowych. S\u0105 oni do Twojej dyspozycji przez ca\u0142\u0105 dob\u0119, aby odpowiedzie\u0107 na Twoje pytania i rozwia\u0107 Twoje w\u0105tpliwo\u015bci dotycz\u0105ce\u00a0<strong>spersonalizowane pude\u0142ka na e-papierosy\u00a0<\/strong>szybko i skutecznie.<\/p>\n<p>Zr\u00f3wnowa\u017cony rozw\u00f3j \u015brodowiska sta\u0142 si\u0119 wa\u017cn\u0105 kwesti\u0105, nad kt\u00f3r\u0105 nale\u017cy pracowa\u0107. Zacz\u0119li\u015bmy wdra\u017ca\u0107 ekologiczne praktyki w projektowaniu drukowanych pude\u0142ek na papierosy Kraft. Wszystkie produkty, w tym niestandardowe hurtowe pude\u0142ka na papierosy elektroniczne, s\u0105 wykonane z materia\u0142\u00f3w nadaj\u0105cych si\u0119 do recyklingu 100%. Jest to korzystne dla naszej planety i reputacji naszej marki. Nie przegap wi\u0119c tej niesamowitej okazji i uzyskaj bezp\u0142atn\u0105 wycen\u0119 ju\u017c teraz!<\/p>\n<h1><strong>Specyfikacja<\/strong><\/h1>\n<table style=\"height: 456px;\" width=\"1153\">\n<tbody>\n<tr>\n<td width=\"373\">Wymiary<\/td>\n<td width=\"373\">Wszystkie niestandardowe rozmiary i kszta\u0142ty<\/td>\n<\/tr>\n<tr>\n<td width=\"373\">Drukowanie<\/td>\n<td width=\"373\">CMYK, PMS, bez nadruku<\/td>\n<\/tr>\n<tr>\n<td width=\"373\">Papier zapasowy<\/td>\n<td width=\"373\">10pt do 28pt (60lb do 400lb) Ekologiczny Kraft, tektura falista E-flute, tektura Bux, karton<\/td>\n<\/tr>\n<tr>\n<td width=\"373\">Ilo\u015bci<\/td>\n<td width=\"373\">500- 500,000<\/td>\n<\/tr>\n<tr>\n<td width=\"373\">Pow\u0142oka<\/td>\n<td width=\"373\">B\u0142yszcz\u0105cy, matowy, punktowy UV<\/td>\n<\/tr>\n<tr>\n<td width=\"373\">Proces domy\u015blny<\/td>\n<td width=\"373\">Sztancowanie, klejenie, nacinanie, perforacja<\/td>\n<\/tr>\n<tr>\n<td width=\"373\">Opcje<\/td>\n<td width=\"373\">Niestandardowe wyci\u0119cie okna, foliowanie z\u0142ote\/srebrne, wyt\u0142aczanie, wypuk\u0142y atrament, arkusz PVC.<\/td>\n<\/tr>\n<tr>\n<td width=\"373\">Dow\u00f3d<\/td>\n<td width=\"373\">Widok p\u0142aski, makieta 3D, pr\u00f3bkowanie fizyczne (na \u017c\u0105danie)<\/td>\n<\/tr>\n<tr>\n<td width=\"373\">Czas realizacji<\/td>\n<td width=\"373\">7-14 dni roboczych, po\u015bpiech<\/td>\n<\/tr>\n<tr>\n<td width=\"373\">MOQ<\/td>\n<td width=\"373\">500<\/td>\n<\/tr>\n<tr>\n<td width=\"373\">Czas pr\u00f3by<\/td>\n<td width=\"373\">\u00a05 dni<\/td>\n<\/tr>\n<tr>\n<td width=\"373\">Termin p\u0142atno\u015bci<\/td>\n<td width=\"373\">T \/ T, Western Union, Paypal, depozyt 30% i saldo 70% przed wysy\u0142k\u0105.<\/td>\n<\/tr>\n<\/tbody>\n<\/table>\n<div class=\"widget block block-static-block\">\n<div class=\"landing-page-section option-bottom\">\n<div class=\"custom-materials-tabs-content container container-adjustment\">\n<div class=\"custom-materials-tab-content active\">\n<div class=\"widget block block-static-block\">\n<div class=\"options-items\">\n<div class=\"flex-grid-row-option\">\n<div class=\"flex-grid-item-option\">\n<div class=\"material-box\">\n<div class=\"material-des\">\n<p>&nbsp;<\/p>\n<\/div>\n<p>&nbsp;<\/p>\n<\/div>\n<\/div>\n<\/div>\n<\/div>\n<p><!---end of option item--><\/p>\n<\/div>\n<\/div>\n<\/div>\n<\/div>\n<\/div>","protected":false},"excerpt":{"rendered":"<p>1. Konstrukcja szuflady na papier i przesuwane otwarcie u\u0142atwiaj\u0105 u\u017cytkownikom otwieranie i zamykanie, poprawiaj\u0105c wra\u017cenia z rozpakowywania<br \/>\n2. R\u00f3\u017cne rozmiary mo\u017cna dostosowa\u0107 do swoich produkt\u00f3w, odpowiednie do pakowania r\u00f3\u017cnych czekoladek konopnych CBD<br \/>\n3. Nadruk na powierzchni pude\u0142ka jest wyra\u017any i nie r\u00f3\u017cni si\u0119 kolorem, co mo\u017ce poprawi\u0107 wra\u017cenia u\u017cytkownika.<\/p>","protected":false},"featured_media":2627,"template":"","meta":[],"product_brand":[],"product_cat":[30,418,31,426],"product_tag":[832,833,834],"class_list":{"0":"post-2624","1":"product","2":"type-product","3":"status-publish","4":"has-post-thumbnail","6":"product_cat-by-industry","7":"product_cat-custom-cbd-boxes","8":"product_cat-paper-box-style","9":"product_cat-paper-drawer-boxes","10":"product_tag-cbd-chocolate-box-wholesale","11":"product_tag-custom-cannabis-box","12":"product_tag-hemp-oil-box-wholesale","14":"first","15":"instock","16":"shipping-taxable","17":"product-type-grouped"},"_links":{"self":[{"href":"https:\/\/zojopackaging.com\/pl\/wp-json\/wp\/v2\/product\/2624","targetHints":{"allow":["GET"]}}],"collection":[{"href":"https:\/\/zojopackaging.com\/pl\/wp-json\/wp\/v2\/product"}],"about":[{"href":"https:\/\/zojopackaging.com\/pl\/wp-json\/wp\/v2\/types\/product"}],"version-history":[{"count":2,"href":"https:\/\/zojopackaging.com\/pl\/wp-json\/wp\/v2\/product\/2624\/revisions"}],"predecessor-version":[{"id":8474,"href":"https:\/\/zojopackaging.com\/pl\/wp-json\/wp\/v2\/product\/2624\/revisions\/8474"}],"wp:featuredmedia":[{"embeddable":true,"href":"https:\/\/zojopackaging.com\/pl\/wp-json\/wp\/v2\/media\/2627"}],"wp:attachment":[{"href":"https:\/\/zojopackaging.com\/pl\/wp-json\/wp\/v2\/media?parent=2624"}],"wp:term":[{"taxonomy":"product_brand","embeddable":true,"href":"https:\/\/zojopackaging.com\/pl\/wp-json\/wp\/v2\/product_brand?post=2624"},{"taxonomy":"product_cat","embeddable":true,"href":"https:\/\/zojopackaging.com\/pl\/wp-json\/wp\/v2\/product_cat?post=2624"},{"taxonomy":"product_tag","embeddable":true,"href":"https:\/\/zojopackaging.com\/pl\/wp-json\/wp\/v2\/product_tag?post=2624"}],"curies":[{"name":"wp","href":"https:\/\/api.w.org\/{rel}","templated":true}]}}