{"id":2645,"date":"2024-03-12T15:16:34","date_gmt":"2024-03-12T07:16:34","guid":{"rendered":"https:\/\/zojopackaging.com\/?post_type=product&#038;p=2645"},"modified":"2025-03-28T15:15:39","modified_gmt":"2025-03-28T07:15:39","slug":"customization-e-cigarette-packaging-box","status":"publish","type":"product","link":"https:\/\/zojopackaging.com\/pl\/product\/customization-e-cigarette-packaging-box\/","title":{"rendered":"Niestandardowe rozpuszczalne tabletki nasenne CBD w pude\u0142kach hurtowych"},"content":{"rendered":"<h1>Niestandardowe rozpuszczalne tabletki nasenne CBD w pude\u0142kach hurtowych<\/h1>\n<p>Niestandardowe pude\u0142ka hurtowe na rozpuszczalne tabletki nasenne cbd to wszechstronne i spersonalizowane rozwi\u0105zanie opakowaniowe, kt\u00f3re pozwala markom stworzy\u0107 unikaln\u0105 i dostosowan\u0105 prezentacj\u0119 dla ich rozpuszczalnych tabletek nasennych cbd. To opakowanie oferuje szeroki zakres opcji dostosowywania, w tym projekt, rozmiar, kszta\u0142t, kolor i wyko\u0144czenia, aby spe\u0142ni\u0107 specyficzne potrzeby brandingowe i marketingowe ka\u017cdej firmy.<\/p>\n<p>Marki mog\u0105 zdecydowa\u0107 si\u0119 na umieszczenie swojego logo, kolor\u00f3w marki i komunikat\u00f3w na opakowaniu, aby stworzy\u0107 sp\u00f3jny i markowy wygl\u0105d, kt\u00f3ry rezonuje z docelowymi odbiorcami. Mo\u017cliwo\u015bci projektowe s\u0105 nieograniczone, dzi\u0119ki czemu marki mog\u0105 zaprezentowa\u0107 swoj\u0105 kreatywno\u015b\u0107 i indywidualno\u015b\u0107 poprzez opakowanie.<\/p>\n<p>Opr\u00f3cz dostosowania projektu, marki mog\u0105 r\u00f3wnie\u017c wybra\u0107 rozmiar i kszta\u0142t opakowania, aby jak najlepiej dopasowa\u0107 je do swoich rozpuszczalnych tabletek nasennych cbd. Niezale\u017cnie od tego, czy preferuj\u0105 kompaktowe i minimalistyczne pude\u0142ko, czy te\u017c wi\u0119kszy i bardziej wyszukany projekt, opcje dostosowywania pozwalaj\u0105 markom dostosowa\u0107 opakowanie do specyfikacji produktu.<\/p>\n<p>Ponadto marki mog\u0105 wybiera\u0107 spo\u015br\u00f3d r\u00f3\u017cnych opcji wyko\u0144czenia, takich jak matowe lub b\u0142yszcz\u0105ce wyko\u0144czenia, wyt\u0142aczanie, foliowanie lub punktowe powlekanie UV, aby nada\u0107 opakowaniu luksusowy charakter. Te wyko\u0144czenia podnosz\u0105 og\u00f3lny wygl\u0105d opakowania, zwi\u0119kszaj\u0105c postrzegan\u0105 warto\u015b\u0107 rozpuszczalnych tabletek nasennych cbd.<\/p>\n<h1><strong>Specyfikacja<\/strong><\/h1>\n<table style=\"height: 456px;\" width=\"1153\">\n<tbody>\n<tr>\n<td width=\"373\">Wymiary<\/td>\n<td width=\"373\">Wszystkie niestandardowe rozmiary i kszta\u0142ty<\/td>\n<\/tr>\n<tr>\n<td width=\"373\">Drukowanie<\/td>\n<td width=\"373\">CMYK, PMS, bez nadruku<\/td>\n<\/tr>\n<tr>\n<td width=\"373\">Papier zapasowy<\/td>\n<td width=\"373\">10pt do 28pt (60lb do 400lb) Ekologiczny Kraft, tektura falista E-flute, tektura Bux, karton<\/td>\n<\/tr>\n<tr>\n<td width=\"373\">Ilo\u015bci<\/td>\n<td width=\"373\">500- 500,000<\/td>\n<\/tr>\n<tr>\n<td width=\"373\">Pow\u0142oka<\/td>\n<td width=\"373\">B\u0142yszcz\u0105cy, matowy, punktowy UV<\/td>\n<\/tr>\n<tr>\n<td width=\"373\">Proces domy\u015blny<\/td>\n<td width=\"373\">Sztancowanie, klejenie, nacinanie, perforacja<\/td>\n<\/tr>\n<tr>\n<td width=\"373\">Opcje<\/td>\n<td width=\"373\">Niestandardowe wyci\u0119cie okna, foliowanie z\u0142ote\/srebrne, wyt\u0142aczanie, wypuk\u0142y atrament, arkusz PVC.<\/td>\n<\/tr>\n<tr>\n<td width=\"373\">Dow\u00f3d<\/td>\n<td width=\"373\">Widok p\u0142aski, makieta 3D, pr\u00f3bkowanie fizyczne (na \u017c\u0105danie)<\/td>\n<\/tr>\n<tr>\n<td width=\"373\">Czas realizacji<\/td>\n<td width=\"373\">7-14 dni roboczych, po\u015bpiech<\/td>\n<\/tr>\n<tr>\n<td width=\"373\">MOQ<\/td>\n<td width=\"373\">500<\/td>\n<\/tr>\n<tr>\n<td width=\"373\">Czas pr\u00f3by<\/td>\n<td width=\"373\">3-5 dni<\/td>\n<\/tr>\n<tr>\n<td width=\"373\">Termin p\u0142atno\u015bci<\/td>\n<td width=\"373\">T \/ T, Western Union, Paypal, depozyt 30% i saldo 70% przed wysy\u0142k\u0105.<\/td>\n<\/tr>\n<\/tbody>\n<\/table>\n<div class=\"widget block block-static-block\">\n<div class=\"landing-page-section option-bottom\">\n<div class=\"custom-materials-tabs-content container container-adjustment\">\n<div class=\"custom-materials-tab-content active\">\n<div class=\"widget block block-static-block\">\n<div class=\"options-items\">\n<div class=\"flex-grid-row-option\">\n<div class=\"flex-grid-item-option\">\n<div class=\"material-box\">\n<p>&nbsp;<\/p>\n<\/div>\n<\/div>\n<\/div>\n<\/div>\n<p><!---end of option item--><\/p>\n<\/div>\n<\/div>\n<\/div>\n<\/div>\n<\/div>","protected":false},"excerpt":{"rendered":"<p>1. R\u00f3\u017cne rozmiary mo\u017cna dostosowa\u0107 do produktu, odpowiednie dla wszystkich rodzaj\u00f3w opakowa\u0144 rozpuszczalnych tabletek nasennych CBD<br \/>\n2. Sk\u0142adane pude\u0142ka kartonowe mo\u017cna sp\u0142aszczy\u0107 do przechowywania, zmniejszaj\u0105c przestrze\u0144 magazynow\u0105; wysoka wydajno\u015b\u0107 uk\u0142adania w stosy podczas transportu, zmniejszaj\u0105c koszty logistyczne<br \/>\n3. bia\u0142y materia\u0142 kartonowy, g\u0142adka i delikatna powierzchnia, nadruk przyjazny dla \u015brodowiska<\/p>","protected":false},"featured_media":6424,"template":"","meta":[],"product_brand":[],"product_cat":[30,418,430,31],"product_tag":[808,807,356],"class_list":{"0":"post-2645","1":"product","2":"type-product","3":"status-publish","4":"has-post-thumbnail","6":"product_cat-by-industry","7":"product_cat-custom-cbd-boxes","8":"product_cat-folding-cartons","9":"product_cat-paper-box-style","10":"product_tag-cbd-boxes-wholesale","11":"product_tag-cbd-dissolvable-sleep-tablets-boxes","12":"product_tag-custom-cbd-boxes","14":"first","15":"instock","16":"shipping-taxable","17":"product-type-grouped"},"_links":{"self":[{"href":"https:\/\/zojopackaging.com\/pl\/wp-json\/wp\/v2\/product\/2645","targetHints":{"allow":["GET"]}}],"collection":[{"href":"https:\/\/zojopackaging.com\/pl\/wp-json\/wp\/v2\/product"}],"about":[{"href":"https:\/\/zojopackaging.com\/pl\/wp-json\/wp\/v2\/types\/product"}],"version-history":[{"count":2,"href":"https:\/\/zojopackaging.com\/pl\/wp-json\/wp\/v2\/product\/2645\/revisions"}],"predecessor-version":[{"id":8464,"href":"https:\/\/zojopackaging.com\/pl\/wp-json\/wp\/v2\/product\/2645\/revisions\/8464"}],"wp:featuredmedia":[{"embeddable":true,"href":"https:\/\/zojopackaging.com\/pl\/wp-json\/wp\/v2\/media\/6424"}],"wp:attachment":[{"href":"https:\/\/zojopackaging.com\/pl\/wp-json\/wp\/v2\/media?parent=2645"}],"wp:term":[{"taxonomy":"product_brand","embeddable":true,"href":"https:\/\/zojopackaging.com\/pl\/wp-json\/wp\/v2\/product_brand?post=2645"},{"taxonomy":"product_cat","embeddable":true,"href":"https:\/\/zojopackaging.com\/pl\/wp-json\/wp\/v2\/product_cat?post=2645"},{"taxonomy":"product_tag","embeddable":true,"href":"https:\/\/zojopackaging.com\/pl\/wp-json\/wp\/v2\/product_tag?post=2645"}],"curies":[{"name":"wp","href":"https:\/\/api.w.org\/{rel}","templated":true}]}}