{"id":2659,"date":"2024-03-12T16:01:36","date_gmt":"2024-03-12T08:01:36","guid":{"rendered":"https:\/\/zojopackaging.com\/?post_type=product&#038;p=2659"},"modified":"2025-03-28T17:13:57","modified_gmt":"2025-03-28T09:13:57","slug":"printed-e-cigarette-packaging-boxes","status":"publish","type":"product","link":"https:\/\/zojopackaging.com\/pl\/product\/printed-e-cigarette-packaging-boxes\/","title":{"rendered":"Pude\u0142ka na papier z olejem z konopi indyjskich zabezpieczone przed dzie\u0107mi"},"content":{"rendered":"<h1 class=\"indIKd q23Yce fA1vYb cS4Vcb-pGL6qe-fwJd0c\">Pude\u0142ka na papier z olejem z konopi indyjskich zabezpieczone przed dzie\u0107mi<\/h1>\n<p>Szukasz zabezpieczonych przed dzie\u0107mi papierowych pude\u0142ek do szuflad na olej z konopi indyjskich? Czy chcesz uzyska\u0107 niestandardowe opakowanie dla swojego vape? W takim razie opakowanie niestandardowe mo\u017ce by\u0107 w\u0142a\u015bciwym wyborem; otrzymasz tutaj wiele opcji, aby zabezpieczy\u0107 przed dzie\u0107mi papierowe pude\u0142ka z szufladami na olej z konopi indyjskich. Tutaj otrzymasz nie tylko opakowanie dostosowane do twoich wymaga\u0144, ale tak\u017ce niesamowite oferty i rabaty.<\/p>\n<p>Pude\u0142ka s\u0105 dost\u0119pne w r\u00f3\u017cnych rozmiarach i stylach, aby pomie\u015bci\u0107 r\u00f3\u017cne modele oleju z konopi indyjskich i akcesoria. Mo\u017cesz wybiera\u0107 spo\u015br\u00f3d szerokiej gamy wyko\u0144cze\u0144, takich jak b\u0142yszcz\u0105ce, matowe lub teksturowane, aby nada\u0107 swojemu opakowaniu dodatkowy akcent wyrafinowania.<\/p>\n<p>Personalizacja jest podstaw\u0105 naszej oferty. Dostosuj pude\u0142ko do swoich dok\u0142adnych specyfikacji - wybierz kolory, kt\u00f3re reprezentuj\u0105 Twoj\u0105 mark\u0119, w\u0142\u0105cz specjalne elementy projektu i dodaj niezb\u0119dne informacje o produkcie. Ten poziom personalizacji pomaga marihuanie wyr\u00f3\u017cni\u0107 si\u0119 na p\u00f3\u0142kach sklepowych i pozostawia trwa\u0142e wra\u017cenie na konsumentach.<\/p>\n<h1><strong>Specyfikacja<\/strong><\/h1>\n<table style=\"height: 456px;\" width=\"1153\">\n<tbody>\n<tr>\n<td width=\"373\">Wymiary<\/td>\n<td width=\"373\">Wszystkie niestandardowe rozmiary i kszta\u0142ty<\/td>\n<\/tr>\n<tr>\n<td width=\"373\">Drukowanie<\/td>\n<td width=\"373\">CMYK, PMS, bez nadruku<\/td>\n<\/tr>\n<tr>\n<td width=\"373\">Papier zapasowy<\/td>\n<td width=\"373\">10pt do 28pt (60lb do 400lb) Ekologiczny Kraft, tektura falista E-flute, tektura Bux, karton<\/td>\n<\/tr>\n<tr>\n<td width=\"373\">Ilo\u015bci<\/td>\n<td width=\"373\">500- 500,000<\/td>\n<\/tr>\n<tr>\n<td width=\"373\">Pow\u0142oka<\/td>\n<td width=\"373\">B\u0142yszcz\u0105cy, matowy, punktowy UV<\/td>\n<\/tr>\n<tr>\n<td width=\"373\">Proces domy\u015blny<\/td>\n<td width=\"373\">Sztancowanie, klejenie, nacinanie, perforacja<\/td>\n<\/tr>\n<tr>\n<td width=\"373\">Opcje<\/td>\n<td width=\"373\">Niestandardowe wyci\u0119cie okna, foliowanie z\u0142ote\/srebrne, wyt\u0142aczanie, wypuk\u0142y atrament, arkusz PVC.<\/td>\n<\/tr>\n<tr>\n<td width=\"373\">Dow\u00f3d<\/td>\n<td width=\"373\">Widok p\u0142aski, makieta 3D, pr\u00f3bkowanie fizyczne (na \u017c\u0105danie)<\/td>\n<\/tr>\n<tr>\n<td width=\"373\">Czas realizacji<\/td>\n<td width=\"373\">7-14 dni roboczych, po\u015bpiech<\/td>\n<\/tr>\n<tr>\n<td width=\"373\">MOQ<\/td>\n<td width=\"373\">500<\/td>\n<\/tr>\n<tr>\n<td width=\"373\">Czas pr\u00f3by<\/td>\n<td width=\"373\">3-5 dni<\/td>\n<\/tr>\n<tr>\n<td width=\"373\">Termin p\u0142atno\u015bci<\/td>\n<td width=\"373\">T \/ T, Western Union, Paypal, depozyt 30% i saldo 70% przed wysy\u0142k\u0105.<\/td>\n<\/tr>\n<\/tbody>\n<\/table>\n<p>&nbsp;<\/p>\n<div class=\"widget block block-static-block\">\n<div class=\"landing-page-section option-bottom\">\n<div class=\"custom-materials-tabs-content container container-adjustment\">\n<div class=\"custom-materials-tab-content active\">\n<div class=\"widget block block-static-block\">\n<div class=\"options-items\">\n<div class=\"flex-grid-row-option\">\n<div class=\"flex-grid-item-option\">\n<div class=\"material-box\">\n<p>&nbsp;<\/p>\n<\/div>\n<\/div>\n<\/div>\n<\/div>\n<p><!---end of option item--><\/p>\n<\/div>\n<\/div>\n<\/div>\n<\/div>\n<\/div>","protected":false},"excerpt":{"rendered":"<p>1. Szuflada Konstrukcja pude\u0142ka na papier, przesuwana w celu otwarcia, u\u0142atwia u\u017cytkownikom otwieranie i zamykanie, zwi\u0119kszaj\u0105c wra\u017cenia z rozpakowywania<br \/>\n2. R\u00f3\u017cne rozmiary mo\u017cna dostosowa\u0107 do swoich produkt\u00f3w, odpowiednie do pakowania r\u00f3\u017cnych olejk\u00f3w z konopi indyjskich<br \/>\n3. Nadruk na powierzchni pude\u0142ka jest wyra\u017any i nie r\u00f3\u017cni si\u0119 kolorem, co mo\u017ce poprawi\u0107 wra\u017cenia u\u017cytkownika.<br \/>\n4. Boczne zabezpieczenie przed dzie\u0107mi zapobiega przypadkowemu po\u0142kni\u0119ciu przez dzieci, ale doro\u015bli mog\u0105 je \u0142atwo otworzy\u0107.<\/p>","protected":false},"featured_media":6455,"template":"","meta":[],"product_brand":[],"product_cat":[30,431,420,31],"product_tag":[835,836,794],"class_list":{"0":"post-2659","1":"product","2":"type-product","3":"status-publish","4":"has-post-thumbnail","6":"product_cat-by-industry","7":"product_cat-child-resistant-packaging","8":"product_cat-custom-cannabis-boxes","9":"product_cat-paper-box-style","10":"product_tag-cannabis-oil-boxes","11":"product_tag-child-proof-cannabis-boxes","12":"product_tag-child-resistant-cannabis-boxes","14":"first","15":"instock","16":"shipping-taxable","17":"product-type-grouped"},"_links":{"self":[{"href":"https:\/\/zojopackaging.com\/pl\/wp-json\/wp\/v2\/product\/2659","targetHints":{"allow":["GET"]}}],"collection":[{"href":"https:\/\/zojopackaging.com\/pl\/wp-json\/wp\/v2\/product"}],"about":[{"href":"https:\/\/zojopackaging.com\/pl\/wp-json\/wp\/v2\/types\/product"}],"version-history":[{"count":2,"href":"https:\/\/zojopackaging.com\/pl\/wp-json\/wp\/v2\/product\/2659\/revisions"}],"predecessor-version":[{"id":8475,"href":"https:\/\/zojopackaging.com\/pl\/wp-json\/wp\/v2\/product\/2659\/revisions\/8475"}],"wp:featuredmedia":[{"embeddable":true,"href":"https:\/\/zojopackaging.com\/pl\/wp-json\/wp\/v2\/media\/6455"}],"wp:attachment":[{"href":"https:\/\/zojopackaging.com\/pl\/wp-json\/wp\/v2\/media?parent=2659"}],"wp:term":[{"taxonomy":"product_brand","embeddable":true,"href":"https:\/\/zojopackaging.com\/pl\/wp-json\/wp\/v2\/product_brand?post=2659"},{"taxonomy":"product_cat","embeddable":true,"href":"https:\/\/zojopackaging.com\/pl\/wp-json\/wp\/v2\/product_cat?post=2659"},{"taxonomy":"product_tag","embeddable":true,"href":"https:\/\/zojopackaging.com\/pl\/wp-json\/wp\/v2\/product_tag?post=2659"}],"curies":[{"name":"wp","href":"https:\/\/api.w.org\/{rel}","templated":true}]}}