{"id":2687,"date":"2024-03-12T17:01:17","date_gmt":"2024-03-12T09:01:17","guid":{"rendered":"https:\/\/zojopackaging.com\/?post_type=product&#038;p=2687"},"modified":"2025-03-28T19:30:44","modified_gmt":"2025-03-28T11:30:44","slug":"custom-vape-pen-packaging-box","status":"publish","type":"product","link":"https:\/\/zojopackaging.com\/pl\/product\/custom-vape-pen-packaging-box\/","title":{"rendered":"Niestandardowy sk\u0142adany karton Vape Pen z wieszakiem Producent"},"content":{"rendered":"<h1>Niestandardowy sk\u0142adany karton Vape Pen z wieszakiem Producent<\/h1>\n<div class=\"auto-hide-last-sibling-br paragraph-ae1685 br-paragraph-space\">\n<p>Niestandardowe opakowanie na d\u0142ugopisy Vape - idealne rozwi\u0105zanie do prezentacji i ochrony produkt\u00f3w!<\/p>\n<p>Zaprojektowane z my\u015bl\u0105 zar\u00f3wno o stylu, jak i funkcjonalno\u015bci, nasze niestandardowe opakowania s\u0105 dostosowane do konkretnych potrzeb i to\u017csamo\u015bci marki.<\/p>\n<p>To, co naprawd\u0119 wyr\u00f3\u017cnia nasze niestandardowe opakowania na d\u0142ugopisy Vape, to opcje dostosowywania. Masz swobod\u0119 wyboru rozmiaru, kszta\u0142tu, koloru i nadruku, kt\u00f3re s\u0105 zgodne z estetyk\u0105 Twojej marki. Niezale\u017cnie od tego, czy wolisz odwa\u017cny i nowoczesny design, czy bardziej klasyczny i wyrafinowany wygl\u0105d, mo\u017cemy urzeczywistni\u0107 Twoj\u0105 wizj\u0119.<\/p>\n<p>Niestandardowe opakowanie nie tylko zwi\u0119ksza atrakcyjno\u015b\u0107 wizualn\u0105 pi\u00f3r vape, ale tak\u017ce s\u0142u\u017cy jako pot\u0119\u017cne narz\u0119dzie marketingowe. Wyeksponowane logo marki i unikalny przekaz pomagaj\u0105 zwi\u0119kszy\u0107 rozpoznawalno\u015b\u0107 marki i lojalno\u015b\u0107 klient\u00f3w.<\/p>\n<h1><strong>Specyfikacja<\/strong><\/h1>\n<table width=\"1153\">\n<tbody>\n<tr>\n<td width=\"373\">Wymiary<\/td>\n<td width=\"373\">Wszystkie niestandardowe rozmiary i kszta\u0142ty<\/td>\n<\/tr>\n<tr>\n<td width=\"373\">Drukowanie<\/td>\n<td width=\"373\">CMYK, PMS, bez nadruku<\/td>\n<\/tr>\n<tr>\n<td width=\"373\">Papier zapasowy<\/td>\n<td width=\"373\">10pt do 28pt (60lb do 400lb) Ekologiczny Kraft, tektura falista E-flute, tektura Bux, karton<\/td>\n<\/tr>\n<tr>\n<td width=\"373\">Ilo\u015bci<\/td>\n<td width=\"373\">500- 500,000<\/td>\n<\/tr>\n<tr>\n<td width=\"373\">Pow\u0142oka<\/td>\n<td width=\"373\">B\u0142yszcz\u0105cy, matowy, punktowy UV<\/td>\n<\/tr>\n<tr>\n<td width=\"373\">Proces domy\u015blny<\/td>\n<td width=\"373\">Sztancowanie, klejenie, nacinanie, perforacja<\/td>\n<\/tr>\n<tr>\n<td width=\"373\">Opcje<\/td>\n<td width=\"373\">Niestandardowe wyci\u0119cie okna, foliowanie z\u0142ote\/srebrne, wyt\u0142aczanie, wypuk\u0142y atrament, arkusz PVC.<\/td>\n<\/tr>\n<tr>\n<td width=\"373\">Dow\u00f3d<\/td>\n<td width=\"373\">Widok p\u0142aski, makieta 3D, pr\u00f3bkowanie fizyczne (na \u017c\u0105danie)<\/td>\n<\/tr>\n<tr>\n<td width=\"373\">Czas realizacji<\/td>\n<td width=\"373\">7-14 dni roboczych, po\u015bpiech<\/td>\n<\/tr>\n<tr>\n<td width=\"373\">MOQ<\/td>\n<td width=\"373\">500<\/td>\n<\/tr>\n<tr>\n<td width=\"373\">Czas pr\u00f3by<\/td>\n<td width=\"373\">3-5 dni<\/td>\n<\/tr>\n<tr>\n<td width=\"373\">Termin p\u0142atno\u015bci<\/td>\n<td width=\"373\">T \/ T, Western Union, Paypal, depozyt 30% i saldo 70% przed wysy\u0142k\u0105.<\/td>\n<\/tr>\n<\/tbody>\n<\/table>\n<\/div>\n<h1 class=\"auto-hide-last-sibling-br paragraph-ae1685 br-paragraph-space\">Co oferujemy w sprzeda\u017cy hurtowej opakowa\u0144 na d\u0142ugopisy Vape?<\/h1>\n<div class=\"auto-hide-last-sibling-br paragraph-ae1685 br-paragraph-space\">Jeste\u015bmy zespo\u0142em profesjonalist\u00f3w i wcze\u015bniej pracowali\u015bmy nad wieloma niestandardowymi produktami drukowanymi na poziomie hurtowym, takimi jak pude\u0142ka na naboje vape i opakowania vape. Zamie\u015bcili\u015bmy projekty na naszej stronie internetowej i oferujemy bezp\u0142atne wsparcie projektowe. Wszystko, co musisz zrobi\u0107, to przedstawi\u0107 sw\u00f3j pomys\u0142, a my zajmiemy si\u0119 nawet kwestiami wymiar\u00f3w i wielko\u015bci, prezentuj\u0105c Ci produkt ko\u0144cowy najwy\u017cszej jako\u015bci.<\/div>\n<div><\/div>\n<h1 class=\"auto-hide-last-sibling-br paragraph-ae1685 br-paragraph-space\">Czego szukasz w swoim opakowaniu Vape?<\/h1>\n<div class=\"auto-hide-last-sibling-br paragraph-ae1685 br-paragraph-space\">Je\u015bli jeste\u015b biznesmenem, bez w\u0105tpienia szukasz dw\u00f3ch rzeczy: jako\u015bci i niskich koszt\u00f3w. Jednak zidentyfikowanie firmy oferuj\u0105cej wysokiej jako\u015bci pude\u0142ka w niskich cenach jest wyzwaniem, pomimo licznych zapewnie\u0144. W rzeczywisto\u015bci ka\u017cda firma opakowaniowa d\u0105\u017cy do zwi\u0119kszenia obrot\u00f3w. Ale je\u015bli chodzi o jako\u015b\u0107 i koszty, We Custom Boxes s\u0105 niezwykle uczciwi. Naszym celem jest u\u0142atwienie klientowi w ka\u017cdym aspekcie. Opracowujemy pude\u0142ka vape, aby spe\u0142ni\u0107 wszystkie Twoje wymagania.<\/div>\n<div><\/div>\n<div class=\"auto-hide-last-sibling-br paragraph-ae1685 br-paragraph-space\">Szeroka gama vape box\u00f3w jest dost\u0119pna w sprzeda\u017cy na naszej stronie internetowej. Mo\u017cesz potwierdzi\u0107 ich cen\u0119 i jako\u015b\u0107, prosz\u0105c o pr\u00f3bk\u0119, kt\u00f3ra mo\u017ce zosta\u0107 dostarczona pod twoje drzwi w ograniczonym czasie. Je\u015bli jeste\u015b zadowolony z ceny i jako\u015bci, mo\u017cesz z\u0142o\u017cy\u0107 wi\u0119ksze zam\u00f3wienie.<\/div>\n<h1 class=\"auto-hide-last-sibling-br paragraph-ae1685 br-paragraph-space\">Jak niestandardowe pude\u0142ka oferuj\u0105 wi\u0119kszy wyb\u00f3r<\/h1>\n<div class=\"auto-hide-last-sibling-br paragraph-ae1685 br-paragraph-space\">My Custom Boxes pozwala na wyb\u00f3r spo\u015br\u00f3d wielu styl\u00f3w, kszta\u0142t\u00f3w, wzor\u00f3w i kolor\u00f3w pude\u0142ek. Istniej\u0105 dwa sposoby post\u0119powania. Albo mo\u017cesz przedstawi\u0107 wszystkie swoje konkretne \u017cyczenia, takie jak badanie produkt\u00f3w marki i poproszenie nas o opracowanie pude\u0142ek o okre\u015blonym kolorze, wzorze lub kszta\u0142cie. Mo\u017cesz te\u017c poprosi\u0107 naszych ekspert\u00f3w o wskaz\u00f3wki dotycz\u0105ce tego, co najlepiej pasuje.<\/div>\n<h1 class=\"auto-hide-last-sibling-br paragraph-ae1685 br-paragraph-space\">Zapytanie ofertowe<\/h1>\n<div class=\"auto-hide-last-sibling-br paragraph-ae1685 br-paragraph-space\">Skontaktuj si\u0119 z nami za po\u015brednictwem poczty elektronicznej pod adresem <span style=\"color: #ff0000;\"><strong>info@zojoprint.com <\/strong><span style=\"color: #000000;\">lub<\/span><strong> vickio@zojopackaging.com<\/strong><\/span>. Mo\u017cesz r\u00f3wnie\u017c zadzwoni\u0107 do nas pod podany numer telefonu w dowolnym momencie. Nasza obs\u0142uga klienta jest dost\u0119pna 24 godziny na dob\u0119. Ponadto mo\u017cesz uzyska\u0107 natychmiastow\u0105 odpowied\u017a na swoje zapytanie za po\u015brednictwem naszego czatu na \u017cywo.<\/div>\n<div class=\"widget block block-static-block\">\n<div class=\"landing-page-section option-bottom\">\n<div class=\"custom-materials-tabs-content container container-adjustment\">\n<div class=\"custom-materials-tab-content active\">\n<div class=\"widget block block-static-block\">\n<p><!---end of option item--><\/p>\n<\/div>\n<\/div>\n<\/div>\n<\/div>\n<\/div>","protected":false},"excerpt":{"rendered":"<p>Niestandardowe pude\u0142ka na d\u0142ugopisy Vape to najlepszy spos\u00f3b na stylow\u0105 prezentacj\u0119 d\u0142ugopis\u00f3w Vape. Kup opakowania na d\u0142ugopisy Vape w cenie hurtowej. Bezp\u0142atne wsparcie projektowe\uff01<\/p>\n<p>Personalizacja: Mo\u017cliwo\u015b\u0107 dostosowania rozmiaru\/druku\/materia\u0142u\/wyko\u0144czenia\/kszta\u0142tu itp.<br \/>\nRodzaj materia\u0142u: Ekologiczne, posiadaj\u0105 certyfikaty FSC\/ISO\/BSCI<br \/>\nCzas produkcji: Pr\u00f3bka 1-3 dni; Luzem 7-9 dni<br \/>\nCzas wysy\u0142ki: Express 3-7 dni; Air 12-16 dni; Boat 25-30 dni\uff08R\u00f3\u017cne kraje maj\u0105 r\u00f3\u017cne czasy)<\/p>\n<p>Cena:Skontaktuj si\u0119 z nami, aby wys\u0142a\u0107 zapytanie!<\/p>\n<p>&nbsp;<\/p>","protected":false},"featured_media":2692,"template":"","meta":[],"product_brand":[],"product_cat":[30,418,430,31],"product_tag":[817,849,848],"class_list":{"0":"post-2687","1":"product","2":"type-product","3":"status-publish","4":"has-post-thumbnail","6":"product_cat-by-industry","7":"product_cat-custom-cbd-boxes","8":"product_cat-folding-cartons","9":"product_cat-paper-box-style","10":"product_tag-custom-box","11":"product_tag-hanger-box-manufacturer","12":"product_tag-vape-pen-folding-carton","14":"first","15":"instock","16":"shipping-taxable","17":"product-type-grouped"},"_links":{"self":[{"href":"https:\/\/zojopackaging.com\/pl\/wp-json\/wp\/v2\/product\/2687","targetHints":{"allow":["GET"]}}],"collection":[{"href":"https:\/\/zojopackaging.com\/pl\/wp-json\/wp\/v2\/product"}],"about":[{"href":"https:\/\/zojopackaging.com\/pl\/wp-json\/wp\/v2\/types\/product"}],"version-history":[{"count":2,"href":"https:\/\/zojopackaging.com\/pl\/wp-json\/wp\/v2\/product\/2687\/revisions"}],"predecessor-version":[{"id":8504,"href":"https:\/\/zojopackaging.com\/pl\/wp-json\/wp\/v2\/product\/2687\/revisions\/8504"}],"wp:featuredmedia":[{"embeddable":true,"href":"https:\/\/zojopackaging.com\/pl\/wp-json\/wp\/v2\/media\/2692"}],"wp:attachment":[{"href":"https:\/\/zojopackaging.com\/pl\/wp-json\/wp\/v2\/media?parent=2687"}],"wp:term":[{"taxonomy":"product_brand","embeddable":true,"href":"https:\/\/zojopackaging.com\/pl\/wp-json\/wp\/v2\/product_brand?post=2687"},{"taxonomy":"product_cat","embeddable":true,"href":"https:\/\/zojopackaging.com\/pl\/wp-json\/wp\/v2\/product_cat?post=2687"},{"taxonomy":"product_tag","embeddable":true,"href":"https:\/\/zojopackaging.com\/pl\/wp-json\/wp\/v2\/product_tag?post=2687"}],"curies":[{"name":"wp","href":"https:\/\/api.w.org\/{rel}","templated":true}]}}