{"id":2694,"date":"2024-03-12T17:05:03","date_gmt":"2024-03-12T09:05:03","guid":{"rendered":"https:\/\/zojopackaging.com\/?post_type=product&#038;p=2694"},"modified":"2025-03-28T19:44:03","modified_gmt":"2025-03-28T11:44:03","slug":"wholesale-e-cigarette-boxes","status":"publish","type":"product","link":"https:\/\/zojopackaging.com\/pl\/product\/wholesale-e-cigarette-boxes\/","title":{"rendered":"Niestandardowy hurtowy producent karton\u00f3w Vape"},"content":{"rendered":"<h1 class=\"LC20lb MBeuO DKV0Md\">Hurtowe pude\u0142ka na e-papierosy<\/h1>\n<p>Nasze hurtowe pude\u0142ka na e-papierosy - najlepsze rozwi\u0105zanie opakowaniowe dla Twojej firmy!<\/p>\n<p>Nasze hurtowe pude\u0142ka na e-papierosy zosta\u0142y zaprojektowane w celu zaspokojenia r\u00f3\u017cnorodnych potrzeb rynku e-papieros\u00f3w. Wykonane z precyzj\u0105 i przy u\u017cyciu wysokiej jako\u015bci materia\u0142\u00f3w, pude\u0142ka te zapewniaj\u0105 doskona\u0142\u0105 ochron\u0119 cennych produkt\u00f3w.<\/p>\n<h2><strong>Dlaczego warto wybra\u0107 opcj\u0119 sprzeda\u017cy hurtowej?<\/strong><\/h2>\n<p>Dzi\u0119ki zakupom hurtowym mo\u017cesz cieszy\u0107 si\u0119 znacznymi oszcz\u0119dno\u015bciami bez uszczerbku dla jako\u015bci. To sprawia, \u017ce jest to idealny wyb\u00f3r dla firm ka\u017cdej wielko\u015bci, zar\u00f3wno startup\u00f3w, jak i przedsi\u0119biorstw o ugruntowanej pozycji na rynku.<\/p>\n<p>Rozumiemy znaczenie brandingu. W\u0142a\u015bnie dlatego nasze hurtowe pude\u0142ka na e-papierosy mo\u017cna dostosowa\u0107 za pomoc\u0105 logo, kolor\u00f3w marki i unikalnej grafiki. Pomaga to stworzy\u0107 sp\u00f3jny i rozpoznawalny wizerunek marki, zwi\u0119kszaj\u0105c lojalno\u015b\u0107 klient\u00f3w i \u015bwiadomo\u015b\u0107 marki.<\/p>\n<p>Nasze zaanga\u017cowanie w jako\u015b\u0107 gwarantuje, \u017ce ka\u017cde pude\u0142ko jest trwa\u0142e i niezawodne, zapewniaj\u0105c bezpieczne rozwi\u0105zanie opakowaniowe, kt\u00f3re chroni e-papierosy przed uszkodzeniem podczas przechowywania i transportu.<\/p>\n<h1><strong>Specyfikacja<\/strong><\/h1>\n<table style=\"height: 456px;\" width=\"1153\">\n<tbody>\n<tr>\n<td width=\"373\">Wymiary<\/td>\n<td width=\"373\">Wszystkie niestandardowe rozmiary i kszta\u0142ty<\/td>\n<\/tr>\n<tr>\n<td width=\"373\">Drukowanie<\/td>\n<td width=\"373\">CMYK, PMS, bez nadruku<\/td>\n<\/tr>\n<tr>\n<td width=\"373\">Papier zapasowy<\/td>\n<td width=\"373\">10pt do 28pt (60lb do 400lb) Ekologiczny Kraft, tektura falista E-flute, tektura Bux, karton<\/td>\n<\/tr>\n<tr>\n<td width=\"373\">Ilo\u015bci<\/td>\n<td width=\"373\">500- 500,000<\/td>\n<\/tr>\n<tr>\n<td width=\"373\">Pow\u0142oka<\/td>\n<td width=\"373\">B\u0142yszcz\u0105cy, matowy, punktowy UV<\/td>\n<\/tr>\n<tr>\n<td width=\"373\">Proces domy\u015blny<\/td>\n<td width=\"373\">Sztancowanie, klejenie, nacinanie, perforacja<\/td>\n<\/tr>\n<tr>\n<td width=\"373\">Opcje<\/td>\n<td width=\"373\">Niestandardowe wyci\u0119cie okna, foliowanie z\u0142ote\/srebrne, wyt\u0142aczanie, wypuk\u0142y atrament, arkusz PVC.<\/td>\n<\/tr>\n<tr>\n<td width=\"373\">Dow\u00f3d<\/td>\n<td width=\"373\">Widok p\u0142aski, makieta 3D, pr\u00f3bkowanie fizyczne (na \u017c\u0105danie)<\/td>\n<\/tr>\n<tr>\n<td width=\"373\">Czas realizacji<\/td>\n<td width=\"373\">7-14 dni roboczych, po\u015bpiech<\/td>\n<\/tr>\n<tr>\n<td width=\"373\">MOQ<\/td>\n<td width=\"373\">500<\/td>\n<\/tr>\n<tr>\n<td width=\"373\">Czas pr\u00f3by<\/td>\n<td width=\"373\">3-5 dni<\/td>\n<\/tr>\n<tr>\n<td width=\"373\">Termin p\u0142atno\u015bci<\/td>\n<td width=\"373\">T \/ T, Western Union, Paypal, depozyt 30% i saldo 70% przed wysy\u0142k\u0105.<\/td>\n<\/tr>\n<\/tbody>\n<\/table>\n<div class=\"widget block block-static-block\">\n<div class=\"landing-page-section option-bottom\">\n<div class=\"custom-materials-tabs-content container container-adjustment\">\n<div class=\"custom-materials-tab-content active\">\n<div class=\"widget block block-static-block\">\n<div class=\"options-items\">\n<div class=\"flex-grid-row-option\">\n<div class=\"flex-grid-item-option\">\n<div class=\"material-box\">\n<div class=\"material-des\">\n<p>&nbsp;<\/p>\n<\/div>\n<p>&nbsp;<\/p>\n<\/div>\n<\/div>\n<\/div>\n<\/div>\n<p><!---end of option item--><\/p>\n<\/div>\n<\/div>\n<\/div>\n<\/div>\n<\/div>","protected":false},"excerpt":{"rendered":"<p>Uzyskaj niestandardowe pude\u0142ka vape w cenach hurtowych. Zaprojektuj w\u0142asne pude\u0142ka do pakowania vape od niezawodnego dostawcy pude\u0142ek ju\u017c teraz!<\/p>\n<p>Personalizacja: Mo\u017cliwo\u015b\u0107 dostosowania rozmiaru\/druku\/materia\u0142u\/wyko\u0144czenia\/kszta\u0142tu itp.<br \/>\nRodzaj materia\u0142u: Ekologiczne, posiadaj\u0105 certyfikaty FSC\/ISO\/BSCI<br \/>\nCzas produkcji: Pr\u00f3bka 1-3 dni; Luzem 7-9 dni<br \/>\nCzas wysy\u0142ki: Express 3-7 dni; Air 12-16 dni; Boat 25-30 dni\uff08R\u00f3\u017cne kraje maj\u0105 r\u00f3\u017cne czasy)<\/p>\n<p>Cena:Skontaktuj si\u0119 z nami, aby wys\u0142a\u0107 zapytanie!<\/p>","protected":false},"featured_media":2700,"template":"","meta":[],"product_brand":[],"product_cat":[30,418,430,31],"product_tag":[852,850,851],"class_list":{"0":"post-2694","1":"product","2":"type-product","3":"status-publish","4":"has-post-thumbnail","6":"product_cat-by-industry","7":"product_cat-custom-cbd-boxes","8":"product_cat-folding-cartons","9":"product_cat-paper-box-style","10":"product_tag-custom-wholesale-box","11":"product_tag-custom-wholesale-vape-cardboard-box","12":"product_tag-vape-cardboard-box","14":"first","15":"instock","16":"shipping-taxable","17":"product-type-grouped"},"_links":{"self":[{"href":"https:\/\/zojopackaging.com\/pl\/wp-json\/wp\/v2\/product\/2694","targetHints":{"allow":["GET"]}}],"collection":[{"href":"https:\/\/zojopackaging.com\/pl\/wp-json\/wp\/v2\/product"}],"about":[{"href":"https:\/\/zojopackaging.com\/pl\/wp-json\/wp\/v2\/types\/product"}],"version-history":[{"count":2,"href":"https:\/\/zojopackaging.com\/pl\/wp-json\/wp\/v2\/product\/2694\/revisions"}],"predecessor-version":[{"id":5959,"href":"https:\/\/zojopackaging.com\/pl\/wp-json\/wp\/v2\/product\/2694\/revisions\/5959"}],"wp:featuredmedia":[{"embeddable":true,"href":"https:\/\/zojopackaging.com\/pl\/wp-json\/wp\/v2\/media\/2700"}],"wp:attachment":[{"href":"https:\/\/zojopackaging.com\/pl\/wp-json\/wp\/v2\/media?parent=2694"}],"wp:term":[{"taxonomy":"product_brand","embeddable":true,"href":"https:\/\/zojopackaging.com\/pl\/wp-json\/wp\/v2\/product_brand?post=2694"},{"taxonomy":"product_cat","embeddable":true,"href":"https:\/\/zojopackaging.com\/pl\/wp-json\/wp\/v2\/product_cat?post=2694"},{"taxonomy":"product_tag","embeddable":true,"href":"https:\/\/zojopackaging.com\/pl\/wp-json\/wp\/v2\/product_tag?post=2694"}],"curies":[{"name":"wp","href":"https:\/\/api.w.org\/{rel}","templated":true}]}}