{"id":2703,"date":"2024-03-12T17:08:41","date_gmt":"2024-03-12T09:08:41","guid":{"rendered":"https:\/\/zojopackaging.com\/?post_type=product&#038;p=2703"},"modified":"2025-03-28T20:06:21","modified_gmt":"2025-03-28T12:06:21","slug":"custom-e-cigarette-cardboard-box","status":"publish","type":"product","link":"https:\/\/zojopackaging.com\/pl\/product\/custom-e-cigarette-cardboard-box\/","title":{"rendered":"Niestandardowi producenci kartonowych pude\u0142ek na e-papierosy"},"content":{"rendered":"<h1>Niestandardowi producenci kartonowych pude\u0142ek na e-papierosy<\/h1>\n<p>Przedstawiamy nasze niestandardowe pude\u0142ko kartonowe na e-papierosy - idealne rozwi\u0105zanie opakowaniowe, kt\u00f3re wzmocni Twoj\u0105 mark\u0119 e-papieros\u00f3w.<\/p>\n<p>Wysokiej jako\u015bci materia\u0142 kartonowy zapewnia trwa\u0142o\u015b\u0107, chroni\u0105c e-papierosy przed potencjalnymi uszkodzeniami podczas transportu i przechowywania. Mo\u017cliwo\u015b\u0107 personalizacji tych pude\u0142ek jest tym, co je wyr\u00f3\u017cnia. Mo\u017cesz wybiera\u0107 spo\u015br\u00f3d szerokiej gamy kolor\u00f3w, wyko\u0144cze\u0144 i opcji drukowania, aby stworzy\u0107 pude\u0142ko zgodne z unikaln\u0105 to\u017csamo\u015bci\u0105 Twojej marki.<br \/>\nNiezale\u017cnie od tego, czy wolisz elegancki i nowoczesny wygl\u0105d, czy bardziej wyszukany projekt, nasz zesp\u00f3\u0142 ekspert\u00f3w b\u0119dzie \u015bci\u015ble wsp\u00f3\u0142pracowa\u0107 z Tob\u0105, aby urzeczywistni\u0107 Twoj\u0105 wizj\u0119. Dodaj logo marki, informacje o produkcie i atrakcyjn\u0105 grafik\u0119, aby wyr\u00f3\u017cni\u0107 swoje e-papierosy na p\u00f3\u0142kach sklepowych.<\/p>\n<p>Niestandardowe pude\u0142ko kartonowe na e-papierosy nie tylko chroni produkt, ale tak\u017ce s\u0142u\u017cy jako narz\u0119dzie marketingowe. Jego atrakcyjny wizualnie design przyci\u0105ga wzrok konsument\u00f3w, zwi\u0119kszaj\u0105c \u015bwiadomo\u015b\u0107 marki i nap\u0119dzaj\u0105c sprzeda\u017c.<\/p>\n<p>Rozumiemy znaczenie jako\u015bci i dba\u0142o\u015bci o szczeg\u00f3\u0142y. Ka\u017cde pude\u0142ko jest wykonane z precyzj\u0105, aby zapewni\u0107 idealne dopasowanie do urz\u0105dze\u0144 i akcesori\u00f3w do e-papieros\u00f3w.<\/p>\n<h1><strong>Specyfikacja<\/strong><\/h1>\n<table style=\"height: 456px;\" width=\"1153\">\n<tbody>\n<tr>\n<td width=\"373\">Wymiary<\/td>\n<td width=\"373\">Wszystkie niestandardowe rozmiary i kszta\u0142ty<\/td>\n<\/tr>\n<tr>\n<td width=\"373\">Drukowanie<\/td>\n<td width=\"373\">CMYK, PMS, bez nadruku<\/td>\n<\/tr>\n<tr>\n<td width=\"373\">Papier zapasowy<\/td>\n<td width=\"373\">10pt do 28pt (60lb do 400lb) Ekologiczny Kraft, tektura falista E-flute, tektura Bux, karton<\/td>\n<\/tr>\n<tr>\n<td width=\"373\">Ilo\u015bci<\/td>\n<td width=\"373\">500- 500,000<\/td>\n<\/tr>\n<tr>\n<td width=\"373\">Pow\u0142oka<\/td>\n<td width=\"373\">B\u0142yszcz\u0105cy, matowy, punktowy UV<\/td>\n<\/tr>\n<tr>\n<td width=\"373\">Proces domy\u015blny<\/td>\n<td width=\"373\">Sztancowanie, klejenie, nacinanie, perforacja<\/td>\n<\/tr>\n<tr>\n<td width=\"373\">Opcje<\/td>\n<td width=\"373\">Niestandardowe wyci\u0119cie okna, foliowanie z\u0142ote\/srebrne, wyt\u0142aczanie, wypuk\u0142y atrament, arkusz PVC.<\/td>\n<\/tr>\n<tr>\n<td width=\"373\">Dow\u00f3d<\/td>\n<td width=\"373\">Widok p\u0142aski, makieta 3D, pr\u00f3bkowanie fizyczne (na \u017c\u0105danie)<\/td>\n<\/tr>\n<tr>\n<td width=\"373\">Czas realizacji<\/td>\n<td width=\"373\">7-14 dni roboczych, po\u015bpiech<\/td>\n<\/tr>\n<tr>\n<td width=\"373\">MOQ<\/td>\n<td width=\"373\">500<\/td>\n<\/tr>\n<tr>\n<td width=\"373\">Czas pr\u00f3by<\/td>\n<td width=\"373\">3-5 dni<\/td>\n<\/tr>\n<tr>\n<td width=\"373\">Termin p\u0142atno\u015bci<\/td>\n<td width=\"373\">T \/ T, Western Union, Paypal, depozyt 30% i saldo 70% przed wysy\u0142k\u0105.<\/td>\n<\/tr>\n<\/tbody>\n<\/table>\n<div class=\"widget block block-static-block\">\n<div class=\"landing-page-section option-bottom\">\n<div class=\"custom-materials-tabs-content container container-adjustment\">\n<div class=\"custom-materials-tab-content active\">\n<div class=\"widget block block-static-block\">\n<div class=\"options-items\">\n<div class=\"flex-grid-row-option\">\n<div class=\"flex-grid-item-option\">\n<div class=\"material-box\">\n<div class=\"material-des\">\n<p>&nbsp;<\/p>\n<\/div>\n<p>&nbsp;<\/p>\n<\/div>\n<\/div>\n<\/div>\n<\/div>\n<p><!---end of option item--><\/p>\n<\/div>\n<\/div>\n<\/div>\n<\/div>\n<\/div>","protected":false},"excerpt":{"rendered":"<p>Niezale\u017cnie od tego, czy pakujesz d\u0142ugopisy vape, jednorazowe e-papierosy, czy urz\u0105dzenia wielokrotnego nape\u0142niania, nasze pude\u0142ka zapewniaj\u0105 bezpieczne przechowywanie i trwa\u0142e opakowanie, aby Twoje produkty pasowa\u0142y.<\/p>\n<p>Rodzaj materia\u0142u: Ekologiczne, posiadaj\u0105 certyfikaty FSC\/ISO\/BSCI<br \/>\nCzas produkcji: Pr\u00f3bka 1-3 dni; Luzem 7-9 dni<br \/>\nCzas wysy\u0142ki: Express 3-7 dni; Air 12-16 dni; Boat 25-30 dni\uff08R\u00f3\u017cne kraje maj\u0105 r\u00f3\u017cne czasy)<\/p>\n<p>Cena:Skontaktuj si\u0119 z nami, aby wys\u0142a\u0107 zapytanie!<\/p>","protected":false},"featured_media":2709,"template":"","meta":[],"product_brand":[],"product_cat":[30,420,430],"product_tag":[853,817,332],"class_list":{"0":"post-2703","1":"product","2":"type-product","3":"status-publish","4":"has-post-thumbnail","6":"product_cat-by-industry","7":"product_cat-custom-cannabis-boxes","8":"product_cat-folding-cartons","9":"product_tag-box-supplier","10":"product_tag-custom-box","11":"product_tag-e-cigarette-cardboard-box","13":"first","14":"instock","15":"shipping-taxable","16":"product-type-grouped"},"_links":{"self":[{"href":"https:\/\/zojopackaging.com\/pl\/wp-json\/wp\/v2\/product\/2703","targetHints":{"allow":["GET"]}}],"collection":[{"href":"https:\/\/zojopackaging.com\/pl\/wp-json\/wp\/v2\/product"}],"about":[{"href":"https:\/\/zojopackaging.com\/pl\/wp-json\/wp\/v2\/types\/product"}],"version-history":[{"count":2,"href":"https:\/\/zojopackaging.com\/pl\/wp-json\/wp\/v2\/product\/2703\/revisions"}],"predecessor-version":[{"id":8506,"href":"https:\/\/zojopackaging.com\/pl\/wp-json\/wp\/v2\/product\/2703\/revisions\/8506"}],"wp:featuredmedia":[{"embeddable":true,"href":"https:\/\/zojopackaging.com\/pl\/wp-json\/wp\/v2\/media\/2709"}],"wp:attachment":[{"href":"https:\/\/zojopackaging.com\/pl\/wp-json\/wp\/v2\/media?parent=2703"}],"wp:term":[{"taxonomy":"product_brand","embeddable":true,"href":"https:\/\/zojopackaging.com\/pl\/wp-json\/wp\/v2\/product_brand?post=2703"},{"taxonomy":"product_cat","embeddable":true,"href":"https:\/\/zojopackaging.com\/pl\/wp-json\/wp\/v2\/product_cat?post=2703"},{"taxonomy":"product_tag","embeddable":true,"href":"https:\/\/zojopackaging.com\/pl\/wp-json\/wp\/v2\/product_tag?post=2703"}],"curies":[{"name":"wp","href":"https:\/\/api.w.org\/{rel}","templated":true}]}}