{"id":2710,"date":"2024-03-12T17:11:58","date_gmt":"2024-03-12T09:11:58","guid":{"rendered":"https:\/\/zojopackaging.com\/?post_type=product&#038;p=2710"},"modified":"2025-03-28T20:28:40","modified_gmt":"2025-03-28T12:28:40","slug":"e-cigarette-buckle-bottom-cardboard-box","status":"publish","type":"product","link":"https:\/\/zojopackaging.com\/pl\/product\/e-cigarette-buckle-bottom-cardboard-box\/","title":{"rendered":"Sk\u0142adane pude\u0142ko kartonowe na e-liquid na zam\u00f3wienie - dostawca hurtowy"},"content":{"rendered":"<h1>Sk\u0142adane pude\u0142ko kartonowe na e-liquid na zam\u00f3wienie - dostawca hurtowy<\/h1>\n<p>To niestandardowe pude\u0142ko kartonowe zosta\u0142o zaprojektowane z precyzj\u0105 i dba\u0142o\u015bci\u0105 o szczeg\u00f3\u0142y. Zapinane dno zapewnia stabilno\u015b\u0107 i wytrzyma\u0142o\u015b\u0107, zapewniaj\u0105c niezawodny pojemnik na cenne e-papierosy.<\/p>\n<p>Nasze niestandardowe pude\u0142ko kartonowe na papierosy elektroniczne oferuje wysoki poziom personalizacji. Masz swobod\u0119 wyboru rozmiaru, koloru i opcji drukowania, kt\u00f3re idealnie pasuj\u0105 do to\u017csamo\u015bci Twojej marki. Niezale\u017cnie od tego, czy wolisz odwa\u017cny i \u017cywy wygl\u0105d, czy wyrafinowany i elegancki styl, mo\u017cemy stworzy\u0107 pude\u0142ko, kt\u00f3re zaprezentuje Twoj\u0105 mark\u0119 e-papieros\u00f3w w najlepszym \u015bwietle.<\/p>\n<p>Zastosowanie wysokiej jako\u015bci materia\u0142u kartonowego gwarantuje trwa\u0142o\u015b\u0107 i ochron\u0119. Chroni on e-papierosy przed uszkodzeniami zewn\u0119trznymi podczas przechowywania, transportu i ekspozycji.<\/p>\n<p>Niezale\u017cnie od tego, czy jeste\u015b startupem, czy uznan\u0105 mark\u0105 e-papieros\u00f3w, nasze niestandardowe pude\u0142ko kartonowe na e-papierosy jest idealnym wyborem, aby podnie\u015b\u0107 jako\u015b\u0107 opakowania i pozostawi\u0107 trwa\u0142e wra\u017cenie na klientach.<\/p>\n<h1><strong>Specyfikacja<\/strong><\/h1>\n<table style=\"height: 456px;\" width=\"1153\">\n<tbody>\n<tr>\n<td width=\"373\">Wymiary<\/td>\n<td width=\"373\">Wszystkie niestandardowe rozmiary i kszta\u0142ty<\/td>\n<\/tr>\n<tr>\n<td width=\"373\">Drukowanie<\/td>\n<td width=\"373\">CMYK, PMS, bez nadruku<\/td>\n<\/tr>\n<tr>\n<td width=\"373\">Papier zapasowy<\/td>\n<td width=\"373\">10pt do 28pt (60lb do 400lb) Ekologiczny Kraft, tektura falista E-flute, tektura Bux, karton<\/td>\n<\/tr>\n<tr>\n<td width=\"373\">Ilo\u015bci<\/td>\n<td width=\"373\">500- 500,000<\/td>\n<\/tr>\n<tr>\n<td width=\"373\">Pow\u0142oka<\/td>\n<td width=\"373\">B\u0142yszcz\u0105cy, matowy, punktowy UV<\/td>\n<\/tr>\n<tr>\n<td width=\"373\">Proces domy\u015blny<\/td>\n<td width=\"373\">Sztancowanie, klejenie, nacinanie, perforacja<\/td>\n<\/tr>\n<tr>\n<td width=\"373\">Opcje<\/td>\n<td width=\"373\">Niestandardowe wyci\u0119cie okna, foliowanie z\u0142ote\/srebrne, wyt\u0142aczanie, wypuk\u0142y atrament, arkusz PVC.<\/td>\n<\/tr>\n<tr>\n<td width=\"373\">Dow\u00f3d<\/td>\n<td width=\"373\">Widok p\u0142aski, makieta 3D, pr\u00f3bkowanie fizyczne (na \u017c\u0105danie)<\/td>\n<\/tr>\n<tr>\n<td width=\"373\">Czas realizacji<\/td>\n<td width=\"373\">7-14 dni roboczych, po\u015bpiech<\/td>\n<\/tr>\n<tr>\n<td width=\"373\">MOQ<\/td>\n<td width=\"373\">500<\/td>\n<\/tr>\n<tr>\n<td width=\"373\">Czas pr\u00f3by<\/td>\n<td width=\"373\">3-5 dni<\/td>\n<\/tr>\n<tr>\n<td width=\"373\">Termin p\u0142atno\u015bci<\/td>\n<td width=\"373\">T \/ T, Western Union, Paypal, depozyt 30% i saldo 70% przed wysy\u0142k\u0105.<\/td>\n<\/tr>\n<\/tbody>\n<\/table>\n<p>&nbsp;<\/p>\n<div class=\"widget block block-static-block\">\n<div class=\"landing-page-section option-bottom\">\n<div class=\"custom-materials-tabs-content container container-adjustment\">\n<div class=\"custom-materials-tab-content active\">\n<div class=\"widget block block-static-block\">\n<div class=\"options-items\">\n<div class=\"flex-grid-row-option\">\n<div class=\"flex-grid-item-option\">\n<div class=\"material-box\">\n<div class=\"material-des\">\n<p>&nbsp;<\/p>\n<\/div>\n<p>&nbsp;<\/p>\n<\/div>\n<\/div>\n<\/div>\n<\/div>\n<p><!---end of option item--><\/p>\n<\/div>\n<\/div>\n<\/div>\n<\/div>\n<\/div>","protected":false},"excerpt":{"rendered":"<p>Jako producent pude\u0142ek na e-liquid, Ideal Custom Boxes zapewnia wysokiej jako\u015bci rozwi\u0105zania z wymaganymi cechami nowoczesnych opakowa\u0144.<\/p>\n<p>Rodzaj materia\u0142u: Ekologiczne, posiadaj\u0105 certyfikaty FSC\/ISO\/BSCI<br \/>\nCzas produkcji: Pr\u00f3bka 1-3 dni; Luzem 7-9 dni<br \/>\nCzas wysy\u0142ki: Express 3-7 dni; Air 12-16 dni; Boat 25-30 dni\uff08R\u00f3\u017cne kraje maj\u0105 r\u00f3\u017cne czasy)<\/p>\n<p>Cena:Skontaktuj si\u0119 z nami, aby wys\u0142a\u0107 zapytanie!<\/p>","protected":false},"featured_media":2711,"template":"","meta":[],"product_brand":[],"product_cat":[30,418,430,31],"product_tag":[854,855,856],"class_list":{"0":"post-2710","1":"product","2":"type-product","3":"status-publish","4":"has-post-thumbnail","6":"product_cat-by-industry","7":"product_cat-custom-cbd-boxes","8":"product_cat-folding-cartons","9":"product_cat-paper-box-style","10":"product_tag-bespoke-box","11":"product_tag-box-wholesale-supplier","12":"product_tag-e-liquid-folding-cardboard-box","14":"first","15":"instock","16":"shipping-taxable","17":"product-type-grouped"},"_links":{"self":[{"href":"https:\/\/zojopackaging.com\/pl\/wp-json\/wp\/v2\/product\/2710","targetHints":{"allow":["GET"]}}],"collection":[{"href":"https:\/\/zojopackaging.com\/pl\/wp-json\/wp\/v2\/product"}],"about":[{"href":"https:\/\/zojopackaging.com\/pl\/wp-json\/wp\/v2\/types\/product"}],"version-history":[{"count":2,"href":"https:\/\/zojopackaging.com\/pl\/wp-json\/wp\/v2\/product\/2710\/revisions"}],"predecessor-version":[{"id":8507,"href":"https:\/\/zojopackaging.com\/pl\/wp-json\/wp\/v2\/product\/2710\/revisions\/8507"}],"wp:featuredmedia":[{"embeddable":true,"href":"https:\/\/zojopackaging.com\/pl\/wp-json\/wp\/v2\/media\/2711"}],"wp:attachment":[{"href":"https:\/\/zojopackaging.com\/pl\/wp-json\/wp\/v2\/media?parent=2710"}],"wp:term":[{"taxonomy":"product_brand","embeddable":true,"href":"https:\/\/zojopackaging.com\/pl\/wp-json\/wp\/v2\/product_brand?post=2710"},{"taxonomy":"product_cat","embeddable":true,"href":"https:\/\/zojopackaging.com\/pl\/wp-json\/wp\/v2\/product_cat?post=2710"},{"taxonomy":"product_tag","embeddable":true,"href":"https:\/\/zojopackaging.com\/pl\/wp-json\/wp\/v2\/product_tag?post=2710"}],"curies":[{"name":"wp","href":"https:\/\/api.w.org\/{rel}","templated":true}]}}