{"id":2717,"date":"2024-03-12T17:14:33","date_gmt":"2024-03-12T09:14:33","guid":{"rendered":"https:\/\/zojopackaging.com\/?post_type=product&#038;p=2717"},"modified":"2025-03-28T14:27:07","modified_gmt":"2025-03-28T06:27:07","slug":"custom-electronic-cigarette-packaging-box","status":"publish","type":"product","link":"https:\/\/zojopackaging.com\/pl\/product\/custom-electronic-cigarette-packaging-box\/","title":{"rendered":"Niestandardowe pude\u0142ka na marihuan\u0119 z zabezpieczeniem przed dzie\u0107mi"},"content":{"rendered":"<h1>Niestandardowe pude\u0142ka na marihuan\u0119 z zabezpieczeniem przed dzie\u0107mi<\/h1>\n<p>Szukasz unikalnego i przyci\u0105gaj\u0105cego wzrok rozwi\u0105zania opakowaniowego dla swoich produkt\u00f3w z marihuany? Nasze niestandardowe opakowania vape to idealny wyb\u00f3r!<br \/>\nZaprojektowane z precyzj\u0105 i kreatywno\u015bci\u0105, nasze pude\u0142ka do pakowania nie tylko chroni\u0105 waporyzatory, ale tak\u017ce zwi\u0119kszaj\u0105 ich atrakcyjno\u015b\u0107 wizualn\u0105. Rozumiemy znaczenie brandingu na konkurencyjnym rynku, a nasze niestandardowe pude\u0142ka pozwalaj\u0105 zaprezentowa\u0107 logo, kolory marki i unikalne elementy projektu.<\/p>\n<h1><strong>Specyfikacja<\/strong><\/h1>\n<table style=\"height: 456px;\" width=\"1153\">\n<tbody>\n<tr>\n<td width=\"373\">Wymiary<\/td>\n<td width=\"373\">Wszystkie niestandardowe rozmiary i kszta\u0142ty<\/td>\n<\/tr>\n<tr>\n<td width=\"373\">Drukowanie<\/td>\n<td width=\"373\">CMYK, PMS, bez nadruku<\/td>\n<\/tr>\n<tr>\n<td width=\"373\">Papier zapasowy<\/td>\n<td width=\"373\">10pt do 28pt (60lb do 400lb) Ekologiczny Kraft, tektura falista E-flute, tektura Bux, karton<\/td>\n<\/tr>\n<tr>\n<td width=\"373\">Ilo\u015bci<\/td>\n<td width=\"373\">500- 500,000<\/td>\n<\/tr>\n<tr>\n<td width=\"373\">Pow\u0142oka<\/td>\n<td width=\"373\">B\u0142yszcz\u0105cy, matowy, punktowy UV<\/td>\n<\/tr>\n<tr>\n<td width=\"373\">Proces domy\u015blny<\/td>\n<td width=\"373\">Sztancowanie, klejenie, nacinanie, perforacja<\/td>\n<\/tr>\n<tr>\n<td width=\"373\">Opcje<\/td>\n<td width=\"373\">Niestandardowe wyci\u0119cie okna, foliowanie z\u0142ote\/srebrne, wyt\u0142aczanie, wypuk\u0142y atrament, arkusz PVC.<\/td>\n<\/tr>\n<tr>\n<td width=\"373\">Dow\u00f3d<\/td>\n<td width=\"373\">Widok p\u0142aski, makieta 3D, pr\u00f3bkowanie fizyczne (na \u017c\u0105danie)<\/td>\n<\/tr>\n<tr>\n<td width=\"373\">Czas realizacji<\/td>\n<td width=\"373\">7-14 dni roboczych, po\u015bpiech<\/td>\n<\/tr>\n<tr>\n<td width=\"373\">MOQ<\/td>\n<td width=\"373\">500<\/td>\n<\/tr>\n<tr>\n<td width=\"373\">Czas pr\u00f3by<\/td>\n<td width=\"373\">\u00a05 dni<\/td>\n<\/tr>\n<tr>\n<td width=\"373\">Termin p\u0142atno\u015bci<\/td>\n<td width=\"373\">T \/ T, Western Union, Paypal, depozyt 30% i saldo 70% przed wysy\u0142k\u0105.<\/td>\n<\/tr>\n<\/tbody>\n<\/table>\n<p>Nasz zesp\u00f3\u0142 ekspert\u00f3w \u015bci\u015ble wsp\u00f3\u0142pracuje z klientem, aby zapewni\u0107, \u017ce ka\u017cdy aspekt opakowania spe\u0142nia jego specyficzne wymagania. Od rozmiaru i kszta\u0142tu po materia\u0142 i wyko\u0144czenie, oferujemy szerok\u0105 gam\u0119 opcji, aby stworzy\u0107 opakowanie, kt\u00f3re wyr\u00f3\u017cnia si\u0119 na p\u00f3\u0142kach.<\/p>\n<p>Wybieraj spo\u015br\u00f3d wysokiej jako\u015bci materia\u0142\u00f3w, takich jak karton, tektura lub plastik, i wybieraj spo\u015br\u00f3d r\u00f3\u017cnych wyko\u0144cze\u0144, takich jak matowe, b\u0142yszcz\u0105ce lub wyt\u0142aczane, aby doda\u0107 odrobin\u0119 luksusu i wyrafinowania.<br \/>\nNiestandardowe opakowania papieros\u00f3w elektronicznych zapewniaj\u0105 r\u00f3wnie\u017c du\u017co miejsca na informacje o produkcie, instrukcje i ostrze\u017cenia dotycz\u0105ce bezpiecze\u0144stwa, zapewniaj\u0105c zgodno\u015b\u0107 z przepisami i dostarczaj\u0105c konsumentom wszystkich niezb\u0119dnych szczeg\u00f3\u0142\u00f3w.<\/p>\n<p><strong><a href=\"https:\/\/zojopackaging.com\/pl\/contact-us\/\">Skontaktuj si\u0119 z nami<\/a><\/strong> ju\u017c dzi\u015b, aby rozpocz\u0105\u0107 tworzenie idealnego rozwi\u0105zania opakowaniowego!<\/p>\n<h1>Co oferujemy w zakresie niestandardowych opakowa\u0144 kartrid\u017cy Vape:<\/h1>\n<p>\u015awiadczymy nasze us\u0142ugi dla naszych cenionych klient\u00f3w od lat i pracowali\u015bmy ju\u017c nad wieloma niestandardowymi opakowaniami, takimi jak opakowania kartonowe na wk\u0142ady vape, niestandardowe drukowane wk\u0142ady vape, opakowania na olej Vape i opakowania Vape. Nie poprzestajemy jednak na tym i nadal \u015bwiadczymy us\u0142ugi dla wielu naszych klient\u00f3w. Oferujemy r\u00f3wnie\u017c bezp\u0142atne wsparcie projektowe dla wszystkich naszych klient\u00f3w. Mamy du\u017ce do\u015bwiadczenie w naszej dziedzinie, wystarczy, \u017ce przedstawisz nam sw\u00f3j pomys\u0142, a my zajmiemy si\u0119 r\u00f3wnie\u017c kwestiami wymiar\u00f3w i rozmiar\u00f3w.<\/p>\n<h1>Niestandardowe opakowanie vape<\/h1>\n<p>W \u015bwiecie vape istnieje wiele marek na rynku, z kt\u00f3rymi mo\u017cna konkurowa\u0107. Dlatego te\u017c klasyczny wygl\u0105d sta\u0142 si\u0119 obowi\u0105zkowy, aby przetrwa\u0107 konkurencj\u0119. Niestandardowe rozwi\u0105zania w zakresie opakowa\u0144 vape odgrywaj\u0105 w tym wzgl\u0119dzie znacz\u0105c\u0105 rol\u0119. Pude\u0142ka te zwi\u0119kszaj\u0105 widoczno\u015b\u0107 produkt\u00f3w, podkre\u015blaj\u0105c mark\u0119 na rynku. Kartonowe pude\u0142ka na vape to najlepszy spos\u00f3b na zachowanie ich jako\u015bci. S\u0105 one zaprojektowane tak, aby spe\u0142nia\u0107 oczekiwania klient\u00f3w i aktualne trendy rynkowe. Custom Boxes jest jednym z najwi\u0119kszych producent\u00f3w hurtowych, kt\u00f3ry oferuje wysokiej klasy pude\u0142ka w op\u0142acalnych cenach.<\/p>\n<h1>Wytrzyma\u0142y materia\u0142 dla ochrony 100%<\/h1>\n<p>Produkujemy pude\u0142ka do przechowywania vape z najlepszej jako\u015bci karton\u00f3w lub pude\u0142ek Kraft. Materia\u0142 jest trwa\u0142y i wystarczaj\u0105co wytrzyma\u0142y, aby zapewni\u0107 maksymaln\u0105 ochron\u0119 produktu. Zapewnia im bezpiecze\u0144stwo podczas przenoszenia, przechowywania i ekspozycji. Grubo\u015b\u0107 pude\u0142ka mo\u017cna dostosowa\u0107 do delikatno\u015bci cennych produkt\u00f3w. Taki \u017cywio\u0142owy wygl\u0105d niestandardowych hurtowych pude\u0142ek na papierosy elektroniczne sprawia, \u017ce Twoje produkty wyr\u00f3\u017cniaj\u0105 si\u0119 na p\u00f3\u0142kach sklepowych.<\/p>\n<div class=\"widget block block-static-block\">\n<div class=\"landing-page-section option-bottom\">\n<div class=\"custom-materials-tabs-content container container-adjustment\">\n<div class=\"custom-materials-tab-content active\">\n<div class=\"widget block block-static-block\">\n<div class=\"options-items\">\n<div class=\"flex-grid-row-option\">\n<div class=\"flex-grid-item-option\">\n<div class=\"material-box\">\n<p>&nbsp;<\/p>\n<\/div>\n<\/div>\n<\/div>\n<\/div>\n<p><!---end of option item--><\/p>\n<\/div>\n<\/div>\n<\/div>\n<\/div>\n<\/div>","protected":false},"excerpt":{"rendered":"<p>1. Zabezpieczenie przed dzie\u0107mi z boku zapobiega przypadkowemu po\u0142kni\u0119ciu produktu przez dzieci, ale doro\u015bli mog\u0105 go \u0142atwo otworzy\u0107<br \/>\n2. Technologia wyt\u0142aczania nadaje opakowaniu poczucie luksusu i wysokiej jako\u015bci prezentacji wizualnej.<br \/>\n3. R\u00f3\u017cne rozmiary mo\u017cna dostosowa\u0107 do produktu, odpowiednie dla wszystkich rodzaj\u00f3w opakowa\u0144 vape z konopi indyjskich<\/p>","protected":false},"featured_media":2718,"template":"","meta":[],"product_brand":[],"product_cat":[30,431,420,31],"product_tag":[794,795,796],"class_list":{"0":"post-2717","1":"product","2":"type-product","3":"status-publish","4":"has-post-thumbnail","6":"product_cat-by-industry","7":"product_cat-child-resistant-packaging","8":"product_cat-custom-cannabis-boxes","9":"product_cat-paper-box-style","10":"product_tag-child-resistant-cannabis-boxes","11":"product_tag-custom-cannabis-boxes","12":"product_tag-marijuana-cannabis-boxes","14":"first","15":"instock","16":"shipping-taxable","17":"product-type-grouped"},"_links":{"self":[{"href":"https:\/\/zojopackaging.com\/pl\/wp-json\/wp\/v2\/product\/2717","targetHints":{"allow":["GET"]}}],"collection":[{"href":"https:\/\/zojopackaging.com\/pl\/wp-json\/wp\/v2\/product"}],"about":[{"href":"https:\/\/zojopackaging.com\/pl\/wp-json\/wp\/v2\/types\/product"}],"version-history":[{"count":2,"href":"https:\/\/zojopackaging.com\/pl\/wp-json\/wp\/v2\/product\/2717\/revisions"}],"predecessor-version":[{"id":8459,"href":"https:\/\/zojopackaging.com\/pl\/wp-json\/wp\/v2\/product\/2717\/revisions\/8459"}],"wp:featuredmedia":[{"embeddable":true,"href":"https:\/\/zojopackaging.com\/pl\/wp-json\/wp\/v2\/media\/2718"}],"wp:attachment":[{"href":"https:\/\/zojopackaging.com\/pl\/wp-json\/wp\/v2\/media?parent=2717"}],"wp:term":[{"taxonomy":"product_brand","embeddable":true,"href":"https:\/\/zojopackaging.com\/pl\/wp-json\/wp\/v2\/product_brand?post=2717"},{"taxonomy":"product_cat","embeddable":true,"href":"https:\/\/zojopackaging.com\/pl\/wp-json\/wp\/v2\/product_cat?post=2717"},{"taxonomy":"product_tag","embeddable":true,"href":"https:\/\/zojopackaging.com\/pl\/wp-json\/wp\/v2\/product_tag?post=2717"}],"curies":[{"name":"wp","href":"https:\/\/api.w.org\/{rel}","templated":true}]}}