{"id":2724,"date":"2024-03-12T17:21:09","date_gmt":"2024-03-12T09:21:09","guid":{"rendered":"https:\/\/zojopackaging.com\/?post_type=product&#038;p=2724"},"modified":"2025-03-29T16:56:57","modified_gmt":"2025-03-29T08:56:57","slug":"wholesale-custom-packaging-box","status":"publish","type":"product","link":"https:\/\/zojopackaging.com\/pl\/product\/wholesale-custom-packaging-box\/","title":{"rendered":"Hurtownia niestandardowych opakowa\u0144 kartonowych Vape Pen Master Box"},"content":{"rendered":"<h1>Fabryczne hurtowe niestandardowe pude\u0142ko do pakowania<\/h1>\n<div class=\"auto-hide-last-sibling-br paragraph-ae1685 br-paragraph-space\">\n<p>Nasze fabryczne hurtowe niestandardowe pude\u0142ko do pakowania - najlepsze rozwi\u0105zanie dla wszystkich potrzeb zwi\u0105zanych z pakowaniem!<\/p>\n<p>Dzi\u0119ki naszej szerokiej gamie opcji dostosowywania masz swobod\u0119 projektowania opakowa\u0144, kt\u00f3re wyr\u00f3\u017cniaj\u0105 si\u0119 z t\u0142umu. Wybieraj spo\u015br\u00f3d r\u00f3\u017cnych materia\u0142\u00f3w, kolor\u00f3w, kszta\u0142t\u00f3w i rozmiar\u00f3w, aby stworzy\u0107 unikalne i przyci\u0105gaj\u0105ce wzrok opakowanie, kt\u00f3re przyci\u0105gnie uwag\u0119 klient\u00f3w.<\/p>\n<p>Nasze niestandardowe pude\u0142ka do pakowania nie tylko poprawiaj\u0105 estetyk\u0119 produkt\u00f3w, ale tak\u017ce zapewniaj\u0105 doskona\u0142\u0105 ochron\u0119 podczas wysy\u0142ki i przechowywania. Rozumiemy, jak wa\u017cne jest, aby Twoje towary by\u0142y bezpieczne i nienaruszone, a nasze pude\u0142ka s\u0105 zaprojektowane tak, aby wytrzyma\u0107 rygory \u0142a\u0144cucha dostaw.<\/p>\n<p>Niezale\u017cnie od tego, czy dzia\u0142asz w bran\u017cy detalicznej, spo\u017cywczej, kosmetycznej czy jakiejkolwiek innej, nasze fabryczne hurtowe opakowania niestandardowe s\u0105 idealnym wyborem dla firm, kt\u00f3re chc\u0105 wywrze\u0107 trwa\u0142e wra\u017cenie i zwi\u0119kszy\u0107 rozpoznawalno\u015b\u0107 marki. Wsp\u00f3\u0142pracuj z nami i do\u015bwiadcz p\u0142ynnej obs\u0142ugi, konkurencyjnych cen i opakowa\u0144, kt\u00f3re wyr\u00f3\u017cniaj\u0105 Twoje produkty.<\/p>\n<h1><strong>Specyfikacja<\/strong><\/h1>\n<table width=\"1153\">\n<tbody>\n<tr>\n<td width=\"373\">Wymiary<\/td>\n<td width=\"373\">Wszystkie niestandardowe rozmiary i kszta\u0142ty<\/td>\n<\/tr>\n<tr>\n<td width=\"373\">Drukowanie<\/td>\n<td width=\"373\">CMYK, PMS, bez nadruku<\/td>\n<\/tr>\n<tr>\n<td width=\"373\">Papier zapasowy<\/td>\n<td width=\"373\">10pt do 28pt (60lb do 400lb) Ekologiczny Kraft, tektura falista E-flute, tektura Bux, karton<\/td>\n<\/tr>\n<tr>\n<td width=\"373\">Ilo\u015bci<\/td>\n<td width=\"373\">500- 500,000<\/td>\n<\/tr>\n<tr>\n<td width=\"373\">Pow\u0142oka<\/td>\n<td width=\"373\">B\u0142yszcz\u0105cy, matowy, punktowy UV<\/td>\n<\/tr>\n<tr>\n<td width=\"373\">Proces domy\u015blny<\/td>\n<td width=\"373\">Sztancowanie, klejenie, nacinanie, perforacja<\/td>\n<\/tr>\n<tr>\n<td width=\"373\">Opcje<\/td>\n<td width=\"373\">Niestandardowe wyci\u0119cie okna, foliowanie z\u0142ote\/srebrne, wyt\u0142aczanie, wypuk\u0142y atrament, arkusz PVC.<\/td>\n<\/tr>\n<tr>\n<td width=\"373\">Dow\u00f3d<\/td>\n<td width=\"373\">Widok p\u0142aski, makieta 3D, pr\u00f3bkowanie fizyczne (na \u017c\u0105danie)<\/td>\n<\/tr>\n<tr>\n<td width=\"373\">Czas realizacji<\/td>\n<td width=\"373\">7-14 dni roboczych, po\u015bpiech<\/td>\n<\/tr>\n<tr>\n<td width=\"373\">MOQ<\/td>\n<td width=\"373\">500<\/td>\n<\/tr>\n<tr>\n<td width=\"373\">Czas pr\u00f3by<\/td>\n<td width=\"373\">3-5 dni<\/td>\n<\/tr>\n<tr>\n<td width=\"373\">Termin p\u0142atno\u015bci<\/td>\n<td width=\"373\">T \/ T, Western Union, Paypal, depozyt 30% i saldo 70% przed wysy\u0142k\u0105.<\/td>\n<\/tr>\n<\/tbody>\n<\/table>\n<\/div>\n<h1 class=\"auto-hide-last-sibling-br paragraph-ae1685 br-paragraph-space\">Dlaczego warto wybra\u0107 nasze fabryczne hurtowe niestandardowe pude\u0142ka do pakowania?<\/h1>\n<ul>\n<li class=\"auto-hide-last-sibling-br paragraph-ae1685 br-paragraph-space\"><strong>Niezr\u00f3wnana personalizacja<\/strong>: Rozumiemy, \u017ce Twoja marka jest jedyna w swoim rodzaju. Dlatego oferujemy nieograniczone mo\u017cliwo\u015bci personalizacji. Od rozmiaru i kszta\u0142tu po kolor i nadruk, masz pe\u0142n\u0105 kontrol\u0119 nad projektem, aby stworzy\u0107 opakowanie, kt\u00f3re odzwierciedla to\u017csamo\u015b\u0107 Twojej marki i wyr\u00f3\u017cnia si\u0119 na p\u00f3\u0142kach.<\/li>\n<li class=\"auto-hide-last-sibling-br paragraph-ae1685 br-paragraph-space\"><strong>Efektywne kosztowo rozwi\u0105zania<\/strong>: Wybieraj\u0105c nasz\u0105 fabryczn\u0105 opcj\u0119 hurtow\u0105, mo\u017cesz cieszy\u0107 si\u0119 znacznymi oszcz\u0119dno\u015bciami koszt\u00f3w bez uszczerbku dla jako\u015bci. Nasze wydajne procesy produkcyjne i mo\u017cliwo\u015b\u0107 zakup\u00f3w hurtowych pozwalaj\u0105 nam oferowa\u0107 konkurencyjne ceny, kt\u00f3re pomagaj\u0105 zmaksymalizowa\u0107 zyski.<\/li>\n<li class=\"auto-hide-last-sibling-br paragraph-ae1685 br-paragraph-space\"><strong>Najwy\u017csza jako\u015b\u0107<\/strong>: Nasze najnowocze\u015bniejsze zak\u0142ady produkcyjne i do\u015bwiadczony zesp\u00f3\u0142 zapewniaj\u0105, \u017ce ka\u017cde opakowanie jest produkowane zgodnie z najwy\u017cszymi standardami. Przeprowadzamy rygorystyczne kontrole jako\u015bci, aby zagwarantowa\u0107, \u017ce Twoje opakowanie jest bezb\u0142\u0119dne i gotowe do zwi\u0119kszenia warto\u015bci Twoich produkt\u00f3w.<\/li>\n<li class=\"auto-hide-last-sibling-br paragraph-ae1685 br-paragraph-space\"><strong>Szybka realizacja\u00a0<a href=\"\/\/sendMessage?ext=%7B%22s%24wiki_link%22%3A%22https%3A%2F%2Fm.baike.com%2Fwikiid%2F7246958217627762740%22%7D&amp;msg=Time\" target=\"_blank\" rel=\"noopener\">Czas<\/a><\/strong>: Wiemy, \u017ce w biznesie liczy si\u0119 czas. Nasz usprawniony proces produkcji umo\u017cliwia nam szybkie dostarczanie niestandardowych pude\u0142ek do pakowania, zapewniaj\u0105c dotrzymanie termin\u00f3w i p\u0142ynne dzia\u0142anie.<\/li>\n<li class=\"auto-hide-last-sibling-br paragraph-ae1685 br-paragraph-space\"><strong>Wyj\u0105tkowa obs\u0142uga klienta<\/strong>: Nasz oddany zesp\u00f3\u0142 dok\u0142ada wszelkich stara\u0144, aby zapewni\u0107 wyj\u0105tkow\u0105 obs\u0142ug\u0119 klienta podczas ca\u0142ego procesu. Od wst\u0119pnej konsultacji po wsparcie posprzeda\u017cowe, jeste\u015bmy tutaj, aby odpowiedzie\u0107 na Twoje pytania i zapewni\u0107 Ci satysfakcj\u0119.<\/li>\n<\/ul>\n<h1 class=\"auto-hide-last-sibling-br paragraph-ae1685 br-paragraph-space\"><strong>Kontakt w celu uzyskania szczeg\u00f3\u0142owych informacji<\/strong><\/h1>\n<div class=\"auto-hide-last-sibling-br paragraph-ae1685 br-paragraph-space\">W celu zapewnienia satysfakcji, prosimy o podanie dok\u0142adnych danych kontaktowych, aby zada\u0107 wszelkie pytania, kt\u00f3re pojawi\u0105 si\u0119 w Twojej g\u0142owie, wysy\u0142aj\u0105c nam bezpo\u015brednio wiadomo\u015b\u0107 e-mail na adres<span style=\"color: #ff0000;\">\u00a0<strong>info@zojoprint.com<\/strong><\/span>\u00a0lub dzwoni\u0105c pod numer +<span style=\"color: #ff0000;\"><strong>86 15017910372<\/strong><\/span>. Zam\u00f3wienie zostanie dostarczone w terminie od 8 do 10 dni roboczych. Wszelkie op\u00f3\u017anienia lub uszkodzenia s\u0105 nasz\u0105 odpowiedzialno\u015bci\u0105, dla kt\u00f3rej mamy odpowiednie zasady, wi\u0119c nie zawiedziemy Ci\u0119 w ca\u0142ym procesie produkcyjnym. Nasz zesp\u00f3\u0142 obs\u0142ugi klienta jest dost\u0119pny 24 godziny na dob\u0119, 7 dni w tygodniu, aby odpowiedzie\u0107 na w\u0105tpliwo\u015bci dotycz\u0105ce opakowa\u0144. Zobacz wi\u0119cej.<\/div>\n<div class=\"widget block block-static-block\">\n<div class=\"landing-page-section option-bottom\">\n<div class=\"custom-materials-tabs-content container container-adjustment\">\n<div class=\"custom-materials-tab-content active\">\n<div class=\"widget block block-static-block\">\n<p><!---end of option item--><\/p>\n<\/div>\n<\/div>\n<\/div>\n<\/div>\n<\/div>","protected":false},"excerpt":{"rendered":"<p>Pude\u0142ko g\u0142\u00f3wne zosta\u0142o zaprojektowane tak, aby idealnie pasowa\u0142o do pude\u0142ek na naboje vape. Co wi\u0119cej, g\u00f3rn\u0105 cz\u0119\u015b\u0107 pude\u0142ka mo\u017cna z\u0142o\u017cy\u0107 w celu ekspozycji lub podr\u00f3\u017cy.<\/p>\n<p>Personalizacja: Mo\u017cliwo\u015b\u0107 dostosowania rozmiaru\/druku\/materia\u0142u\/wyko\u0144czenia\/kszta\u0142tu itp.<br \/>\nRodzaj materia\u0142u: Ekologiczne, posiadaj\u0105 certyfikaty FSC\/ISO\/BSCI<br \/>\nCzas produkcji: Pr\u00f3bka 1-3 dni; Luzem 7-9 dni<br \/>\nCzas wysy\u0142ki: Express 3-7 dni; Air 12-16 dni; Boat 25-30 dni\uff08R\u00f3\u017cne kraje maj\u0105 r\u00f3\u017cne czasy)<\/p>\n<p>Cena:Skontaktuj si\u0119 z nami, aby wys\u0142a\u0107 zapytanie!<\/p>","protected":false},"featured_media":6417,"template":"","meta":[],"product_brand":[],"product_cat":[30,418,430,31],"product_tag":[909,908,907],"class_list":{"0":"post-2724","1":"product","2":"type-product","3":"status-publish","4":"has-post-thumbnail","6":"product_cat-by-industry","7":"product_cat-custom-cbd-boxes","8":"product_cat-folding-cartons","9":"product_cat-paper-box-style","10":"product_tag-vape-master-box","11":"product_tag-vape-pen-cardboard-box","12":"product_tag-wholesale-custom-box","14":"first","15":"instock","16":"shipping-taxable","17":"product-type-grouped"},"_links":{"self":[{"href":"https:\/\/zojopackaging.com\/pl\/wp-json\/wp\/v2\/product\/2724","targetHints":{"allow":["GET"]}}],"collection":[{"href":"https:\/\/zojopackaging.com\/pl\/wp-json\/wp\/v2\/product"}],"about":[{"href":"https:\/\/zojopackaging.com\/pl\/wp-json\/wp\/v2\/types\/product"}],"version-history":[{"count":2,"href":"https:\/\/zojopackaging.com\/pl\/wp-json\/wp\/v2\/product\/2724\/revisions"}],"predecessor-version":[{"id":8633,"href":"https:\/\/zojopackaging.com\/pl\/wp-json\/wp\/v2\/product\/2724\/revisions\/8633"}],"wp:featuredmedia":[{"embeddable":true,"href":"https:\/\/zojopackaging.com\/pl\/wp-json\/wp\/v2\/media\/6417"}],"wp:attachment":[{"href":"https:\/\/zojopackaging.com\/pl\/wp-json\/wp\/v2\/media?parent=2724"}],"wp:term":[{"taxonomy":"product_brand","embeddable":true,"href":"https:\/\/zojopackaging.com\/pl\/wp-json\/wp\/v2\/product_brand?post=2724"},{"taxonomy":"product_cat","embeddable":true,"href":"https:\/\/zojopackaging.com\/pl\/wp-json\/wp\/v2\/product_cat?post=2724"},{"taxonomy":"product_tag","embeddable":true,"href":"https:\/\/zojopackaging.com\/pl\/wp-json\/wp\/v2\/product_tag?post=2724"}],"curies":[{"name":"wp","href":"https:\/\/api.w.org\/{rel}","templated":true}]}}