{"id":2794,"date":"2024-03-13T13:45:24","date_gmt":"2024-03-13T05:45:24","guid":{"rendered":"https:\/\/zojopackaging.com\/?post_type=product&#038;p=2794"},"modified":"2025-03-28T10:49:06","modified_gmt":"2025-03-28T02:49:06","slug":"custom-printed-e-cigarette-packaging-boxes","status":"publish","type":"product","link":"https:\/\/zojopackaging.com\/pl\/product\/custom-printed-e-cigarette-packaging-boxes\/","title":{"rendered":"Niestandardowe markowe opakowanie na koncentrat konopi indyjskich Hurtownia"},"content":{"rendered":"<h1 class=\"LC20lb MBeuO DKV0Md\">Niestandardowe markowe opakowanie na koncentrat konopi indyjskich Hurtownia<\/h1>\n<p>Niestandardowe markowe opakowania na koncentraty konopi indyjskich w przyst\u0119pnych cenach. Uzyskaj drukowane pude\u0142ka na e-papierosy z bezp\u0142atn\u0105 wysy\u0142k\u0105 na terenie USA<\/p>\n<p><strong>Perfekcja szyta na miar\u0119<\/strong><br \/>\nNasze opakowania s\u0105 w pe\u0142ni konfigurowalne, aby spe\u0142ni\u0107 unikalne wymagania marki. Masz swobod\u0119 wyboru spo\u015br\u00f3d szerokiej gamy kolor\u00f3w, wzor\u00f3w i wyko\u0144cze\u0144, aby stworzy\u0107 opakowanie, kt\u00f3re naprawd\u0119 odzwierciedla to\u017csamo\u015b\u0107 Twojej marki i przyci\u0105ga wzrok konsument\u00f3w.<br \/>\n<strong>Doskona\u0142a ochrona<\/strong><br \/>\nWykonane z wysokiej jako\u015bci materia\u0142\u00f3w opakowania na tubki vape zapewniaj\u0105 bezpiecze\u0144stwo e-papieros\u00f3w. Chroni przed uszkodzeniami, wilgoci\u0105 i czynnikami zewn\u0119trznymi, utrzymuj\u0105c produkty w nieskazitelnym stanie, dop\u00f3ki nie trafi\u0105 do r\u0105k klient\u00f3w.<br \/>\n<strong>Kompaktowy i przeno\u015bny<\/strong><br \/>\nElegancka i rurowa konstrukcja opakowania sprawia, \u017ce jest ono bardzo wygodne i przeno\u015bne. Z \u0142atwo\u015bci\u0105 mie\u015bci si\u0119 w kieszeniach, torbach lub torebkach, umo\u017cliwiaj\u0105c vaperom noszenie ulubionych e-papieros\u00f3w w dowolnym miejscu.<br \/>\n<strong>Ulepszone do\u015bwiadczenie u\u017cytkownika<\/strong><br \/>\nMechanizm \u0142atwego otwierania i zamykania tuby zapewnia bezproblemowy dost\u0119p do urz\u0105dzenia vape. Nie chodzi tylko o opakowanie; chodzi o dodanie warto\u015bci do og\u00f3lnego do\u015bwiadczenia u\u017cytkownika.<br \/>\n<strong>Wszechstronne opcje<\/strong><br \/>\nNiezale\u017cnie od tego, czy masz do zapakowania pojedynczego e-papierosa, czy kompletny zestaw, nasze niestandardowe opakowania na tubki vape oferuj\u0105 wszechstronne rozwi\u0105zania dostosowane do r\u00f3\u017cnorodnej gamy produkt\u00f3w.<\/p>\n<h1><strong>Specyfikacja<\/strong><\/h1>\n<div class=\"widget block block-static-block\">\n<div class=\"landing-page-section option-bottom\">\n<div class=\"custom-materials-tabs-content container container-adjustment\">\n<div class=\"custom-materials-tab-content active\">\n<div class=\"widget block block-static-block\">\n<div class=\"options-items\">\n<div class=\"flex-grid-row-option\">\n<div class=\"flex-grid-item-option\">\n<div class=\"material-box\">\n<div class=\"material-des\">\n<table class=\"table table-striped\" width=\"1140\">\n<tbody>\n<tr class=\"firstRow\">\n<td>Wymiary<\/td>\n<td>Wszystkie niestandardowe rozmiary i kszta\u0142ty<\/td>\n<\/tr>\n<tr>\n<td>Drukowanie<\/td>\n<td>CMYK, PMS, bez nadruku<\/td>\n<\/tr>\n<tr>\n<td>Papier zapasowy<\/td>\n<td>10pt do 28pt (60lb do 400lb) Ekologiczny Kraft, tektura falista E-flute, tektura Bux, karton<\/td>\n<\/tr>\n<tr>\n<td>Ilo\u015bci<\/td>\n<td>500 - 500,000<\/td>\n<\/tr>\n<tr>\n<td>Pow\u0142oka<\/td>\n<td>B\u0142yszcz\u0105cy, matowy, punktowy UV<\/td>\n<\/tr>\n<tr>\n<td>Proces domy\u015blny<\/td>\n<td>Sztancowanie, klejenie, nacinanie, perforacja<\/td>\n<\/tr>\n<tr>\n<td>Opcje<\/td>\n<td>Niestandardowe wyci\u0119cie okna, foliowanie z\u0142ote\/srebrne, wyt\u0142aczanie, wypuk\u0142y atrament, arkusz PVC.<\/td>\n<\/tr>\n<tr>\n<td>Dow\u00f3d<\/td>\n<td>Widok p\u0142aski, makieta 3D, pr\u00f3bkowanie fizyczne (na \u017c\u0105danie)<\/td>\n<\/tr>\n<tr>\n<td>Czas realizacji<\/td>\n<td>7-14 dni roboczych, po\u015bpiech<\/td>\n<\/tr>\n<tr>\n<td>MOQ<\/td>\n<td>500<\/td>\n<\/tr>\n<\/tbody>\n<\/table>\n<\/div>\n<p>&nbsp;<\/p>\n<\/div>\n<\/div>\n<\/div>\n<\/div>\n<\/div>\n<\/div>\n<\/div>\n<\/div>\n<\/div>","protected":false},"excerpt":{"rendered":"<p>1. Magnetyczne zamkni\u0119cie pude\u0142ka, wbudowany magnes, aby unikn\u0105\u0107 zewn\u0119trznego zu\u017cycia, wizualnie prostszy, mo\u017ce w wi\u0119kszym stopniu podkre\u015bli\u0107 cechy produktu<br \/>\n2. R\u00f3\u017cne rozmiary mo\u017cna dostosowa\u0107 do produktu, odpowiednie do pakowania r\u00f3\u017cnych koncentrat\u00f3w konopi.<br \/>\n3. technologia z\u0142otej folii t\u0142oczonej na gor\u0105co, nadaj\u0105ca opakowaniu poczucie luksusu i wysokiej jako\u015bci prezentacji wizualnej.<\/p>","protected":false},"featured_media":6397,"template":"","meta":[],"product_brand":[],"product_cat":[30,420,424,31],"product_tag":[750,751,752],"class_list":{"0":"post-2794","1":"product","2":"type-product","3":"status-publish","4":"has-post-thumbnail","6":"product_cat-by-industry","7":"product_cat-custom-cannabis-boxes","8":"product_cat-magnetic-closure-boxes","9":"product_cat-paper-box-style","10":"product_tag-concentrate-packaging","11":"product_tag-concentrate-packaging-box","12":"product_tag-concentrate-packaging-box-wholesale","14":"first","15":"instock","16":"shipping-taxable","17":"product-type-grouped"},"_links":{"self":[{"href":"https:\/\/zojopackaging.com\/pl\/wp-json\/wp\/v2\/product\/2794","targetHints":{"allow":["GET"]}}],"collection":[{"href":"https:\/\/zojopackaging.com\/pl\/wp-json\/wp\/v2\/product"}],"about":[{"href":"https:\/\/zojopackaging.com\/pl\/wp-json\/wp\/v2\/types\/product"}],"version-history":[{"count":2,"href":"https:\/\/zojopackaging.com\/pl\/wp-json\/wp\/v2\/product\/2794\/revisions"}],"predecessor-version":[{"id":8438,"href":"https:\/\/zojopackaging.com\/pl\/wp-json\/wp\/v2\/product\/2794\/revisions\/8438"}],"wp:featuredmedia":[{"embeddable":true,"href":"https:\/\/zojopackaging.com\/pl\/wp-json\/wp\/v2\/media\/6397"}],"wp:attachment":[{"href":"https:\/\/zojopackaging.com\/pl\/wp-json\/wp\/v2\/media?parent=2794"}],"wp:term":[{"taxonomy":"product_brand","embeddable":true,"href":"https:\/\/zojopackaging.com\/pl\/wp-json\/wp\/v2\/product_brand?post=2794"},{"taxonomy":"product_cat","embeddable":true,"href":"https:\/\/zojopackaging.com\/pl\/wp-json\/wp\/v2\/product_cat?post=2794"},{"taxonomy":"product_tag","embeddable":true,"href":"https:\/\/zojopackaging.com\/pl\/wp-json\/wp\/v2\/product_tag?post=2794"}],"curies":[{"name":"wp","href":"https:\/\/api.w.org\/{rel}","templated":true}]}}