{"id":2804,"date":"2024-03-13T13:50:29","date_gmt":"2024-03-13T05:50:29","guid":{"rendered":"https:\/\/zojopackaging.com\/?post_type=product&#038;p=2804"},"modified":"2025-03-24T19:11:58","modified_gmt":"2025-03-24T11:11:58","slug":"custom-vape-cartridge-packaging","status":"publish","type":"product","link":"https:\/\/zojopackaging.com\/pl\/product\/custom-vape-cartridge-packaging\/","title":{"rendered":"Wysokiej jako\u015bci niestandardowe opakowania na naboje do waporyzator\u00f3w Vape Wholesale"},"content":{"rendered":"<h1>Niestandardowe opakowania na kartrid\u017ce Vape<\/h1>\n<p>Wraz z rosn\u0105cymi potrzebami \u015bwiatowej populacji powstaje wiele firm, aby zaspokoi\u0107 popyt, w\u015br\u00f3d nich produkcja vape jest jedn\u0105 z najwi\u0119kszych nazw. Przy tak wielu firmach produkuj\u0105cych ten sam produkt coraz trudniej jest przyci\u0105gn\u0105\u0107 uwag\u0119 i konkurowa\u0107 z konkurencj\u0105. Mo\u017cesz by\u0107 spokojny, poniewa\u017c z nami nie musisz si\u0119 ju\u017c martwi\u0107 o ten problem. Jeste\u015bmy firm\u0105 sk\u0142adaj\u0105c\u0105 si\u0119 z wykwalifikowanych pracownik\u00f3w i specjalizujemy si\u0119 w produkcji opakowa\u0144 na zam\u00f3wienie. Wystarczy, \u017ce przedstawisz nam sw\u00f3j pomys\u0142, a my zajmiemy si\u0119 reszt\u0105.<\/p>\n<h1>Co oferujemy w zakresie niestandardowych opakowa\u0144 kartrid\u017cy Vape:<\/h1>\n<p>\u015awiadczymy nasze us\u0142ugi dla naszych cenionych klient\u00f3w od lat i pracowali\u015bmy ju\u017c nad wieloma niestandardowymi opakowaniami, takimi jak opakowania kartonowe na wk\u0142ady vape, niestandardowe drukowane wk\u0142ady vape, opakowania na olej Vape i opakowania Vape. Nie poprzestajemy jednak na tym i nadal \u015bwiadczymy us\u0142ugi dla wielu naszych klient\u00f3w. Oferujemy r\u00f3wnie\u017c bezp\u0142atne wsparcie projektowe dla wszystkich naszych klient\u00f3w. Mamy du\u017ce do\u015bwiadczenie w naszej dziedzinie, wystarczy, \u017ce przedstawisz nam sw\u00f3j pomys\u0142, a my zajmiemy si\u0119 r\u00f3wnie\u017c kwestiami wymiar\u00f3w i rozmiar\u00f3w.<\/p>\n<h1>Niestandardowe opakowanie papieros\u00f3w elektronicznych<\/h1>\n<p>W \u015bwiecie e-papieros\u00f3w istnieje wiele marek na rynku, z kt\u00f3rymi mo\u017cna konkurowa\u0107. Dlatego te\u017c klasyczny wygl\u0105d sta\u0142 si\u0119 obowi\u0105zkowy, aby przetrwa\u0107 konkurencj\u0119. Niestandardowe rozwi\u0105zania do pakowania papieros\u00f3w elektronicznych odgrywaj\u0105 w tym wzgl\u0119dzie znacz\u0105c\u0105 rol\u0119. Pude\u0142ka te zwi\u0119kszaj\u0105 widoczno\u015b\u0107 produkt\u00f3w, podkre\u015blaj\u0105c mark\u0119 na rynku. Kartonowe pude\u0142ka na papierosy elektroniczne to najlepszy spos\u00f3b na zachowanie ich jako\u015bci. S\u0105 one zaprojektowane tak, aby spe\u0142nia\u0107 oczekiwania klient\u00f3w i aktualne trendy rynkowe. Custom Boxes jest jednym z najwi\u0119kszych producent\u00f3w hurtowych, kt\u00f3ry oferuje wysokiej klasy pude\u0142ka w op\u0142acalnych cenach.<\/p>\n<h1>Wytrzyma\u0142y materia\u0142 dla ochrony 100%<\/h1>\n<p>Produkujemy pude\u0142ka do przechowywania e-papieros\u00f3w z najlepszej jako\u015bci karton\u00f3w lub pude\u0142ek Kraft. Materia\u0142 jest trwa\u0142y i wystarczaj\u0105co wytrzyma\u0142y, aby zapewni\u0107 maksymaln\u0105 ochron\u0119 produktu. Zapewnia im bezpiecze\u0144stwo podczas przenoszenia, przechowywania i ekspozycji. Grubo\u015b\u0107 pude\u0142ka mo\u017cna dostosowa\u0107 do delikatno\u015bci cennych produkt\u00f3w. Taki \u017cywio\u0142owy wygl\u0105d niestandardowych hurtowych pude\u0142ek na papierosy elektroniczne sprawia, \u017ce Twoje produkty wyr\u00f3\u017cniaj\u0105 si\u0119 na p\u00f3\u0142kach sklepowych.<\/p>\n<h1>Materia\u0142y u\u017cywane do pakowania<\/h1>\n<p>Wyb\u00f3r materia\u0142u, kt\u00f3rego u\u017cywamy do naszych niestandardowych opakowa\u0144, zale\u017cy wy\u0142\u0105cznie od Ciebie, niezale\u017cnie od tego, czy chcesz u\u017cy\u0107 ci\u0119\u017ckiego papieru, czy prostego materia\u0142u kartonowego. Naszym celem jest dostarczenie produktu ko\u0144cowego najwy\u017cszej jako\u015bci.<\/p>\n<h1><strong>Specyfikacja<\/strong><\/h1>\n<table style=\"height: 456px;\" width=\"1153\">\n<tbody>\n<tr>\n<td width=\"373\">Wymiary<\/td>\n<td width=\"373\">Wszystkie niestandardowe rozmiary i kszta\u0142ty<\/td>\n<\/tr>\n<tr>\n<td width=\"373\">Drukowanie<\/td>\n<td width=\"373\">CMYK, PMS, bez nadruku<\/td>\n<\/tr>\n<tr>\n<td width=\"373\">Papier zapasowy<\/td>\n<td width=\"373\">10pt do 28pt (60lb do 400lb) Ekologiczny Kraft, tektura falista E-flute, tektura Bux, karton<\/td>\n<\/tr>\n<tr>\n<td width=\"373\">Ilo\u015bci<\/td>\n<td width=\"373\">500- 500,000<\/td>\n<\/tr>\n<tr>\n<td width=\"373\">Pow\u0142oka<\/td>\n<td width=\"373\">B\u0142yszcz\u0105cy, matowy, punktowy UV<\/td>\n<\/tr>\n<tr>\n<td width=\"373\">Proces domy\u015blny<\/td>\n<td width=\"373\">Sztancowanie, klejenie, nacinanie, perforacja<\/td>\n<\/tr>\n<tr>\n<td width=\"373\">Opcje<\/td>\n<td width=\"373\">Niestandardowe wyci\u0119cie okna, foliowanie z\u0142ote\/srebrne, wyt\u0142aczanie, wypuk\u0142y atrament, arkusz PVC.<\/td>\n<\/tr>\n<tr>\n<td width=\"373\">Dow\u00f3d<\/td>\n<td width=\"373\">Widok p\u0142aski, makieta 3D, pr\u00f3bkowanie fizyczne (na \u017c\u0105danie)<\/td>\n<\/tr>\n<tr>\n<td width=\"373\">Czas realizacji<\/td>\n<td width=\"373\">7-14 dni roboczych, po\u015bpiech<\/td>\n<\/tr>\n<tr>\n<td width=\"373\">MOQ<\/td>\n<td width=\"373\">500<\/td>\n<\/tr>\n<tr>\n<td width=\"373\">Czas pr\u00f3by<\/td>\n<td width=\"373\">\u00a05 dni<\/td>\n<\/tr>\n<tr>\n<td width=\"373\">Termin p\u0142atno\u015bci<\/td>\n<td width=\"373\">T \/ T, Western Union, Paypal, depozyt 30% i saldo 70% przed wysy\u0142k\u0105.<\/td>\n<\/tr>\n<\/tbody>\n<\/table>\n<div class=\"widget block block-static-block\">\n<div class=\"landing-page-section option-bottom\">\n<div class=\"custom-materials-tabs-content container container-adjustment\">\n<div class=\"custom-materials-tab-content active\">\n<div class=\"widget block block-static-block\">\n<p><!---end of option item--><\/p>\n<\/div>\n<\/div>\n<\/div>\n<\/div>\n<\/div>","protected":false},"excerpt":{"rendered":"<ul>\n<li>MOQ: 500 sztuk<\/li>\n<li>Czas dostawy: 7-14 dni roboczych, po\u015bpiech<\/li>\n<li>Wymiary na zam\u00f3wienie (\u015brednica x wysoko\u015b\u0107)<\/li>\n<li>Drukowanie na zam\u00f3wienie<\/li>\n<li>Przyjazny dla \u015brodowiska, nadaj\u0105cy si\u0119 do recyklingu i niezawieraj\u0105cy plastiku<\/li>\n<li>Cena \uff1a Ostateczna cena zostanie dostosowana do produktu i wymaganej ilo\u015bci<\/li>\n<\/ul>","protected":false},"featured_media":2814,"template":"","meta":[],"product_brand":[],"product_cat":[30,431,420,31],"product_tag":[594,593,595],"class_list":{"0":"post-2804","1":"product","2":"type-product","3":"status-publish","4":"has-post-thumbnail","6":"product_cat-by-industry","7":"product_cat-child-resistant-packaging","8":"product_cat-custom-cannabis-boxes","9":"product_cat-paper-box-style","10":"product_tag-custom-vape-packaging","11":"product_tag-vape-cartridge-packaging","12":"product_tag-vape-packaging-wholesale","14":"first","15":"instock","16":"shipping-taxable","17":"product-type-grouped"},"_links":{"self":[{"href":"https:\/\/zojopackaging.com\/pl\/wp-json\/wp\/v2\/product\/2804","targetHints":{"allow":["GET"]}}],"collection":[{"href":"https:\/\/zojopackaging.com\/pl\/wp-json\/wp\/v2\/product"}],"about":[{"href":"https:\/\/zojopackaging.com\/pl\/wp-json\/wp\/v2\/types\/product"}],"version-history":[{"count":2,"href":"https:\/\/zojopackaging.com\/pl\/wp-json\/wp\/v2\/product\/2804\/revisions"}],"predecessor-version":[{"id":8119,"href":"https:\/\/zojopackaging.com\/pl\/wp-json\/wp\/v2\/product\/2804\/revisions\/8119"}],"wp:featuredmedia":[{"embeddable":true,"href":"https:\/\/zojopackaging.com\/pl\/wp-json\/wp\/v2\/media\/2814"}],"wp:attachment":[{"href":"https:\/\/zojopackaging.com\/pl\/wp-json\/wp\/v2\/media?parent=2804"}],"wp:term":[{"taxonomy":"product_brand","embeddable":true,"href":"https:\/\/zojopackaging.com\/pl\/wp-json\/wp\/v2\/product_brand?post=2804"},{"taxonomy":"product_cat","embeddable":true,"href":"https:\/\/zojopackaging.com\/pl\/wp-json\/wp\/v2\/product_cat?post=2804"},{"taxonomy":"product_tag","embeddable":true,"href":"https:\/\/zojopackaging.com\/pl\/wp-json\/wp\/v2\/product_tag?post=2804"}],"curies":[{"name":"wp","href":"https:\/\/api.w.org\/{rel}","templated":true}]}}