{"id":2978,"date":"2024-03-14T11:11:44","date_gmt":"2024-03-14T03:11:44","guid":{"rendered":"https:\/\/zojopackaging.com\/?post_type=product&#038;p=2978"},"modified":"2025-04-03T17:07:53","modified_gmt":"2025-04-03T09:07:53","slug":"customized-perfume-card-box","status":"publish","type":"product","link":"https:\/\/zojopackaging.com\/pl\/product\/customized-perfume-card-box\/","title":{"rendered":"Dostosowane pude\u0142ko kartonowe na perfumy Producent w Chinach"},"content":{"rendered":"<h1>Dostosowane pude\u0142ko kartonowe na perfumy Producent w Chinach<\/h1>\n<p>Przedstawiamy nasz luksusowy Perfume Card Box, wyj\u0105tkowy i elegancki spos\u00f3b na przechowywanie i eksponowanie ulubionych zapach\u00f3w. To wykwintne pude\u0142ko zosta\u0142o zaprojektowane tak, aby pomie\u015bci\u0107 do 6 kart perfum, dzi\u0119ki czemu mo\u017cesz wygodnie nosi\u0107 ze sob\u0105 swoje charakterystyczne zapachy, gdziekolwiek jeste\u015b.<\/p>\n<p>Wykonane z wysokiej jako\u015bci materia\u0142\u00f3w, nasze pude\u0142ko na karty perfum ma elegancki i wyrafinowany design, kt\u00f3ry emanuje luksusem. Wn\u0119trze jest wy\u0142o\u017cone mi\u0119kkim aksamitem, aby chroni\u0107 karty perfum przed zadrapaniami i uszkodzeniami, podczas gdy zewn\u0119trzna strona jest ozdobiona pi\u0119knym wzorem, kt\u00f3ry dodaje odrobin\u0119 blasku do kolekcji.<\/p>\n<p>Niezale\u017cnie od tego, czy podr\u00f3\u017cujesz, czy po prostu chcesz uporz\u0105dkowa\u0107 swoje perfumy w domu, nasze pude\u0142ko na perfumy jest idealnym dodatkiem dla ka\u017cdego entuzjasty zapach\u00f3w. Spraw przyjemno\u015b\u0107 sobie lub zaskocz blisk\u0105 osob\u0119 tym stylowym i praktycznym pude\u0142kiem, kt\u00f3re \u0142\u0105czy funkcjonalno\u015b\u0107 z elegancj\u0105.<\/p>\n<p>Do\u015bwiadcz najwy\u017cszego luksusu w przechowywaniu perfum dzi\u0119ki naszemu pude\u0142ku na perfumy - poniewa\u017c Twoje ulubione zapachy zas\u0142uguj\u0105 na to, aby by\u0107 prezentowane w dobrym stylu.<\/p>\n<h1><strong>Specyfikacja<\/strong><\/h1>\n<div class=\"widget block block-static-block\">\n<div class=\"landing-page-section option-bottom\">\n<div class=\"custom-materials-tabs-content container container-adjustment\">\n<div class=\"custom-materials-tab-content active\">\n<div class=\"widget block block-static-block\">\n<div class=\"options-items\">\n<div class=\"flex-grid-row-option\">\n<div class=\"flex-grid-item-option\">\n<div class=\"material-box\">\n<div class=\"material-des\">\n<table width=\"1070\">\n<tbody>\n<tr>\n<td width=\"373\">Wymiary<\/td>\n<td width=\"373\">Wszystkie niestandardowe rozmiary i kszta\u0142ty<\/td>\n<\/tr>\n<tr>\n<td width=\"373\">MOQ<\/td>\n<td width=\"373\">500szt.<\/td>\n<\/tr>\n<tr>\n<td width=\"373\">Czas pr\u00f3by<\/td>\n<td width=\"373\">3-5 dni<\/td>\n<\/tr>\n<tr>\n<td width=\"373\">Proces domy\u015blny<\/td>\n<td width=\"373\">Sztancowanie, klejenie, nacinanie, perforacja<\/td>\n<\/tr>\n<tr>\n<td width=\"373\">Drukowanie<\/td>\n<td width=\"373\">Cmyk, pms, bez drukowania<\/td>\n<\/tr>\n<tr>\n<td width=\"373\">Opcja materia\u0142u<\/td>\n<td width=\"373\">Bia\u0142y papier kartonowy, papier powlekany, papier artystyczny, papier siarczanowy, ko\u015b\u0107 s\u0142oniowa, tektura dwustronna, papier specjalny itp.<\/td>\n<\/tr>\n<tr>\n<td width=\"373\">Wyko\u0144czenie powierzchni<\/td>\n<td width=\"373\">Laminowanie matowe\/b\u0142yszcz\u0105ce, punktowe UVDebossing, t\u0142oczenie, t\u0142oczenie foli\u0105 itp.<\/td>\n<\/tr>\n<tr>\n<td width=\"373\">Wykorzystanie w przemy\u015ble<\/td>\n<td width=\"373\">kosmetyki, perfumy, odzie\u017c, bi\u017cuteria, tyto\u0144, \u017cywno\u015b\u0107, towary codziennego u\u017cytku,<\/td>\n<\/tr>\n<tr>\n<td width=\"373\">Kontrola jako\u015bci<\/td>\n<td width=\"373\">Zaawansowany sprz\u0119t i do\u015bwiadczony zesp\u00f3\u0142 kontroli jako\u015bci dok\u0142adnie sprawdz\u0105 materia\u0142y, p\u00f3\u0142produkty i gotowe produkty na ka\u017cdym etapie przed ich u\u017cyciem.<\/td>\n<\/tr>\n<tr>\n<td width=\"373\">Cena<\/td>\n<td width=\"373\">Ostateczna cena b\u0119dzie dostosowana do produktu i wymaganej ilo\u015bci<\/td>\n<\/tr>\n<tr>\n<td width=\"373\">Czas zwrotu<\/td>\n<td width=\"373\">7-14 dni roboczych, po\u015bpiech<\/td>\n<\/tr>\n<tr>\n<td width=\"373\">Papier<\/td>\n<td width=\"373\">10pt do 28pt (60lb do 400lb) ekologiczny Kraft, tektura falista e-flute, tektura bux, karton<\/td>\n<\/tr>\n<tr>\n<td width=\"373\">Format grafiki<\/td>\n<td width=\"373\">JPG, PDF, AI, CDR, EPS, GIF....<\/td>\n<\/tr>\n<tr>\n<td width=\"373\">Akcesoria<\/td>\n<td width=\"373\">Magnes, ta\u015bma, forma EVA, plastikowa taca, g\u0105bka, okienko PVC\/PET\/PP,...<\/td>\n<\/tr>\n<tr>\n<td width=\"373\">Termin p\u0142atno\u015bci<\/td>\n<td width=\"373\">T \/ T, Western Union, Paypal, depozyt 30% i saldo 70% przed wysy\u0142k\u0105.<\/td>\n<\/tr>\n<\/tbody>\n<\/table>\n<\/div>\n<\/div>\n<\/div>\n<\/div>\n<\/div>\n<\/div>\n<\/div>\n<\/div>\n<\/div>\n<\/div>\n<div class=\"widget block block-static-block\">\n<div class=\"landing-page-section option-bottom\">\n<div class=\"custom-materials-tabs-content container container-adjustment\">\n<div class=\"custom-materials-tab-content active\">\n<div class=\"widget block block-static-block\">\n<div class=\"options-items\">\n<div class=\"flex-grid-row-option\">\n<div class=\"flex-grid-item-option\">\n<div class=\"material-box\">\n<p>&nbsp;<\/p>\n<\/div>\n<\/div>\n<\/div>\n<\/div>\n<p><!---end of option item--><\/p>\n<\/div>\n<\/div>\n<\/div>\n<\/div>\n<\/div>","protected":false},"excerpt":{"rendered":"<p>ZOJO Print to chi\u0144ski producent niestandardowych pude\u0142ek na perfumy, kt\u00f3ry jest liderem w bran\u017cy dostarczania \u015bwiatowej klasy opakowa\u0144 na perfumy w przyst\u0119pnych cenach.<\/p>\n<p>Rodzaj materia\u0142u: Ekologiczne, posiadaj\u0105 certyfikaty FSC\/ISO\/BSCI<br \/>\nCzas produkcji: Pr\u00f3bka 1-3 dni; Luzem 7-9 dni<br \/>\nCzas wysy\u0142ki: Express 3-7 dni; Air 12-16 dni; Boat 25-30 dni\uff08R\u00f3\u017cne kraje maj\u0105 r\u00f3\u017cne czasy)<\/p>\n<p>Cena:Skontaktuj si\u0119 z nami, aby wys\u0142a\u0107 zapytanie!<\/p>","protected":false},"featured_media":2983,"template":"","meta":[],"product_brand":[],"product_cat":[30,417,430,31],"product_tag":[243,330,230],"class_list":{"0":"post-2978","1":"product","2":"type-product","3":"status-publish","4":"has-post-thumbnail","6":"product_cat-by-industry","7":"product_cat-custom-perfume-boxes-by-industry","8":"product_cat-folding-cartons","9":"product_cat-paper-box-style","10":"product_tag-paper-box-manufacturer","11":"product_tag-perfume-card-box","12":"product_tag-wholesale-packaging-box","14":"first","15":"instock","16":"shipping-taxable","17":"product-type-grouped"},"_links":{"self":[{"href":"https:\/\/zojopackaging.com\/pl\/wp-json\/wp\/v2\/product\/2978","targetHints":{"allow":["GET"]}}],"collection":[{"href":"https:\/\/zojopackaging.com\/pl\/wp-json\/wp\/v2\/product"}],"about":[{"href":"https:\/\/zojopackaging.com\/pl\/wp-json\/wp\/v2\/types\/product"}],"version-history":[{"count":2,"href":"https:\/\/zojopackaging.com\/pl\/wp-json\/wp\/v2\/product\/2978\/revisions"}],"predecessor-version":[{"id":8635,"href":"https:\/\/zojopackaging.com\/pl\/wp-json\/wp\/v2\/product\/2978\/revisions\/8635"}],"wp:featuredmedia":[{"embeddable":true,"href":"https:\/\/zojopackaging.com\/pl\/wp-json\/wp\/v2\/media\/2983"}],"wp:attachment":[{"href":"https:\/\/zojopackaging.com\/pl\/wp-json\/wp\/v2\/media?parent=2978"}],"wp:term":[{"taxonomy":"product_brand","embeddable":true,"href":"https:\/\/zojopackaging.com\/pl\/wp-json\/wp\/v2\/product_brand?post=2978"},{"taxonomy":"product_cat","embeddable":true,"href":"https:\/\/zojopackaging.com\/pl\/wp-json\/wp\/v2\/product_cat?post=2978"},{"taxonomy":"product_tag","embeddable":true,"href":"https:\/\/zojopackaging.com\/pl\/wp-json\/wp\/v2\/product_tag?post=2978"}],"curies":[{"name":"wp","href":"https:\/\/api.w.org\/{rel}","templated":true}]}}