{"id":2998,"date":"2024-03-14T11:21:56","date_gmt":"2024-03-14T03:21:56","guid":{"rendered":"https:\/\/zojopackaging.com\/?post_type=product&#038;p=2998"},"modified":"2025-03-29T18:02:58","modified_gmt":"2025-03-29T10:02:58","slug":"folding-card-paper-perfume-boxes","status":"publish","type":"product","link":"https:\/\/zojopackaging.com\/pl\/product\/folding-card-paper-perfume-boxes\/","title":{"rendered":"Niestandardowe sk\u0142adane pude\u0142ka kartonowe Pude\u0142ka na perfumy Hurtownia"},"content":{"rendered":"<h1>Niestandardowe sk\u0142adane pude\u0142ka kartonowe Pude\u0142ka na perfumy Hurtownia<\/h1>\n<ul>\n<li>Opakowania Zojoprint s\u0105 w stanie zbudowa\u0107 WSZYSTKO dla Twojego opakowania! Bezp\u0142atna pr\u00f3bka!<\/li>\n<li>100% materia\u0142 papierowy z recyklingu na luksusowe papierowe pude\u0142ko upominkowe<\/li>\n<li>Zojoprint Packaging ma 7000 metr\u00f3w kwadratowych factory.production Capacity: 25000 sztuk na tydzie\u0144.<\/li>\n<li>Szybka dostawa.<\/li>\n<li>Bezp\u0142atny projekt, bezp\u0142atna pr\u00f3bka.<\/li>\n<li>Du\u017ca i silna zdolno\u015b\u0107 projektowania opakowa\u0144 w celu obni\u017cenia koszt\u00f3w.<\/li>\n<\/ul>\n<h1><strong>Opis produkt\u00f3w:<\/strong><\/h1>\n<table border=\"1\" cellspacing=\"1\" cellpadding=\"1\">\n<tbody>\n<tr>\n<td>Opcje materia\u0142owe<\/td>\n<td>Szary karton 1,5-3 mm, papier artystyczny 128 g \/ m2-157 g \/ m2, bia\u0142y papier o gramaturze 210 g \/ m2-400 g \/ m2 lub dostosowany do twoich potrzeb<\/td>\n<\/tr>\n<tr>\n<td>Pr\u00f3bka<\/td>\n<td>Tak<\/td>\n<\/tr>\n<tr>\n<td>Opcje akcesori\u00f3w<\/td>\n<td>Okno PVC\/PET, wst\u0105\u017cka, magnes lub zgodnie z zam\u00f3wieniem<\/td>\n<\/tr>\n<tr>\n<td>Kolor<\/td>\n<td>Z\u0142oty\/Czerwony\/Czarny\/R\u00f3\u017cowy....\/Niestandardowe<\/td>\n<\/tr>\n<tr>\n<td>OEM I ODM<\/td>\n<td>Dost\u0119pne<\/td>\n<\/tr>\n<tr>\n<td>Logo i wyko\u0144czenie powierzchni<\/td>\n<td>Sitodruk, t\u0142oczenie na gor\u0105co, malowanie w kolorze, malowanie p\u0119dzlem, laminowanie matowe \/ b\u0142yszcz\u0105ce itp.<\/td>\n<\/tr>\n<tr>\n<td>U\u017cycie<\/td>\n<td>perfumy, piel\u0119gnacja sk\u00f3ry, osobista opieka zdrowotna, pakowanie prezent\u00f3w itp.<\/td>\n<\/tr>\n<tr>\n<td>Drukowanie<\/td>\n<td>Pe\u0142nokolorowy druk offsetowy CMYK, dowolny kolor PMS<\/td>\n<\/tr>\n<tr>\n<td>Cena ok.<\/td>\n<td>Negocjacje<\/td>\n<\/tr>\n<tr>\n<td><strong>MOQ<\/strong><\/td>\n<td>1000szt<\/td>\n<\/tr>\n<tr>\n<td>Termin p\u0142atno\u015bci<\/td>\n<td>30%deposit by T\/T Before Production,70% Balance Before Shipment<\/td>\n<\/tr>\n<tr>\n<td>Wysy\u0142ka<\/td>\n<td>drog\u0105 morsk\u0105 lub lotnicz\u0105, jak DHL, UPS, Aramex, TNT, FedEx ...<\/td>\n<\/tr>\n<tr>\n<td>Czas pr\u00f3by<\/td>\n<td>7 dni roboczych, je\u015bli chcesz dostosowa\u0107 swoje logo, 3 dni robocze dla naszych istniej\u0105cych pr\u00f3bek w celach informacyjnych<\/td>\n<\/tr>\n<tr>\n<td>Czas produkcji<\/td>\n<td>20 dni roboczych<\/td>\n<\/tr>\n<tr>\n<td>\u00a0Pakowanie<\/td>\n<td>Standardowy karton eksportowy lub zgodnie z zaleceniami klienta<\/td>\n<\/tr>\n<\/tbody>\n<\/table>\n<h2>Kroki dostosowywania opakowa\u0144 na perfumy<\/h2>\n<p>W Zojoprint specjalizujemy si\u0119 w niestandardowych opakowaniach na perfumy. Pomagamy w projektowaniu, wyborze styl\u00f3w pude\u0142ek, wyborze materia\u0142\u00f3w, wytwarzaniu i tworzeniu pr\u00f3bek. Dodatkowo pomagamy zarz\u0105dza\u0107 procesem produkcji a\u017c do wysy\u0142ki.<\/p>\n<h3><\/h3>\n<h3>Krok 1: Wybierz odpowiedni styl pude\u0142ka do swoich potrzeb<\/h3>\n<p>Wyb\u00f3r odpowiedniego stylu pude\u0142ka ma kluczowe znaczenie dla zapewnienia, \u017ce opakowanie spe\u0142nia okre\u015blone potrzeby i skutecznie prezentuje produkty. W Zojoprint oferujemy zr\u00f3\u017cnicowan\u0105 gam\u0119 styl\u00f3w pude\u0142ek, od eleganckich i nowoczesnych wzor\u00f3w po klasyczne i eleganckie opcje. Niezale\u017cnie od tego, czy preferujesz prosty i minimalistyczny wygl\u0105d, czy bardziej skomplikowany i dekoracyjny styl, mamy idealny styl pude\u0142ka, kt\u00f3ry uzupe\u0142ni Twoj\u0105 mark\u0119 i poprawi prezentacj\u0119 produktu. Nasz zesp\u00f3\u0142 jest zaanga\u017cowany w pomoc w znalezieniu idealnego stylu pude\u0142ka, kt\u00f3ry nie tylko odzwierciedla to\u017csamo\u015b\u0107 marki, ale tak\u017ce zapewnia praktyczn\u0105 funkcjonalno\u015b\u0107 dla wymaga\u0144 dotycz\u0105cych opakowa\u0144.<\/p>\n<p><img fetchpriority=\"high\" decoding=\"async\" class=\"alignnone wp-image-3830 lazyloaded\" src=\"https:\/\/packsolo.com\/wp-content\/uploads\/2024\/04\/boxes-styles.jpg\" alt=\"Niestandardowe style pude\u0142ek\" width=\"1000\" height=\"1527\" data-src=\"https:\/\/packsolo.com\/wp-content\/uploads\/2024\/04\/boxes-styles.jpg\" data- title=\"\"><\/p>\n<h3><\/h3>\n<h3>Krok 2: Wybierz preferowane r\u0119kodzie\u0142o do personalizacji opakowania<\/h3>\n<p>Wyb\u00f3r preferowanych materia\u0142\u00f3w rzemie\u015blniczych jest wa\u017cnym krokiem w dostosowywaniu opakowa\u0144 do to\u017csamo\u015bci marki i atrakcyjno\u015bci dla docelowych odbiorc\u00f3w. W Zojoprint oferujemy r\u00f3\u017cnorodne opcje rzemie\u015blnicze, aby doda\u0107 unikalne i przyci\u0105gaj\u0105ce wzrok elementy do opakowania. Niezale\u017cnie od tego, czy jeste\u015b zainteresowany wyt\u0142aczaniem, foliowaniem, punktowym UV czy innymi specjalistycznymi technikami, mamy wiedz\u0119 i mo\u017cliwo\u015bci, aby urzeczywistni\u0107 Twoj\u0105 wizj\u0119. Nasz zesp\u00f3\u0142 b\u0119dzie z Tob\u0105 \u015bci\u015ble wsp\u00f3\u0142pracowa\u0142, aby zrozumie\u0107 Twoje wymagania i zaleci\u0107 najlepsze opcje wykonania, aby osi\u0105gn\u0105\u0107 po\u017c\u0105dany wygl\u0105d i styl opakowania. Od dodania odrobiny luksusu za pomoc\u0105 t\u0142oczenia foli\u0105 po tworzenie tekstury i g\u0142\u0119bi za pomoc\u0105 wyt\u0142aczania, nasze produkty zwi\u0119kszaj\u0105 og\u00f3ln\u0105 estetyk\u0119 i atrakcyjno\u015b\u0107 niestandardowych opakowa\u0144.<\/p>\n<p><img decoding=\"async\" class=\"alignnone wp-image-3827 lazyloaded\" src=\"https:\/\/packsolo.com\/wp-content\/uploads\/2024\/04\/logo-effect.jpg\" alt=\"niestandardowe pude\u0142ka rzemie\u015blnicze\" width=\"1000\" height=\"529\" data-src=\"https:\/\/packsolo.com\/wp-content\/uploads\/2024\/04\/logo-effect.jpg\" data- title=\"\"><\/p>\n<h3><\/h3>\n<h3>Krok 3: Wybierz odpowiedni materia\u0142 papierowy dla swojego niestandardowego opakowania<\/h3>\n<p>Wyb\u00f3r odpowiedniego materia\u0142u papierowego jest niezb\u0119dny do tworzenia niestandardowych opakowa\u0144, kt\u00f3re nie tylko \u015bwietnie wygl\u0105daj\u0105, ale tak\u017ce oferuj\u0105 trwa\u0142o\u015b\u0107 i funkcjonalno\u015b\u0107. W Zojoprint oferujemy szerok\u0105 gam\u0119 materia\u0142\u00f3w papierowych dostosowanych do konkretnych potrzeb i preferencji. Niezale\u017cnie od tego, czy szukasz opcji przyjaznych dla \u015brodowiska, takich jak papier makulaturowy, czy luksusowych wyko\u0144cze\u0144 z papierami specjalnymi, mamy dla Ciebie wszystko. Nasi eksperci mog\u0105 pom\u00f3c w wyborze idealnego materia\u0142u papierowego, kt\u00f3ry b\u0119dzie zgodny z wizerunkiem marki, poprawi prezentacj\u0119 produktu i spe\u0142ni wymagania bud\u017cetowe. Dzi\u0119ki naszemu zaanga\u017cowaniu w jako\u015b\u0107 i zr\u00f3wnowa\u017cony rozw\u00f3j, mo\u017cesz nam zaufa\u0107, \u017ce dostarczymy rozwi\u0105zania opakowaniowe, kt\u00f3re wywr\u0105 trwa\u0142e wra\u017cenie, jednocze\u015bnie minimalizuj\u0105c wp\u0142yw na \u015brodowisko.<\/p>\n<p><img decoding=\"async\" class=\"alignnone wp-image-3828 lazyloaded\" src=\"https:\/\/packsolo.com\/wp-content\/uploads\/2024\/04\/paper-material.jpg\" alt=\"niestandardowy materia\u0142 pude\u0142ek\" width=\"1000\" height=\"654\" data-src=\"https:\/\/packsolo.com\/wp-content\/uploads\/2024\/04\/paper-material.jpg\" data- title=\"\"><\/p>\n<h3><\/h3>\n<h3>Krok 4: Projektowanie i produkcja niestandardowych opakowa\u0144<\/h3>\n<p>Na etapie projektowania i produkcji niestandardowych opakowa\u0144 z Zojoprint nasz zesp\u00f3\u0142 \u015bci\u015ble wsp\u00f3\u0142pracuje z klientem, aby urzeczywistni\u0107 jego wizj\u0119. Zaczynamy od prze\u0142o\u017cenia Twoich pomys\u0142\u00f3w i wymaga\u0144 na innowacyjne projekty, kt\u00f3re oddaj\u0105 istot\u0119 Twojej marki i produktu. Nasi projektanci wykorzystuj\u0105 swoj\u0105 wiedz\u0119, aby tworzy\u0107 atrakcyjne wizualnie i funkcjonalne rozwi\u0105zania opakowaniowe dostosowane do specyfikacji klienta.<\/p>\n<p>Po sfinalizowaniu projektu nasz zesp\u00f3\u0142 produkcyjny wkracza do akcji, wykorzystuj\u0105c najnowocze\u015bniejsz\u0105 technologi\u0119 i wysokiej jako\u015bci materia\u0142y do produkcji niestandardowych opakowa\u0144 z precyzj\u0105 i dba\u0142o\u015bci\u0105 o szczeg\u00f3\u0142y. Niezale\u017cnie od tego, czy potrzebujesz skomplikowanego druku, t\u0142oczenia czy specjalnych wyko\u0144cze\u0144, zapewniamy, \u017ce ka\u017cdy aspekt opakowania odzwierciedla jako\u015b\u0107 i profesjonalizm Twojej marki.<\/p>\n<p>W ca\u0142ym procesie projektowania i produkcji naszym celem jest przekraczanie oczekiwa\u0144 klient\u00f3w i dostarczanie opakowa\u0144, kt\u00f3re nie tylko pi\u0119knie prezentuj\u0105 produkty, ale tak\u017ce poprawiaj\u0105 wizerunek marki i wra\u017cenia klient\u00f3w.<\/p>\n<p><img loading=\"lazy\" decoding=\"async\" class=\"alignnone wp-image-3829 lazyloaded\" src=\"https:\/\/packsolo.com\/wp-content\/uploads\/2024\/04\/design-production.jpg\" alt=\"Proces tworzenia niestandardowych pude\u0142ek\" width=\"1000\" height=\"659\" data-src=\"https:\/\/packsolo.com\/wp-content\/uploads\/2024\/04\/design-production.jpg\" data- title=\"\"><\/p>\n<p>&nbsp;<\/p>\n<h2>Dlaczego warto wybra\u0107 Zojoprint<\/h2>\n<p>Wyb\u00f3r firmy Zojoprint do realizacji niestandardowych potrzeb w zakresie opakowa\u0144 ma wiele zalet.<\/p>\n<p><img loading=\"lazy\" decoding=\"async\" class=\"alignnone wp-image-3837 lazyloaded\" src=\"https:\/\/packsolo.com\/wp-content\/uploads\/2024\/04\/packsolo-factory-1500x800-2.jpg\" alt=\"PackSolo Factory\" width=\"1000\" height=\"533\" data-src=\"https:\/\/packsolo.com\/wp-content\/uploads\/2024\/04\/packsolo-factory-1500x800-2.jpg\" data- title=\"\"><\/p>\n<p><img loading=\"lazy\" decoding=\"async\" class=\"alignnone wp-image-3854 lazyloaded\" src=\"https:\/\/packsolo.com\/wp-content\/uploads\/2024\/04\/why-packsolo01.jpg\" alt=\"Dlaczego warto wybra\u0107 PackSolo\" width=\"1000\" height=\"333\" data-src=\"https:\/\/packsolo.com\/wp-content\/uploads\/2024\/04\/why-packsolo01.jpg\" data- title=\"\"><\/p>\n<h3><\/h3>\n<h3>Zdolno\u015b\u0107 produkcyjna fabryki<\/h3>\n<p>Nasza fabryka mo\u017ce pochwali\u0107 si\u0119 wyj\u0105tkowymi mo\u017cliwo\u015bciami produkcyjnymi, wyposa\u017conymi w najnowocze\u015bniejsz\u0105 technologi\u0119 i wykwalifikowany personel, aby skutecznie wytwarza\u0107 wysokiej jako\u015bci niestandardowe rozwi\u0105zania opakowaniowe, kt\u00f3re spe\u0142niaj\u0105 specyfikacje i przekraczaj\u0105 standardy bran\u017cowe.<\/p>\n<p><img loading=\"lazy\" decoding=\"async\" class=\"alignnone wp-image-3844 lazyloaded\" src=\"https:\/\/packsolo.com\/wp-content\/uploads\/2024\/04\/factory-product-ability.jpg\" alt=\"zdolno\u015b\u0107 produkcyjna fabryki\" width=\"1000\" height=\"763\" data-src=\"https:\/\/packsolo.com\/wp-content\/uploads\/2024\/04\/factory-product-ability.jpg\" data- title=\"\"><\/p>\n<h3>Nasze certyfikaty<\/h3>\n<p>Firma Zojoprint jest dumna ze swoich certyfikat\u00f3w, zapewniaj\u0105c, \u017ce nasze rozwi\u0105zania opakowaniowe spe\u0142niaj\u0105 najwy\u017csze standardy jako\u015bci, zr\u00f3wnowa\u017conego rozwoju i bezpiecze\u0144stwa. Posiadamy certyfikaty ISO 9001 w zakresie zarz\u0105dzania jako\u015bci\u0105, FSC w zakresie zr\u00f3wnowa\u017conego pozyskiwania surowc\u00f3w itp. Certyfikaty te odzwierciedlaj\u0105 nasze d\u0105\u017cenie do doskona\u0142o\u015bci i daj\u0105 naszym klientom pewno\u015b\u0107, \u017ce otrzymuj\u0105 najwy\u017cszej jako\u015bci rozwi\u0105zania opakowaniowe, kt\u00f3re s\u0105 przyjazne dla \u015brodowiska i zgodne z najlepszymi praktykami bran\u017cowymi.<\/p>\n<p><img loading=\"lazy\" decoding=\"async\" class=\"alignnone wp-image-7289\" src=\"https:\/\/zojopackaging.com\/wp-content\/uploads\/2024\/07\/Zojoprint-Packaging-Box.jpg\" alt=\"Opakowanie Zojoprint\" width=\"1057\" height=\"408\" title=\"\" srcset=\"https:\/\/zojopackaging.com\/wp-content\/uploads\/2024\/07\/Zojoprint-Packaging-Box.jpg 1500w, https:\/\/zojopackaging.com\/wp-content\/uploads\/2024\/07\/Zojoprint-Packaging-Box-300x116.jpg 300w, https:\/\/zojopackaging.com\/wp-content\/uploads\/2024\/07\/Zojoprint-Packaging-Box-1030x398.jpg 1030w, https:\/\/zojopackaging.com\/wp-content\/uploads\/2024\/07\/Zojoprint-Packaging-Box-768x296.jpg 768w, https:\/\/zojopackaging.com\/wp-content\/uploads\/2024\/07\/Zojoprint-Packaging-Box-600x232.jpg 600w\" sizes=\"(max-width: 1057px) 100vw, 1057px\" \/><\/p>\n<p>&nbsp;<\/p>\n<h3>Nasz partner<\/h3>\n<p>Zojoprint z dum\u0105 wsp\u00f3\u0142pracuje z wiod\u0105cymi markami, takimi jak Lidl, Walmart i Disneyland. Te partnerstwa pokazuj\u0105 nasz\u0105 zdolno\u015b\u0107 do dostarczania najwy\u017cszej klasy rozwi\u0105za\u0144 opakowaniowych, kt\u00f3rym ufaj\u0105 renomowane firmy z bran\u017cy detalicznej i rozrywkowej. Nasza wsp\u00f3\u0142praca z tymi cenionymi partnerami odzwierciedla nasze zaanga\u017cowanie w dostarczanie wysokiej jako\u015bci, innowacyjnych i niestandardowych opakowa\u0144, kt\u00f3re spe\u0142niaj\u0105 r\u00f3\u017cnorodne potrzeby firm z r\u00f3\u017cnych sektor\u00f3w.<\/p>\n<p><img loading=\"lazy\" decoding=\"async\" class=\"alignnone wp-image-3846 lazyloaded\" src=\"https:\/\/packsolo.com\/wp-content\/uploads\/2024\/04\/cooperate-brand.jpg\" alt=\"Partner\" width=\"1000\" height=\"333\" data-src=\"https:\/\/packsolo.com\/wp-content\/uploads\/2024\/04\/cooperate-brand.jpg\" data- title=\"\"><\/p>\n<h3><\/h3>\n<h3>Wysy\u0142ka na ca\u0142y \u015bwiat<\/h3>\n<p>Firma Zojoprint realizuje wysy\u0142ki na ca\u0142ym \u015bwiecie, zapewniaj\u0105c szybk\u0105 i niezawodn\u0105 dostaw\u0119 niestandardowych zam\u00f3wie\u0144 opakowa\u0144 do dowolnego miejsca.<\/p>\n<p><img loading=\"lazy\" decoding=\"async\" class=\"alignnone wp-image-3838 lazyloaded\" src=\"https:\/\/packsolo.com\/wp-content\/uploads\/2024\/04\/ship-to-world.jpg\" alt=\"Wysy\u0142ka na ca\u0142y \u015bwiat\" width=\"1000\" height=\"740\" data-src=\"https:\/\/packsolo.com\/wp-content\/uploads\/2024\/04\/ship-to-world.jpg\" data- title=\"\"><\/p>\n<h3>Proces zamawiania<\/h3>\n<p>Skonsultuj si\u0119 z nami w sprawie szczeg\u00f3\u0142\u00f3w pakowania, otrzymaj wycen\u0119 w ci\u0105gu 24 godzin, potwierd\u017a depozytem, zatwierd\u017a pr\u00f3bk\u0119 i przejd\u017a do produkcji i dostawy.<\/p>\n<p><img loading=\"lazy\" decoding=\"async\" class=\"alignnone wp-image-3847 lazyloaded\" src=\"https:\/\/packsolo.com\/wp-content\/uploads\/2024\/04\/order-process.jpg\" alt=\"proces zamawiania\" width=\"1000\" height=\"512\" data-src=\"https:\/\/packsolo.com\/wp-content\/uploads\/2024\/04\/order-process.jpg\" data- title=\"\"><\/p>\n<p><a href=\"https:\/\/packsolo.com\/contact-us\/\" target=\"_blank\" rel=\"noopener\"><img loading=\"lazy\" decoding=\"async\" class=\"aligncenter wp-image-3836 size-full ls-is-cached lazyloaded\" src=\"https:\/\/packsolo.com\/wp-content\/uploads\/2024\/04\/click.jpg\" alt=\"\" width=\"750\" height=\"100\" data-src=\"https:\/\/packsolo.com\/wp-content\/uploads\/2024\/04\/click.jpg\" data- title=\"\"><\/a><\/p>\n<p>&nbsp;<\/p>\n<p>FAQ:<\/p>\n<p>1. P: Czy jeste\u015b firm\u0105 produkcyjn\u0105 lub handlow\u0105?<br \/>\nJeste\u015bmy ponad 10-letni\u0105 manufaktur\u0105 opakowa\u0144 drukarskich w Shenzhen w Chinach<\/p>\n<p>2. P: Jak mog\u0119 otrzyma\u0107 pr\u00f3bki?<br \/>\nJe\u015bli potrzebujesz pr\u00f3bek do przetestowania, powiniene\u015b zap\u0142aci\u0107 za transport pr\u00f3bek i nasz koszt pr\u00f3bki, podczas gdy koszt pr\u00f3bki mo\u017ce zosta\u0107 zwr\u00f3cony po z\u0142o\u017ceniu zam\u00f3wienia. Ponadto mo\u017ce by\u0107 bezp\u0142atny, je\u015bli jest \u0142atwy w produkcji.<\/p>\n<p>3. P: Jak d\u0142ugo mog\u0119 oczekiwa\u0107 pr\u00f3bki opakowania kosmetycznego?<br \/>\nPr\u00f3bki b\u0119d\u0105 gotowe do dostawy w ci\u0105gu 3-7 dni. Pr\u00f3bki zostan\u0105 wys\u0142ane ekspresowo i dotr\u0105 w ci\u0105gu 3-5 dni.<\/p>\n<p>4. P: Czy mo\u017cemy wydrukowa\u0107 nasze logo lub nazw\u0119 firmy na produktach lub opakowaniach?<br \/>\nTwoje logo mo\u017cna umie\u015bci\u0107 na produktach za pomoc\u0105 t\u0142oczenia na gor\u0105co, drukowania, wyt\u0142aczania, powlekania UV, sitodruku lub naklejki<\/p>\n<p>5. P: Jak z\u0142o\u017cy\u0107 zam\u00f3wienie?<\/p>\n<p>O: Prosimy o przes\u0142anie zam\u00f3wienia e-mailem lub o przes\u0142anie faktury Performa za zam\u00f3wienie. Musimy zna\u0107 nast\u0119puj\u0105ce informacje dotycz\u0105ce zam\u00f3wienia.<\/p>\n<p>1) Informacje o produkcie, specyfikacja (rozmiar, materia\u0142, wymagania technologiczne i dotycz\u0105ce pakowania itp.)<br \/>\n2) Wymagany czas dostawy<br \/>\n3) Informacje o wysy\u0142ce - nazwa firmy, adres, numer telefonu i faksu, docelowy port morski.<br \/>\n4) Dane kontaktowe spedytora, je\u015bli jest w Chinach.<\/p>\n<div class=\"widget block block-static-block\">\n<div class=\"landing-page-section option-bottom\">\n<div class=\"custom-materials-tabs-content container container-adjustment\">\n<div class=\"custom-materials-tab-content active\">\n<div class=\"widget block block-static-block\">\n<p><!---end of option item--><\/p>\n<\/div>\n<\/div>\n<\/div>\n<\/div>\n<\/div>","protected":false},"excerpt":{"rendered":"<p>Specjalizujemy si\u0119 w niestandardowych opakowaniach na perfumy. Pomagamy w projektowaniu, wyborze styl\u00f3w pude\u0142ek, wyborze materia\u0142\u00f3w, produkcji i tworzeniu pr\u00f3bek.<\/p>\n<p>Personalizacja: Mo\u017cliwo\u015b\u0107 dostosowania rozmiaru\/druku\/materia\u0142u\/wyko\u0144czenia\/kszta\u0142tu itp.<br \/>\nRodzaj materia\u0142u: Ekologiczne, posiadaj\u0105 certyfikaty FSC\/ISO\/BSCI<br \/>\nCzas produkcji: Pr\u00f3bka 1-3 dni; Luzem 7-9 dni<br \/>\nCzas wysy\u0142ki: Express 3-7 dni; Air 12-16 dni; Boat 25-30 dni\uff08R\u00f3\u017cne kraje maj\u0105 r\u00f3\u017cne czasy)<\/p>\n<p>Cena:Skontaktuj si\u0119 z nami, aby wys\u0142a\u0107 zapytanie!<\/p>","protected":false},"featured_media":3004,"template":"","meta":[],"product_brand":[],"product_cat":[30,417,430,31],"product_tag":[817,915,916],"class_list":{"0":"post-2998","1":"product","2":"type-product","3":"status-publish","4":"has-post-thumbnail","6":"product_cat-by-industry","7":"product_cat-custom-perfume-boxes-by-industry","8":"product_cat-folding-cartons","9":"product_cat-paper-box-style","10":"product_tag-custom-box","11":"product_tag-folding-carton-wholesale","12":"product_tag-perfume-box-whosale","14":"first","15":"instock","16":"shipping-taxable","17":"product-type-grouped"},"_links":{"self":[{"href":"https:\/\/zojopackaging.com\/pl\/wp-json\/wp\/v2\/product\/2998","targetHints":{"allow":["GET"]}}],"collection":[{"href":"https:\/\/zojopackaging.com\/pl\/wp-json\/wp\/v2\/product"}],"about":[{"href":"https:\/\/zojopackaging.com\/pl\/wp-json\/wp\/v2\/types\/product"}],"version-history":[{"count":2,"href":"https:\/\/zojopackaging.com\/pl\/wp-json\/wp\/v2\/product\/2998\/revisions"}],"predecessor-version":[{"id":8645,"href":"https:\/\/zojopackaging.com\/pl\/wp-json\/wp\/v2\/product\/2998\/revisions\/8645"}],"wp:featuredmedia":[{"embeddable":true,"href":"https:\/\/zojopackaging.com\/pl\/wp-json\/wp\/v2\/media\/3004"}],"wp:attachment":[{"href":"https:\/\/zojopackaging.com\/pl\/wp-json\/wp\/v2\/media?parent=2998"}],"wp:term":[{"taxonomy":"product_brand","embeddable":true,"href":"https:\/\/zojopackaging.com\/pl\/wp-json\/wp\/v2\/product_brand?post=2998"},{"taxonomy":"product_cat","embeddable":true,"href":"https:\/\/zojopackaging.com\/pl\/wp-json\/wp\/v2\/product_cat?post=2998"},{"taxonomy":"product_tag","embeddable":true,"href":"https:\/\/zojopackaging.com\/pl\/wp-json\/wp\/v2\/product_tag?post=2998"}],"curies":[{"name":"wp","href":"https:\/\/api.w.org\/{rel}","templated":true}]}}