{"id":3045,"date":"2024-03-14T13:37:02","date_gmt":"2024-03-14T05:37:02","guid":{"rendered":"https:\/\/zojopackaging.com\/?post_type=product&#038;p=3045"},"modified":"2025-03-29T18:57:50","modified_gmt":"2025-03-29T10:57:50","slug":"custom-eco-friendly-cosmetics-box","status":"publish","type":"product","link":"https:\/\/zojopackaging.com\/pl\/product\/custom-eco-friendly-cosmetics-box\/","title":{"rendered":"Niestandardowe pude\u0142ko punktowe UV B\u0142yszcz\u0105ce logo Sk\u0142adany karton Dostawca"},"content":{"rendered":"<h1>Niestandardowe pude\u0142ko punktowe UV B\u0142yszcz\u0105ce logo Sk\u0142adany karton Dostawca<\/h1>\n<p>Jednym z rozwijaj\u0105cych si\u0119 obecnie sektor\u00f3w s\u0105 kosmetyki, dzi\u0119ki tysi\u0105com marek wchodz\u0105cych do bran\u017cy. Poniewa\u017c istnieje wiele podobnych ofert produkt\u00f3w, w\u0142a\u015bciwy spos\u00f3b na wyr\u00f3\u017cnienie swoich produkt\u00f3w jest mo\u017cliwy dzi\u0119ki niestandardowym opakowaniom kosmetycznym. Atrakcyjne i wysokiej jako\u015bci opakowania podkre\u015blaj\u0105 mark\u0119 na rynku i nadaj\u0105 produktom unikaln\u0105 to\u017csamo\u015b\u0107. W Instant Custom Boxes jeste\u015bmy czo\u0142owym dostawc\u0105 niestandardowych hurtowych pude\u0142ek kosmetycznych o atrakcyjnych wzorach, kt\u00f3re przyci\u0105gn\u0105 uwag\u0119 klient\u00f3w. Szukasz ekscytuj\u0105cej personalizacji opakowa\u0144 kosmetyk\u00f3w? Skontaktuj si\u0119 z nami ju\u017c teraz, aby uzyska\u0107 atrakcyjne opakowania we wszystkich rozmiarach, kszta\u0142tach i kolorach!<\/p>\n<h1>Osza\u0142amiaj\u0105ca r\u00f3\u017cnorodno\u015b\u0107 niestandardowych pude\u0142ek kosmetycznych z kreatywn\u0105 personalizacj\u0105<\/h1>\n<p>W naszej ofercie znajdziesz osza\u0142amiaj\u0105c\u0105 r\u00f3\u017cnorodno\u015b\u0107 opakowa\u0144 kosmetycznych!<\/p>\n<ul>\n<li>pude\u0142ka na olejki do brody<\/li>\n<li><strong>pude\u0142ka z cieniami do powiek<\/strong><\/li>\n<li>opakowanie eyelinera<\/li>\n<li><strong>pude\u0142ka na b\u0142yszczyki<\/strong><\/li>\n<li>kontur\u00f3wki do ust<\/li>\n<li><strong>opakowania lakier\u00f3w do paznokci<\/strong><\/li>\n<li>pude\u0142ka z lakierem do w\u0142os\u00f3w<\/li>\n<li><strong>pude\u0142ka na rz\u0119sy<\/strong><\/li>\n<li>pude\u0142ka na tusz do rz\u0119s<\/li>\n<li><strong>pude\u0142ka na balsamy<\/strong><\/li>\n<li>skrzynki fundamentowe<\/li>\n<li><strong>pude\u0142ka na \u015brodki czyszcz\u0105ce<\/strong><\/li>\n<\/ul>\n<p>Je\u015bli chodzi o personalizacj\u0119, pozwalamy ci wymy\u015bli\u0107 w\u0142asne niestandardowe opakowania kosmetyczne. Mo\u017cemy perfekcyjnie wykona\u0107 wymy\u015blone pude\u0142ka i spe\u0142ni\u0107 Twoje potrzeby. Tworzymy\u00a0<strong>Pude\u0142ka kosmetyczne z nadrukiem<\/strong>\u00a0zgodnie ze specyfikacj\u0105 produktu. Ponadto zapewniamy odpowiednie pomys\u0142y na opakowania. Poniewa\u017c jeste\u015bmy do\u015bwiadczonymi profesjonalistami, wiemy, co najlepiej pasuje do Twoich produkt\u00f3w! Chcesz si\u0119 z nami skontaktowa\u0107? Zadzwo\u0144 do nas lub wy\u015blij e-mail, aby porozmawia\u0107 z naszymi ekspertami!<\/p>\n<h2>Pude\u0142ka na kosmetyki z nadrukiem - dodaj atrakcyjno\u015bci swoim kosmetykom i zwi\u0119ksz sprzeda\u017c<\/h2>\n<p>W Instant Custom Boxes u\u017cywamy wyj\u0105tkowej jako\u015bci niestandardowych pude\u0142ek kosmetycznych z urocz\u0105 ekspozycj\u0105 produkt\u00f3w. Chodzi o to, aby podkre\u015bli\u0107 to\u017csamo\u015b\u0107 marki i sprawi\u0107, \u017ce oferta b\u0119dzie niezapomniana w\u015br\u00f3d docelowych klient\u00f3w. U\u017cywamy specjalistycznych efekt\u00f3w wyko\u0144czeniowych i zaawansowanych technologii drukowania, aby zaprojektowa\u0107\u00a0<strong>pude\u0142ka kosmetyczne luzem<\/strong>. U\u017cywamy t\u0142oczenia, wyt\u0142aczania, punktowego UV i t\u0142oczenia foli\u0105, aby zwi\u0119kszy\u0107 pi\u0119kno i atrakcyjno\u015b\u0107 opakowania. Skontaktuj si\u0119 z nami teraz, aby uzyska\u0107 fascynuj\u0105ce pude\u0142ka do makija\u017cu, pude\u0142ka kosmetyczne, pude\u0142ka kosmetyczne i\u00a0<a href=\"https:\/\/zojopackaging.com\/pl\/kategoria-produktu\/custom-jewelry-boxes\/\" rel=\"noopener\"><strong>niestandardowe pude\u0142ka na bi\u017cuteri\u0119<\/strong><\/a>!<\/p>\n<p>Jednym z najwa\u017cniejszych cel\u00f3w naszych niestandardowych opakowa\u0144 kosmetycznych jest zwi\u0119kszenie \u015bwiadomo\u015bci marki i ostatecznie zwi\u0119kszenie sprzeda\u017cy. Nasze unikalne, innowacyjne i przyci\u0105gaj\u0105ce wzrok pude\u0142ka przyci\u0105gaj\u0105 uwag\u0119 docelowych klient\u00f3w i prowadz\u0105 do ogromnego wzrostu sprzeda\u017cy. Oferujemy bezp\u0142atny projekt graficzny i zapewniamy zaawansowany technologicznie nadruk na drukowanych opakowaniach. W rezultacie zobaczysz ogromny wzrost rozpoznawalno\u015bci marki i sprzeda\u017cy!<\/p>\n<h2>Wymiary niestandardowych pude\u0142ek kosmetycznych<\/h2>\n<table>\n<tbody>\n<tr>\n<td><b>Typ pude\u0142ka<\/b><\/td>\n<td><b>D\u0142ugo\u015b\u0107 (cale)<\/b><\/td>\n<td><b>Szeroko\u015b\u0107 (cale)<\/b><\/td>\n<td><b>Wysoko\u015b\u0107 (cale)<\/b><\/td>\n<\/tr>\n<tr>\n<td>Pude\u0142ko z zestawem szczotek<\/td>\n<td>8.0<\/td>\n<td>3.0<\/td>\n<td>2.0<\/td>\n<\/tr>\n<tr>\n<td>Pude\u0142ko na s\u0142oik z kremem<\/td>\n<td>3.5<\/td>\n<td>3.5<\/td>\n<td>2.5<\/td>\n<\/tr>\n<tr>\n<td>Compact Box<\/td>\n<td>3.0<\/td>\n<td>3.0<\/td>\n<td>1.0<\/td>\n<\/tr>\n<tr>\n<td>Eyeliner Box<\/td>\n<td>6.0<\/td>\n<td>1.0<\/td>\n<td>1.0<\/td>\n<\/tr>\n<tr>\n<td>Foundation Box<\/td>\n<td>4.5<\/td>\n<td>1.5<\/td>\n<td>1.5<\/td>\n<\/tr>\n<tr>\n<td>Lipstick Box<\/td>\n<td>3.5<\/td>\n<td>0.8<\/td>\n<td>0.8<\/td>\n<\/tr>\n<tr>\n<td>Pude\u0142ko z tuszem do rz\u0119s<\/td>\n<td>5.5<\/td>\n<td>1.0<\/td>\n<td>1.0<\/td>\n<\/tr>\n<tr>\n<td>Palette Box<\/td>\n<td>6.5<\/td>\n<td>4.0<\/td>\n<td>0.5<\/td>\n<\/tr>\n<tr>\n<td>Pude\u0142ko na perfumy<\/td>\n<td>5.0<\/td>\n<td>2.0<\/td>\n<td>2.0<\/td>\n<\/tr>\n<\/tbody>\n<\/table>\n<p>Ta tabela wymiar\u00f3w r\u00f3\u017cnych produkt\u00f3w kosmetycznych przedstawia standardowe wymiary pude\u0142ek, aby zapewni\u0107 najlepsze rozwi\u0105zania w zakresie pakowania. Ponadto mo\u017cesz skontaktowa\u0107 si\u0119 z nami, aby dostosowa\u0107 kszta\u0142ty i rozmiary pude\u0142ek na kosmetyki.<\/p>\n<h2><b>Wykorzystanie wysokiej jako\u015bci materia\u0142\u00f3w w pude\u0142kach kosmetycznych<\/b><\/h2>\n<p>W Instant Custom Boxes zawsze opracowujemy skuteczne strategie u\u0142atwiaj\u0105ce dzia\u0142alno\u015b\u0107 r\u00f3\u017cnych firm. Nasz profesjonalny zesp\u00f3\u0142 preferuje najwy\u017cszej jako\u015bci i trwa\u0142e materia\u0142y, takie jak karton, tektura falista i sztywny materia\u0142, aby stworzy\u0107\u00a0<strong>zr\u00f3wnowa\u017cone opakowania kosmetyczne<\/strong>. Materia\u0142 ten zapewnia d\u0142ug\u0105 \u017cywotno\u015b\u0107 produkt\u00f3w na p\u00f3\u0142kach sklepowych i chroni je przed uszkodzeniem. Profesjonalny zesp\u00f3\u0142 ds. opakowa\u0144 wykorzystuje r\u00f3wnie\u017c ekologiczne i nadaj\u0105ce si\u0119 do recyklingu materia\u0142y, takie jak papier siarczanowy i tektura SBS do produkcji tych pude\u0142ek.<\/p>\n<h2>Zabezpiecz sw\u00f3j produkt przed uszkodzeniem dzi\u0119ki naszym wysokiej jako\u015bci niestandardowym pude\u0142kom kosmetycznym<\/h2>\n<p>W Instant Custom Boxes naszym celem jest zapewnienie najlepszych do\u015bwiadcze\u0144 zwi\u0105zanych z pakowaniem. Staramy si\u0119 zaspokoi\u0107 Twoje potrzeby w zakresie opakowa\u0144, dlatego warto wspomnie\u0107 o naszej mo\u017cliwo\u015bci dostosowywania. Mo\u017cesz okre\u015bli\u0107 w\u0142asne niestandardowe opakowanie kosmetyk\u00f3w i pozwoli\u0107 nam przekszta\u0142ci\u0107 je w rzeczywisto\u015b\u0107! Tworzymy precyzyjne\u00a0<strong>pude\u0142ka kosmetyczne z logo<\/strong>\u00a0Twojej firmy i ka\u017cd\u0105 informacj\u0119, kt\u00f3r\u0105 chcesz wydrukowa\u0107 na swoim urz\u0105dzeniu.\u00a0<a href=\"https:\/\/zojopackaging.com\/pl\/custom-packaging-boxes\/\"><strong>niestandardowe pude\u0142ka z nadrukiem<\/strong><\/a>! Bezpiecze\u0144stwo kosmetyk\u00f3w jest pierwsz\u0105 rzecz\u0105, na kt\u00f3rej nale\u017cy si\u0119 skupi\u0107. Dlatego tworzymy niestandardowe opakowania kosmetyczne z wysokiej jako\u015bci materia\u0142\u00f3w, kt\u00f3re zapewniaj\u0105 najwy\u017csze bezpiecze\u0144stwo kosmetyk\u00f3w.<\/p>\n<p>Kolejnym g\u0142\u00f3wnym celem pude\u0142ek Instant Custom Box jest zabezpieczenie produkt\u00f3w przed wszelkimi uszkodzeniami. Produkty kosmetyczne s\u0105 cz\u0119sto zbyt wra\u017cliwe, a niewielkie uszkodzenia mog\u0105 zrujnowa\u0107 reputacj\u0119 marki. Tworzymy wysokiej jako\u015bci, przyjazne dla \u015brodowiska pude\u0142ka kosmetyczne, aby poprawi\u0107 wra\u017cenie marki na rynku. Nasze pude\u0142ka kartonowe i niestandardowe pude\u0142ka kraft zapewniaj\u0105 ogromn\u0105 trwa\u0142o\u015b\u0107 i zabezpieczaj\u0105 kosmetyki przed potencjalnymi uszkodzeniami. Wn\u0119trze i elementy zewn\u0119trzne s\u0105 wykonane z materia\u0142\u00f3w najwy\u017cszej jako\u015bci. Dlaczego Instant Custom Boxes? C\u00f3\u017c, oto powody i nie zapominaj o przyst\u0119pnej cenie naszych pude\u0142ek!<\/p>\n<h2>Hurtowe niestandardowe pude\u0142ka kosmetyczne z rabatem 50%<\/h2>\n<p>Szukasz niestandardowych pude\u0142ek kosmetycznych luzem? Z\u0142\u00f3\u017c zam\u00f3wienie teraz i uzyskaj najta\u0144sze hurtowe pude\u0142ka na kosmetyki. Jeste\u015bmy najbardziej przyst\u0119pnym cenowo dostawc\u0105 niestandardowych pude\u0142ek kosmetycznych,\u00a0<a href=\"https:\/\/zojopackaging.com\/pl\/kategoria-produktu\/custom-perfume-boxes\/\" target=\"_blank\" rel=\"noopener\"><strong>niestandardowe pude\u0142ka na perfumy<\/strong><\/a>skrzynki zdrowia i\u00a0<a href=\"https:\/\/zojopackaging.com\/pl\/kategoria-produktu\/custom-e-cigarette-box\/\" target=\"_blank\" rel=\"noopener\"><strong>Niestandardowe pude\u0142ko na e-papierosy <\/strong><\/a>. Odwied\u017a nasz\u0105 ofert\u0119 pude\u0142ek do pakowania ju\u017c teraz i znajd\u017a po\u017c\u0105dane style opakowa\u0144. Z\u0142\u00f3\u017c zam\u00f3wienie i pozw\u00f3l nam wys\u0142a\u0107 je pod Twoje drzwi! Pomimo dost\u0119pno\u015bci tanich opakowa\u0144, zobaczysz w nich najlepsz\u0105 jako\u015b\u0107. W ten spos\u00f3b u\u0142atwiamy naszym ukochanym klientom korzystanie z naszej doskona\u0142ej i op\u0142acalnej oferty opakowa\u0144.<\/p>\n<h2>Jedno rozwi\u0105zanie opakowaniowe dla wszystkich kosmetyk\u00f3w<\/h2>\n<p>Tak wi\u0119c nasze niestandardowe pude\u0142ka kosmetyczne staj\u0105 si\u0119 jednym rozwi\u0105zaniem do pakowania wszystkich kosmetyk\u00f3w. Jak wida\u0107 powy\u017cej, mamy dla Ciebie wiele ofert, ale to nie jest ostateczna lista. Mo\u017cesz raczej skontaktowa\u0107 si\u0119 z nami, aby przygotowa\u0107 wysokiej jako\u015bci pude\u0142ka, kt\u00f3re idealnie spe\u0142niaj\u0105 potrzeby Twoich markowych produkt\u00f3w. Mo\u017cemy wydrukowa\u0107 Twoje logo, opis i wiele innych specyfikacji, kt\u00f3re pomog\u0105 Ci przyci\u0105gn\u0105\u0107 klient\u00f3w. Ta strategia ostatecznie zwi\u0119ksza sprzeda\u017c i poprawia konwersje bez wydawania pieni\u0119dzy na reklamy.<\/p>\n<h2>Jak projektowa\u0107 opakowania kosmetyk\u00f3w?<b><\/b><\/h2>\n<ul>\n<li><b>Wybierz palet\u0119 kolor\u00f3w<\/b><\/li>\n<\/ul>\n<p>Musisz wybra\u0107 palet\u0119 kolor\u00f3w, kt\u00f3ra jest zgodna z odczuciami potencjalnych konsument\u00f3w.<b><\/b><\/p>\n<ul>\n<li><b>Wybierz rozmiar czcionki<\/b><\/li>\n<\/ul>\n<p>Wa\u017cne jest, aby wybra\u0107 idealny rozmiar czcionki dla typografii na powierzchni opakowania.<b><\/b><\/p>\n<ul>\n<li><b>Wzorce u\u017cycia<\/b><\/li>\n<\/ul>\n<p>Nale\u017cy wybiera\u0107 wzory, kt\u00f3re poprawiaj\u0105 wygl\u0105d opakowania.<b><\/b><\/p>\n<ul>\n<li><b>U\u017cyj metalicznego<\/b><\/li>\n<\/ul>\n<p>Dobrze jest u\u017cy\u0107 srebrnej lub z\u0142otej folii, aby zapewni\u0107 luksusowy wygl\u0105d.<b><\/b><\/p>\n<ul>\n<li><b>Gra tekstur<\/b><\/li>\n<\/ul>\n<p>Mo\u017cesz u\u017cy\u0107 b\u0142yszcz\u0105cych, matowych lub wyt\u0142aczanych wyko\u0144cze\u0144, aby doda\u0107 g\u0142\u0119bi do projektu opakowania.<\/p>\n<h2><b>Dlaczego funkcjonalno\u015b\u0107 opakowa\u0144 do makija\u017cu jest wa\u017cna?<\/b><\/h2>\n<p>Funkcjonalno\u015b\u0107 opakowa\u0144 do makija\u017cu jest niezb\u0119dna z kilku powod\u00f3w:<\/p>\n<ul>\n<li>Ochrona<\/li>\n<\/ul>\n<ul>\n<li>\u0141atwe u\u017cytkowanie<\/li>\n<\/ul>\n<ul>\n<li>Przeno\u015bno\u015b\u0107<\/li>\n<\/ul>\n<ul>\n<li>Personalizacja<\/li>\n<\/ul>\n<ul>\n<li>Zr\u00f3wnowa\u017cony rozw\u00f3j<\/li>\n<\/ul>\n<h2>Dlaczego warto wybra\u0107 niestandardowe pude\u0142ka kosmetyczne Instant Custom Boxes?<\/h2>\n<ul>\n<li>Wiedza i do\u015bwiadczenie w zakresie opakowa\u0144 kosmetycznych<\/li>\n<\/ul>\n<ul>\n<li>Szeroki wyb\u00f3r pude\u0142ek kosmetycznych<\/li>\n<\/ul>\n<ul>\n<li>Niestandardowe opcje drukowania<\/li>\n<\/ul>\n<ul>\n<li>Opcje wyko\u0144czenia klasy premium<\/li>\n<\/ul>\n<ul>\n<li>Trwa\u0142e opakowania dla marek kosmetycznych<\/li>\n<\/ul>\n<h2>Uzyskaj bezp\u0142atn\u0105 wysy\u0142k\u0119 w szybkim tempie<\/h2>\n<p>W Instant Custom Boxes zapewniamy bezp\u0142atn\u0105 wysy\u0142k\u0119 do naszych klient\u00f3w na ca\u0142ym \u015bwiecie. Je\u015bli z\u0142o\u017cysz zam\u00f3wienie teraz, wy\u015blemy je natychmiast, bez \u017cadnych op\u00f3\u017anie\u0144. Na co czekasz? Z\u0142\u00f3\u017c zam\u00f3wienie teraz i otrzymaj\u00a0<strong>niestandardowe pude\u0142ka kosmetyczne hurt<\/strong>\u00a0wysy\u0142ane do domu za darmo. Mo\u017cesz do nas zadzwoni\u0107 lub wys\u0142a\u0107 e-mail, aby skontaktowa\u0107 si\u0119 z naszymi profesjonalnymi ekspertami w dziedzinie pakowania!<\/p>\n<p>Je\u015bli szukasz tych wysokiej jako\u015bci pude\u0142ek, nie ma powodu, aby zwleka\u0107 z zam\u00f3wieniem! Zadzwo\u0144 do nas i skorzystaj z bezp\u0142atnego wsparcia projektowego i opinii naszych specjalist\u00f3w. Porozmawiaj z naszymi specjalistami, zadzwo\u0144 do nas pod numer +86 <a href=\"tel:+86%200755%2027398291\"><span class=\"elementor-icon-list-text\">15017910372<\/span><\/a>lub napisz do nas na adres <a href=\"mailto:info@zojoprint.com\"><span class=\"elementor-icon-list-text\">info@zojoprint.com<\/span><\/a><\/p>\n<p>&nbsp;<\/p>\n<div class=\"widget block block-static-block\">\n<div class=\"landing-page-section option-bottom\">\n<div class=\"custom-materials-tabs-content container container-adjustment\">\n<div class=\"custom-materials-tab-content active\">\n<div class=\"widget block block-static-block\">\n<div class=\"options-items\">\n<div class=\"flex-grid-row-option\">\n<div class=\"flex-grid-item-option\">\n<div class=\"material-box\">\n<p>&nbsp;<\/p>\n<\/div>\n<\/div>\n<\/div>\n<\/div>\n<p><!---end of option item--><\/p>\n<\/div>\n<\/div>\n<\/div>\n<\/div>\n<\/div>","protected":false},"excerpt":{"rendered":"<p>Tw\u00f3rz osza\u0142amiaj\u0105ce niestandardowe opakowania Spot UV z b\u0142yszcz\u0105cym wyko\u0144czeniem, kt\u00f3re podkre\u015bla logo i projekt, nadaj\u0105c Twojej marce wyrafinowany, wysokiej klasy wygl\u0105d.<\/p>\n<p>Personalizacja: Mo\u017cliwo\u015b\u0107 dostosowania rozmiaru\/druku\/materia\u0142u\/wyko\u0144czenia\/kszta\u0142tu itp.<br \/>\nRodzaj materia\u0142u: Ekologiczne, posiadaj\u0105 certyfikaty FSC\/ISO\/BSCI<br \/>\nCzas produkcji: Pr\u00f3bka 1-3 dni; Luzem 7-9 dni<br \/>\nCzas wysy\u0142ki: Express 3-7 dni; Air 12-16 dni; Boat 25-30 dni\uff08R\u00f3\u017cne kraje maj\u0105 r\u00f3\u017cne czasy)<\/p>\n<p>Cena:Skontaktuj si\u0119 z nami, aby wys\u0142a\u0107 zapytanie!<\/p>","protected":false},"featured_media":3050,"template":"","meta":[],"product_brand":[],"product_cat":[30,417,430,31],"product_tag":[935,937,936],"class_list":{"0":"post-3045","1":"product","2":"type-product","3":"status-publish","4":"has-post-thumbnail","6":"product_cat-by-industry","7":"product_cat-custom-perfume-boxes-by-industry","8":"product_cat-folding-cartons","9":"product_cat-paper-box-style","10":"product_tag-custom-logo-box","11":"product_tag-folding-carton-supplier","12":"product_tag-glossy-logo-box","14":"first","15":"instock","16":"shipping-taxable","17":"product-type-grouped"},"_links":{"self":[{"href":"https:\/\/zojopackaging.com\/pl\/wp-json\/wp\/v2\/product\/3045","targetHints":{"allow":["GET"]}}],"collection":[{"href":"https:\/\/zojopackaging.com\/pl\/wp-json\/wp\/v2\/product"}],"about":[{"href":"https:\/\/zojopackaging.com\/pl\/wp-json\/wp\/v2\/types\/product"}],"version-history":[{"count":2,"href":"https:\/\/zojopackaging.com\/pl\/wp-json\/wp\/v2\/product\/3045\/revisions"}],"predecessor-version":[{"id":8670,"href":"https:\/\/zojopackaging.com\/pl\/wp-json\/wp\/v2\/product\/3045\/revisions\/8670"}],"wp:featuredmedia":[{"embeddable":true,"href":"https:\/\/zojopackaging.com\/pl\/wp-json\/wp\/v2\/media\/3050"}],"wp:attachment":[{"href":"https:\/\/zojopackaging.com\/pl\/wp-json\/wp\/v2\/media?parent=3045"}],"wp:term":[{"taxonomy":"product_brand","embeddable":true,"href":"https:\/\/zojopackaging.com\/pl\/wp-json\/wp\/v2\/product_brand?post=3045"},{"taxonomy":"product_cat","embeddable":true,"href":"https:\/\/zojopackaging.com\/pl\/wp-json\/wp\/v2\/product_cat?post=3045"},{"taxonomy":"product_tag","embeddable":true,"href":"https:\/\/zojopackaging.com\/pl\/wp-json\/wp\/v2\/product_tag?post=3045"}],"curies":[{"name":"wp","href":"https:\/\/api.w.org\/{rel}","templated":true}]}}