{"id":3068,"date":"2024-03-14T13:48:49","date_gmt":"2024-03-14T05:48:49","guid":{"rendered":"https:\/\/zojopackaging.com\/?post_type=product&#038;p=3068"},"modified":"2025-03-29T18:45:50","modified_gmt":"2025-03-29T10:45:50","slug":"perfume-obsidian-card-box","status":"publish","type":"product","link":"https:\/\/zojopackaging.com\/pl\/product\/perfume-obsidian-card-box\/","title":{"rendered":"Niestandardowy producent kartonowych pude\u0142ek na perfumy z g\u0142adkiego papieru"},"content":{"rendered":"<h1>Niestandardowy producent kartonowych pude\u0142ek na perfumy z g\u0142adkiego papieru<\/h1>\n<p>Przedstawiamy nasze pude\u0142ko Perfume Obsidian Card Box, luksusowe i wyrafinowane opakowanie dla najcenniejszych zapach\u00f3w. Wykonane z precyzj\u0105 i elegancj\u0105, to pude\u0142ko zosta\u0142o zaprojektowane, aby poprawi\u0107 prezentacj\u0119 perfum i z\u0142o\u017cy\u0107 o\u015bwiadczenie.<\/p>\n<p>Najwa\u017cniejsze cechy Perfume Obsidian Card Box obejmuj\u0105:<\/p>\n<ul>\n<li>Wykonany z najwy\u017cszej jako\u015bci kartonu z eleganckim czarnym wyko\u0144czeniem, kt\u00f3re emanuje luksusem i wyrafinowaniem.<\/li>\n<li>Misternie zaprojektowany wz\u00f3r inspirowany obsydianem dodaje odrobin\u0119 mistycyzmu i elegancji do opakowania perfum.<\/li>\n<li>Dost\u0119pne s\u0105 konfigurowalne opcje brandingu, umieszczania logo i dodatkowych ozd\u00f3b, aby dostosowa\u0107 pude\u0142ko do swojego unikalnego stylu.<\/li>\n<li>Wytrzyma\u0142a konstrukcja zapewniaj\u0105ca ochron\u0119 flakon\u00f3w perfum i utrzymanie ich jako\u015bci podczas przechowywania i transportu.<\/li>\n<\/ul>\n<p>Niezale\u017cnie od tego, czy jeste\u015b koneserem perfum, kt\u00f3ry chce zaprezentowa\u0107 swoj\u0105 kolekcj\u0119, czy te\u017c mark\u0105, kt\u00f3ra chce podnie\u015b\u0107 poziom opakowania swoich charakterystycznych zapach\u00f3w, pude\u0142ko Perfume Obsidian Card Box jest idealnym wyborem. Zr\u00f3b trwa\u0142e wra\u017cenie dzi\u0119ki temu wykwintnemu i stylowemu opakowaniu, kt\u00f3re odzwierciedla elegancj\u0119 i urok Twoich zapach\u00f3w.<\/p>\n<h1><strong>Specyfikacja<\/strong><\/h1>\n<div class=\"widget block block-static-block\">\n<div class=\"landing-page-section option-bottom\">\n<div class=\"custom-materials-tabs-content container container-adjustment\">\n<div class=\"custom-materials-tab-content active\">\n<div class=\"widget block block-static-block\">\n<div class=\"options-items\">\n<div class=\"flex-grid-row-option\">\n<div class=\"flex-grid-item-option\">\n<div class=\"material-box\">\n<div class=\"material-des\">\n<table width=\"1070\">\n<tbody>\n<tr>\n<td width=\"373\">Wymiary<\/td>\n<td width=\"373\">Wszystkie niestandardowe rozmiary i kszta\u0142ty<\/td>\n<\/tr>\n<tr>\n<td width=\"373\">MOQ<\/td>\n<td width=\"373\">500szt.<\/td>\n<\/tr>\n<tr>\n<td width=\"373\">Czas pr\u00f3by<\/td>\n<td width=\"373\">3-5 dni<\/td>\n<\/tr>\n<tr>\n<td width=\"373\">Proces domy\u015blny<\/td>\n<td width=\"373\">Sztancowanie, klejenie, nacinanie, perforacja<\/td>\n<\/tr>\n<tr>\n<td width=\"373\">Drukowanie<\/td>\n<td width=\"373\">Cmyk, pms, bez drukowania<\/td>\n<\/tr>\n<tr>\n<td width=\"373\">Opcja materia\u0142u<\/td>\n<td width=\"373\">Bia\u0142y papier kartonowy, papier powlekany, papier artystyczny, papier siarczanowy, ko\u015b\u0107 s\u0142oniowa, tektura dwustronna, papier specjalny itp.<\/td>\n<\/tr>\n<tr>\n<td width=\"373\">Wyko\u0144czenie powierzchni<\/td>\n<td width=\"373\">Laminowanie matowe\/b\u0142yszcz\u0105ce, punktowe UVDebossing, t\u0142oczenie, t\u0142oczenie foli\u0105 itp.<\/td>\n<\/tr>\n<tr>\n<td width=\"373\">Wykorzystanie w przemy\u015ble<\/td>\n<td width=\"373\">kosmetyki, perfumy, odzie\u017c, bi\u017cuteria, tyto\u0144, \u017cywno\u015b\u0107, towary codziennego u\u017cytku,<\/td>\n<\/tr>\n<tr>\n<td width=\"373\">Kontrola jako\u015bci<\/td>\n<td width=\"373\">Zaawansowany sprz\u0119t i do\u015bwiadczony zesp\u00f3\u0142 kontroli jako\u015bci dok\u0142adnie sprawdz\u0105 materia\u0142y, p\u00f3\u0142produkty i gotowe produkty na ka\u017cdym etapie przed ich u\u017cyciem.<\/td>\n<\/tr>\n<tr>\n<td width=\"373\">Cena<\/td>\n<td width=\"373\">Ostateczna cena b\u0119dzie dostosowana do produktu i wymaganej ilo\u015bci<\/td>\n<\/tr>\n<tr>\n<td width=\"373\">Czas zwrotu<\/td>\n<td width=\"373\">7-14 dni roboczych, po\u015bpiech<\/td>\n<\/tr>\n<tr>\n<td width=\"373\">Papier<\/td>\n<td width=\"373\">10pt do 28pt (60lb do 400lb) ekologiczny Kraft, tektura falista e-flute, tektura bux, karton<\/td>\n<\/tr>\n<tr>\n<td width=\"373\">Format grafiki<\/td>\n<td width=\"373\">JPG, PDF, AI, CDR, EPS, GIF....<\/td>\n<\/tr>\n<tr>\n<td width=\"373\">Akcesoria<\/td>\n<td width=\"373\">Magnes, ta\u015bma, forma EVA, plastikowa taca, g\u0105bka, okienko PVC\/PET\/PP,...<\/td>\n<\/tr>\n<tr>\n<td width=\"373\">Termin p\u0142atno\u015bci<\/td>\n<td width=\"373\">T \/ T, Western Union, Paypal, depozyt 30% i saldo 70% przed wysy\u0142k\u0105.<\/td>\n<\/tr>\n<\/tbody>\n<\/table>\n<\/div>\n<\/div>\n<\/div>\n<\/div>\n<\/div>\n<\/div>\n<\/div>\n<\/div>\n<\/div>\n<\/div>\n<div class=\"widget block block-static-block\">\n<div class=\"landing-page-section option-bottom\">\n<div class=\"custom-materials-tabs-content container container-adjustment\">\n<div class=\"custom-materials-tab-content active\">\n<div class=\"widget block block-static-block\">\n<div class=\"options-items\">\n<div class=\"flex-grid-row-option\">\n<div class=\"flex-grid-item-option\">\n<div class=\"material-box\">\n<p>&nbsp;<\/p>\n<\/div>\n<\/div>\n<\/div>\n<\/div>\n<p><!---end of option item--><\/p>\n<\/div>\n<\/div>\n<\/div>\n<\/div>\n<\/div>","protected":false},"excerpt":{"rendered":"<p>Pude\u0142ka te posiadaj\u0105 niezwyk\u0142e w\u0142a\u015bciwo\u015bci poch\u0142aniania wstrz\u0105s\u00f3w. Mo\u017cna je \u0142atwo dostosowa\u0107, aby uzyska\u0107 dowolny kszta\u0142t, rozmiar, kolor i styl.<\/p>\n<p>Personalizacja: Mo\u017cliwo\u015b\u0107 dostosowania rozmiaru\/druku\/materia\u0142u\/wyko\u0144czenia\/kszta\u0142tu itp.<br \/>\nRodzaj materia\u0142u: Ekologiczne, posiadaj\u0105 certyfikaty FSC\/ISO\/BSCI<br \/>\nCzas produkcji: Pr\u00f3bka 1-3 dni; Luzem 7-9 dni<br \/>\nCzas wysy\u0142ki: Express 3-7 dni; Air 12-16 dni; Boat 25-30 dni\uff08R\u00f3\u017cne kraje maj\u0105 r\u00f3\u017cne czasy)<\/p>\n<p>Cena:Skontaktuj si\u0119 z nami, aby wys\u0142a\u0107 zapytanie!<\/p>","protected":false},"featured_media":3073,"template":"","meta":[],"product_brand":[],"product_cat":[30,417,430,31],"product_tag":[829,925,924],"class_list":{"0":"post-3068","1":"product","2":"type-product","3":"status-publish","4":"has-post-thumbnail","6":"product_cat-by-industry","7":"product_cat-custom-perfume-boxes-by-industry","8":"product_cat-folding-cartons","9":"product_cat-paper-box-style","10":"product_tag-box-maker","11":"product_tag-perfume-men-box","12":"product_tag-smooth-box","14":"first","15":"instock","16":"shipping-taxable","17":"product-type-grouped"},"_links":{"self":[{"href":"https:\/\/zojopackaging.com\/pl\/wp-json\/wp\/v2\/product\/3068","targetHints":{"allow":["GET"]}}],"collection":[{"href":"https:\/\/zojopackaging.com\/pl\/wp-json\/wp\/v2\/product"}],"about":[{"href":"https:\/\/zojopackaging.com\/pl\/wp-json\/wp\/v2\/types\/product"}],"version-history":[{"count":2,"href":"https:\/\/zojopackaging.com\/pl\/wp-json\/wp\/v2\/product\/3068\/revisions"}],"predecessor-version":[{"id":8658,"href":"https:\/\/zojopackaging.com\/pl\/wp-json\/wp\/v2\/product\/3068\/revisions\/8658"}],"wp:featuredmedia":[{"embeddable":true,"href":"https:\/\/zojopackaging.com\/pl\/wp-json\/wp\/v2\/media\/3073"}],"wp:attachment":[{"href":"https:\/\/zojopackaging.com\/pl\/wp-json\/wp\/v2\/media?parent=3068"}],"wp:term":[{"taxonomy":"product_brand","embeddable":true,"href":"https:\/\/zojopackaging.com\/pl\/wp-json\/wp\/v2\/product_brand?post=3068"},{"taxonomy":"product_cat","embeddable":true,"href":"https:\/\/zojopackaging.com\/pl\/wp-json\/wp\/v2\/product_cat?post=3068"},{"taxonomy":"product_tag","embeddable":true,"href":"https:\/\/zojopackaging.com\/pl\/wp-json\/wp\/v2\/product_tag?post=3068"}],"curies":[{"name":"wp","href":"https:\/\/api.w.org\/{rel}","templated":true}]}}