{"id":3091,"date":"2024-03-14T14:05:05","date_gmt":"2024-03-14T06:05:05","guid":{"rendered":"https:\/\/zojopackaging.com\/?post_type=product&#038;p=3091"},"modified":"2025-03-29T00:06:38","modified_gmt":"2025-03-28T16:06:38","slug":"custom-silver-perfume-boxes","status":"publish","type":"product","link":"https:\/\/zojopackaging.com\/pl\/product\/custom-silver-perfume-boxes\/","title":{"rendered":"Niestandardowe luksusowe srebrne papierowe pude\u0142ka na prezenty Fabryki"},"content":{"rendered":"<h1>Niestandardowe luksusowe srebrne papierowe pude\u0142ka na prezenty Fabryki<\/h1>\n<p>Niestandardowe pude\u0142ka na perfumy ze z\u0142otej\/srebrnej folii prezentuj\u0105 perfumy lub wod\u0119 kolo\u0144sk\u0105. Pude\u0142ka te sprawi\u0105, \u017ce perfumy b\u0119d\u0105 wygl\u0105da\u0107 bardziej elegancko i luksusowo. Folia ochroni r\u00f3wnie\u017c perfumy przed uszkodzeniem podczas transportu.<\/p>\n<p>Pude\u0142ka te s\u0105 wykonane z papieru o wysokiej gramaturze z satynowym wyko\u0144czeniem. Maj\u0105 one okienko z przodu pude\u0142ka. Dzi\u0119ki temu mo\u017cna zobaczy\u0107, co jest w \u015brodku bez otwierania. Na g\u00f3rze pude\u0142ka znajduje si\u0119 r\u00f3wnie\u017c klapka z magnesem. Po otwarciu pozostaje ona zamkni\u0119ta, gdy nie jest u\u017cywana.<\/p>\n<h1><strong>Specyfikacja<\/strong><\/h1>\n<div class=\"widget block block-static-block\">\n<div class=\"landing-page-section option-bottom\">\n<div class=\"custom-materials-tabs-content container container-adjustment\">\n<div class=\"custom-materials-tab-content active\">\n<div class=\"widget block block-static-block\">\n<div class=\"options-items\">\n<div class=\"flex-grid-row-option\">\n<div class=\"flex-grid-item-option\">\n<div class=\"material-box\">\n<div class=\"material-des\">\n<table width=\"1070\">\n<tbody>\n<tr>\n<td width=\"373\">Wymiary<\/td>\n<td width=\"373\">Wszystkie niestandardowe rozmiary i kszta\u0142ty<\/td>\n<\/tr>\n<tr>\n<td width=\"373\">MOQ<\/td>\n<td width=\"373\">500szt.<\/td>\n<\/tr>\n<tr>\n<td width=\"373\">Czas pr\u00f3by<\/td>\n<td width=\"373\">3-5 dni<\/td>\n<\/tr>\n<tr>\n<td width=\"373\">Proces domy\u015blny<\/td>\n<td width=\"373\">Sztancowanie, klejenie, nacinanie, perforacja<\/td>\n<\/tr>\n<tr>\n<td width=\"373\">Drukowanie<\/td>\n<td width=\"373\">Cmyk, pms, bez drukowania<\/td>\n<\/tr>\n<tr>\n<td width=\"373\">Opcja materia\u0142u<\/td>\n<td width=\"373\">Bia\u0142y papier kartonowy, papier powlekany, papier artystyczny, papier siarczanowy, ko\u015b\u0107 s\u0142oniowa, tektura dwustronna, papier specjalny itp.<\/td>\n<\/tr>\n<tr>\n<td width=\"373\">Wyko\u0144czenie powierzchni<\/td>\n<td width=\"373\">Laminowanie matowe\/b\u0142yszcz\u0105ce, punktowe UVDebossing, t\u0142oczenie, t\u0142oczenie foli\u0105 itp.<\/td>\n<\/tr>\n<tr>\n<td width=\"373\">Wykorzystanie w przemy\u015ble<\/td>\n<td width=\"373\">kosmetyki, perfumy, odzie\u017c, bi\u017cuteria, tyto\u0144, \u017cywno\u015b\u0107, towary codziennego u\u017cytku,<\/td>\n<\/tr>\n<tr>\n<td width=\"373\">Kontrola jako\u015bci<\/td>\n<td width=\"373\">Zaawansowany sprz\u0119t i do\u015bwiadczony zesp\u00f3\u0142 kontroli jako\u015bci dok\u0142adnie sprawdz\u0105 materia\u0142y, p\u00f3\u0142produkty i gotowe produkty na ka\u017cdym etapie przed ich u\u017cyciem.<\/td>\n<\/tr>\n<tr>\n<td width=\"373\">Cena<\/td>\n<td width=\"373\">Ostateczna cena b\u0119dzie dostosowana do produktu i wymaganej ilo\u015bci<\/td>\n<\/tr>\n<tr>\n<td width=\"373\">Czas zwrotu<\/td>\n<td width=\"373\">7-14 dni roboczych, po\u015bpiech<\/td>\n<\/tr>\n<tr>\n<td width=\"373\">Papier<\/td>\n<td width=\"373\">10pt do 28pt (60lb do 400lb) ekologiczny Kraft, tektura falista e-flute, tektura bux, karton<\/td>\n<\/tr>\n<tr>\n<td width=\"373\">Format grafiki<\/td>\n<td width=\"373\">JPG, PDF, AI, CDR, EPS, GIF....<\/td>\n<\/tr>\n<tr>\n<td width=\"373\">Akcesoria<\/td>\n<td width=\"373\">Magnes, ta\u015bma, forma EVA, plastikowa taca, g\u0105bka, okienko PVC\/PET\/PP,...<\/td>\n<\/tr>\n<tr>\n<td width=\"373\">Termin p\u0142atno\u015bci<\/td>\n<td width=\"373\">T \/ T, Western Union, Paypal, depozyt 30% i saldo 70% przed wysy\u0142k\u0105.<\/td>\n<\/tr>\n<\/tbody>\n<\/table>\n<\/div>\n<\/div>\n<\/div>\n<\/div>\n<\/div>\n<\/div>\n<\/div>\n<\/div>\n<\/div>\n<\/div>\n<h1><span style=\"font-size: 16px;\">Spersonalizowane pude\u0142ka na perfumy ze z\u0142otej i srebrnej folii<\/span><\/h1>\n<p>Wiemy, jak wa\u017cne jest, aby Twoja firma perfumeryjna wyr\u00f3\u017cnia\u0142a si\u0119 na tle konkurencji. Dlatego oferujemy spersonalizowane pude\u0142ka na perfumy ze z\u0142otej lub srebrnej folii z logo, nazw\u0105 lub innymi elementami projektu. B\u0119dziemy wsp\u00f3\u0142pracowa\u0107 z Tob\u0105, aby stworzy\u0107 co\u015b wyj\u0105tkowego, co pomo\u017ce Twojej marce zab\u0142ysn\u0105\u0107 w bran\u017cy pe\u0142nej podobnych produkt\u00f3w!<\/p>\n<p>Nasze niestandardowe pude\u0142ka na perfumy ze z\u0142otej i srebrnej folii prezentuj\u0105 Twoj\u0105 mark\u0119 elegancko i luksusowo.<\/p>\n<p>Intymno\u015b\u0107 pude\u0142ka wy\u015bcie\u0142amy mi\u0119kkim materia\u0142em. Dzi\u0119ki temu przechowywane w nim perfumy b\u0119d\u0105 zabezpieczone przed uszkodzeniem. Opr\u00f3cz ochrony perfum, pude\u0142ka te u\u0142atwiaj\u0105 r\u00f3wnie\u017c konsumentom identyfikacj\u0119 ich jako produkt\u00f3w luksusowych.<\/p>\n<p>Z\u0142ota i srebrna folia na tych pude\u0142kach perfum sprawia, \u017ce wygl\u0105daj\u0105, jakby by\u0142y warte wi\u0119cej. To dlatego, \u017ce s\u0105! Te pi\u0119kne opcje opakowa\u0144 pomog\u0105 Ci zaimponowa\u0107 konsumentom, kt\u00f3rzy chc\u0105 czego\u015b wi\u0119cej ni\u017c zwyk\u0142ej plastikowej butelki, gdy kupuj\u0105 swoje ulubione zapachy.<\/p>\n<h1>Zastosowanie folii w opakowaniach perfum<\/h1>\n<p>Wykorzystanie folii w przemy\u015ble poligraficznym nie jest now\u0105 koncepcj\u0105. G\u0142\u00f3wnym celem stosowania z\u0142otej i srebrnej folii jest zwi\u0119kszenie atrakcyjno\u015bci wizualnej produktu i nadanie mu bardziej atrakcyjnego wygl\u0105du. Jest to szczeg\u00f3lnie prawdziwe w przypadku stosowania pude\u0142ek na perfumy do projektowania opakowa\u0144 produkt\u00f3w.<\/p>\n<p>Projektuj\u0105c niestandardowe pude\u0142ka na perfumy, nale\u017cy pami\u0119ta\u0107, \u017ce opakowanie powinno przyci\u0105ga\u0107 klient\u00f3w i sprawia\u0107, by czuli si\u0119 dobrze kupuj\u0105c Tw\u00f3j produkt. Folia jest jednym ze sposob\u00f3w na osi\u0105gni\u0119cie tego celu.<\/p>\n<p>Te niestandardowe pude\u0142ka na perfumy ze z\u0142otej i srebrnej folii mog\u0105 by\u0107 u\u017cywane do r\u00f3\u017cnych cel\u00f3w, takich jak upominki, przechowywanie produkt\u00f3w, a nawet jako pude\u0142ka na prezenty.<\/p>\n<p>Przy hurtowym zakupie pude\u0142ek na perfumy dost\u0119pnych jest wiele opcji, takich jak wyb\u00f3r r\u00f3\u017cnych rozmiar\u00f3w, kszta\u0142t\u00f3w, grubo\u015bci itp.<\/p>\n<h1>Uzyskaj niestandardowe foliowane pude\u0142ka na perfumy po cenie hurtowej<\/h1>\n<p>Oferujemy bezp\u0142atn\u0105 wysy\u0142k\u0119, wsparcie projektowe, szybk\u0105 realizacj\u0119, rabat 50% i brak op\u0142at za matryc\u0119. Dzi\u0119ki naszej us\u0142udze otrzymasz wysokiej jako\u015bci z\u0142ote i srebrne foliowane pude\u0142ka na perfumy, kt\u00f3rych potrzebujesz w przyst\u0119pnej cenie. Dlatego mamy pude\u0142ka na perfumy, kt\u00f3re mo\u017cesz zaprojektowa\u0107 samodzielnie, z bezp\u0142atnym wsparciem projektowym i szybk\u0105 realizacj\u0105.<\/p>\n<div class=\"widget block block-static-block\">\n<div class=\"landing-page-section option-bottom\">\n<div class=\"custom-materials-tabs-content container container-adjustment\">\n<div class=\"custom-materials-tab-content active\">\n<div class=\"widget block block-static-block\">\n<div class=\"options-items\">\n<div class=\"flex-grid-row-option\">\n<div class=\"flex-grid-item-option\">\n<div class=\"material-box\">\n<p>&nbsp;<\/p>\n<\/div>\n<\/div>\n<\/div>\n<\/div>\n<p><!---end of option item--><\/p>\n<\/div>\n<\/div>\n<\/div>\n<\/div>\n<\/div>","protected":false},"excerpt":{"rendered":"<p>Wysokiej jako\u015bci niestandardowe luksusowe pude\u0142ka papierowe do wysy\u0142ki perfum. Tania fabryka pude\u0142ek na perfumy, kt\u00f3ra zapewnia kompleksowe us\u0142ugi dostosowane do indywidualnych potrzeb, od projektu po produkcj\u0119.<\/p>\n<ul>\n<li>MOQ: 500 sztuk<\/li>\n<li>Czas dostawy: 7-14 dni roboczych, po\u015bpiech<\/li>\n<li>Wymiary na zam\u00f3wienie (\u015brednica x wysoko\u015b\u0107)<\/li>\n<li>Drukowanie na zam\u00f3wienie<\/li>\n<li>Przyjazny dla \u015brodowiska, nadaj\u0105cy si\u0119 do recyklingu i niezawieraj\u0105cy plastiku<\/li>\n<li>Cena \uff1a Ostateczna cena zostanie dostosowana do produktu i wymaganej ilo\u015bci<\/li>\n<\/ul>","protected":false},"featured_media":3096,"template":"","meta":[],"product_brand":[],"product_cat":[30,417,430,31],"product_tag":[869,870,868],"class_list":{"0":"post-3091","1":"product","2":"type-product","3":"status-publish","4":"has-post-thumbnail","6":"product_cat-by-industry","7":"product_cat-custom-perfume-boxes-by-industry","8":"product_cat-folding-cartons","9":"product_cat-paper-box-style","10":"product_tag-luxury-gift-boxes","11":"product_tag-paper-gift-boxes-factories","12":"product_tag-perfume-paper-gift-boxes","14":"first","15":"instock","16":"shipping-taxable","17":"product-type-grouped"},"_links":{"self":[{"href":"https:\/\/zojopackaging.com\/pl\/wp-json\/wp\/v2\/product\/3091","targetHints":{"allow":["GET"]}}],"collection":[{"href":"https:\/\/zojopackaging.com\/pl\/wp-json\/wp\/v2\/product"}],"about":[{"href":"https:\/\/zojopackaging.com\/pl\/wp-json\/wp\/v2\/types\/product"}],"version-history":[{"count":2,"href":"https:\/\/zojopackaging.com\/pl\/wp-json\/wp\/v2\/product\/3091\/revisions"}],"predecessor-version":[{"id":8522,"href":"https:\/\/zojopackaging.com\/pl\/wp-json\/wp\/v2\/product\/3091\/revisions\/8522"}],"wp:featuredmedia":[{"embeddable":true,"href":"https:\/\/zojopackaging.com\/pl\/wp-json\/wp\/v2\/media\/3096"}],"wp:attachment":[{"href":"https:\/\/zojopackaging.com\/pl\/wp-json\/wp\/v2\/media?parent=3091"}],"wp:term":[{"taxonomy":"product_brand","embeddable":true,"href":"https:\/\/zojopackaging.com\/pl\/wp-json\/wp\/v2\/product_brand?post=3091"},{"taxonomy":"product_cat","embeddable":true,"href":"https:\/\/zojopackaging.com\/pl\/wp-json\/wp\/v2\/product_cat?post=3091"},{"taxonomy":"product_tag","embeddable":true,"href":"https:\/\/zojopackaging.com\/pl\/wp-json\/wp\/v2\/product_tag?post=3091"}],"curies":[{"name":"wp","href":"https:\/\/api.w.org\/{rel}","templated":true}]}}