{"id":3098,"date":"2024-03-14T14:07:49","date_gmt":"2024-03-14T06:07:49","guid":{"rendered":"https:\/\/zojopackaging.com\/?post_type=product&#038;p=3098"},"modified":"2025-03-28T23:59:35","modified_gmt":"2025-03-28T15:59:35","slug":"perfume-rose-red-silver-card-box","status":"publish","type":"product","link":"https:\/\/zojopackaging.com\/pl\/product\/perfume-rose-red-silver-card-box\/","title":{"rendered":"Niestandardowe perfumy Rose Red Silver Cardboard Box Dostawca ODM"},"content":{"rendered":"<h1>Niestandardowe perfumy Rose Red Silver Cardboard Box Dostawca ODM<\/h1>\n<p>Pude\u0142ko Perfume Rose Red Silver Cardboard Box to luksusowe i eleganckie opakowanie na wykwintn\u0105 kolekcj\u0119 perfum. Pude\u0142ko jest wykonane z wysokiej jako\u015bci srebrnego materia\u0142u kartonowego w pi\u0119knym r\u00f3\u017cowoczerwonym kolorze, tworz\u0105c osza\u0142amiaj\u0105cy i przyci\u0105gaj\u0105cy wzrok design.<\/p>\n<p>Po\u0142\u0105czenie r\u00f3\u017cowej czerwieni i srebra nadaje pude\u0142ku wyrafinowany i romantyczny wygl\u0105d, dzi\u0119ki czemu idealnie nadaje si\u0119 do prezentowania perfum premium. Metaliczny po\u0142ysk srebrnego materia\u0142u, z kt\u00f3rego wykonano pude\u0142ko, zwi\u0119ksza jego atrakcyjno\u015b\u0107, dodaj\u0105c odrobin\u0119 luksusu i blasku.<\/p>\n<p>Solidna konstrukcja pude\u0142ka zapewnia, \u017ce perfumy s\u0105 dobrze chronione i bezpieczne podczas przechowywania i transportu. Kompaktowy rozmiar i stylowy wygl\u0105d sprawiaj\u0105, \u017ce pude\u0142ko idealnie nadaje si\u0119 do eksponowania na toaletkach, p\u00f3\u0142kach lub jako pude\u0142ko prezentowe na specjalne okazje.<\/p>\n<p>Niezale\u017cnie od tego, czy jeste\u015b sprzedawc\u0105 perfum, kt\u00f3ry chce poprawi\u0107 wizerunek swojej marki, czy te\u017c osob\u0105 prywatn\u0105 poszukuj\u0105c\u0105 eleganckiego i stylowego sposobu na przechowywanie ulubionych zapach\u00f3w, pude\u0142ko Perfume Rose Red Silver Card Box jest idealnym wyborem. Wyra\u017a swoj\u0105 kolekcj\u0119 perfum dzi\u0119ki temu wyj\u0105tkowemu opakowaniu, kt\u00f3re z pewno\u015bci\u0105 zrobi wra\u017cenie zar\u00f3wno na entuzjastach, jak i koneserach perfum.<\/p>\n<h1><strong>Specyfikacja<\/strong><\/h1>\n<div class=\"widget block block-static-block\">\n<div class=\"landing-page-section option-bottom\">\n<div class=\"custom-materials-tabs-content container container-adjustment\">\n<div class=\"custom-materials-tab-content active\">\n<div class=\"widget block block-static-block\">\n<div class=\"options-items\">\n<div class=\"flex-grid-row-option\">\n<div class=\"flex-grid-item-option\">\n<div class=\"material-box\">\n<div class=\"material-des\">\n<table width=\"1070\">\n<tbody>\n<tr>\n<td width=\"373\">Wymiary<\/td>\n<td width=\"373\">Wszystkie niestandardowe rozmiary i kszta\u0142ty<\/td>\n<\/tr>\n<tr>\n<td width=\"373\">MOQ<\/td>\n<td width=\"373\">500szt.<\/td>\n<\/tr>\n<tr>\n<td width=\"373\">Czas pr\u00f3by<\/td>\n<td width=\"373\">3-5 dni<\/td>\n<\/tr>\n<tr>\n<td width=\"373\">Proces domy\u015blny<\/td>\n<td width=\"373\">Sztancowanie, klejenie, nacinanie, perforacja<\/td>\n<\/tr>\n<tr>\n<td width=\"373\">Drukowanie<\/td>\n<td width=\"373\">Cmyk, pms, bez drukowania<\/td>\n<\/tr>\n<tr>\n<td width=\"373\">Opcja materia\u0142u<\/td>\n<td width=\"373\">Bia\u0142y papier kartonowy, papier powlekany, papier artystyczny, papier siarczanowy, ko\u015b\u0107 s\u0142oniowa, tektura dwustronna, papier specjalny itp.<\/td>\n<\/tr>\n<tr>\n<td width=\"373\">Wyko\u0144czenie powierzchni<\/td>\n<td width=\"373\">Laminowanie matowe\/b\u0142yszcz\u0105ce, punktowe UVDebossing, t\u0142oczenie, t\u0142oczenie foli\u0105 itp.<\/td>\n<\/tr>\n<tr>\n<td width=\"373\">Wykorzystanie w przemy\u015ble<\/td>\n<td width=\"373\">kosmetyki, perfumy, odzie\u017c, bi\u017cuteria, tyto\u0144, \u017cywno\u015b\u0107, towary codziennego u\u017cytku,<\/td>\n<\/tr>\n<tr>\n<td width=\"373\">Kontrola jako\u015bci<\/td>\n<td width=\"373\">Zaawansowany sprz\u0119t i do\u015bwiadczony zesp\u00f3\u0142 kontroli jako\u015bci dok\u0142adnie sprawdz\u0105 materia\u0142y, p\u00f3\u0142produkty i gotowe produkty na ka\u017cdym etapie przed ich u\u017cyciem.<\/td>\n<\/tr>\n<tr>\n<td width=\"373\">Cena<\/td>\n<td width=\"373\">Ostateczna cena b\u0119dzie dostosowana do produktu i wymaganej ilo\u015bci<\/td>\n<\/tr>\n<tr>\n<td width=\"373\">Czas zwrotu<\/td>\n<td width=\"373\">7-14 dni roboczych, po\u015bpiech<\/td>\n<\/tr>\n<tr>\n<td width=\"373\">Papier<\/td>\n<td width=\"373\">10pt do 28pt (60lb do 400lb) ekologiczny Kraft, tektura falista e-flute, tektura bux, karton<\/td>\n<\/tr>\n<tr>\n<td width=\"373\">Format grafiki<\/td>\n<td width=\"373\">JPG, PDF, AI, CDR, EPS, GIF....<\/td>\n<\/tr>\n<tr>\n<td width=\"373\">Akcesoria<\/td>\n<td width=\"373\">Magnes, ta\u015bma, forma EVA, plastikowa taca, g\u0105bka, okienko PVC\/PET\/PP,...<\/td>\n<\/tr>\n<tr>\n<td width=\"373\">Termin p\u0142atno\u015bci<\/td>\n<td width=\"373\">T \/ T, Western Union, Paypal, depozyt 30% i saldo 70% przed wysy\u0142k\u0105.<\/td>\n<\/tr>\n<\/tbody>\n<\/table>\n<\/div>\n<\/div>\n<\/div>\n<\/div>\n<\/div>\n<\/div>\n<\/div>\n<\/div>\n<\/div>\n<\/div>\n<div class=\"widget block block-static-block\">\n<div class=\"landing-page-section option-bottom\">\n<div class=\"custom-materials-tabs-content container container-adjustment\">\n<div class=\"custom-materials-tab-content active\">\n<div class=\"widget block block-static-block\">\n<div class=\"options-items\">\n<div class=\"flex-grid-row-option\">\n<div class=\"flex-grid-item-option\">\n<div class=\"material-box\">\n<p>&nbsp;<\/p>\n<\/div>\n<\/div>\n<\/div>\n<\/div>\n<p><!---end of option item--><\/p>\n<\/div>\n<\/div>\n<\/div>\n<\/div>\n<\/div>","protected":false},"excerpt":{"rendered":"<p>Unikalny branding z przyst\u0119pnymi cenowo niestandardowymi drukowanymi pude\u0142kami na perfumy Opakowania hurtowe z logo. Uzyskaj niestandardowe pude\u0142ko na perfumy w dowolnym rozmiarze i kolorze.<\/p>\n<ul>\n<li>MOQ: 500 sztuk<\/li>\n<li>Czas dostawy: 7-14 dni roboczych, po\u015bpiech<\/li>\n<li>Wymiary na zam\u00f3wienie (\u015brednica x wysoko\u015b\u0107)<\/li>\n<li>Drukowanie na zam\u00f3wienie<\/li>\n<li>Przyjazny dla \u015brodowiska, nadaj\u0105cy si\u0119 do recyklingu i niezawieraj\u0105cy plastiku<\/li>\n<li>Cena \uff1a Ostateczna cena zostanie dostosowana do produktu i wymaganej ilo\u015bci<\/li>\n<\/ul>","protected":false},"featured_media":3102,"template":"","meta":[],"product_brand":[],"product_cat":[30,417,430,31],"product_tag":[865,866,867],"class_list":{"0":"post-3098","1":"product","2":"type-product","3":"status-publish","4":"has-post-thumbnail","6":"product_cat-by-industry","7":"product_cat-custom-perfume-boxes-by-industry","8":"product_cat-folding-cartons","9":"product_cat-paper-box-style","10":"product_tag-custom-cardboard-box","11":"product_tag-perfume-cardboard-box","12":"product_tag-silver-cardboard-box","14":"first","15":"instock","16":"shipping-taxable","17":"product-type-grouped"},"_links":{"self":[{"href":"https:\/\/zojopackaging.com\/pl\/wp-json\/wp\/v2\/product\/3098","targetHints":{"allow":["GET"]}}],"collection":[{"href":"https:\/\/zojopackaging.com\/pl\/wp-json\/wp\/v2\/product"}],"about":[{"href":"https:\/\/zojopackaging.com\/pl\/wp-json\/wp\/v2\/types\/product"}],"version-history":[{"count":2,"href":"https:\/\/zojopackaging.com\/pl\/wp-json\/wp\/v2\/product\/3098\/revisions"}],"predecessor-version":[{"id":8521,"href":"https:\/\/zojopackaging.com\/pl\/wp-json\/wp\/v2\/product\/3098\/revisions\/8521"}],"wp:featuredmedia":[{"embeddable":true,"href":"https:\/\/zojopackaging.com\/pl\/wp-json\/wp\/v2\/media\/3102"}],"wp:attachment":[{"href":"https:\/\/zojopackaging.com\/pl\/wp-json\/wp\/v2\/media?parent=3098"}],"wp:term":[{"taxonomy":"product_brand","embeddable":true,"href":"https:\/\/zojopackaging.com\/pl\/wp-json\/wp\/v2\/product_brand?post=3098"},{"taxonomy":"product_cat","embeddable":true,"href":"https:\/\/zojopackaging.com\/pl\/wp-json\/wp\/v2\/product_cat?post=3098"},{"taxonomy":"product_tag","embeddable":true,"href":"https:\/\/zojopackaging.com\/pl\/wp-json\/wp\/v2\/product_tag?post=3098"}],"curies":[{"name":"wp","href":"https:\/\/api.w.org\/{rel}","templated":true}]}}