{"id":3119,"date":"2024-03-14T14:21:00","date_gmt":"2024-03-14T06:21:00","guid":{"rendered":"https:\/\/zojopackaging.com\/?post_type=product&#038;p=3119"},"modified":"2025-03-27T17:27:19","modified_gmt":"2025-03-27T09:27:19","slug":"custom-perfume-box","status":"publish","type":"product","link":"https:\/\/zojopackaging.com\/pl\/product\/custom-perfume-box\/","title":{"rendered":"Hurtownia Perfum Pude\u0142ka Kosmetyczne Materia\u0142y opakowaniowe"},"content":{"rendered":"<h1>Hurtownia Perfum Pude\u0142ka Kosmetyczne Materia\u0142y opakowaniowe<\/h1>\n<p><a href=\"https:\/\/zojopackaging.com\/pl\/kategoria-produktu\/custom-perfume-boxes\/\">Niestandardowe pude\u0142ko na perfumy<\/a> Zwykle maj\u0105 dobre uszczelnienie, aby zapobiec przedostawaniu si\u0119 kurzu i innych zanieczyszcze\u0144, co pomaga zablokowa\u0107 zapach perfum przy jednoczesnym zachowaniu czysto\u015bci i jako\u015bci perfum, zapobiegaj\u0105c stopniowemu rozpraszaniu zapachu z powodu d\u0142ugotrwa\u0142ej ekspozycji na powietrze. Z wielu powod\u00f3w przyjazne dla \u015brodowiska opakowania maj\u0105 kluczowe znaczenie dla bran\u017cy perfumeryjnej, a coraz wi\u0119cej os\u00f3b korzysta z materia\u0142\u00f3w przyjaznych dla \u015brodowiska, aby zmniejszy\u0107 wp\u0142yw na \u015brodowisko.<\/p>\n<h3>Oferujemy wysokiej jako\u015bci rozwi\u0105zania w zakresie drukowania i pakowania dla <a href=\"https:\/\/zojoprint.en.alibaba.com\/productgrouplist-930456046\/Perfume_Box.html\" target=\"_blank\" rel=\"noopener\">niestandardowe opakowania na perfumy<\/a><\/h3>\n<p>Wysokiej jako\u015bci rozwi\u0105zania w zakresie druku i pakowania s\u0105 niezb\u0119dne dla <a href=\"https:\/\/zojopackaging.com\/pl\/kategoria-produktu\/custom-perfume-boxes\/\">niestandardowe pude\u0142ko na perfumy<\/a> Ponadto wi\u0119kszo\u015b\u0107 sklep\u00f3w perfumeryjnych wykorzystuje unikalne wzornictwo i nadruki w celu wzmocnienia wizerunku marki oraz zwi\u0119kszenia jej rozpoznawalno\u015bci i profesjonalizmu.<\/p>\n<h3><strong>Ekologiczne materia\u0142y u\u017cyte do produkcji\u00a0\u00a0<\/strong><\/h3>\n<p>Podczas produkcji<a href=\"https:\/\/zojopackaging.com\/pl\/kategoria-produktu\/custom-perfume-boxes\/\"> niestandardowe pude\u0142ka na perfumy<\/a>Kluczowe znaczenie ma stosowanie materia\u0142\u00f3w przyjaznych dla \u015brodowiska, co nie tylko pomaga zmniejszy\u0107 wp\u0142yw na \u015brodowisko, ale tak\u017ce poprawia wizerunek marki i przyci\u0105ga bardziej \u015bwiadomych konsument\u00f3w.<\/p>\n<p>Mo\u017cemy dostarczy\u0107 nast\u0119puj\u0105ce materia\u0142y do wyboru.<\/p>\n<h4>takich jak:<\/h4>\n<p><b>papier specjalny<\/b><\/p>\n<p><b>papier falisty<\/b><\/p>\n<p><strong>inny papier<\/strong><\/p>\n<p><img fetchpriority=\"high\" decoding=\"async\" class=\"size-medium wp-image-7511 alignnone\" src=\"https:\/\/zojopackaging.com\/wp-content\/uploads\/2024\/03\/63ba72fb42de82bdcc1ddc218d5a80e-300x269.jpg\" alt=\"materia\u0142\" width=\"300\" height=\"269\" title=\"\" srcset=\"https:\/\/zojopackaging.com\/wp-content\/uploads\/2024\/03\/63ba72fb42de82bdcc1ddc218d5a80e-300x269.jpg 300w, https:\/\/zojopackaging.com\/wp-content\/uploads\/2024\/03\/63ba72fb42de82bdcc1ddc218d5a80e-600x538.jpg 600w, https:\/\/zojopackaging.com\/wp-content\/uploads\/2024\/03\/63ba72fb42de82bdcc1ddc218d5a80e.jpg 750w\" sizes=\"(max-width: 300px) 100vw, 300px\" \/><\/p>\n<p>\uff08Poni\u017csze materia\u0142y maj\u0105 charakter informacyjny\uff09.<\/p>\n<h3>Opakowanie perfum jest najlepsze dla <a href=\"https:\/\/zojoprint.en.alibaba.com\/index.html?spm=a2700.shop_pl.88.11.23bb7121MItxGU\" target=\"_blank\" rel=\"noopener\">Niestandardowe pude\u0142ka<\/a> Potrzeby!<\/h3>\n<p>Opakowania na perfumy mog\u0105 by\u0107 wykonane z r\u00f3\u017cnych ekologicznych materia\u0142\u00f3w: karton, papier artystyczny, papier specjalny - wszystkie te materia\u0142y s\u0105 doskona\u0142ym wyborem. Wyb\u00f3r najlepszego materia\u0142u do tego zadania jest kluczowy, poniewa\u017c ka\u017cdy z tych materia\u0142\u00f3w ma unikalny zestaw zalet i wad. Mo\u017cesz upewni\u0107 si\u0119, \u017ce opakowanie pasuje do to\u017csamo\u015bci Twojej marki i przekazuje w\u0142a\u015bciw\u0105 wiadomo\u015b\u0107 docelowym odbiorcom, zwi\u0119kszaj\u0105c atrakcyjno\u015b\u0107 wizualn\u0105 perfum, czyni\u0105c je bardziej atrakcyjnymi dla klient\u00f3w i wyr\u00f3\u017cniaj\u0105cymi si\u0119 na p\u00f3\u0142ce, w oparciu o logo marki, kolory i elementy projektu.<\/p>\n<h3>Dlaczego warto wybra\u0107 nas do produkcji niestandardowych opakowa\u0144?<\/h3>\n<p>Za\u0142o\u017cona w 2009 roku firma zojopackaging od d\u0142u\u017cszego czasu dostarcza doskona\u0142e rozwi\u0105zania w zakresie produkt\u00f3w zapachowych dla r\u00f3\u017cnych firm i marek. Wierzymy w zapewnienie wygody naszym klientom w najlepszy mo\u017cliwy spos\u00f3b, dlatego nasze produkty maj\u0105 100% satysfakcji klienta.<\/p>\n<h1><strong>Specyfikacja<\/strong><\/h1>\n<div class=\"widget block block-static-block\">\n<div class=\"landing-page-section option-bottom\">\n<div class=\"custom-materials-tabs-content container container-adjustment\">\n<div class=\"custom-materials-tab-content active\">\n<div class=\"widget block block-static-block\">\n<div class=\"options-items\">\n<div class=\"flex-grid-row-option\">\n<div class=\"flex-grid-item-option\">\n<div class=\"material-box\">\n<div class=\"material-des\">\n<table width=\"1070\">\n<tbody>\n<tr>\n<td width=\"373\">Wymiary<\/td>\n<td width=\"373\">Wszystkie niestandardowe rozmiary i kszta\u0142ty<\/td>\n<\/tr>\n<tr>\n<td width=\"373\">MOQ<\/td>\n<td width=\"373\">500 sztuk (kontrola jako\u015bci pr\u00f3bki pomocniczej\uff09<\/td>\n<\/tr>\n<tr>\n<td width=\"373\">Czas pr\u00f3by<\/td>\n<td width=\"373\">3-5 dni roboczych<\/td>\n<\/tr>\n<tr>\n<td width=\"373\">Proces domy\u015blny<\/td>\n<td width=\"373\">Sztancowanie, klejenie, nacinanie, perforacja<\/td>\n<\/tr>\n<tr>\n<td width=\"373\">Drukowanie<\/td>\n<td width=\"373\">Cmyk, pms, bez drukowania<\/td>\n<\/tr>\n<tr>\n<td width=\"373\">Opcja materia\u0142u<\/td>\n<td width=\"373\">Bia\u0142y papier kartonowy, papier powlekany, papier artystyczny, papier siarczanowy, ko\u015b\u0107 s\u0142oniowa, tektura dwustronna, papier specjalny itp.<\/td>\n<\/tr>\n<tr>\n<td width=\"373\">Wyko\u0144czenie powierzchni<\/td>\n<td width=\"373\">Laminowanie matowe\/b\u0142yszcz\u0105ce, punktowe UVDebossing, t\u0142oczenie, t\u0142oczenie foli\u0105 itp.<\/td>\n<\/tr>\n<tr>\n<td width=\"373\">Wykorzystanie w przemy\u015ble<\/td>\n<td width=\"373\">kosmetyki, perfumy, odzie\u017c, bi\u017cuteria, tyto\u0144, \u017cywno\u015b\u0107, towary codziennego u\u017cytku,<\/td>\n<\/tr>\n<tr>\n<td width=\"373\">Kontrola jako\u015bci<\/td>\n<td width=\"373\">Zaawansowany sprz\u0119t i do\u015bwiadczony zesp\u00f3\u0142 kontroli jako\u015bci dok\u0142adnie sprawdz\u0105 materia\u0142y, p\u00f3\u0142produkty i gotowe produkty na ka\u017cdym etapie przed ich u\u017cyciem.<\/td>\n<\/tr>\n<tr>\n<td width=\"373\">Cena<\/td>\n<td width=\"373\">Ostateczna cena b\u0119dzie dostosowana do produktu i wymaganej ilo\u015bci<\/td>\n<\/tr>\n<tr>\n<td width=\"373\">Czas zwrotu<\/td>\n<td width=\"373\">7-14 dni roboczych<\/td>\n<\/tr>\n<tr>\n<td width=\"373\">Papier<\/td>\n<td width=\"373\">10pt do 28pt (60lb do 400lb) ekologiczny Kraft, tektura falista e-flute, tektura bux, karton<\/td>\n<\/tr>\n<tr>\n<td width=\"373\">Format grafiki<\/td>\n<td width=\"373\">JPG, PDF, AI, CDR, EPS, GIF....<\/td>\n<\/tr>\n<tr>\n<td width=\"373\">Akcesoria<\/td>\n<td width=\"373\">Magnes, ta\u015bma, forma EVA, plastikowa taca, g\u0105bka, okienko PVC\/PET\/PP,...<\/td>\n<\/tr>\n<tr>\n<td width=\"373\">Termin p\u0142atno\u015bci<\/td>\n<td width=\"373\">T \/ T, Western Union, Paypal, depozyt 30% i saldo 70% przed wysy\u0142k\u0105.<\/td>\n<\/tr>\n<\/tbody>\n<\/table>\n<\/div>\n<\/div>\n<\/div>\n<\/div>\n<\/div>\n<\/div>\n<\/div>\n<\/div>\n<\/div>\n<\/div>\n<div class=\"widget block block-static-block\">\n<div class=\"landing-page-section option-bottom\">\n<div class=\"custom-materials-tabs-content container container-adjustment\">\n<div class=\"custom-materials-tab-content active\">\n<div class=\"widget block block-static-block\">\n<div class=\"options-items\">\n<div class=\"flex-grid-row-option\">\n<div class=\"flex-grid-item-option\">\n<div class=\"material-box\">\n<p>&nbsp;<\/p>\n<\/div>\n<\/div>\n<\/div>\n<\/div>\n<p><!---end of option item--><\/p>\n<\/div>\n<\/div>\n<\/div>\n<\/div>\n<\/div>","protected":false},"excerpt":{"rendered":"<p>1. Typ pude\u0142ka z pokryw\u0105 i podstaw\u0105 przyjmuje struktur\u0119 g\u00f3rnej i dolnej pokrywy, dwuwarstwow\u0105 ochron\u0119 produktu, kt\u00f3ra mo\u017ce skutecznie zapobiega\u0107 uszkodzeniu przedmiot\u00f3w w opakowaniu<br \/>\n2. Specjalny materia\u0142 papierowy podkre\u015bla prostot\u0119 pude\u0142ka, ale nie pozbawia go poczucia luksusu.<br \/>\n3. Z\u0142ota folia t\u0142oczona na gor\u0105co nadaje opakowaniu poczucie luksusu i wysokiej jako\u015bci prezentacji wizualnej.<br \/>\n4. R\u00f3\u017cne typy pude\u0142ek, materia\u0142y, rozmiary, podszewki i efekty drukowania powierzchni mo\u017cna dostosowa\u0107 do w\u0142asnych potrzeb.<\/p>","protected":false},"featured_media":3125,"template":"","meta":[],"product_brand":[],"product_cat":[30,390,417,425],"product_tag":[686,336,687],"class_list":{"0":"post-3119","1":"product","2":"type-product","3":"status-publish","4":"has-post-thumbnail","6":"product_cat-by-industry","7":"product_cat-custom-cosmetics-boxes","8":"product_cat-custom-perfume-boxes-by-industry","9":"product_cat-lid-and-base-gift-box","10":"product_tag-cosmetic-packaging-supplies","11":"product_tag-perfume-boxes","12":"product_tag-wholesale-perfume-packaging","14":"first","15":"instock","16":"shipping-taxable","17":"product-type-grouped"},"_links":{"self":[{"href":"https:\/\/zojopackaging.com\/pl\/wp-json\/wp\/v2\/product\/3119","targetHints":{"allow":["GET"]}}],"collection":[{"href":"https:\/\/zojopackaging.com\/pl\/wp-json\/wp\/v2\/product"}],"about":[{"href":"https:\/\/zojopackaging.com\/pl\/wp-json\/wp\/v2\/types\/product"}],"version-history":[{"count":2,"href":"https:\/\/zojopackaging.com\/pl\/wp-json\/wp\/v2\/product\/3119\/revisions"}],"predecessor-version":[{"id":8409,"href":"https:\/\/zojopackaging.com\/pl\/wp-json\/wp\/v2\/product\/3119\/revisions\/8409"}],"wp:featuredmedia":[{"embeddable":true,"href":"https:\/\/zojopackaging.com\/pl\/wp-json\/wp\/v2\/media\/3125"}],"wp:attachment":[{"href":"https:\/\/zojopackaging.com\/pl\/wp-json\/wp\/v2\/media?parent=3119"}],"wp:term":[{"taxonomy":"product_brand","embeddable":true,"href":"https:\/\/zojopackaging.com\/pl\/wp-json\/wp\/v2\/product_brand?post=3119"},{"taxonomy":"product_cat","embeddable":true,"href":"https:\/\/zojopackaging.com\/pl\/wp-json\/wp\/v2\/product_cat?post=3119"},{"taxonomy":"product_tag","embeddable":true,"href":"https:\/\/zojopackaging.com\/pl\/wp-json\/wp\/v2\/product_tag?post=3119"}],"curies":[{"name":"wp","href":"https:\/\/api.w.org\/{rel}","templated":true}]}}