{"id":3140,"date":"2024-03-14T14:32:51","date_gmt":"2024-03-14T06:32:51","guid":{"rendered":"https:\/\/zojopackaging.com\/?post_type=product&#038;p=3140"},"modified":"2025-03-27T17:39:59","modified_gmt":"2025-03-27T09:39:59","slug":"custom-perfume-drawer-boxes","status":"publish","type":"product","link":"https:\/\/zojopackaging.com\/pl\/product\/custom-perfume-drawer-boxes\/","title":{"rendered":"Najlepszy dostawca niestandardowych opakowa\u0144 perfum o luksusowym zapachu"},"content":{"rendered":"<h1>Najlepszy dostawca niestandardowych opakowa\u0144 perfum o luksusowym zapachu<\/h1>\n<p>Niestandardowe pude\u0142ka na perfumy s\u0105 eleganckim i praktycznym wyborem do pakowania perfum, oferuj\u0105c wyrafinowane wra\u017cenia podczas rozpakowywania, kt\u00f3re zwi\u0119kszaj\u0105 postrzeganie luksusu i jako\u015bci.<\/p>\n<h2>1. Projektowanie i wyko\u0144czenie<\/h2>\n<p>Niestandardowe pude\u0142ka na perfumy, najlepsze rozwi\u0105zanie dla potrzeb pakowania produkt\u00f3w zapachowych.<\/p>\n<p>Nasze luksusowe pude\u0142ka na kosmetyki i perfumy s\u0105 arcydzie\u0142em designu. Skrupulatnie wykonane z precyzj\u0105 i dba\u0142o\u015bci\u0105 o szczeg\u00f3\u0142y, prezentuj\u0105 elegancj\u0119, kt\u00f3ra nie ma sobie r\u00f3wnych. Smuk\u0142e linie i wyrafinowane wyko\u0144czenia nadaj\u0105 im wyrafinowany wygl\u0105d, kt\u00f3ry natychmiast przyci\u0105ga wzrok.<\/p>\n<h2>2. Jako\u015b\u0107 materia\u0142\u00f3w<\/h2>\n<p>Wykonane z najlepszych materia\u0142\u00f3w pude\u0142ka gwarantuj\u0105 trwa\u0142o\u015b\u0107 i luksusowy wygl\u0105d. Zastosowany wysokiej jako\u015bci papier lub tkanina nie tylko zwi\u0119kszaj\u0105 estetyk\u0119, ale tak\u017ce zapewniaj\u0105 ochron\u0119 cennych perfum.<\/p>\n<h2>3. Personalizacja marki<\/h2>\n<p>Rozumiemy znaczenie to\u017csamo\u015bci marki.<\/p>\n<h2>4. Prezentacja i odwo\u0142anie<\/h2>\n<p>Luksusowe pude\u0142ka na kosmetyki i perfumy zwi\u0119kszaj\u0105 warto\u015b\u0107 i presti\u017c produktu, czyni\u0105c go niezb\u0119dnym dla wymagaj\u0105cych klient\u00f3w. <a href=\"https:\/\/zojopackaging.com\/pl\/contact-us\/\">Zam\u00f3w teraz<\/a> i daj swoim perfumom opakowanie, na jakie zas\u0142uguj\u0105!<\/p>\n<h1><strong>Specyfikacja<\/strong><\/h1>\n<div class=\"widget block block-static-block\">\n<div class=\"landing-page-section option-bottom\">\n<div class=\"custom-materials-tabs-content container container-adjustment\">\n<div class=\"custom-materials-tab-content active\">\n<div class=\"widget block block-static-block\">\n<div class=\"options-items\">\n<div class=\"flex-grid-row-option\">\n<div class=\"flex-grid-item-option\">\n<div class=\"material-box\">\n<div class=\"material-des\">\n<table width=\"1070\">\n<tbody>\n<tr>\n<td width=\"373\">Wymiary<\/td>\n<td width=\"373\">Wszystkie niestandardowe rozmiary i kszta\u0142ty<\/td>\n<\/tr>\n<tr>\n<td width=\"373\">MOQ<\/td>\n<td width=\"373\">500szt.<\/td>\n<\/tr>\n<tr>\n<td width=\"373\">Czas pr\u00f3by<\/td>\n<td width=\"373\">3-5 dni<\/td>\n<\/tr>\n<tr>\n<td width=\"373\">Proces domy\u015blny<\/td>\n<td width=\"373\">Sztancowanie, klejenie, nacinanie, perforacja<\/td>\n<\/tr>\n<tr>\n<td width=\"373\">Drukowanie<\/td>\n<td width=\"373\">Cmyk, pms, bez drukowania<\/td>\n<\/tr>\n<tr>\n<td width=\"373\">Opcja materia\u0142u<\/td>\n<td width=\"373\">Bia\u0142y papier kartonowy, papier powlekany, papier artystyczny, papier siarczanowy, ko\u015b\u0107 s\u0142oniowa, tektura dwustronna, papier specjalny itp.<\/td>\n<\/tr>\n<tr>\n<td width=\"373\">Wyko\u0144czenie powierzchni<\/td>\n<td width=\"373\">Laminowanie matowe\/b\u0142yszcz\u0105ce, punktowe UVDebossing, t\u0142oczenie, t\u0142oczenie foli\u0105 itp.<\/td>\n<\/tr>\n<tr>\n<td width=\"373\">Wykorzystanie w przemy\u015ble<\/td>\n<td width=\"373\">kosmetyki, perfumy, odzie\u017c, bi\u017cuteria, tyto\u0144, \u017cywno\u015b\u0107, towary codziennego u\u017cytku,<\/td>\n<\/tr>\n<tr>\n<td width=\"373\">Kontrola jako\u015bci<\/td>\n<td width=\"373\">Zaawansowany sprz\u0119t i do\u015bwiadczony zesp\u00f3\u0142 kontroli jako\u015bci dok\u0142adnie sprawdz\u0105 materia\u0142y, p\u00f3\u0142produkty i gotowe produkty na ka\u017cdym etapie przed ich u\u017cyciem.<\/td>\n<\/tr>\n<tr>\n<td width=\"373\">Cena<\/td>\n<td width=\"373\">Ostateczna cena b\u0119dzie dostosowana do produktu i wymaganej ilo\u015bci<\/td>\n<\/tr>\n<tr>\n<td width=\"373\">Czas zwrotu<\/td>\n<td width=\"373\">7-14 dni roboczych, po\u015bpiech<\/td>\n<\/tr>\n<tr>\n<td width=\"373\">Papier<\/td>\n<td width=\"373\">10pt do 28pt (60lb do 400lb) ekologiczny Kraft, tektura falista e-flute, tektura bux, karton<\/td>\n<\/tr>\n<tr>\n<td width=\"373\">Format grafiki<\/td>\n<td width=\"373\">JPG, PDF, AI, CDR, EPS, GIF....<\/td>\n<\/tr>\n<tr>\n<td width=\"373\">Akcesoria<\/td>\n<td width=\"373\">Magnes, ta\u015bma, forma EVA, plastikowa taca, g\u0105bka, okienko PVC\/PET\/PP,...<\/td>\n<\/tr>\n<tr>\n<td width=\"373\">Termin p\u0142atno\u015bci<\/td>\n<td width=\"373\">T \/ T, Western Union, Paypal, depozyt 30% i saldo 70% przed wysy\u0142k\u0105.<\/td>\n<\/tr>\n<\/tbody>\n<\/table>\n<\/div>\n<\/div>\n<\/div>\n<\/div>\n<\/div>\n<\/div>\n<\/div>\n<\/div>\n<\/div>\n<\/div>\n<div class=\"widget block block-static-block\">\n<div class=\"landing-page-section option-bottom\">\n<div class=\"custom-materials-tabs-content container container-adjustment\">\n<div class=\"custom-materials-tab-content active\">\n<div class=\"widget block block-static-block\">\n<div class=\"options-items\">\n<div class=\"flex-grid-row-option\">\n<div class=\"flex-grid-item-option\">\n<div class=\"material-box\">\n<p>&nbsp;<\/p>\n<\/div>\n<\/div>\n<\/div>\n<\/div>\n<p><!---end of option item--><\/p>\n<\/div>\n<\/div>\n<\/div>\n<\/div>\n<\/div>","protected":false},"excerpt":{"rendered":"<p>1. Konstrukcja szuflady na papier otwiera si\u0119, u\u0142atwiaj\u0105c u\u017cytkownikom otwieranie i zamykanie, skracaj\u0105c czas obs\u0142ugi.<br \/>\n2. Dzi\u0119ki dodatkowej wst\u0105\u017cce mo\u017cna j\u0105 \u0142atwo wyci\u0105gn\u0105\u0107 i zwi\u0119kszy\u0107 rozpoznawalno\u015b\u0107 marki.<br \/>\n3. Stylistyka opakowania nawi\u0105zuje do wzornictwa Bliskiego Wschodu, odzwierciedla regionaln\u0105 kultur\u0119 i wyr\u00f3\u017cnia si\u0119 unikalnym j\u0119zykiem wizualnym oraz funkcjonalnymi mo\u017cliwo\u015bciami adaptacji.<br \/>\n4. Konfigurowalny typ pude\u0142ka, rozmiar, styl projektowania w celu dostosowania do r\u00f3\u017cnych opakowa\u0144 perfum<\/p>","protected":false},"featured_media":3142,"template":"","meta":[],"product_brand":[],"product_cat":[30,417,31,426],"product_tag":[688,340,689],"class_list":{"0":"post-3140","1":"product","2":"type-product","3":"status-publish","4":"has-post-thumbnail","6":"product_cat-by-industry","7":"product_cat-custom-perfume-boxes-by-industry","8":"product_cat-paper-box-style","9":"product_cat-paper-drawer-boxes","10":"product_tag-luxury-scent-packaging","11":"product_tag-perfume-packaging-boxes","12":"product_tag-scent-packaging-supplier","14":"first","15":"instock","16":"shipping-taxable","17":"product-type-grouped"},"_links":{"self":[{"href":"https:\/\/zojopackaging.com\/pl\/wp-json\/wp\/v2\/product\/3140","targetHints":{"allow":["GET"]}}],"collection":[{"href":"https:\/\/zojopackaging.com\/pl\/wp-json\/wp\/v2\/product"}],"about":[{"href":"https:\/\/zojopackaging.com\/pl\/wp-json\/wp\/v2\/types\/product"}],"version-history":[{"count":2,"href":"https:\/\/zojopackaging.com\/pl\/wp-json\/wp\/v2\/product\/3140\/revisions"}],"predecessor-version":[{"id":8410,"href":"https:\/\/zojopackaging.com\/pl\/wp-json\/wp\/v2\/product\/3140\/revisions\/8410"}],"wp:featuredmedia":[{"embeddable":true,"href":"https:\/\/zojopackaging.com\/pl\/wp-json\/wp\/v2\/media\/3142"}],"wp:attachment":[{"href":"https:\/\/zojopackaging.com\/pl\/wp-json\/wp\/v2\/media?parent=3140"}],"wp:term":[{"taxonomy":"product_brand","embeddable":true,"href":"https:\/\/zojopackaging.com\/pl\/wp-json\/wp\/v2\/product_brand?post=3140"},{"taxonomy":"product_cat","embeddable":true,"href":"https:\/\/zojopackaging.com\/pl\/wp-json\/wp\/v2\/product_cat?post=3140"},{"taxonomy":"product_tag","embeddable":true,"href":"https:\/\/zojopackaging.com\/pl\/wp-json\/wp\/v2\/product_tag?post=3140"}],"curies":[{"name":"wp","href":"https:\/\/api.w.org\/{rel}","templated":true}]}}