{"id":3178,"date":"2024-03-14T14:59:30","date_gmt":"2024-03-14T06:59:30","guid":{"rendered":"https:\/\/zojopackaging.com\/?post_type=product&#038;p=3178"},"modified":"2025-03-27T19:46:39","modified_gmt":"2025-03-27T11:46:39","slug":"custom-flip-cover-perfume-boxes","status":"publish","type":"product","link":"https:\/\/zojopackaging.com\/pl\/product\/custom-flip-cover-perfume-boxes\/","title":{"rendered":"Dostosowane luksusowe pude\u0142ko na perfumy Producent Dostawcy Fabryka"},"content":{"rendered":"<h1>Dostosowane luksusowe pude\u0142ko na perfumy Producent Dostawcy Fabryka<\/h1>\n<p>Dostosowane do potrzeb klienta luksusowe pude\u0142ka na perfumy s\u0105 stylowym i przyjaznym dla \u015brodowiska rozwi\u0105zaniem opakowaniowym dla produkt\u00f3w perfumeryjnych premium. Wykonane z wysokiej jako\u015bci, trwa\u0142ych materia\u0142\u00f3w, pude\u0142ka te maj\u0105 eleganck\u0105 klapk\u0119 w \u017cywym zielonym kolorze, kt\u00f3ra emanuje elegancj\u0105 i wyrafinowaniem.<\/p>\n<p>Zaprojektowane, aby zapewni\u0107 zar\u00f3wno ochron\u0119, jak i estetyczny wygl\u0105d, te niestandardowe pude\u0142ka mo\u017cna spersonalizowa\u0107 za pomoc\u0105 logo marki, wiadomo\u015bci i innych element\u00f3w projektu, aby stworzy\u0107 unikalne i przyci\u0105gaj\u0105ce wzrok opakowanie, kt\u00f3re b\u0119dzie rezonowa\u0107 z docelowymi odbiorcami. Odwracana pokrywa dodaje odrobin\u0119 luksusu i ekskluzywno\u015bci do og\u00f3lnej prezentacji, dzi\u0119ki czemu idealnie nadaje si\u0119 do prezent\u00f3w lub ekspozycji detalicznej.<\/p>\n<p>Te niestandardowe pude\u0142ka na perfumy nie tylko zwi\u0119kszaj\u0105 postrzegan\u0105 warto\u015b\u0107 Twoich produkt\u00f3w, ale tak\u017ce pokazuj\u0105 Twoje zaanga\u017cowanie w zr\u00f3wnowa\u017cony rozw\u00f3j i odpowiedzialno\u015b\u0107 za \u015brodowisko. Podnie\u015b wizerunek swojej marki dzi\u0119ki tym ekologicznym i efektownym wizualnie rozwi\u0105zaniom opakowaniowym, zapewniaj\u0105c klientom niezapomniane wra\u017cenia podczas rozpakowywania, jednocze\u015bnie wywieraj\u0105c pozytywny wp\u0142yw na planet\u0119.<\/p>\n<h1><strong>Specyfikacja<\/strong><\/h1>\n<div class=\"widget block block-static-block\">\n<div class=\"landing-page-section option-bottom\">\n<div class=\"custom-materials-tabs-content container container-adjustment\">\n<div class=\"custom-materials-tab-content active\">\n<div class=\"widget block block-static-block\">\n<div class=\"options-items\">\n<div class=\"flex-grid-row-option\">\n<div class=\"flex-grid-item-option\">\n<div class=\"material-box\">\n<div class=\"material-des\">\n<table width=\"1070\">\n<tbody>\n<tr>\n<td width=\"373\">Wymiary<\/td>\n<td width=\"373\">Wszystkie niestandardowe rozmiary i kszta\u0142ty<\/td>\n<\/tr>\n<tr>\n<td width=\"373\">MOQ<\/td>\n<td width=\"373\">500szt.<\/td>\n<\/tr>\n<tr>\n<td width=\"373\">Czas pr\u00f3by<\/td>\n<td width=\"373\">3-5 dni<\/td>\n<\/tr>\n<tr>\n<td width=\"373\">Proces domy\u015blny<\/td>\n<td width=\"373\">Sztancowanie, klejenie, nacinanie, perforacja<\/td>\n<\/tr>\n<tr>\n<td width=\"373\">Drukowanie<\/td>\n<td width=\"373\">Cmyk, pms, bez drukowania<\/td>\n<\/tr>\n<tr>\n<td width=\"373\">Opcja materia\u0142u<\/td>\n<td width=\"373\">Bia\u0142y papier kartonowy, papier powlekany, papier artystyczny, papier siarczanowy, ko\u015b\u0107 s\u0142oniowa, tektura dwustronna, papier specjalny itp.<\/td>\n<\/tr>\n<tr>\n<td width=\"373\">Wyko\u0144czenie powierzchni<\/td>\n<td width=\"373\">Laminowanie matowe\/b\u0142yszcz\u0105ce, punktowe UVDebossing, t\u0142oczenie, t\u0142oczenie foli\u0105 itp.<\/td>\n<\/tr>\n<tr>\n<td width=\"373\">Wykorzystanie w przemy\u015ble<\/td>\n<td width=\"373\">kosmetyki, perfumy, odzie\u017c, bi\u017cuteria, tyto\u0144, \u017cywno\u015b\u0107, towary codziennego u\u017cytku,<\/td>\n<\/tr>\n<tr>\n<td width=\"373\">Kontrola jako\u015bci<\/td>\n<td width=\"373\">Zaawansowany sprz\u0119t i do\u015bwiadczony zesp\u00f3\u0142 kontroli jako\u015bci dok\u0142adnie sprawdz\u0105 materia\u0142y, p\u00f3\u0142produkty i gotowe produkty na ka\u017cdym etapie przed ich u\u017cyciem.<\/td>\n<\/tr>\n<tr>\n<td width=\"373\">Cena<\/td>\n<td width=\"373\">Ostateczna cena b\u0119dzie dostosowana do produktu i wymaganej ilo\u015bci<\/td>\n<\/tr>\n<tr>\n<td width=\"373\">Czas zwrotu<\/td>\n<td width=\"373\">7-14 dni roboczych, po\u015bpiech<\/td>\n<\/tr>\n<tr>\n<td width=\"373\">Papier<\/td>\n<td width=\"373\">10pt do 28pt (60lb do 400lb) ekologiczny Kraft, tektura falista e-flute, tektura bux, karton<\/td>\n<\/tr>\n<tr>\n<td width=\"373\">Format grafiki<\/td>\n<td width=\"373\">JPG, PDF, AI, CDR, EPS, GIF....<\/td>\n<\/tr>\n<tr>\n<td width=\"373\">Akcesoria<\/td>\n<td width=\"373\">Magnes, ta\u015bma, forma EVA, plastikowa taca, g\u0105bka, okienko PVC\/PET\/PP,...<\/td>\n<\/tr>\n<tr>\n<td width=\"373\">Termin p\u0142atno\u015bci<\/td>\n<td width=\"373\">T \/ T, Western Union, Paypal, depozyt 30% i saldo 70% przed wysy\u0142k\u0105.<\/td>\n<\/tr>\n<\/tbody>\n<\/table>\n<\/div>\n<\/div>\n<\/div>\n<\/div>\n<\/div>\n<\/div>\n<\/div>\n<\/div>\n<\/div>\n<\/div>\n<div class=\"widget block block-static-block\">\n<div class=\"landing-page-section option-bottom\">\n<div class=\"custom-materials-tabs-content container container-adjustment\">\n<div class=\"custom-materials-tab-content active\">\n<div class=\"widget block block-static-block\">\n<div class=\"options-items\">\n<div class=\"flex-grid-row-option\">\n<div class=\"flex-grid-item-option\">\n<div class=\"material-box\">\n<p>&nbsp;<\/p>\n<\/div>\n<\/div>\n<\/div>\n<\/div>\n<p><!---end of option item--><\/p>\n<\/div>\n<\/div>\n<\/div>\n<\/div>\n<\/div>","protected":false},"excerpt":{"rendered":"<p>1. Pude\u0142ko prezentowe z klapk\u0105 ma znacz\u0105ce zalety w zakresie funkcjonalno\u015bci i praktyczno\u015bci opakowania dzi\u0119ki zintegrowanej konstrukcji otwierania i zamykania<br \/>\n2. Powlekany papier artystyczny C2S 157 g + sztywny materia\u0142 kartonowy 1200 g, mocny i trwa\u0142y<br \/>\n3. Zielony, przyjazny dla \u015brodowiska kolor jest uniwersalny jako symbol \u015brodowiska, kt\u00f3ry mo\u017ce szybko ustanowi\u0107 mark\u0119 i zr\u00f3wnowa\u017cony rozw\u00f3j<\/p>","protected":false},"featured_media":3183,"template":"","meta":[],"product_brand":[],"product_cat":[30,417,428,31],"product_tag":[701,333,702],"class_list":{"0":"post-3178","1":"product","2":"type-product","3":"status-publish","4":"has-post-thumbnail","6":"product_cat-by-industry","7":"product_cat-custom-perfume-boxes-by-industry","8":"product_cat-irregular-shaped-gift-boxes","9":"product_cat-paper-box-style","10":"product_tag-customized-perfume-box","11":"product_tag-luxury-perfume-box","12":"product_tag-perfume-box-manufacturer","14":"first","15":"instock","16":"shipping-taxable","17":"product-type-grouped"},"_links":{"self":[{"href":"https:\/\/zojopackaging.com\/pl\/wp-json\/wp\/v2\/product\/3178","targetHints":{"allow":["GET"]}}],"collection":[{"href":"https:\/\/zojopackaging.com\/pl\/wp-json\/wp\/v2\/product"}],"about":[{"href":"https:\/\/zojopackaging.com\/pl\/wp-json\/wp\/v2\/types\/product"}],"version-history":[{"count":2,"href":"https:\/\/zojopackaging.com\/pl\/wp-json\/wp\/v2\/product\/3178\/revisions"}],"predecessor-version":[{"id":8418,"href":"https:\/\/zojopackaging.com\/pl\/wp-json\/wp\/v2\/product\/3178\/revisions\/8418"}],"wp:featuredmedia":[{"embeddable":true,"href":"https:\/\/zojopackaging.com\/pl\/wp-json\/wp\/v2\/media\/3183"}],"wp:attachment":[{"href":"https:\/\/zojopackaging.com\/pl\/wp-json\/wp\/v2\/media?parent=3178"}],"wp:term":[{"taxonomy":"product_brand","embeddable":true,"href":"https:\/\/zojopackaging.com\/pl\/wp-json\/wp\/v2\/product_brand?post=3178"},{"taxonomy":"product_cat","embeddable":true,"href":"https:\/\/zojopackaging.com\/pl\/wp-json\/wp\/v2\/product_cat?post=3178"},{"taxonomy":"product_tag","embeddable":true,"href":"https:\/\/zojopackaging.com\/pl\/wp-json\/wp\/v2\/product_tag?post=3178"}],"curies":[{"name":"wp","href":"https:\/\/api.w.org\/{rel}","templated":true}]}}