{"id":3185,"date":"2024-03-14T15:03:02","date_gmt":"2024-03-14T07:03:02","guid":{"rendered":"https:\/\/zojopackaging.com\/?post_type=product&#038;p=3185"},"modified":"2025-03-27T19:31:51","modified_gmt":"2025-03-27T11:31:51","slug":"customized-perfume-packaging-gift-boxes","status":"publish","type":"product","link":"https:\/\/zojopackaging.com\/pl\/product\/customized-perfume-packaging-gift-boxes\/","title":{"rendered":"Dostosuj luksusowe pude\u0142ko na perfumy Zestaw upominkowy Opakowanie Manufactuere"},"content":{"rendered":"<h1>Dostosuj luksusowe pude\u0142ko na perfumy Zestaw upominkowy Opakowanie Manufactuere<\/h1>\n<p>Spersonalizowane pude\u0142ka na perfumy s\u0105 uosobieniem luksusu i wyrafinowania, zaprojektowanym w celu podniesienia jako\u015bci prezent\u00f3w dla produkt\u00f3w perfumeryjnych premium. Te starannie wykonane pude\u0142ka s\u0105 dostosowane do prezentowania perfum w najbardziej elegancki i urzekaj\u0105cy spos\u00f3b.<\/p>\n<p>Skupiaj\u0105c si\u0119 na personalizacji, te pude\u0142ka upominkowe mo\u017cna spersonalizowa\u0107, aby odzwierciedla\u0142y to\u017csamo\u015b\u0107 marki poprzez niestandardowe kolory, logo i elementy projektu. Dba\u0142o\u015b\u0107 o szczeg\u00f3\u0142y w opakowaniu zapewnia, \u017ce ka\u017cde pude\u0142ko jest dzie\u0142em sztuki, poprawiaj\u0105c og\u00f3ln\u0105 prezentacj\u0119 perfum.<\/p>\n<p>Niezale\u017cnie od tego, czy s\u0105 u\u017cywane na specjalne okazje, prezenty firmowe czy do cel\u00f3w detalicznych, te spersonalizowane pude\u0142ka upominkowe dodaj\u0105 odrobin\u0119 ekskluzywno\u015bci i uroku ka\u017cdemu rozpakowaniu. Najwy\u017cszej jako\u015bci materia\u0142y i znakomite wykonanie pude\u0142ek nie tylko chroni\u0105 flakony perfum, ale tak\u017ce wywieraj\u0105 trwa\u0142e wra\u017cenie na odbiorcy.<\/p>\n<p>Wyr\u00f3\u017cnij swoje perfumy, wybieraj\u0105c te spersonalizowane pude\u0142ka upominkowe, kt\u00f3re nie tylko odzwierciedlaj\u0105 jako\u015b\u0107 Twojej marki, ale tak\u017ce dodaj\u0105 poczucia luksusu i presti\u017cu ka\u017cdej chwili wr\u0119czania prezent\u00f3w.<\/p>\n<h1><strong>Specyfikacja<\/strong><\/h1>\n<div class=\"widget block block-static-block\">\n<div class=\"landing-page-section option-bottom\">\n<div class=\"custom-materials-tabs-content container container-adjustment\">\n<div class=\"custom-materials-tab-content active\">\n<div class=\"widget block block-static-block\">\n<div class=\"options-items\">\n<div class=\"flex-grid-row-option\">\n<div class=\"flex-grid-item-option\">\n<div class=\"material-box\">\n<div class=\"material-des\">\n<table width=\"1070\">\n<tbody>\n<tr>\n<td width=\"373\">Wymiary<\/td>\n<td width=\"373\">Wszystkie niestandardowe rozmiary i kszta\u0142ty<\/td>\n<\/tr>\n<tr>\n<td width=\"373\">MOQ<\/td>\n<td width=\"373\">500szt.<\/td>\n<\/tr>\n<tr>\n<td width=\"373\">Czas pr\u00f3by<\/td>\n<td width=\"373\">3-5 dni<\/td>\n<\/tr>\n<tr>\n<td width=\"373\">Proces domy\u015blny<\/td>\n<td width=\"373\">Sztancowanie, klejenie, nacinanie, perforacja<\/td>\n<\/tr>\n<tr>\n<td width=\"373\">Drukowanie<\/td>\n<td width=\"373\">Cmyk, pms, bez drukowania<\/td>\n<\/tr>\n<tr>\n<td width=\"373\">Opcja materia\u0142u<\/td>\n<td width=\"373\">Bia\u0142y papier kartonowy, papier powlekany, papier artystyczny, papier siarczanowy, ko\u015b\u0107 s\u0142oniowa, tektura dwustronna, papier specjalny itp.<\/td>\n<\/tr>\n<tr>\n<td width=\"373\">Wyko\u0144czenie powierzchni<\/td>\n<td width=\"373\">Laminowanie matowe\/b\u0142yszcz\u0105ce, punktowe UVDebossing, t\u0142oczenie, t\u0142oczenie foli\u0105 itp.<\/td>\n<\/tr>\n<tr>\n<td width=\"373\">Wykorzystanie w przemy\u015ble<\/td>\n<td width=\"373\">kosmetyki, perfumy, odzie\u017c, bi\u017cuteria, tyto\u0144, \u017cywno\u015b\u0107, towary codziennego u\u017cytku,<\/td>\n<\/tr>\n<tr>\n<td width=\"373\">Kontrola jako\u015bci<\/td>\n<td width=\"373\">Zaawansowany sprz\u0119t i do\u015bwiadczony zesp\u00f3\u0142 kontroli jako\u015bci dok\u0142adnie sprawdz\u0105 materia\u0142y, p\u00f3\u0142produkty i gotowe produkty na ka\u017cdym etapie przed ich u\u017cyciem.<\/td>\n<\/tr>\n<tr>\n<td width=\"373\">Cena<\/td>\n<td width=\"373\">Ostateczna cena b\u0119dzie dostosowana do produktu i wymaganej ilo\u015bci<\/td>\n<\/tr>\n<tr>\n<td width=\"373\">Czas zwrotu<\/td>\n<td width=\"373\">7-14 dni roboczych, po\u015bpiech<\/td>\n<\/tr>\n<tr>\n<td width=\"373\">Papier<\/td>\n<td width=\"373\">10pt do 28pt (60lb do 400lb) ekologiczny Kraft, tektura falista e-flute, tektura bux, karton<\/td>\n<\/tr>\n<tr>\n<td width=\"373\">Format grafiki<\/td>\n<td width=\"373\">JPG, PDF, AI, CDR, EPS, GIF....<\/td>\n<\/tr>\n<tr>\n<td width=\"373\">Akcesoria<\/td>\n<td width=\"373\">Magnes, ta\u015bma, forma EVA, plastikowa taca, g\u0105bka, okienko PVC\/PET\/PP,...<\/td>\n<\/tr>\n<tr>\n<td width=\"373\">Termin p\u0142atno\u015bci<\/td>\n<td width=\"373\">T \/ T, Western Union, Paypal, depozyt 30% i saldo 70% przed wysy\u0142k\u0105.<\/td>\n<\/tr>\n<\/tbody>\n<\/table>\n<\/div>\n<\/div>\n<\/div>\n<\/div>\n<\/div>\n<\/div>\n<\/div>\n<\/div>\n<\/div>\n<\/div>\n<div class=\"widget block block-static-block\">\n<div class=\"landing-page-section option-bottom\">\n<div class=\"custom-materials-tabs-content container container-adjustment\">\n<div class=\"custom-materials-tab-content active\">\n<div class=\"widget block block-static-block\">\n<div class=\"options-items\">\n<div class=\"flex-grid-row-option\">\n<div class=\"flex-grid-item-option\">\n<div class=\"material-box\">\n<p>&nbsp;<\/p>\n<\/div>\n<\/div>\n<\/div>\n<\/div>\n<p><!---end of option item--><\/p>\n<\/div>\n<\/div>\n<\/div>\n<\/div>\n<\/div>","protected":false},"excerpt":{"rendered":"<p>1. Podw\u00f3jne drzwiczki i technologia magnetycznego zamkni\u0119cia zapewniaj\u0105 znacz\u0105ce korzy\u015bci w zakresie funkcjonalno\u015bci opakowania i komfortu u\u017cytkowania.<br \/>\n2. Z\u0142ota folia t\u0142oczona na gor\u0105co nadaje opakowaniu poczucie luksusu i wysokiej jako\u015bci prezentacji wizualnej.<br \/>\n3. Jeste\u015bmy dobrzy w opracowywaniu specjalnych kszta\u0142t\u00f3w pude\u0142ek. Je\u015bli masz jakie\u015b pomys\u0142y dotycz\u0105ce kszta\u0142t\u00f3w pude\u0142ek, mo\u017cemy przekszta\u0142ci\u0107 Twoje pomys\u0142y w rzeczywisto\u015b\u0107.<\/p>","protected":false},"featured_media":3190,"template":"","meta":[],"product_brand":[],"product_cat":[30,417,428,31],"product_tag":[699,698,700],"class_list":{"0":"post-3185","1":"product","2":"type-product","3":"status-publish","4":"has-post-thumbnail","6":"product_cat-by-industry","7":"product_cat-custom-perfume-boxes-by-industry","8":"product_cat-irregular-shaped-gift-boxes","9":"product_cat-paper-box-style","10":"product_tag-customize-perfume-box","11":"product_tag-perfume-box-gift","12":"product_tag-perfume-packaging-manufactuere","14":"first","15":"instock","16":"shipping-taxable","17":"product-type-grouped"},"_links":{"self":[{"href":"https:\/\/zojopackaging.com\/pl\/wp-json\/wp\/v2\/product\/3185","targetHints":{"allow":["GET"]}}],"collection":[{"href":"https:\/\/zojopackaging.com\/pl\/wp-json\/wp\/v2\/product"}],"about":[{"href":"https:\/\/zojopackaging.com\/pl\/wp-json\/wp\/v2\/types\/product"}],"version-history":[{"count":2,"href":"https:\/\/zojopackaging.com\/pl\/wp-json\/wp\/v2\/product\/3185\/revisions"}],"predecessor-version":[{"id":8416,"href":"https:\/\/zojopackaging.com\/pl\/wp-json\/wp\/v2\/product\/3185\/revisions\/8416"}],"wp:featuredmedia":[{"embeddable":true,"href":"https:\/\/zojopackaging.com\/pl\/wp-json\/wp\/v2\/media\/3190"}],"wp:attachment":[{"href":"https:\/\/zojopackaging.com\/pl\/wp-json\/wp\/v2\/media?parent=3185"}],"wp:term":[{"taxonomy":"product_brand","embeddable":true,"href":"https:\/\/zojopackaging.com\/pl\/wp-json\/wp\/v2\/product_brand?post=3185"},{"taxonomy":"product_cat","embeddable":true,"href":"https:\/\/zojopackaging.com\/pl\/wp-json\/wp\/v2\/product_cat?post=3185"},{"taxonomy":"product_tag","embeddable":true,"href":"https:\/\/zojopackaging.com\/pl\/wp-json\/wp\/v2\/product_tag?post=3185"}],"curies":[{"name":"wp","href":"https:\/\/api.w.org\/{rel}","templated":true}]}}