{"id":3192,"date":"2024-03-14T15:07:45","date_gmt":"2024-03-14T07:07:45","guid":{"rendered":"https:\/\/zojopackaging.com\/?post_type=product&#038;p=3192"},"modified":"2025-03-28T11:48:45","modified_gmt":"2025-03-28T03:48:45","slug":"custom-rigid-cardboard-perfume-boxes","status":"publish","type":"product","link":"https:\/\/zojopackaging.com\/pl\/product\/custom-rigid-cardboard-perfume-boxes\/","title":{"rendered":"Niestandardowe luksusowe pude\u0142ka na perfumy OEM z podw\u00f3jnym otwieraniem drzwi"},"content":{"rendered":"<h1>Niestandardowe luksusowe pude\u0142ka na perfumy OEM z podw\u00f3jnym otwieraniem drzwi<\/h1>\n<div class=\"rich-text-wrap\">\n<div class=\"container\">\n<p>Z ponad 13-letnim do\u015bwiadczeniem w <strong>produkcja pude\u0142 kartonowych<\/strong>Jeste\u015bmy jednym z wiod\u0105cych producent\u00f3w i dostawc\u00f3w <a href=\"https:\/\/zojopackaging.com\/pl\/kategoria-produktu\/custom-perfume-boxes\/\"><strong>kartonowe pude\u0142ka na perfumy<\/strong><\/a>,\u00a0<strong><a href=\"https:\/\/zojopackaging.com\/pl\/kategoria-produktu\/custom-perfume-boxes\/\">sztywne pude\u0142ka<\/a>,\u00a0<a href=\"https:\/\/zojopackaging.com\/pl\/kategoria-produktu\/custom-gift-box\/\">pude\u0142ka na prezenty<\/a><\/strong>oraz\u00a0<a href=\"https:\/\/zojopackaging.com\/pl\/kategoria-produktu\/custom-cosmetic-boxes\/\"><strong>pude\u0142ka kosmetyczne<\/strong><\/a>.<\/p>\n<p>Zajmujemy si\u0119 projektowaniem,\u00a0<a href=\"https:\/\/zojopackaging.com\/pl\/custom-packaging-boxes\/\">druk<\/a>i produkcja\u00a0<strong>hurtowe pude\u0142ka kartonowe<\/strong>\u00a0przy minimalnym zam\u00f3wieniu wynosz\u0105cym 3000 sztuk. Nasi wykwalifikowani rzemie\u015blnicy zawsze \u015bci\u015ble wsp\u00f3\u0142pracowali z klientami, zapewniaj\u0105c, \u017ce produkujemy tylko wysokiej jako\u015bci i dostosowane do indywidualnych potrzeb.\u00a0<strong>luksusowe pude\u0142ka na perfumy<\/strong>.<\/p>\n<\/div>\n<\/div>\n<div class=\"double-text\">\n<div class=\"container\">\n<div class=\"text\">\n<div class=\"left\">\n<h2>Dlaczego warto dostosowa\u0107 projekt pude\u0142ka kartonowego do marki?<\/h2>\n<p>Dlaczego wa\u017cne jest, aby\u00a0<a href=\"https:\/\/zojopackaging.com\/pl\/custom-packaging-boxes\/\">niestandardowe sztywne pude\u0142ko kartonowe<\/a>\u00a0dla Twojej marki? Oto powody, dla kt\u00f3rych warto to zrobi\u0107:<\/p>\n<ul>\n<li>\n<h4>To naprawd\u0119 chroni produkt.<\/h4>\n<\/li>\n<\/ul>\n<p>Poniewa\u017c nie ma jednego uniwersalnego pude\u0142ka, wa\u017cne jest, aby zna\u0107 warto\u015b\u0107 uzyskania\u00a0<strong>Niestandardowy projekt pude\u0142ka<\/strong>. Idealny rozmiar pude\u0142ka dla produktu b\u0119dzie pierwsz\u0105 lini\u0105 obrony w celu ochrony produkt\u00f3w, takich jak perfumy i kosmetyki.<\/p>\n<ul>\n<li aria-level=\"1\">\n<h4>Przyci\u0105gnie to nowych klient\u00f3w.<\/h4>\n<\/li>\n<\/ul>\n<p>A\u00a0<strong>Pude\u0142ko kartonowe wykonane na zam\u00f3wienie<\/strong>\u00a0mo\u017ce przyci\u0105gn\u0105\u0107 nowych klient\u00f3w, poniewa\u017c uznaj\u0105 oni, \u017ce projekt i struktura s\u0105 unikalne, tak jakby zosta\u0142y wyprodukowane tylko dla Twojej marki.<\/p>\n<ul>\n<li aria-level=\"1\">\n<h4>Mo\u017ce to budowa\u0107 wizerunek marki.<\/h4>\n<\/li>\n<\/ul>\n<p>Klienci znajduj\u0105 niestandardowe\u00a0<strong>pude\u0142ka kartonowe z nadrukiem<\/strong>\u00a0Modne, a ponadto mog\u0105 sprawi\u0107, \u017ce Twoja marka stanie si\u0119 charakterystycznym narz\u0119dziem. Pami\u0119taj, \u017ce konsumenci ufaj\u0105 i polegaj\u0105 na tego rodzaju wizualizacjach, kt\u00f3re pozostawiaj\u0105 trwa\u0142e wra\u017cenia zwi\u0105zane z mark\u0105.<\/p>\n<\/div>\n<div class=\"right\">\n<h2>Sztywne pude\u0142ka kartonowe na zam\u00f3wienie - kolory, style i nie tylko<\/h2>\n<p>Nasz\u00a0<strong>niestandardowe pude\u0142ka kartonowe<\/strong>\u00a0s\u0105 dost\u0119pne w zam\u00f3wieniach OEM i ODM, kt\u00f3re s\u0105 \u0142atwe i szybsze do wprowadzenia na rynek. W Hongyi zapewniamy naszym klientom szeroki wyb\u00f3r produkt\u00f3w:<\/p>\n<ul>\n<li aria-level=\"1\">materia\u0142y na pude\u0142ka kartonowe<\/li>\n<li aria-level=\"1\">style pude\u0142 kartonowych<\/li>\n<li aria-level=\"1\">kszta\u0142t pude\u0142ka kartonowego<\/li>\n<li aria-level=\"1\">kolory karton\u00f3w<\/li>\n<li aria-level=\"1\">rozmiary pude\u0142 kartonowych<\/li>\n<li aria-level=\"1\">Dekoracja i cz\u0119\u015bci do pude\u0142 kartonowych<\/li>\n<li aria-level=\"1\">nadruk na pude\u0142ku kartonowym i logo<\/li>\n<li aria-level=\"1\">Wk\u0142adka z EVA, EPE lub g\u0105bki<\/li>\n<\/ul>\n<\/div>\n<\/div>\n<\/div>\n<\/div>\n<h1><strong>Specyfikacja<\/strong><\/h1>\n<div class=\"widget block block-static-block\">\n<div class=\"landing-page-section option-bottom\">\n<div class=\"custom-materials-tabs-content container container-adjustment\">\n<div class=\"custom-materials-tab-content active\">\n<div class=\"widget block block-static-block\">\n<div class=\"options-items\">\n<div class=\"flex-grid-row-option\">\n<div class=\"flex-grid-item-option\">\n<div class=\"material-box\">\n<div class=\"material-des\">\n<table width=\"1070\">\n<tbody>\n<tr>\n<td width=\"373\">Wymiary<\/td>\n<td width=\"373\">Wszystkie niestandardowe rozmiary i kszta\u0142ty<\/td>\n<\/tr>\n<tr>\n<td width=\"373\">MOQ<\/td>\n<td width=\"373\">500szt.<\/td>\n<\/tr>\n<tr>\n<td width=\"373\">Czas pr\u00f3by<\/td>\n<td width=\"373\">3-5 dni<\/td>\n<\/tr>\n<tr>\n<td width=\"373\">Proces domy\u015blny<\/td>\n<td width=\"373\">Sztancowanie, klejenie, nacinanie, perforacja<\/td>\n<\/tr>\n<tr>\n<td width=\"373\">Drukowanie<\/td>\n<td width=\"373\">Cmyk, pms, bez drukowania<\/td>\n<\/tr>\n<tr>\n<td width=\"373\">Opcja materia\u0142u<\/td>\n<td width=\"373\">Bia\u0142y papier kartonowy, papier powlekany, papier artystyczny, papier siarczanowy, ko\u015b\u0107 s\u0142oniowa, tektura dwustronna, papier specjalny itp.<\/td>\n<\/tr>\n<tr>\n<td width=\"373\">Wyko\u0144czenie powierzchni<\/td>\n<td width=\"373\">Laminowanie matowe\/b\u0142yszcz\u0105ce, punktowe UVDebossing, t\u0142oczenie, t\u0142oczenie foli\u0105 itp.<\/td>\n<\/tr>\n<tr>\n<td width=\"373\">Wykorzystanie w przemy\u015ble<\/td>\n<td width=\"373\">kosmetyki, perfumy, odzie\u017c, bi\u017cuteria, tyto\u0144, \u017cywno\u015b\u0107, towary codziennego u\u017cytku,<\/td>\n<\/tr>\n<tr>\n<td width=\"373\">Kontrola jako\u015bci<\/td>\n<td width=\"373\">Zaawansowany sprz\u0119t i do\u015bwiadczony zesp\u00f3\u0142 kontroli jako\u015bci dok\u0142adnie sprawdz\u0105 materia\u0142y, p\u00f3\u0142produkty i gotowe produkty na ka\u017cdym etapie przed ich u\u017cyciem.<\/td>\n<\/tr>\n<tr>\n<td width=\"373\">Cena<\/td>\n<td width=\"373\">Ostateczna cena b\u0119dzie dostosowana do produktu i wymaganej ilo\u015bci<\/td>\n<\/tr>\n<tr>\n<td width=\"373\">Czas zwrotu<\/td>\n<td width=\"373\">7-14 dni roboczych, po\u015bpiech<\/td>\n<\/tr>\n<tr>\n<td width=\"373\">Papier<\/td>\n<td width=\"373\">10pt do 28pt (60lb do 400lb) ekologiczny Kraft, tektura falista e-flute, tektura bux, karton<\/td>\n<\/tr>\n<tr>\n<td width=\"373\">Format grafiki<\/td>\n<td width=\"373\">JPG, PDF, AI, CDR, EPS, GIF....<\/td>\n<\/tr>\n<tr>\n<td width=\"373\">Akcesoria<\/td>\n<td width=\"373\">Magnes, ta\u015bma, forma EVA, plastikowa taca, g\u0105bka, okienko PVC\/PET\/PP,...<\/td>\n<\/tr>\n<tr>\n<td width=\"373\">Termin p\u0142atno\u015bci<\/td>\n<td width=\"373\">T \/ T, Western Union, Paypal, depozyt 30% i saldo 70% przed wysy\u0142k\u0105.<\/td>\n<\/tr>\n<\/tbody>\n<\/table>\n<\/div>\n<\/div>\n<\/div>\n<\/div>\n<\/div>\n<\/div>\n<\/div>\n<\/div>\n<\/div>\n<\/div>\n<div class=\"widget block block-static-block\">\n<div class=\"landing-page-section option-bottom\">\n<div class=\"custom-materials-tabs-content container container-adjustment\">\n<div class=\"custom-materials-tab-content active\">\n<div class=\"widget block block-static-block\">\n<div class=\"options-items\">\n<div class=\"flex-grid-row-option\">\n<div class=\"flex-grid-item-option\">\n<div class=\"material-box\">\n<p>&nbsp;<\/p>\n<\/div>\n<\/div>\n<\/div>\n<\/div>\n<p><!---end of option item--><\/p>\n<\/div>\n<\/div>\n<\/div>\n<\/div>\n<\/div>","protected":false},"excerpt":{"rendered":"<p>1. Podw\u00f3jne otwierane pude\u0142ko na perfumy, unikalna metoda otwierania, poprawia wra\u017cenia u\u017cytkownika z rozpakowywania<br \/>\n2. R\u00f3\u017cne rozmiary mo\u017cna dostosowa\u0107 do produktu, odpowiednie do wszystkich rodzaj\u00f3w opakowa\u0144 perfum<\/p>","protected":false},"featured_media":3196,"template":"","meta":[],"product_brand":[],"product_cat":[30,417,428,31],"product_tag":[764,763,445],"class_list":{"0":"post-3192","1":"product","2":"type-product","3":"status-publish","4":"has-post-thumbnail","6":"product_cat-by-industry","7":"product_cat-custom-perfume-boxes-by-industry","8":"product_cat-irregular-shaped-gift-boxes","9":"product_cat-paper-box-style","10":"product_tag-custom-perfume-gift-boxes","11":"product_tag-double-door-perfume-boxes","12":"product_tag-luxury-perfume-gift-boxes","14":"first","15":"instock","16":"shipping-taxable","17":"product-type-grouped"},"_links":{"self":[{"href":"https:\/\/zojopackaging.com\/pl\/wp-json\/wp\/v2\/product\/3192","targetHints":{"allow":["GET"]}}],"collection":[{"href":"https:\/\/zojopackaging.com\/pl\/wp-json\/wp\/v2\/product"}],"about":[{"href":"https:\/\/zojopackaging.com\/pl\/wp-json\/wp\/v2\/types\/product"}],"version-history":[{"count":2,"href":"https:\/\/zojopackaging.com\/pl\/wp-json\/wp\/v2\/product\/3192\/revisions"}],"predecessor-version":[{"id":8446,"href":"https:\/\/zojopackaging.com\/pl\/wp-json\/wp\/v2\/product\/3192\/revisions\/8446"}],"wp:featuredmedia":[{"embeddable":true,"href":"https:\/\/zojopackaging.com\/pl\/wp-json\/wp\/v2\/media\/3196"}],"wp:attachment":[{"href":"https:\/\/zojopackaging.com\/pl\/wp-json\/wp\/v2\/media?parent=3192"}],"wp:term":[{"taxonomy":"product_brand","embeddable":true,"href":"https:\/\/zojopackaging.com\/pl\/wp-json\/wp\/v2\/product_brand?post=3192"},{"taxonomy":"product_cat","embeddable":true,"href":"https:\/\/zojopackaging.com\/pl\/wp-json\/wp\/v2\/product_cat?post=3192"},{"taxonomy":"product_tag","embeddable":true,"href":"https:\/\/zojopackaging.com\/pl\/wp-json\/wp\/v2\/product_tag?post=3192"}],"curies":[{"name":"wp","href":"https:\/\/api.w.org\/{rel}","templated":true}]}}