{"id":3199,"date":"2024-03-14T15:12:34","date_gmt":"2024-03-14T07:12:34","guid":{"rendered":"https:\/\/zojopackaging.com\/?post_type=product&#038;p=3199"},"modified":"2025-03-27T21:37:33","modified_gmt":"2025-03-27T13:37:33","slug":"wholesale-oem-odm-luxury-perfume-box","status":"publish","type":"product","link":"https:\/\/zojopackaging.com\/pl\/product\/wholesale-oem-odm-luxury-perfume-box\/","title":{"rendered":"Hurtownia luksusowych perfum OEM ODM"},"content":{"rendered":"<h1>Hurtownia luksusowych perfum OEM ODM<\/h1>\n<p>Luksusowy zestaw opakowa\u0144 na perfumy obejmuje k\u0105towe pude\u0142ko na mankiet i klasyczny flakonik na perfumy, daj\u0105c mo\u017cliwo\u015b\u0107 spersonalizowania ka\u017cdej jego cz\u0119\u015bci zgodnie ze specjalnymi wymaganiami (rozmiary, kolory, nadruki itp.).<\/p>\n<h2>Zaspokajamy r\u00f3\u017cne potrzeby<\/h2>\n<ul>\n<li>Masz jakie\u015b pomys\u0142y?<\/li>\n<li>Masz ju\u017c w g\u0142owie specyfikacj\u0119 pude\u0142ek na perfumy?<\/li>\n<li>Czy butelki perfum wymagaj\u0105 niestandardowego opakowania?<\/li>\n<\/ul>\n<p>Mo\u017cesz znale\u017a\u0107 wysokiej jako\u015bci pude\u0142ka na perfumy, kt\u00f3re chroni\u0105 butelk\u0119 perfum i zawarto\u015b\u0107 przed ciep\u0142em, wilgoci\u0105 i uszkodzeniami podczas transportu. Skontaktuj si\u0119 z naszym zespo\u0142em ju\u017c dzi\u015b, aby porozmawia\u0107 o projekcie opakowania na perfumy.<\/p>\n<h2>U\u017cywamy materia\u0142\u00f3w nadaj\u0105cych si\u0119 do recyklingu i biodegradowalnych<\/h2>\n<p>Wyb\u00f3r materia\u0142\u00f3w, kt\u00f3re s\u0105 przyjazne dla \u015brodowiska, poprawia to\u017csamo\u015b\u0107 marki jako firmy przyjaznej dla \u015brodowiska, przyci\u0105gaj\u0105c do niej wi\u0119cej klient\u00f3w.<\/p>\n<p>Ceni\u0105c zr\u00f3wnowa\u017cony rozw\u00f3j i ochron\u0119 \u015brodowiska, u\u017cywamy biodegradowalnego drewna, tektury i materia\u0142\u00f3w poliuretanowych do produkcji niestandardowych pude\u0142ek na perfumy.<\/p>\n<h1><strong>Specyfikacja<\/strong><\/h1>\n<div class=\"widget block block-static-block\">\n<div class=\"landing-page-section option-bottom\">\n<div class=\"custom-materials-tabs-content container container-adjustment\">\n<div class=\"custom-materials-tab-content active\">\n<div class=\"widget block block-static-block\">\n<div class=\"options-items\">\n<div class=\"flex-grid-row-option\">\n<div class=\"flex-grid-item-option\">\n<div class=\"material-box\">\n<div class=\"material-des\">\n<table width=\"1070\">\n<tbody>\n<tr>\n<td width=\"373\">Wymiary<\/td>\n<td width=\"373\">Wszystkie niestandardowe rozmiary i kszta\u0142ty<\/td>\n<\/tr>\n<tr>\n<td width=\"373\">MOQ<\/td>\n<td width=\"373\">500szt.<\/td>\n<\/tr>\n<tr>\n<td width=\"373\">Czas pr\u00f3by<\/td>\n<td width=\"373\">3-5 dni<\/td>\n<\/tr>\n<tr>\n<td width=\"373\">Proces domy\u015blny<\/td>\n<td width=\"373\">Sztancowanie, klejenie, nacinanie, perforacja<\/td>\n<\/tr>\n<tr>\n<td width=\"373\">Drukowanie<\/td>\n<td width=\"373\">Cmyk, pms, bez drukowania<\/td>\n<\/tr>\n<tr>\n<td width=\"373\">Opcja materia\u0142u<\/td>\n<td width=\"373\">Bia\u0142y papier kartonowy, papier powlekany, papier artystyczny, papier siarczanowy, ko\u015b\u0107 s\u0142oniowa, tektura dwustronna, papier specjalny itp.<\/td>\n<\/tr>\n<tr>\n<td width=\"373\">Wyko\u0144czenie powierzchni<\/td>\n<td width=\"373\">Laminowanie matowe\/b\u0142yszcz\u0105ce, punktowe UVDebossing, t\u0142oczenie, t\u0142oczenie foli\u0105 itp.<\/td>\n<\/tr>\n<tr>\n<td width=\"373\">Wykorzystanie w przemy\u015ble<\/td>\n<td width=\"373\">kosmetyki, perfumy, odzie\u017c, bi\u017cuteria, tyto\u0144, \u017cywno\u015b\u0107, towary codziennego u\u017cytku,<\/td>\n<\/tr>\n<tr>\n<td width=\"373\">Kontrola jako\u015bci<\/td>\n<td width=\"373\">Zaawansowany sprz\u0119t i do\u015bwiadczony zesp\u00f3\u0142 kontroli jako\u015bci dok\u0142adnie sprawdz\u0105 materia\u0142y, p\u00f3\u0142produkty i gotowe produkty na ka\u017cdym etapie przed ich u\u017cyciem.<\/td>\n<\/tr>\n<tr>\n<td width=\"373\">Cena<\/td>\n<td width=\"373\">Ostateczna cena b\u0119dzie dostosowana do produktu i wymaganej ilo\u015bci<\/td>\n<\/tr>\n<tr>\n<td width=\"373\">Czas zwrotu<\/td>\n<td width=\"373\">7-14 dni roboczych, po\u015bpiech<\/td>\n<\/tr>\n<tr>\n<td width=\"373\">Papier<\/td>\n<td width=\"373\">10pt do 28pt (60lb do 400lb) ekologiczny Kraft, tektura falista e-flute, tektura bux, karton<\/td>\n<\/tr>\n<tr>\n<td width=\"373\">Format grafiki<\/td>\n<td width=\"373\">JPG, PDF, AI, CDR, EPS, GIF....<\/td>\n<\/tr>\n<tr>\n<td width=\"373\">Akcesoria<\/td>\n<td width=\"373\">Magnes, ta\u015bma, forma EVA, plastikowa taca, g\u0105bka, okienko PVC\/PET\/PP,...<\/td>\n<\/tr>\n<tr>\n<td width=\"373\">Termin p\u0142atno\u015bci<\/td>\n<td width=\"373\">T \/ T, Western Union, Paypal, depozyt 30% i saldo 70% przed wysy\u0142k\u0105.<\/td>\n<\/tr>\n<\/tbody>\n<\/table>\n<\/div>\n<\/div>\n<\/div>\n<\/div>\n<\/div>\n<\/div>\n<\/div>\n<\/div>\n<\/div>\n<\/div>\n<div class=\"widget block block-static-block\">\n<div class=\"landing-page-section option-bottom\">\n<div class=\"custom-materials-tabs-content container container-adjustment\">\n<div class=\"custom-materials-tab-content active\">\n<div class=\"widget block block-static-block\">\n<div class=\"options-items\">\n<div class=\"flex-grid-row-option\">\n<div class=\"flex-grid-item-option\">\n<div class=\"material-box\">\n<p>&nbsp;<\/p>\n<\/div>\n<\/div>\n<\/div>\n<\/div>\n<p><!---end of option item--><\/p>\n<\/div>\n<\/div>\n<\/div>\n<\/div>\n<\/div>","protected":false},"excerpt":{"rendered":"<ul>\n<li>MOQ: 500 sztuk<\/li>\n<li>Czas dostawy: 7-14 dni roboczych, po\u015bpiech<\/li>\n<li>Wymiary na zam\u00f3wienie (\u015brednica x wysoko\u015b\u0107)<\/li>\n<li>Drukowanie na zam\u00f3wienie<\/li>\n<li>Przyjazny dla \u015brodowiska, nadaj\u0105cy si\u0119 do recyklingu i niezawieraj\u0105cy plastiku<\/li>\n<li>Cena \uff1a Ostateczna cena zostanie dostosowana do produktu i wymaganej ilo\u015bci<\/li>\n<\/ul>","protected":false},"featured_media":3203,"template":"","meta":[],"product_brand":[],"product_cat":[30,417,425,31],"product_tag":[333,249,726],"class_list":{"0":"post-3199","1":"product","2":"type-product","3":"status-publish","4":"has-post-thumbnail","6":"product_cat-by-industry","7":"product_cat-custom-perfume-boxes-by-industry","8":"product_cat-lid-and-base-gift-box","9":"product_cat-paper-box-style","10":"product_tag-luxury-perfume-box","11":"product_tag-paper-perfume-boxes","12":"product_tag-perfume-box-wholesale","14":"first","15":"instock","16":"shipping-taxable","17":"product-type-grouped"},"_links":{"self":[{"href":"https:\/\/zojopackaging.com\/pl\/wp-json\/wp\/v2\/product\/3199","targetHints":{"allow":["GET"]}}],"collection":[{"href":"https:\/\/zojopackaging.com\/pl\/wp-json\/wp\/v2\/product"}],"about":[{"href":"https:\/\/zojopackaging.com\/pl\/wp-json\/wp\/v2\/types\/product"}],"version-history":[{"count":2,"href":"https:\/\/zojopackaging.com\/pl\/wp-json\/wp\/v2\/product\/3199\/revisions"}],"predecessor-version":[{"id":8428,"href":"https:\/\/zojopackaging.com\/pl\/wp-json\/wp\/v2\/product\/3199\/revisions\/8428"}],"wp:featuredmedia":[{"embeddable":true,"href":"https:\/\/zojopackaging.com\/pl\/wp-json\/wp\/v2\/media\/3203"}],"wp:attachment":[{"href":"https:\/\/zojopackaging.com\/pl\/wp-json\/wp\/v2\/media?parent=3199"}],"wp:term":[{"taxonomy":"product_brand","embeddable":true,"href":"https:\/\/zojopackaging.com\/pl\/wp-json\/wp\/v2\/product_brand?post=3199"},{"taxonomy":"product_cat","embeddable":true,"href":"https:\/\/zojopackaging.com\/pl\/wp-json\/wp\/v2\/product_cat?post=3199"},{"taxonomy":"product_tag","embeddable":true,"href":"https:\/\/zojopackaging.com\/pl\/wp-json\/wp\/v2\/product_tag?post=3199"}],"curies":[{"name":"wp","href":"https:\/\/api.w.org\/{rel}","templated":true}]}}