{"id":3214,"date":"2024-03-14T15:25:11","date_gmt":"2024-03-14T07:25:11","guid":{"rendered":"https:\/\/zojopackaging.com\/?post_type=product&#038;p=3214"},"modified":"2025-03-27T19:59:22","modified_gmt":"2025-03-27T11:59:22","slug":"custom-perfume-rigid-packaging-box","status":"publish","type":"product","link":"https:\/\/zojopackaging.com\/pl\/product\/custom-perfume-rigid-packaging-box\/","title":{"rendered":"Niestandardowe puste pude\u0142ka na prezenty o pojemno\u015bci 50 ml Dostawca"},"content":{"rendered":"<h1>Niestandardowe puste pude\u0142ka na prezenty o pojemno\u015bci 50 ml Dostawca<\/h1>\n<p>Niestandardowe puste pude\u0142ka na perfumy o pojemno\u015bci 50 ml to uosobienie luksusu i wyrafinowania, zaprojektowane w celu zapewnienia wysokiej jako\u015bci i eleganckiej prezentacji produkt\u00f3w perfumeryjnych. Wykonane z wysokiej jako\u015bci sztywnych materia\u0142\u00f3w, takich jak wytrzyma\u0142a tektura lub p\u0142yta wi\u00f3rowa, pude\u0142ko to zapewnia trwa\u0142\u0105 i ochronn\u0105 obudow\u0119 dla perfum, jednocze\u015bnie emanuj\u0105c poczuciem ekskluzywno\u015bci i bogactwa.<\/p>\n<p>Koncentruj\u0105c si\u0119 na personalizacji, to sztywne pude\u0142ko mo\u017cna dostosowa\u0107 tak, aby odzwierciedla\u0142o to\u017csamo\u015b\u0107 marki poprzez niestandardowe kolory, wyko\u0144czenia, wyt\u0142aczanie, wyt\u0142aczanie i inne elementy projektu. Dba\u0142o\u015b\u0107 o szczeg\u00f3\u0142y w konstrukcji i wyko\u0144czeniu pude\u0142ka zapewnia nieskazitelny i dopracowany wygl\u0105d, kt\u00f3ry poprawia og\u00f3ln\u0105 prezentacj\u0119 perfum.<\/p>\n<p>Idealne do wysokiej klasy ekspozycji detalicznych, zestaw\u00f3w upominkowych lub specjalnych promocji, niestandardowe sztywne pude\u0142ko na perfumy dodaje odrobin\u0119 wyrafinowania i luksusu do ka\u017cdego do\u015bwiadczenia zwi\u0105zanego z rozpakowywaniem. Jego solidna konstrukcja nie tylko zapewnia ochron\u0119 butelek perfum, ale tak\u017ce tworzy trwa\u0142e wra\u017cenie na odbiorcy, dzi\u0119ki czemu jest niezapomnianym i efektownym rozwi\u0105zaniem opakowaniowym dla Twojej marki.<\/p>\n<p>Wybierz niestandardowe sztywne pude\u0142ko na perfumy, aby ulepszy\u0107 opakowanie swoich produkt\u00f3w perfumeryjnych, pokazuj\u0105c swoje zaanga\u017cowanie w jako\u015b\u0107 i luksus, jednocze\u015bnie tworz\u0105c wyr\u00f3\u017cniaj\u0105ce si\u0119 i niezapomniane wra\u017cenia dla klient\u00f3w.<\/p>\n<h1><strong>Specyfikacja<\/strong><\/h1>\n<table style=\"border-collapse: collapse; width: 759.02pt;\" border=\"0\" width=\"1012\" cellspacing=\"0\" cellpadding=\"0\">\n<tbody>\n<tr style=\"height: 16.50pt;\">\n<td class=\"et3\" style=\"height: 16.50pt; width: 379.50pt;\" width=\"506\" height=\"22\">Wymiary<\/td>\n<td class=\"et3\" style=\"width: 379.50pt;\" width=\"506\">Wszystkie niestandardowe rozmiary i kszta\u0142ty<\/td>\n<\/tr>\n<tr style=\"height: 16.50pt;\">\n<td class=\"et3\" style=\"height: 16.50pt;\" height=\"22\">Min. ilo\u015b\u0107<\/td>\n<td class=\"et3\">50 pude\u0142ek (dost\u0119pna opcja twardej pr\u00f3bki)<\/td>\n<\/tr>\n<tr style=\"height: 16.50pt;\">\n<td class=\"et3\" style=\"height: 16.50pt;\" height=\"22\">Proces domy\u015blny<\/td>\n<td class=\"et3\">Sztancowanie, klejenie, nacinanie, perforacja<\/td>\n<\/tr>\n<tr style=\"height: 16.50pt;\">\n<td class=\"et3\" style=\"height: 16.50pt;\" height=\"22\">Drukowanie<\/td>\n<td class=\"et3\">Cmyk, pms, bez drukowania<\/td>\n<\/tr>\n<tr style=\"height: 16.50pt;\">\n<td class=\"et3\" style=\"height: 16.50pt;\" height=\"22\">Opcja materia\u0142u<\/td>\n<td class=\"et3\">Bia\u0142y papier kartonowy, papier powlekany, papier artystyczny, papier siarczanowy, ko\u015b\u0107 s\u0142oniowa, tektura dwustronna, papier specjalny itp.<\/td>\n<\/tr>\n<tr style=\"height: 17.25pt;\">\n<td class=\"et3\" style=\"height: 17.25pt;\" height=\"23\">Wyko\u0144czenie powierzchni<\/td>\n<td class=\"et4\" style=\"width: 379.50pt;\" width=\"506\">Laminowanie matowe\/b\u0142yszcz\u0105ce, punktowe UVDebossing, t\u0142oczenie, t\u0142oczenie foli\u0105 itp.<\/td>\n<\/tr>\n<tr style=\"height: 17.25pt;\">\n<td class=\"et4\" style=\"height: 17.25pt; width: 379.50pt;\" width=\"506\" height=\"23\">Wykorzystanie w przemy\u015ble<\/td>\n<td class=\"et4\" style=\"width: 379.50pt;\" width=\"506\">kosmetyki, perfumy, odzie\u017c, bi\u017cuteria, tyto\u0144, \u017cywno\u015b\u0107, towary codziennego u\u017cytku,<\/td>\n<\/tr>\n<tr style=\"height: 34.50pt;\">\n<td class=\"et4\" style=\"height: 34.50pt; width: 379.50pt;\" width=\"506\" height=\"46\">Kontrola jako\u015bci<\/td>\n<td class=\"et4\" style=\"width: 379.50pt;\" width=\"506\">Zaawansowany sprz\u0119t i do\u015bwiadczony zesp\u00f3\u0142 kontroli jako\u015bci dok\u0142adnie sprawdz\u0105 materia\u0142y, p\u00f3\u0142produkty i gotowe produkty na ka\u017cdym etapie przed ich u\u017cyciem.<\/td>\n<\/tr>\n<tr style=\"height: 34.50pt;\">\n<td class=\"et4\" style=\"height: 34.50pt; width: 379.50pt;\" width=\"506\" height=\"46\">Cena<\/td>\n<td class=\"et4\" style=\"width: 379.50pt;\" width=\"506\">Ostateczna cena b\u0119dzie dostosowana do produktu i wymaganej ilo\u015bci<\/td>\n<\/tr>\n<tr style=\"height: 16.50pt;\">\n<td class=\"et3\" style=\"height: 16.50pt;\" height=\"22\">Czas zwrotu<\/td>\n<td class=\"et3\">10-12 dni roboczych, po\u015bpiech<\/td>\n<\/tr>\n<tr style=\"height: 16.50pt;\">\n<td class=\"et3\" style=\"height: 16.50pt;\" height=\"22\">Papier<\/td>\n<td class=\"et3\">10pt do 28pt (60lb do 400lb) ekologiczny Kraft, tektura falista e-flute, tektura bux, karton<\/td>\n<\/tr>\n<tr style=\"height: 16.50pt;\">\n<td class=\"et3\" style=\"height: 16.50pt;\" height=\"22\">Dow\u00f3d<\/td>\n<td class=\"et3\">Widok p\u0142aski, makieta 3D, pr\u00f3bkowanie fizyczne (na \u017c\u0105danie)<\/td>\n<\/tr>\n<\/tbody>\n<\/table>\n<div class=\"widget block block-static-block\">\n<div class=\"landing-page-section option-bottom\">\n<div class=\"custom-materials-tabs-content container container-adjustment\">\n<div class=\"custom-materials-tab-content active\">\n<div class=\"widget block block-static-block\">\n<div class=\"options-items\">\n<div class=\"flex-grid-row-option\">\n<div class=\"flex-grid-item-option\">\n<div class=\"material-box\">\n<div class=\"material-des\">\n<p>&nbsp;<\/p>\n<\/div>\n<p>&nbsp;<\/p>\n<\/div>\n<\/div>\n<\/div>\n<\/div>\n<p><!---end of option item--><\/p>\n<\/div>\n<\/div>\n<\/div>\n<\/div>\n<\/div>","protected":false},"excerpt":{"rendered":"<p>1. Wykonana ze specjalnego papieru, powierzchnia pude\u0142ka jest prosta, ale nie pozbawiona luksusu<br \/>\n2. Pude\u0142ko ma pokryw\u0119 i podstaw\u0119, kt\u00f3ra jest \u0142atwa do zabrania i oszcz\u0119dza nawyki konsument\u00f3w.<br \/>\n3. 157 g powlekanego papieru artystycznego C2S + 1200 g sztywnego materia\u0142u kartonowego Przyjazny dla \u015brodowiska i zr\u00f3wnowa\u017cony materia\u0142<\/p>","protected":false},"featured_media":3216,"template":"","meta":[],"product_brand":[],"product_cat":[30,417,425,31],"product_tag":[703,704,694],"class_list":{"0":"post-3214","1":"product","2":"type-product","3":"status-publish","4":"has-post-thumbnail","6":"product_cat-by-industry","7":"product_cat-custom-perfume-boxes-by-industry","8":"product_cat-lid-and-base-gift-box","9":"product_cat-paper-box-style","10":"product_tag-50ml-perfume-gift-boxes","11":"product_tag-perfume-boxes-supplier","12":"product_tag-perfume-gift-packaging","14":"first","15":"instock","16":"shipping-taxable","17":"product-type-grouped"},"_links":{"self":[{"href":"https:\/\/zojopackaging.com\/pl\/wp-json\/wp\/v2\/product\/3214","targetHints":{"allow":["GET"]}}],"collection":[{"href":"https:\/\/zojopackaging.com\/pl\/wp-json\/wp\/v2\/product"}],"about":[{"href":"https:\/\/zojopackaging.com\/pl\/wp-json\/wp\/v2\/types\/product"}],"version-history":[{"count":2,"href":"https:\/\/zojopackaging.com\/pl\/wp-json\/wp\/v2\/product\/3214\/revisions"}],"predecessor-version":[{"id":8419,"href":"https:\/\/zojopackaging.com\/pl\/wp-json\/wp\/v2\/product\/3214\/revisions\/8419"}],"wp:featuredmedia":[{"embeddable":true,"href":"https:\/\/zojopackaging.com\/pl\/wp-json\/wp\/v2\/media\/3216"}],"wp:attachment":[{"href":"https:\/\/zojopackaging.com\/pl\/wp-json\/wp\/v2\/media?parent=3214"}],"wp:term":[{"taxonomy":"product_brand","embeddable":true,"href":"https:\/\/zojopackaging.com\/pl\/wp-json\/wp\/v2\/product_brand?post=3214"},{"taxonomy":"product_cat","embeddable":true,"href":"https:\/\/zojopackaging.com\/pl\/wp-json\/wp\/v2\/product_cat?post=3214"},{"taxonomy":"product_tag","embeddable":true,"href":"https:\/\/zojopackaging.com\/pl\/wp-json\/wp\/v2\/product_tag?post=3214"}],"curies":[{"name":"wp","href":"https:\/\/api.w.org\/{rel}","templated":true}]}}