{"id":3236,"date":"2024-03-14T17:02:17","date_gmt":"2024-03-14T09:02:17","guid":{"rendered":"https:\/\/zojopackaging.com\/?post_type=product&#038;p=3236"},"modified":"2025-03-27T19:17:34","modified_gmt":"2025-03-27T11:17:34","slug":"custom-perfume-gift-packing-box","status":"publish","type":"product","link":"https:\/\/zojopackaging.com\/pl\/product\/custom-perfume-gift-packing-box\/","title":{"rendered":"OEM ODM Dostosowane zestawy upominkowe wody kolo\u0144skiej dla kobiet"},"content":{"rendered":"<h1>OEM ODM Dostosowane zestawy upominkowe wody kolo\u0144skiej dla kobiet<\/h1>\n<p>Niestandardowe pude\u0142ko na perfumy zosta\u0142o zaprojektowane w celu poprawy prezentacji wykwintnego prezentu w postaci perfum. Wykonane z wysokiej jako\u015bci materia\u0142\u00f3w pude\u0142ko ma luksusowy design, kt\u00f3ry emanuje elegancj\u0105 i wyrafinowaniem. Pude\u0142ko jest skrupulatnie skonstruowane, aby bezpiecznie utrzyma\u0107 butelk\u0119 perfum na miejscu, zapewniaj\u0105c jej bezpiecze\u0144stwo podczas transportu lub ekspozycji.<\/p>\n<p>Zewn\u0119trzna strona pude\u0142ka mo\u017ce by\u0107 dostosowana do to\u017csamo\u015bci marki lub motywu perfum, z opcjami wyt\u0142aczania, foliowania lub drukowania. Wn\u0119trze mo\u017cna r\u00f3wnie\u017c dostosowa\u0107 tak, aby zawiera\u0142o wy\u015bcie\u0142an\u0105 wk\u0142adk\u0119 lub satynow\u0105 podszewk\u0119, aby doda\u0107 odrobin\u0119 luksusu do opakowania.<\/p>\n<p>Niezale\u017cnie od tego, czy podarowujesz perfumy ukochanej osobie, czy prezentujesz swoje produkty w handlu detalicznym, niestandardowe opakowanie na perfumy jest idealnym wyborem, aby wywrze\u0107 trwa\u0142e wra\u017cenie. Podnie\u015b warto\u015b\u0107 swojego prezentu w postaci perfum dzi\u0119ki temu wyj\u0105tkowemu opakowaniu, kt\u00f3re z pewno\u015bci\u0105 zachwyci odbiorc\u0119 i pozostawi po sobie niezatarte wra\u017cenie.<\/p>\n<h1><strong>Specyfikacja<\/strong><\/h1>\n<div class=\"widget block block-static-block\">\n<div class=\"landing-page-section option-bottom\">\n<div class=\"custom-materials-tabs-content container container-adjustment\">\n<div class=\"custom-materials-tab-content active\">\n<div class=\"widget block block-static-block\">\n<div class=\"options-items\">\n<div class=\"flex-grid-row-option\">\n<div class=\"flex-grid-item-option\">\n<div class=\"material-box\">\n<div class=\"material-des\">\n<table width=\"1070\">\n<tbody>\n<tr>\n<td width=\"373\">Wymiary<\/td>\n<td width=\"373\">Wszystkie niestandardowe rozmiary i kszta\u0142ty<\/td>\n<\/tr>\n<tr>\n<td width=\"373\">MOQ<\/td>\n<td width=\"373\">500szt.<\/td>\n<\/tr>\n<tr>\n<td width=\"373\">Czas pr\u00f3by<\/td>\n<td width=\"373\">3-5 dni<\/td>\n<\/tr>\n<tr>\n<td width=\"373\">Proces domy\u015blny<\/td>\n<td width=\"373\">Sztancowanie, klejenie, nacinanie, perforacja<\/td>\n<\/tr>\n<tr>\n<td width=\"373\">Drukowanie<\/td>\n<td width=\"373\">Cmyk, pms, bez drukowania<\/td>\n<\/tr>\n<tr>\n<td width=\"373\">Opcja materia\u0142u<\/td>\n<td width=\"373\">Bia\u0142y papier kartonowy, papier powlekany, papier artystyczny, papier siarczanowy, ko\u015b\u0107 s\u0142oniowa, tektura dwustronna, papier specjalny itp.<\/td>\n<\/tr>\n<tr>\n<td width=\"373\">Wyko\u0144czenie powierzchni<\/td>\n<td width=\"373\">Laminowanie matowe\/b\u0142yszcz\u0105ce, punktowe UVDebossing, t\u0142oczenie, t\u0142oczenie foli\u0105 itp.<\/td>\n<\/tr>\n<tr>\n<td width=\"373\">Wykorzystanie w przemy\u015ble<\/td>\n<td width=\"373\">kosmetyki, perfumy, odzie\u017c, bi\u017cuteria, tyto\u0144, \u017cywno\u015b\u0107, towary codziennego u\u017cytku,<\/td>\n<\/tr>\n<tr>\n<td width=\"373\">Kontrola jako\u015bci<\/td>\n<td width=\"373\">Zaawansowany sprz\u0119t i do\u015bwiadczony zesp\u00f3\u0142 kontroli jako\u015bci dok\u0142adnie sprawdz\u0105 materia\u0142y, p\u00f3\u0142produkty i gotowe produkty na ka\u017cdym etapie przed ich u\u017cyciem.<\/td>\n<\/tr>\n<tr>\n<td width=\"373\">Cena<\/td>\n<td width=\"373\">Ostateczna cena b\u0119dzie dostosowana do produktu i wymaganej ilo\u015bci<\/td>\n<\/tr>\n<tr>\n<td width=\"373\">Czas zwrotu<\/td>\n<td width=\"373\">7-14 dni roboczych, po\u015bpiech<\/td>\n<\/tr>\n<tr>\n<td width=\"373\">Papier<\/td>\n<td width=\"373\">10pt do 28pt (60lb do 400lb) ekologiczny Kraft, tektura falista e-flute, tektura bux, karton<\/td>\n<\/tr>\n<tr>\n<td width=\"373\">Format grafiki<\/td>\n<td width=\"373\">JPG, PDF, AI, CDR, EPS, GIF....<\/td>\n<\/tr>\n<tr>\n<td width=\"373\">Akcesoria<\/td>\n<td width=\"373\">Magnes, ta\u015bma, forma EVA, plastikowa taca, g\u0105bka, okienko PVC\/PET\/PP,...<\/td>\n<\/tr>\n<tr>\n<td width=\"373\">Termin p\u0142atno\u015bci<\/td>\n<td width=\"373\">T \/ T, Western Union, Paypal, depozyt 30% i saldo 70% przed wysy\u0142k\u0105.<\/td>\n<\/tr>\n<\/tbody>\n<\/table>\n<\/div>\n<\/div>\n<\/div>\n<\/div>\n<\/div>\n<\/div>\n<\/div>\n<\/div>\n<\/div>\n<\/div>\n<div class=\"widget block block-static-block\">\n<div class=\"landing-page-section option-bottom\">\n<div class=\"custom-materials-tabs-content container container-adjustment\">\n<div class=\"custom-materials-tab-content active\">\n<div class=\"widget block block-static-block\">\n<div class=\"options-items\">\n<div class=\"flex-grid-row-option\">\n<div class=\"flex-grid-item-option\">\n<div class=\"material-box\">\n<p>&nbsp;<\/p>\n<\/div>\n<\/div>\n<\/div>\n<\/div>\n<p><!---end of option item--><\/p>\n<\/div>\n<\/div>\n<\/div>\n<\/div>\n<\/div>","protected":false},"excerpt":{"rendered":"<p>1. Specjalny typ pude\u0142ka z pochylon\u0105 pokryw\u0105 i podstaw\u0105 przyjmuje struktur\u0119 g\u00f3rnej i dolnej pokrywy, a nachylona powierzchnia mo\u017ce lepiej wy\u015bwietla\u0107 efekt butelki perfum<br \/>\n2. Powlekany papier artystyczny C2S 157 g + sztywny materia\u0142 kartonowy 1200 g, g\u0142adka powierzchnia i dobry efekt kolorystyczny<br \/>\n3. Nieograniczone dostosowanie do serii opakowa\u0144 perfum<\/p>","protected":false},"featured_media":3238,"template":"","meta":[],"product_brand":[],"product_cat":[30,417,425,31],"product_tag":[697,696,342],"class_list":{"0":"post-3236","1":"product","2":"type-product","3":"status-publish","4":"has-post-thumbnail","6":"product_cat-by-industry","7":"product_cat-custom-perfume-boxes-by-industry","8":"product_cat-lid-and-base-gift-box","9":"product_cat-paper-box-style","10":"product_tag-customized-cologne-perfume-box","11":"product_tag-customized-perfume-gift-box","12":"product_tag-perfume-gift-box","14":"first","15":"instock","16":"shipping-taxable","17":"product-type-grouped"},"_links":{"self":[{"href":"https:\/\/zojopackaging.com\/pl\/wp-json\/wp\/v2\/product\/3236","targetHints":{"allow":["GET"]}}],"collection":[{"href":"https:\/\/zojopackaging.com\/pl\/wp-json\/wp\/v2\/product"}],"about":[{"href":"https:\/\/zojopackaging.com\/pl\/wp-json\/wp\/v2\/types\/product"}],"version-history":[{"count":2,"href":"https:\/\/zojopackaging.com\/pl\/wp-json\/wp\/v2\/product\/3236\/revisions"}],"predecessor-version":[{"id":8415,"href":"https:\/\/zojopackaging.com\/pl\/wp-json\/wp\/v2\/product\/3236\/revisions\/8415"}],"wp:featuredmedia":[{"embeddable":true,"href":"https:\/\/zojopackaging.com\/pl\/wp-json\/wp\/v2\/media\/3238"}],"wp:attachment":[{"href":"https:\/\/zojopackaging.com\/pl\/wp-json\/wp\/v2\/media?parent=3236"}],"wp:term":[{"taxonomy":"product_brand","embeddable":true,"href":"https:\/\/zojopackaging.com\/pl\/wp-json\/wp\/v2\/product_brand?post=3236"},{"taxonomy":"product_cat","embeddable":true,"href":"https:\/\/zojopackaging.com\/pl\/wp-json\/wp\/v2\/product_cat?post=3236"},{"taxonomy":"product_tag","embeddable":true,"href":"https:\/\/zojopackaging.com\/pl\/wp-json\/wp\/v2\/product_tag?post=3236"}],"curies":[{"name":"wp","href":"https:\/\/api.w.org\/{rel}","templated":true}]}}