{"id":3243,"date":"2024-03-14T17:07:03","date_gmt":"2024-03-14T09:07:03","guid":{"rendered":"https:\/\/zojopackaging.com\/?post_type=product&#038;p=3243"},"modified":"2025-03-27T19:03:21","modified_gmt":"2025-03-27T11:03:21","slug":"custom-black-perfume-packaging-box","status":"publish","type":"product","link":"https:\/\/zojopackaging.com\/pl\/product\/custom-black-perfume-packaging-box\/","title":{"rendered":"Niestandardowe luksusowe pude\u0142ka Perfumy Opakowania na prezenty Hurtownia"},"content":{"rendered":"<h1>Niestandardowe luksusowe pude\u0142ka Perfumy Opakowania na prezenty Hurtownia<\/h1>\n<p>Niestandardowe luksusowe pude\u0142ka na perfumy to eleganckie i wyrafinowane rozwi\u0105zanie opakowaniowe zaprojektowane w celu poprawy prezentacji luksusowych perfum. Wykonane z wysokiej jako\u015bci czarnego kartonu lub tektury pude\u0142ko emanuje elegancj\u0105 i stylem. Czarny kolor dodaje odrobin\u0119 tajemniczo\u015bci i uroku, dzi\u0119ki czemu jest idealny dla marek perfum z najwy\u017cszej p\u00f3\u0142ki, kt\u00f3re chc\u0105 z\u0142o\u017cy\u0107 o\u015bwiadczenie.<\/p>\n<p>Zewn\u0119trzna strona pude\u0142ka mo\u017ce by\u0107 spersonalizowana za pomoc\u0105 r\u00f3\u017cnych opcji wyko\u0144czenia, takich jak matowa lub b\u0142yszcz\u0105ca laminacja, wyt\u0142aczanie, wyt\u0142aczanie lub t\u0142oczenie foli\u0105, aby doda\u0107 wysokiej jako\u015bci akcent. Minimalistyczny design pude\u0142ka pozwala skupi\u0107 si\u0119 na znajduj\u0105cym si\u0119 wewn\u0105trz flakonie perfum, tworz\u0105c poczucie oczekiwania i luksusu.<\/p>\n<p>Wn\u0119trze pude\u0142ka mo\u017ce by\u0107 wy\u0142o\u017cone mi\u0119kkim aksamitem lub satyn\u0105, aby chroni\u0107 flakon perfum i nada\u0107 mu luksusowy charakter. Mo\u017cna r\u00f3wnie\u017c doda\u0107 piankow\u0105 wk\u0142adk\u0119, aby bezpiecznie przytrzyma\u0107 butelk\u0119 perfum na miejscu podczas transportu.<\/p>\n<p>Niezale\u017cnie od tego, czy chcesz podarowa\u0107 perfumy komu\u015b wyj\u0105tkowemu, czy zaprezentowa\u0107 swoje produkty w handlu detalicznym, czarne opakowanie na perfumy to wyrafinowany i stylowy wyb\u00f3r, kt\u00f3ry pozostawi niezatarte wra\u017cenie.<\/p>\n<h1><strong>Specyfikacja<\/strong><\/h1>\n<table style=\"border-collapse: collapse; width: 759.02pt;\" border=\"0\" width=\"1012\" cellspacing=\"0\" cellpadding=\"0\">\n<tbody>\n<tr style=\"height: 16.50pt;\">\n<td class=\"et3\" style=\"height: 16.50pt; width: 379.50pt;\" width=\"506\" height=\"22\">Wymiary<\/td>\n<td class=\"et3\" style=\"width: 379.50pt;\" width=\"506\">Wszystkie niestandardowe rozmiary i kszta\u0142ty<\/td>\n<\/tr>\n<tr style=\"height: 16.50pt;\">\n<td class=\"et3\" style=\"height: 16.50pt;\" height=\"22\">Min. ilo\u015b\u0107<\/td>\n<td class=\"et3\">500 pude\u0142ek (dost\u0119pna opcja twardej pr\u00f3bki)<\/td>\n<\/tr>\n<tr style=\"height: 16.50pt;\">\n<td class=\"et3\" style=\"height: 16.50pt;\" height=\"22\">Proces domy\u015blny<\/td>\n<td class=\"et3\">Sztancowanie, klejenie, nacinanie, perforacja<\/td>\n<\/tr>\n<tr style=\"height: 16.50pt;\">\n<td class=\"et3\" style=\"height: 16.50pt;\" height=\"22\">Drukowanie<\/td>\n<td class=\"et3\">Cmyk, pms, bez drukowania<\/td>\n<\/tr>\n<tr style=\"height: 16.50pt;\">\n<td class=\"et3\" style=\"height: 16.50pt;\" height=\"22\">Opcja materia\u0142u<\/td>\n<td class=\"et3\">Bia\u0142y papier kartonowy, papier powlekany, papier artystyczny, papier siarczanowy, ko\u015b\u0107 s\u0142oniowa, tektura dwustronna, papier specjalny itp.<\/td>\n<\/tr>\n<tr style=\"height: 17.25pt;\">\n<td class=\"et3\" style=\"height: 17.25pt;\" height=\"23\">Wyko\u0144czenie powierzchni<\/td>\n<td class=\"et4\" style=\"width: 379.50pt;\" width=\"506\">Laminowanie matowe\/b\u0142yszcz\u0105ce, punktowe UVDebossing, t\u0142oczenie, t\u0142oczenie foli\u0105 itp.<\/td>\n<\/tr>\n<tr style=\"height: 17.25pt;\">\n<td class=\"et4\" style=\"height: 17.25pt; width: 379.50pt;\" width=\"506\" height=\"23\">Wykorzystanie w przemy\u015ble<\/td>\n<td class=\"et4\" style=\"width: 379.50pt;\" width=\"506\">kosmetyki, perfumy, odzie\u017c, bi\u017cuteria, tyto\u0144, \u017cywno\u015b\u0107, towary codziennego u\u017cytku,<\/td>\n<\/tr>\n<tr style=\"height: 34.50pt;\">\n<td class=\"et4\" style=\"height: 34.50pt; width: 379.50pt;\" width=\"506\" height=\"46\">Kontrola jako\u015bci<\/td>\n<td class=\"et4\" style=\"width: 379.50pt;\" width=\"506\">Zaawansowany sprz\u0119t i do\u015bwiadczony zesp\u00f3\u0142 kontroli jako\u015bci dok\u0142adnie sprawdz\u0105 materia\u0142y, p\u00f3\u0142produkty i gotowe produkty na ka\u017cdym etapie przed ich u\u017cyciem.<\/td>\n<\/tr>\n<tr style=\"height: 34.50pt;\">\n<td class=\"et4\" style=\"height: 34.50pt; width: 379.50pt;\" width=\"506\" height=\"46\">Cena<\/td>\n<td class=\"et4\" style=\"width: 379.50pt;\" width=\"506\">Ostateczna cena b\u0119dzie dostosowana do produktu i wymaganej ilo\u015bci<\/td>\n<\/tr>\n<tr style=\"height: 16.50pt;\">\n<td class=\"et3\" style=\"height: 16.50pt;\" height=\"22\">Czas zwrotu<\/td>\n<td class=\"et3\">10-12 dni roboczych, po\u015bpiech<\/td>\n<\/tr>\n<tr style=\"height: 16.50pt;\">\n<td class=\"et3\" style=\"height: 16.50pt;\" height=\"22\">Papier<\/td>\n<td class=\"et3\">10pt do 28pt (60lb do 400lb) ekologiczny Kraft, tektura falista e-flute, tektura bux, karton<\/td>\n<\/tr>\n<tr style=\"height: 16.50pt;\">\n<td class=\"et3\" style=\"height: 16.50pt;\" height=\"22\">Dow\u00f3d<\/td>\n<td class=\"et3\">Widok p\u0142aski, makieta 3D, pr\u00f3bkowanie fizyczne (na \u017c\u0105danie)<\/td>\n<\/tr>\n<\/tbody>\n<\/table>\n<div class=\"widget block block-static-block\">\n<div class=\"landing-page-section option-bottom\">\n<div class=\"custom-materials-tabs-content container container-adjustment\">\n<div class=\"custom-materials-tab-content active\">\n<div class=\"widget block block-static-block\">\n<div class=\"options-items\">\n<div class=\"flex-grid-row-option\">\n<div class=\"flex-grid-item-option\">\n<div class=\"material-box\">\n<div class=\"material-des\">\n<p>&nbsp;<\/p>\n<\/div>\n<p>&nbsp;<\/p>\n<\/div>\n<\/div>\n<\/div>\n<\/div>\n<p><!---end of option item--><\/p>\n<\/div>\n<\/div>\n<\/div>\n<\/div>\n<\/div>","protected":false},"excerpt":{"rendered":"<p>1. Specjalny papier jest prezentowany dzi\u0119ki precyzyjnemu projektowi funkcjonalnemu, w\u0142a\u015bciwo\u015bciom recyklingu niskoemisyjnego i wysokiej warto\u015bci dodanej<br \/>\n2. Pokrywa i podstawa s\u0105 p\u0142ynnie po\u0142\u0105czone, umo\u017cliwiaj\u0105c drukowanie ca\u0142ostronicowe, wyra\u017ane drukowanie bez r\u00f3\u017cnicy kolor\u00f3w<br \/>\n3. Konfigurowalny typ pude\u0142ka, rozmiar, materia\u0142, nadruk powierzchniowy w celu wsparcia i wzmocnienia efektu marki<\/p>","protected":false},"featured_media":3245,"template":"","meta":[],"product_brand":[],"product_cat":[30,417,425,31],"product_tag":[498,694,695],"class_list":{"0":"post-3243","1":"product","2":"type-product","3":"status-publish","4":"has-post-thumbnail","6":"product_cat-by-industry","7":"product_cat-custom-perfume-boxes-by-industry","8":"product_cat-lid-and-base-gift-box","9":"product_cat-paper-box-style","10":"product_tag-custom-perfume-packaging","11":"product_tag-perfume-gift-packaging","12":"product_tag-perfume-packaging-wholesale","14":"first","15":"instock","16":"shipping-taxable","17":"product-type-grouped"},"_links":{"self":[{"href":"https:\/\/zojopackaging.com\/pl\/wp-json\/wp\/v2\/product\/3243","targetHints":{"allow":["GET"]}}],"collection":[{"href":"https:\/\/zojopackaging.com\/pl\/wp-json\/wp\/v2\/product"}],"about":[{"href":"https:\/\/zojopackaging.com\/pl\/wp-json\/wp\/v2\/types\/product"}],"version-history":[{"count":2,"href":"https:\/\/zojopackaging.com\/pl\/wp-json\/wp\/v2\/product\/3243\/revisions"}],"predecessor-version":[{"id":8414,"href":"https:\/\/zojopackaging.com\/pl\/wp-json\/wp\/v2\/product\/3243\/revisions\/8414"}],"wp:featuredmedia":[{"embeddable":true,"href":"https:\/\/zojopackaging.com\/pl\/wp-json\/wp\/v2\/media\/3245"}],"wp:attachment":[{"href":"https:\/\/zojopackaging.com\/pl\/wp-json\/wp\/v2\/media?parent=3243"}],"wp:term":[{"taxonomy":"product_brand","embeddable":true,"href":"https:\/\/zojopackaging.com\/pl\/wp-json\/wp\/v2\/product_brand?post=3243"},{"taxonomy":"product_cat","embeddable":true,"href":"https:\/\/zojopackaging.com\/pl\/wp-json\/wp\/v2\/product_cat?post=3243"},{"taxonomy":"product_tag","embeddable":true,"href":"https:\/\/zojopackaging.com\/pl\/wp-json\/wp\/v2\/product_tag?post=3243"}],"curies":[{"name":"wp","href":"https:\/\/api.w.org\/{rel}","templated":true}]}}