{"id":3251,"date":"2024-03-14T17:12:31","date_gmt":"2024-03-14T09:12:31","guid":{"rendered":"https:\/\/zojopackaging.com\/?post_type=product&#038;p=3251"},"modified":"2025-03-27T18:04:19","modified_gmt":"2025-03-27T10:04:19","slug":"design-luxury-perfume-packaging-box","status":"publish","type":"product","link":"https:\/\/zojopackaging.com\/pl\/product\/design-luxury-perfume-packaging-box\/","title":{"rendered":"Luksusowe perfumy Pude\u0142ka na prezenty Opakowania hurtowe"},"content":{"rendered":"<h1>Luksusowe perfumy Pude\u0142ka na prezenty Opakowania hurtowe<\/h1>\n<p>Design Luxury Perfume Packaging Box to arcydzie\u0142o elegancji i wyrafinowania, skrupulatnie wykonane, aby podnie\u015b\u0107 poziom prezentacji perfum premium. To rozwi\u0105zanie opakowaniowe zosta\u0142o zaprojektowane tak, aby uosabia\u0107 luksus w ka\u017cdym szczeg\u00f3le, od wyboru materia\u0142\u00f3w po wyko\u0144czenie.<\/p>\n<p>Wykonane z wysokiej jako\u015bci materia\u0142\u00f3w, takich jak aksamitna tektura lub karton premium, pude\u0142ko to emanuje bogactwem i klas\u0105. Zewn\u0119trzna strona pude\u0142ka mo\u017ce by\u0107 spersonalizowana za pomoc\u0105 skomplikowanych wzor\u00f3w, wyt\u0142aczania, wyt\u0142aczania, t\u0142oczenia foli\u0105 lub punktowego UV, aby stworzy\u0107 wizualnie osza\u0142amiaj\u0105cy i luksusowy wygl\u0105d, kt\u00f3ry odzwierciedla istot\u0119 Twojej marki perfum.<\/p>\n<p>Wn\u0119trze pude\u0142ka zosta\u0142o zaprojektowane z najwy\u017csz\u0105 staranno\u015bci\u0105, aby zapewni\u0107 bezpieczne i stylowe przechowywanie flakonu perfum. Mi\u0119kka aksamitna lub satynowa wy\u015bci\u00f3\u0142ka dodaje odrobin\u0119 luksusu, jednocze\u015bnie chroni\u0105c flakon perfum przed zarysowaniami. Mo\u017cna doda\u0107 niestandardow\u0105 wk\u0142adk\u0119 piankow\u0105, aby zapewni\u0107, \u017ce butelka pozostanie na swoim miejscu podczas transportu.<\/p>\n<p>Niezale\u017cnie od tego, czy podarowujesz luksusowe perfumy wymagaj\u0105cemu odbiorcy, czy te\u017c prezentujesz swoje produkty w wysokiej klasy sklepie detalicznym, opakowanie Design Luxury Perfume jest uosobieniem wyrafinowania i stylu. Podnie\u015b swoj\u0105 mark\u0119 perfum dzi\u0119ki temu wyj\u0105tkowemu rozwi\u0105zaniu opakowaniowemu, kt\u00f3re urzeknie i zaimponuje nawet najbardziej wymagaj\u0105cym klientom.<\/p>\n<h1><strong>Specyfikacja<\/strong><\/h1>\n<table style=\"border-collapse: collapse; width: 999px; height: 449px;\" border=\"0\" width=\"1012\" cellspacing=\"0\" cellpadding=\"0\">\n<tbody>\n<tr style=\"height: 16.50pt;\">\n<td class=\"et3\" style=\"height: 16.50pt; width: 379.50pt;\" width=\"506\" height=\"22\">Wymiary<\/td>\n<td class=\"et3\" style=\"width: 379.50pt;\" width=\"506\">Wszystkie niestandardowe rozmiary i kszta\u0142ty<\/td>\n<\/tr>\n<tr style=\"height: 16.50pt;\">\n<td class=\"et3\" style=\"height: 16.50pt;\" height=\"22\">Min. ilo\u015b\u0107<\/td>\n<td class=\"et3\">50 pude\u0142ek (dost\u0119pna opcja twardej pr\u00f3bki)<\/td>\n<\/tr>\n<tr style=\"height: 16.50pt;\">\n<td class=\"et3\" style=\"height: 16.50pt;\" height=\"22\">Proces domy\u015blny<\/td>\n<td class=\"et3\">Sztancowanie, klejenie, nacinanie, perforacja<\/td>\n<\/tr>\n<tr style=\"height: 16.50pt;\">\n<td class=\"et3\" style=\"height: 16.50pt;\" height=\"22\">Drukowanie<\/td>\n<td class=\"et3\">Cmyk, pms, bez drukowania<\/td>\n<\/tr>\n<tr style=\"height: 16.50pt;\">\n<td class=\"et3\" style=\"height: 16.50pt;\" height=\"22\">Opcja materia\u0142u<\/td>\n<td class=\"et3\">Bia\u0142y papier kartonowy, papier powlekany, papier artystyczny, papier siarczanowy, ko\u015b\u0107 s\u0142oniowa, tektura dwustronna, papier specjalny itp.<\/td>\n<\/tr>\n<tr style=\"height: 17.25pt;\">\n<td class=\"et3\" style=\"height: 17.25pt;\" height=\"23\">Wyko\u0144czenie powierzchni<\/td>\n<td class=\"et4\" style=\"width: 379.50pt;\" width=\"506\">Laminowanie matowe\/b\u0142yszcz\u0105ce, punktowe UVDebossing, t\u0142oczenie, t\u0142oczenie foli\u0105 itp.<\/td>\n<\/tr>\n<tr style=\"height: 17.25pt;\">\n<td class=\"et4\" style=\"height: 17.25pt; width: 379.50pt;\" width=\"506\" height=\"23\">Wykorzystanie w przemy\u015ble<\/td>\n<td class=\"et4\" style=\"width: 379.50pt;\" width=\"506\">kosmetyki, perfumy, odzie\u017c, bi\u017cuteria, tyto\u0144, \u017cywno\u015b\u0107, towary codziennego u\u017cytku,<\/td>\n<\/tr>\n<tr style=\"height: 34.50pt;\">\n<td class=\"et4\" style=\"height: 34.50pt; width: 379.50pt;\" width=\"506\" height=\"46\">Kontrola jako\u015bci<\/td>\n<td class=\"et4\" style=\"width: 379.50pt;\" width=\"506\">Zaawansowany sprz\u0119t i do\u015bwiadczony zesp\u00f3\u0142 kontroli jako\u015bci dok\u0142adnie sprawdz\u0105 materia\u0142y, p\u00f3\u0142produkty i gotowe produkty na ka\u017cdym etapie przed ich u\u017cyciem.<\/td>\n<\/tr>\n<tr style=\"height: 34.50pt;\">\n<td class=\"et4\" style=\"height: 34.50pt; width: 379.50pt;\" width=\"506\" height=\"46\">Cena<\/td>\n<td class=\"et4\" style=\"width: 379.50pt;\" width=\"506\">Ostateczna cena b\u0119dzie dostosowana do produktu i wymaganej ilo\u015bci<\/td>\n<\/tr>\n<tr style=\"height: 16.50pt;\">\n<td class=\"et3\" style=\"height: 16.50pt;\" height=\"22\">Czas zwrotu<\/td>\n<td class=\"et3\">10-12 dni roboczych, po\u015bpiech<\/td>\n<\/tr>\n<tr style=\"height: 16.50pt;\">\n<td class=\"et3\" style=\"height: 16.50pt;\" height=\"22\">Papier<\/td>\n<td class=\"et3\">10pt do 28pt (60lb do 400lb) ekologiczny Kraft, tektura falista e-flute, tektura bux, karton<\/td>\n<\/tr>\n<tr style=\"height: 16.50pt;\">\n<td class=\"et3\" style=\"height: 16.50pt;\" height=\"22\">Dow\u00f3d<\/td>\n<td class=\"et3\">Widok p\u0142aski, makieta 3D, pr\u00f3bkowanie fizyczne (na \u017c\u0105danie)<\/td>\n<\/tr>\n<\/tbody>\n<\/table>\n<div class=\"widget block block-static-block\">\n<div class=\"landing-page-section option-bottom\">\n<div class=\"custom-materials-tabs-content container container-adjustment\">\n<div class=\"custom-materials-tab-content active\">\n<div class=\"widget block block-static-block\">\n<div class=\"options-items\">\n<div class=\"flex-grid-row-option\">\n<div class=\"flex-grid-item-option\">\n<div class=\"material-box\">\n<div class=\"material-des\">\n<p>&nbsp;<\/p>\n<\/div>\n<p>&nbsp;<\/p>\n<\/div>\n<\/div>\n<\/div>\n<\/div>\n<p><!---end of option item--><\/p>\n<\/div>\n<\/div>\n<\/div>\n<\/div>\n<\/div>","protected":false},"excerpt":{"rendered":"<p>1. Typ pude\u0142ka z pokryw\u0105 i podstaw\u0105 przyjmuje struktur\u0119 g\u00f3rnej i dolnej pokrywy, dwuwarstwow\u0105 ochron\u0119 produktu, kt\u00f3ra mo\u017ce skutecznie zapobiega\u0107 uszkodzeniu przedmiot\u00f3w w opakowaniu<br \/>\n2. Specjalny materia\u0142 papierowy podkre\u015bla prostot\u0119 pude\u0142ka, ale nie pozbawia go poczucia luksusu.<br \/>\n3. Nieko\u0144cz\u0105ce si\u0119 dostosowywanie opakowania do opakowania perfum<\/p>","protected":false},"featured_media":3253,"template":"","meta":[],"product_brand":[],"product_cat":[30,417,425,31],"product_tag":[339,693,692],"class_list":{"0":"post-3251","1":"product","2":"type-product","3":"status-publish","4":"has-post-thumbnail","6":"product_cat-by-industry","7":"product_cat-custom-perfume-boxes-by-industry","8":"product_cat-lid-and-base-gift-box","9":"product_cat-paper-box-style","10":"product_tag-perfume-gift-boxes","11":"product_tag-perfume-scent-packaging-wholesale","12":"product_tag-scent-packaging-boxes","14":"first","15":"instock","16":"shipping-taxable","17":"product-type-grouped"},"_links":{"self":[{"href":"https:\/\/zojopackaging.com\/pl\/wp-json\/wp\/v2\/product\/3251","targetHints":{"allow":["GET"]}}],"collection":[{"href":"https:\/\/zojopackaging.com\/pl\/wp-json\/wp\/v2\/product"}],"about":[{"href":"https:\/\/zojopackaging.com\/pl\/wp-json\/wp\/v2\/types\/product"}],"version-history":[{"count":2,"href":"https:\/\/zojopackaging.com\/pl\/wp-json\/wp\/v2\/product\/3251\/revisions"}],"predecessor-version":[{"id":8413,"href":"https:\/\/zojopackaging.com\/pl\/wp-json\/wp\/v2\/product\/3251\/revisions\/8413"}],"wp:featuredmedia":[{"embeddable":true,"href":"https:\/\/zojopackaging.com\/pl\/wp-json\/wp\/v2\/media\/3253"}],"wp:attachment":[{"href":"https:\/\/zojopackaging.com\/pl\/wp-json\/wp\/v2\/media?parent=3251"}],"wp:term":[{"taxonomy":"product_brand","embeddable":true,"href":"https:\/\/zojopackaging.com\/pl\/wp-json\/wp\/v2\/product_brand?post=3251"},{"taxonomy":"product_cat","embeddable":true,"href":"https:\/\/zojopackaging.com\/pl\/wp-json\/wp\/v2\/product_cat?post=3251"},{"taxonomy":"product_tag","embeddable":true,"href":"https:\/\/zojopackaging.com\/pl\/wp-json\/wp\/v2\/product_tag?post=3251"}],"curies":[{"name":"wp","href":"https:\/\/api.w.org\/{rel}","templated":true}]}}