{"id":3853,"date":"2024-03-20T11:35:28","date_gmt":"2024-03-20T03:35:28","guid":{"rendered":"https:\/\/zojopackaging.com\/?post_type=product&#038;p=3853"},"modified":"2025-03-28T23:43:19","modified_gmt":"2025-03-28T15:43:19","slug":"customized-spring-festival-gift-box","status":"publish","type":"product","link":"https:\/\/zojopackaging.com\/pl\/product\/customized-spring-festival-gift-box\/","title":{"rendered":"Niestandardowe ekologiczne opakowanie papierowe na prezenty wiosenne"},"content":{"rendered":"<h1>Niestandardowe ekologiczne opakowanie papierowe na prezenty wiosenne<\/h1>\n<p>Pude\u0142ko papierowe na prezenty Spring Festival to zachwycaj\u0105ce i \u015bwi\u0105teczne rozwi\u0105zanie opakowaniowe zaprojektowane z okazji radosnego \u015bwi\u0119ta wiosny. Wykonane z wysokiej jako\u015bci materia\u0142\u00f3w pude\u0142ko emanuje elegancj\u0105 i urokiem, dzi\u0119ki czemu jest idealnym wyborem do prezentowania upomink\u00f3w rodzinie, przyjacio\u0142om lub wsp\u00f3\u0142pracownikom biznesowym w tym szczeg\u00f3lnym okresie roku.<\/p>\n<p>Ozdobione tradycyjnymi motywami wiosennego festiwalu, takimi jak kwiaty wi\u015bni, latarnie lub pomy\u015blne symbole, to pude\u0142ko upominkowe oddaje ducha sezonu i dodaje odrobin\u0119 kulturowego znaczenia do prezentu. Opcje dostosowywania pozwalaj\u0105 spersonalizowa\u0107 pude\u0142ko za pomoc\u0105 pozdrowie\u0144, \u017cycze\u0144, a nawet imienia odbiorcy, tworz\u0105c naprawd\u0119 wyj\u0105tkowe i niezapomniane do\u015bwiadczenie prezentowe.<\/p>\n<p>Niezale\u017cnie od tego, czy jest u\u017cywane do prezentowania tradycyjnych smako\u0142yk\u00f3w, przedmiot\u00f3w specjalnych czy towar\u00f3w luksusowych, spersonalizowane pude\u0142ko upominkowe Spring Festival Gift Box jest wszechstronnym i znacz\u0105cym rozwi\u0105zaniem opakowaniowym. Jego \u017cywe kolory i skomplikowane wzory wywo\u0142uj\u0105 poczucie ciep\u0142a i szcz\u0119\u015bcia, czyni\u0105c z niego cenn\u0105 pami\u0105tk\u0119 na d\u0142ugo po zako\u0144czeniu festiwalu.<\/p>\n<p>\u015awi\u0119tuj Festiwal Wiosny w dobrym stylu i oka\u017c wdzi\u0119czno\u015b\u0107 bliskim dzi\u0119ki spersonalizowanemu pude\u0142ku upominkowemu z okazji Festiwalu Wiosny, kt\u00f3re jest przemy\u015blanym i pi\u0119knym sposobem na podzielenie si\u0119 duchem sezonu.<\/p>\n<h1><strong>Specyfikacja<\/strong><\/h1>\n<div class=\"widget block block-static-block\">\n<div class=\"landing-page-section option-bottom\">\n<div class=\"custom-materials-tabs-content container container-adjustment\">\n<div class=\"custom-materials-tab-content active\">\n<div class=\"widget block block-static-block\">\n<div class=\"options-items\">\n<div class=\"flex-grid-row-option\">\n<div class=\"flex-grid-item-option\">\n<div class=\"material-box\">\n<div class=\"material-des\">\n<table width=\"1070\">\n<tbody>\n<tr>\n<td width=\"373\">Wymiary<\/td>\n<td width=\"373\">Wszystkie niestandardowe rozmiary i kszta\u0142ty<\/td>\n<\/tr>\n<tr>\n<td width=\"373\">MOQ<\/td>\n<td width=\"373\">500szt.<\/td>\n<\/tr>\n<tr>\n<td width=\"373\">Czas pr\u00f3by<\/td>\n<td width=\"373\">3-5 dni<\/td>\n<\/tr>\n<tr>\n<td width=\"373\">Proces domy\u015blny<\/td>\n<td width=\"373\">Sztancowanie, klejenie, nacinanie, perforacja<\/td>\n<\/tr>\n<tr>\n<td width=\"373\">Drukowanie<\/td>\n<td width=\"373\">Cmyk, pms, bez drukowania<\/td>\n<\/tr>\n<tr>\n<td width=\"373\">Opcja materia\u0142u<\/td>\n<td width=\"373\">Bia\u0142y papier kartonowy, papier powlekany, papier artystyczny, papier siarczanowy, ko\u015b\u0107 s\u0142oniowa, tektura dwustronna, papier specjalny itp.<\/td>\n<\/tr>\n<tr>\n<td width=\"373\">Wyko\u0144czenie powierzchni<\/td>\n<td width=\"373\">Laminowanie matowe\/b\u0142yszcz\u0105ce, punktowe UVDebossing, t\u0142oczenie, t\u0142oczenie foli\u0105 itp.<\/td>\n<\/tr>\n<tr>\n<td width=\"373\">Wykorzystanie w przemy\u015ble<\/td>\n<td width=\"373\">kosmetyki, perfumy, odzie\u017c, bi\u017cuteria, tyto\u0144, \u017cywno\u015b\u0107, towary codziennego u\u017cytku,<\/td>\n<\/tr>\n<tr>\n<td width=\"373\">Kontrola jako\u015bci<\/td>\n<td width=\"373\">Zaawansowany sprz\u0119t i do\u015bwiadczony zesp\u00f3\u0142 kontroli jako\u015bci dok\u0142adnie sprawdz\u0105 materia\u0142y, p\u00f3\u0142produkty i gotowe produkty na ka\u017cdym etapie przed ich u\u017cyciem.<\/td>\n<\/tr>\n<tr>\n<td width=\"373\">Cena<\/td>\n<td width=\"373\">Ostateczna cena b\u0119dzie dostosowana do produktu i wymaganej ilo\u015bci<\/td>\n<\/tr>\n<tr>\n<td width=\"373\">Czas zwrotu<\/td>\n<td width=\"373\">7-14 dni roboczych, po\u015bpiech<\/td>\n<\/tr>\n<tr>\n<td width=\"373\">Papier<\/td>\n<td width=\"373\">10pt do 28pt (60lb do 400lb) ekologiczny Kraft, tektura falista e-flute, tektura bux, karton<\/td>\n<\/tr>\n<tr>\n<td width=\"373\">Format grafiki<\/td>\n<td width=\"373\">JPG, PDF, AI, CDR, EPS, GIF....<\/td>\n<\/tr>\n<tr>\n<td width=\"373\">Akcesoria<\/td>\n<td width=\"373\">Magnes, ta\u015bma, forma EVA, plastikowa taca, g\u0105bka, okienko PVC\/PET\/PP,...<\/td>\n<\/tr>\n<tr>\n<td width=\"373\">Termin p\u0142atno\u015bci<\/td>\n<td width=\"373\">T \/ T, Western Union, Paypal, depozyt 30% i saldo 70% przed wysy\u0142k\u0105.<\/td>\n<\/tr>\n<\/tbody>\n<\/table>\n<\/div>\n<\/div>\n<\/div>\n<\/div>\n<\/div>\n<\/div>\n<\/div>\n<\/div>\n<\/div>\n<\/div>\n<div class=\"widget block block-static-block\">\n<div class=\"landing-page-section option-bottom\">\n<div class=\"custom-materials-tabs-content container container-adjustment\">\n<div class=\"custom-materials-tab-content active\">\n<div class=\"widget block block-static-block\">\n<div class=\"options-items\">\n<div class=\"flex-grid-row-option\">\n<div class=\"flex-grid-item-option\">\n<div class=\"material-box\">\n<p>&nbsp;<\/p>\n<\/div>\n<\/div>\n<\/div>\n<\/div>\n<p><!---end of option item--><\/p>\n<\/div>\n<\/div>\n<\/div>\n<\/div>\n<\/div>","protected":false},"excerpt":{"rendered":"<p>Zojo Printing zapewnia wysokiej jako\u015bci noworoczne pude\u0142ko na prezenty hurtowe \u015bwi\u0105teczne pude\u0142ko na prezenty \u015bwi\u0105teczne chi\u0144ski nowy rok wiosenny festiwal prezent\u00f3w.<\/p>\n<ul>\n<li>MOQ: 500 sztuk<\/li>\n<li>Czas dostawy: 7-14 dni roboczych, po\u015bpiech<\/li>\n<li>Wymiary na zam\u00f3wienie (\u015brednica x wysoko\u015b\u0107)<\/li>\n<li>Drukowanie na zam\u00f3wienie<\/li>\n<li>Przyjazny dla \u015brodowiska, nadaj\u0105cy si\u0119 do recyklingu i niezawieraj\u0105cy plastiku<\/li>\n<li>Cena \uff1a Ostateczna cena zostanie dostosowana do produktu i wymaganej ilo\u015bci<\/li>\n<\/ul>","protected":false},"featured_media":3858,"template":"","meta":[],"product_brand":[],"product_cat":[30,423,424,31],"product_tag":[860,863,247],"class_list":{"0":"post-3853","1":"product","2":"type-product","3":"status-publish","4":"has-post-thumbnail","6":"product_cat-by-industry","7":"product_cat-custom-presentation-boxes-by-industry","8":"product_cat-magnetic-closure-boxes","9":"product_cat-paper-box-style","10":"product_tag-custom-paper-box","11":"product_tag-eco-friendly-gift-box","12":"product_tag-packaging-paper-box","14":"first","15":"instock","16":"shipping-taxable","17":"product-type-grouped"},"_links":{"self":[{"href":"https:\/\/zojopackaging.com\/pl\/wp-json\/wp\/v2\/product\/3853","targetHints":{"allow":["GET"]}}],"collection":[{"href":"https:\/\/zojopackaging.com\/pl\/wp-json\/wp\/v2\/product"}],"about":[{"href":"https:\/\/zojopackaging.com\/pl\/wp-json\/wp\/v2\/types\/product"}],"version-history":[{"count":2,"href":"https:\/\/zojopackaging.com\/pl\/wp-json\/wp\/v2\/product\/3853\/revisions"}],"predecessor-version":[{"id":7344,"href":"https:\/\/zojopackaging.com\/pl\/wp-json\/wp\/v2\/product\/3853\/revisions\/7344"}],"wp:featuredmedia":[{"embeddable":true,"href":"https:\/\/zojopackaging.com\/pl\/wp-json\/wp\/v2\/media\/3858"}],"wp:attachment":[{"href":"https:\/\/zojopackaging.com\/pl\/wp-json\/wp\/v2\/media?parent=3853"}],"wp:term":[{"taxonomy":"product_brand","embeddable":true,"href":"https:\/\/zojopackaging.com\/pl\/wp-json\/wp\/v2\/product_brand?post=3853"},{"taxonomy":"product_cat","embeddable":true,"href":"https:\/\/zojopackaging.com\/pl\/wp-json\/wp\/v2\/product_cat?post=3853"},{"taxonomy":"product_tag","embeddable":true,"href":"https:\/\/zojopackaging.com\/pl\/wp-json\/wp\/v2\/product_tag?post=3853"}],"curies":[{"name":"wp","href":"https:\/\/api.w.org\/{rel}","templated":true}]}}