{"id":3883,"date":"2024-03-20T14:14:24","date_gmt":"2024-03-20T06:14:24","guid":{"rendered":"https:\/\/zojopackaging.com\/?post_type=product&#038;p=3883"},"modified":"2025-03-28T19:18:05","modified_gmt":"2025-03-28T11:18:05","slug":"custom-bracelet-gift-box","status":"publish","type":"product","link":"https:\/\/zojopackaging.com\/pl\/product\/custom-bracelet-gift-box\/","title":{"rendered":"Dostawcy niestandardowych opakowa\u0144 z pokrywk\u0105 i podstaw\u0105 do bransoletek cyfrowych"},"content":{"rendered":"<div class=\"top-info\">\n<h1 class=\"h1 text-uppercase\">Dostawcy niestandardowych opakowa\u0144 z pokrywk\u0105 i podstaw\u0105 do bransoletek cyfrowych<\/h1>\n<p>Najlepszym i najbardziej klasycznym sposobem na zaprezentowanie klejnotu jest umieszczenie go w cennym pude\u0142ku: Zojoprint Packing realizuje szyte na miar\u0119 i niestandardowe pude\u0142ka na bransoletki, idealne rozwi\u0105zanie dla Twojej bi\u017cuterii.<\/p>\n<\/div>\n<div class=\"padBottom30\">\n<p>Pude\u0142ka na bransoletki to wszechstronny, elegancki i wielofunkcyjny pomys\u0142 dla Twojego sklepu jubilerskiego. S\u0105 najbardziej profesjonalnym sposobem na zaprezentowanie bi\u017cuterii i staj\u0105 si\u0119 cennymi pude\u0142kami na prezenty, kt\u00f3re przyci\u0105gn\u0105 uwag\u0119 klient\u00f3w.<\/p>\n<p>Sekretem jest tworzenie pude\u0142ek na bransoletki z okre\u015blon\u0105 osobowo\u015bci\u0105: porzu\u0107 ide\u0119 standardowych pude\u0142ek i polegaj na profesjonalizmie i do\u015bwiadczeniu rzemie\u015blnik\u00f3w To Be Packing. Poni\u017cej znajduj\u0105 si\u0119 niekt\u00f3re z pude\u0142ek na bransoletki, kt\u00f3re mo\u017cemy stworzy\u0107 i dostosowa\u0107 dla Ciebie.<\/p>\n<\/div>\n<h1>Dlaczego warto z nami wsp\u00f3\u0142pracowa\u0107?<\/h1>\n<p>Wybieraj\u0105c nasze niestandardowe pude\u0142ko upominkowe na bransoletk\u0119, nie tylko oferujesz produkt - zapewniasz do\u015bwiadczenie, kt\u00f3re Twoi klienci b\u0119d\u0105 ceni\u0107. Wyr\u00f3\u017cnij si\u0119 na konkurencyjnym rynku i wzmocnij lojalno\u015b\u0107 klient\u00f3w, oferuj\u0105c wysokiej jako\u015bci, konfigurowalne rozwi\u0105zanie upominkowe.<\/p>\n<h1><strong>Specyfikacja<\/strong><\/h1>\n<div class=\"widget block block-static-block\">\n<div class=\"landing-page-section option-bottom\">\n<div class=\"custom-materials-tabs-content container container-adjustment\">\n<div class=\"custom-materials-tab-content active\">\n<div class=\"widget block block-static-block\">\n<div class=\"options-items\">\n<div class=\"flex-grid-row-option\">\n<div class=\"flex-grid-item-option\">\n<div class=\"material-box\">\n<div class=\"material-des\">\n<table width=\"1070\">\n<tbody>\n<tr>\n<td width=\"373\">Wymiary<\/td>\n<td width=\"373\">Wszystkie niestandardowe rozmiary i kszta\u0142ty<\/td>\n<\/tr>\n<tr>\n<td width=\"373\">MOQ<\/td>\n<td width=\"373\">500szt.<\/td>\n<\/tr>\n<tr>\n<td width=\"373\">Czas pr\u00f3by<\/td>\n<td width=\"373\">3-5 dni<\/td>\n<\/tr>\n<tr>\n<td width=\"373\">Proces domy\u015blny<\/td>\n<td width=\"373\">Sztancowanie, klejenie, nacinanie, perforacja<\/td>\n<\/tr>\n<tr>\n<td width=\"373\">Drukowanie<\/td>\n<td width=\"373\">Cmyk, pms, bez drukowania<\/td>\n<\/tr>\n<tr>\n<td width=\"373\">Opcja materia\u0142u<\/td>\n<td width=\"373\">Bia\u0142y papier kartonowy, papier powlekany, papier artystyczny, papier siarczanowy, ko\u015b\u0107 s\u0142oniowa, tektura dwustronna, papier specjalny itp.<\/td>\n<\/tr>\n<tr>\n<td width=\"373\">Wyko\u0144czenie powierzchni<\/td>\n<td width=\"373\">Laminowanie matowe\/b\u0142yszcz\u0105ce, punktowe UVDebossing, t\u0142oczenie, t\u0142oczenie foli\u0105 itp.<\/td>\n<\/tr>\n<tr>\n<td width=\"373\">Wykorzystanie w przemy\u015ble<\/td>\n<td width=\"373\">kosmetyki, perfumy, odzie\u017c, bi\u017cuteria, tyto\u0144, \u017cywno\u015b\u0107, towary codziennego u\u017cytku,<\/td>\n<\/tr>\n<tr>\n<td width=\"373\">Kontrola jako\u015bci<\/td>\n<td width=\"373\">Zaawansowany sprz\u0119t i do\u015bwiadczony zesp\u00f3\u0142 kontroli jako\u015bci dok\u0142adnie sprawdz\u0105 materia\u0142y, p\u00f3\u0142produkty i gotowe produkty na ka\u017cdym etapie przed ich u\u017cyciem.<\/td>\n<\/tr>\n<tr>\n<td width=\"373\">Cena<\/td>\n<td width=\"373\">Ostateczna cena b\u0119dzie dostosowana do produktu i wymaganej ilo\u015bci<\/td>\n<\/tr>\n<tr>\n<td width=\"373\">Czas zwrotu<\/td>\n<td width=\"373\">7-14 dni roboczych, po\u015bpiech<\/td>\n<\/tr>\n<tr>\n<td width=\"373\">Papier<\/td>\n<td width=\"373\">10pt do 28pt (60lb do 400lb) ekologiczny Kraft, tektura falista e-flute, tektura bux, karton<\/td>\n<\/tr>\n<tr>\n<td width=\"373\">Format grafiki<\/td>\n<td width=\"373\">JPG, PDF, AI, CDR, EPS, GIF....<\/td>\n<\/tr>\n<tr>\n<td width=\"373\">Akcesoria<\/td>\n<td width=\"373\">Magnes, ta\u015bma, forma EVA, plastikowa taca, g\u0105bka, okienko PVC\/PET\/PP,...<\/td>\n<\/tr>\n<tr>\n<td width=\"373\">Termin p\u0142atno\u015bci<\/td>\n<td width=\"373\">T \/ T, Western Union, Paypal, depozyt 30% i saldo 70% przed wysy\u0142k\u0105.<\/td>\n<\/tr>\n<\/tbody>\n<\/table>\n<\/div>\n<\/div>\n<\/div>\n<\/div>\n<\/div>\n<\/div>\n<\/div>\n<\/div>\n<\/div>\n<\/div>\n<div class=\"widget block block-static-block\">\n<div class=\"landing-page-section option-bottom\">\n<div class=\"custom-materials-tabs-content container container-adjustment\">\n<div class=\"custom-materials-tab-content active\">\n<div class=\"widget block block-static-block\">\n<div class=\"options-items\">\n<div class=\"flex-grid-row-option\">\n<div class=\"flex-grid-item-option\">\n<div class=\"material-box\">\n<p>&nbsp;<\/p>\n<\/div>\n<\/div>\n<\/div>\n<\/div>\n<p><!---end of option item--><\/p>\n<\/div>\n<\/div>\n<\/div>\n<\/div>\n<\/div>","protected":false},"excerpt":{"rendered":"<p>Bezproblemowa fabryka niestandardowych cyfrowych bransoletek w Chinach. Wykonane z ekologicznego materia\u0142u. Wszechstronny kszta\u0142t i rozmiary. Stw\u00f3rz swoje cyfrowe pude\u0142ko na bransoletk\u0119 ju\u017c dzi\u015b!<\/p>\n<p>Personalizacja: Mo\u017cliwo\u015b\u0107 dostosowania rozmiaru\/druku\/materia\u0142u\/wyko\u0144czenia\/kszta\u0142tu itp.<br \/>\nRodzaj materia\u0142u: Ekologiczne, posiadaj\u0105 certyfikaty FSC\/ISO\/BSCI<br \/>\nCzas produkcji: Pr\u00f3bka 1-3 dni; Luzem 7-9 dni<br \/>\nCzas wysy\u0142ki: Express 3-7 dni; Air 12-16 dni; Boat 25-30 dni\uff08R\u00f3\u017cne kraje maj\u0105 r\u00f3\u017cne czasy)<\/p>\n<p>Cena:Skontaktuj si\u0119 z nami, aby wys\u0142a\u0107 zapytanie!<\/p>","protected":false},"featured_media":3885,"template":"","meta":[],"product_brand":[],"product_cat":[30,413,425,31],"product_tag":[846,297,847],"class_list":{"0":"post-3883","1":"product","2":"type-product","3":"status-publish","4":"has-post-thumbnail","6":"product_cat-by-industry","7":"product_cat-consumer-electronics-boxes","8":"product_cat-lid-and-base-gift-box","9":"product_cat-paper-box-style","10":"product_tag-bracelet-lid-and-base-box","11":"product_tag-gift-packaging-box","12":"product_tag-packaging-box-suppliers","14":"first","15":"instock","16":"shipping-taxable","17":"product-type-grouped"},"_links":{"self":[{"href":"https:\/\/zojopackaging.com\/pl\/wp-json\/wp\/v2\/product\/3883","targetHints":{"allow":["GET"]}}],"collection":[{"href":"https:\/\/zojopackaging.com\/pl\/wp-json\/wp\/v2\/product"}],"about":[{"href":"https:\/\/zojopackaging.com\/pl\/wp-json\/wp\/v2\/types\/product"}],"version-history":[{"count":2,"href":"https:\/\/zojopackaging.com\/pl\/wp-json\/wp\/v2\/product\/3883\/revisions"}],"predecessor-version":[{"id":7341,"href":"https:\/\/zojopackaging.com\/pl\/wp-json\/wp\/v2\/product\/3883\/revisions\/7341"}],"wp:featuredmedia":[{"embeddable":true,"href":"https:\/\/zojopackaging.com\/pl\/wp-json\/wp\/v2\/media\/3885"}],"wp:attachment":[{"href":"https:\/\/zojopackaging.com\/pl\/wp-json\/wp\/v2\/media?parent=3883"}],"wp:term":[{"taxonomy":"product_brand","embeddable":true,"href":"https:\/\/zojopackaging.com\/pl\/wp-json\/wp\/v2\/product_brand?post=3883"},{"taxonomy":"product_cat","embeddable":true,"href":"https:\/\/zojopackaging.com\/pl\/wp-json\/wp\/v2\/product_cat?post=3883"},{"taxonomy":"product_tag","embeddable":true,"href":"https:\/\/zojopackaging.com\/pl\/wp-json\/wp\/v2\/product_tag?post=3883"}],"curies":[{"name":"wp","href":"https:\/\/api.w.org\/{rel}","templated":true}]}}