{"id":3914,"date":"2024-03-20T14:41:17","date_gmt":"2024-03-20T06:41:17","guid":{"rendered":"https:\/\/zojopackaging.com\/?post_type=product&#038;p=3914"},"modified":"2025-04-03T17:07:15","modified_gmt":"2025-04-03T09:07:15","slug":"custom-calendar-box","status":"publish","type":"product","link":"https:\/\/zojopackaging.com\/pl\/product\/custom-calendar-box\/","title":{"rendered":"Spersonalizowany papier brokatowy do tworzenia kalendarzy dwudrzwiowych"},"content":{"rendered":"<h1>Spersonalizowany papier brokatowy do tworzenia kalendarzy dwudrzwiowych<\/h1>\n<p>The <strong>Niestandardowe pude\u0142ko na kalendarz<\/strong> to wszechstronne i praktyczne rozwi\u0105zanie opakowaniowe zaprojektowane w celu prezentacji i ochrony kalendarza w stylowy i profesjonalny spos\u00f3b. Pude\u0142ko to mo\u017cna dostosowa\u0107 do konkretnych wymaga\u0144, umo\u017cliwiaj\u0105c personalizacj\u0119 projektu, wymiar\u00f3w i materia\u0142\u00f3w w celu dopasowania do preferencji dotycz\u0105cych marki i stylu.<\/p>\n<p>Na zewn\u0119trznej stronie pude\u0142ka mo\u017cna umie\u015bci\u0107 logo, grafik\u0119 lub dowoln\u0105 inn\u0105 grafik\u0119, aby stworzy\u0107 atrakcyjny wizualnie i sp\u00f3jny wygl\u0105d. Solidna konstrukcja pude\u0142ka zapewnia dobr\u0105 ochron\u0119 kalendarza podczas przechowywania, wysy\u0142ki lub ekspozycji. Dodatkowo, niestandardowe pude\u0142ko na kalendarz mo\u017ce by\u0107 wyposa\u017cone w takie funkcje, jak zamkni\u0119cie magnetyczne, wst\u0105\u017cka lub niestandardowe wk\u0142adki, aby poprawi\u0107 og\u00f3ln\u0105 prezentacj\u0119.<\/p>\n<h1><strong>Specyfikacja<\/strong><\/h1>\n<div class=\"widget block block-static-block\">\n<div class=\"landing-page-section option-bottom\">\n<div class=\"custom-materials-tabs-content container container-adjustment\">\n<div class=\"custom-materials-tab-content active\">\n<div class=\"widget block block-static-block\">\n<div class=\"options-items\">\n<div class=\"flex-grid-row-option\">\n<div class=\"flex-grid-item-option\">\n<div class=\"material-box\">\n<div class=\"material-des\">\n<table width=\"1070\">\n<tbody>\n<tr>\n<td width=\"373\">Wymiary<\/td>\n<td width=\"373\">Wszystkie niestandardowe rozmiary i kszta\u0142ty<\/td>\n<\/tr>\n<tr>\n<td width=\"373\">MOQ<\/td>\n<td width=\"373\">500szt.<\/td>\n<\/tr>\n<tr>\n<td width=\"373\">Czas pr\u00f3by<\/td>\n<td width=\"373\">3-5 dni<\/td>\n<\/tr>\n<tr>\n<td width=\"373\">Proces domy\u015blny<\/td>\n<td width=\"373\">Sztancowanie, klejenie, nacinanie, perforacja<\/td>\n<\/tr>\n<tr>\n<td width=\"373\">Drukowanie<\/td>\n<td width=\"373\">Cmyk, pms, bez drukowania<\/td>\n<\/tr>\n<tr>\n<td width=\"373\">Opcja materia\u0142u<\/td>\n<td width=\"373\">Bia\u0142y papier kartonowy, papier powlekany, papier artystyczny, papier siarczanowy, ko\u015b\u0107 s\u0142oniowa, tektura dwustronna, papier specjalny itp.<\/td>\n<\/tr>\n<tr>\n<td width=\"373\">Wyko\u0144czenie powierzchni<\/td>\n<td width=\"373\">Laminowanie matowe\/b\u0142yszcz\u0105ce, punktowe UVDebossing, t\u0142oczenie, t\u0142oczenie foli\u0105 itp.<\/td>\n<\/tr>\n<tr>\n<td width=\"373\">Wykorzystanie w przemy\u015ble<\/td>\n<td width=\"373\">kosmetyki, perfumy, odzie\u017c, bi\u017cuteria, tyto\u0144, \u017cywno\u015b\u0107, towary codziennego u\u017cytku,<\/td>\n<\/tr>\n<tr>\n<td width=\"373\">Kontrola jako\u015bci<\/td>\n<td width=\"373\">Zaawansowany sprz\u0119t i do\u015bwiadczony zesp\u00f3\u0142 kontroli jako\u015bci dok\u0142adnie sprawdz\u0105 materia\u0142y, p\u00f3\u0142produkty i gotowe produkty na ka\u017cdym etapie przed ich u\u017cyciem.<\/td>\n<\/tr>\n<tr>\n<td width=\"373\">Cena<\/td>\n<td width=\"373\">Ostateczna cena b\u0119dzie dostosowana do produktu i wymaganej ilo\u015bci<\/td>\n<\/tr>\n<tr>\n<td width=\"373\">Czas zwrotu<\/td>\n<td width=\"373\">7-14 dni roboczych, po\u015bpiech<\/td>\n<\/tr>\n<tr>\n<td width=\"373\">Papier<\/td>\n<td width=\"373\">10pt do 28pt (60lb do 400lb) ekologiczny Kraft, tektura falista e-flute, tektura bux, karton<\/td>\n<\/tr>\n<tr>\n<td width=\"373\">Format grafiki<\/td>\n<td width=\"373\">JPG, PDF, AI, CDR, EPS, GIF....<\/td>\n<\/tr>\n<tr>\n<td width=\"373\">Akcesoria<\/td>\n<td width=\"373\">Magnes, ta\u015bma, forma EVA, plastikowa taca, g\u0105bka, okienko PVC\/PET\/PP,...<\/td>\n<\/tr>\n<tr>\n<td width=\"373\">Termin p\u0142atno\u015bci<\/td>\n<td width=\"373\">T \/ T, Western Union, Paypal, depozyt 30% i saldo 70% przed wysy\u0142k\u0105.<\/td>\n<\/tr>\n<\/tbody>\n<\/table>\n<\/div>\n<\/div>\n<\/div>\n<\/div>\n<\/div>\n<\/div>\n<\/div>\n<\/div>\n<\/div>\n<\/div>\n<div class=\"widget block block-static-block\">\n<div class=\"landing-page-section option-bottom\">\n<div class=\"custom-materials-tabs-content container container-adjustment\">\n<div class=\"custom-materials-tab-content active\">\n<div class=\"widget block block-static-block\">\n<div class=\"options-items\">\n<div class=\"flex-grid-row-option\">\n<div class=\"flex-grid-item-option\">\n<div class=\"material-box\">\n<p>&nbsp;<\/p>\n<\/div>\n<\/div>\n<\/div>\n<\/div>\n<p><!---end of option item--><\/p>\n<\/div>\n<\/div>\n<\/div>\n<\/div>\n<\/div>","protected":false},"excerpt":{"rendered":"<p>Oferujemy pe\u0142ne dostosowanie projekt\u00f3w kalendarzy adwentowych do konkretnych potrzeb i cel\u00f3w biznesowych. Od kolor\u00f3w i uk\u0142ad\u00f3w po elementy brandingowe i styl.<\/p>\n<p>Rodzaj materia\u0142u: Ekologiczne, posiadaj\u0105 certyfikaty FSC\/ISO\/BSCI<br \/>\nCzas produkcji: Pr\u00f3bka 1-3 dni; Luzem 7-9 dni<br \/>\nCzas wysy\u0142ki: Express 3-7 dni; Air 12-16 dni; Boat 25-30 dni\uff08R\u00f3\u017cne kraje maj\u0105 r\u00f3\u017cne czasy)<\/p>\n<p>Cena:Skontaktuj si\u0119 z nami, aby wys\u0142a\u0107 zapytanie!<\/p>","protected":false},"featured_media":3917,"template":"","meta":[],"product_brand":[],"product_cat":[30,423,428,31],"product_tag":[829,827,828],"class_list":{"0":"post-3914","1":"product","2":"type-product","3":"status-publish","4":"has-post-thumbnail","6":"product_cat-by-industry","7":"product_cat-custom-presentation-boxes-by-industry","8":"product_cat-irregular-shaped-gift-boxes","9":"product_cat-paper-box-style","10":"product_tag-box-maker","11":"product_tag-glitter-paper-box","12":"product_tag-two-doors-calendar-box","14":"first","15":"instock","16":"shipping-taxable","17":"product-type-grouped"},"_links":{"self":[{"href":"https:\/\/zojopackaging.com\/pl\/wp-json\/wp\/v2\/product\/3914","targetHints":{"allow":["GET"]}}],"collection":[{"href":"https:\/\/zojopackaging.com\/pl\/wp-json\/wp\/v2\/product"}],"about":[{"href":"https:\/\/zojopackaging.com\/pl\/wp-json\/wp\/v2\/types\/product"}],"version-history":[{"count":2,"href":"https:\/\/zojopackaging.com\/pl\/wp-json\/wp\/v2\/product\/3914\/revisions"}],"predecessor-version":[{"id":8472,"href":"https:\/\/zojopackaging.com\/pl\/wp-json\/wp\/v2\/product\/3914\/revisions\/8472"}],"wp:featuredmedia":[{"embeddable":true,"href":"https:\/\/zojopackaging.com\/pl\/wp-json\/wp\/v2\/media\/3917"}],"wp:attachment":[{"href":"https:\/\/zojopackaging.com\/pl\/wp-json\/wp\/v2\/media?parent=3914"}],"wp:term":[{"taxonomy":"product_brand","embeddable":true,"href":"https:\/\/zojopackaging.com\/pl\/wp-json\/wp\/v2\/product_brand?post=3914"},{"taxonomy":"product_cat","embeddable":true,"href":"https:\/\/zojopackaging.com\/pl\/wp-json\/wp\/v2\/product_cat?post=3914"},{"taxonomy":"product_tag","embeddable":true,"href":"https:\/\/zojopackaging.com\/pl\/wp-json\/wp\/v2\/product_tag?post=3914"}],"curies":[{"name":"wp","href":"https:\/\/api.w.org\/{rel}","templated":true}]}}