{"id":3922,"date":"2024-03-20T14:49:56","date_gmt":"2024-03-20T06:49:56","guid":{"rendered":"https:\/\/zojopackaging.com\/?post_type=product&#038;p=3922"},"modified":"2025-03-28T16:15:46","modified_gmt":"2025-03-28T08:15:46","slug":"customized-christmas-tree-calendar-box","status":"publish","type":"product","link":"https:\/\/zojopackaging.com\/pl\/product\/customized-christmas-tree-calendar-box\/","title":{"rendered":"Dostosowane pude\u0142ko na kalendarz choinkowy Producent w Chinach"},"content":{"rendered":"<h1>Dostosowane pude\u0142ko na kalendarz choinkowy Producent w Chinach<\/h1>\n<p>Spersonalizowane pude\u0142ko na kalendarz z choink\u0105 to \u015bwi\u0105teczne i urocze rozwi\u0105zanie opakowaniowe, kt\u00f3re dodaje odrobin\u0119 \u015bwi\u0105tecznego nastroju do kalendarza. Pude\u0142ko to zosta\u0142o specjalnie zaprojektowane, aby zaprezentowa\u0107 kalendarz w wyj\u0105tkowy i sezonowy spos\u00f3b, dzi\u0119ki czemu idealnie nadaje si\u0119 do \u015bwi\u0105tecznych promocji, prezent\u00f3w lub ekspozycji detalicznych.<\/p>\n<p>Zewn\u0119trzna cz\u0119\u015b\u0107 pude\u0142ka przedstawia zachwycaj\u0105cy wz\u00f3r choinki z misternymi detalami i \u017cywymi kolorami, kt\u00f3re oddaj\u0105 ducha \u015bwi\u0105t. Ten kapry\u015bny projekt dodaje opakowaniu zabawnego i \u015bwi\u0105tecznego charakteru, dzi\u0119ki czemu jest to wyr\u00f3\u017cniaj\u0105cy si\u0119 element, kt\u00f3ry z pewno\u015bci\u0105 przyci\u0105gnie uwag\u0119.<\/p>\n<p>Wewn\u0105trz pude\u0142ka kalendarz jest bezpiecznie przechowywany, co zapewnia jego ochron\u0119 i porz\u0105dek. Spersonalizowane pude\u0142ko na kalendarz choinkowy to nie tylko praktyczne rozwi\u0105zanie do przechowywania, ale tak\u017ce dodatek dekoracyjny, kt\u00f3ry poprawia og\u00f3ln\u0105 prezentacj\u0119 produktu kalendarza.<\/p>\n<p>Niezale\u017cnie od tego, czy chodzi o u\u017cytek osobisty, prezenty czy sprzeda\u017c detaliczn\u0105, to spersonalizowane pude\u0142ko jest wspania\u0142ym i niezapomnianym sposobem na zapakowanie kalendarza w okresie \u015bwi\u0105tecznym. Spersonalizowane pude\u0142ko na kalendarz z choink\u0105 jest zabawnym i \u015bwi\u0105tecznym dodatkiem do oferty produkt\u00f3w, pomagaj\u0105c szerzy\u0107 rado\u015b\u0107 i podekscytowanie w\u015br\u00f3d klient\u00f3w.<\/p>\n<h1><strong>Specyfikacja<\/strong><\/h1>\n<table style=\"height: 666px;\" width=\"1070\">\n<tbody>\n<tr>\n<td width=\"373\">Wymiary<\/td>\n<td width=\"373\">Wszystkie niestandardowe rozmiary i kszta\u0142ty<\/td>\n<\/tr>\n<tr>\n<td width=\"373\">MOQ<\/td>\n<td width=\"373\">500szt.<\/td>\n<\/tr>\n<tr>\n<td width=\"373\">Czas pr\u00f3by<\/td>\n<td width=\"373\">3-5 dni<\/td>\n<\/tr>\n<tr>\n<td width=\"373\">Proces domy\u015blny<\/td>\n<td width=\"373\">Sztancowanie, klejenie, nacinanie, perforacja<\/td>\n<\/tr>\n<tr>\n<td width=\"373\">Drukowanie<\/td>\n<td width=\"373\">Cmyk, pms, bez drukowania<\/td>\n<\/tr>\n<tr>\n<td width=\"373\">Opcja materia\u0142u<\/td>\n<td width=\"373\">Bia\u0142y papier kartonowy, papier powlekany, papier artystyczny, papier siarczanowy, ko\u015b\u0107 s\u0142oniowa, tektura dwustronna, papier specjalny itp.<\/td>\n<\/tr>\n<tr>\n<td width=\"373\">Wyko\u0144czenie powierzchni<\/td>\n<td width=\"373\">Laminowanie matowe\/b\u0142yszcz\u0105ce, punktowe UVDebossing, t\u0142oczenie, t\u0142oczenie foli\u0105 itp.<\/td>\n<\/tr>\n<tr>\n<td width=\"373\">Wykorzystanie w przemy\u015ble<\/td>\n<td width=\"373\">kosmetyki, perfumy, odzie\u017c, bi\u017cuteria, tyto\u0144, \u017cywno\u015b\u0107, towary codziennego u\u017cytku,<\/td>\n<\/tr>\n<tr>\n<td width=\"373\">Kontrola jako\u015bci<\/td>\n<td width=\"373\">Zaawansowany sprz\u0119t i do\u015bwiadczony zesp\u00f3\u0142 kontroli jako\u015bci dok\u0142adnie sprawdz\u0105 materia\u0142y, p\u00f3\u0142produkty i gotowe produkty na ka\u017cdym etapie przed ich u\u017cyciem.<\/td>\n<\/tr>\n<tr>\n<td width=\"373\">Cena<\/td>\n<td width=\"373\">Ostateczna cena b\u0119dzie dostosowana do produktu i wymaganej ilo\u015bci<\/td>\n<\/tr>\n<tr>\n<td width=\"373\">Czas zwrotu<\/td>\n<td width=\"373\">7-14 dni roboczych, po\u015bpiech<\/td>\n<\/tr>\n<tr>\n<td width=\"373\">Papier<\/td>\n<td width=\"373\">10pt do 28pt (60lb do 400lb) ekologiczny Kraft, tektura falista e-flute, tektura bux, karton<\/td>\n<\/tr>\n<tr>\n<td width=\"373\">Format grafiki<\/td>\n<td width=\"373\">JPG, PDF, AI, CDR, EPS, GIF....<\/td>\n<\/tr>\n<tr>\n<td width=\"373\">Akcesoria<\/td>\n<td width=\"373\">Magnes, ta\u015bma, forma EVA, plastikowa taca, g\u0105bka, okienko PVC\/PET\/PP,...<\/td>\n<\/tr>\n<tr>\n<td width=\"373\">Termin p\u0142atno\u015bci<\/td>\n<td width=\"373\">T \/ T, Western Union, Paypal, depozyt 30% i saldo 70% przed wysy\u0142k\u0105.<\/td>\n<\/tr>\n<\/tbody>\n<\/table>\n<div class=\"widget block block-static-block\">\n<div class=\"landing-page-section option-bottom\">\n<div class=\"custom-materials-tabs-content container container-adjustment\">\n<div class=\"custom-materials-tab-content active\">\n<div class=\"widget block block-static-block\">\n<div class=\"options-items\">\n<div class=\"flex-grid-row-option\">\n<div class=\"flex-grid-item-option\">\n<div class=\"material-box\">\n<p>&nbsp;<\/p>\n<\/div>\n<\/div>\n<\/div>\n<\/div>\n<p><!---end of option item--><\/p>\n<\/div>\n<\/div>\n<\/div>\n<\/div>\n<\/div>","protected":false},"excerpt":{"rendered":"<p>Stw\u00f3rz \u015bwi\u0105teczn\u0105 atmosfer\u0119 dzi\u0119ki naszemu niestandardowemu kalendarzowi w kszta\u0142cie choinki. Tw\u00f3rz codzienne niespodzianki dla swoich bliskich.<\/p>\n<p>Rodzaj materia\u0142u: Ekologiczne, posiadaj\u0105 certyfikaty FSC\/ISO\/BSCI<br \/>\nCzas produkcji: Pr\u00f3bka 1-3 dni; Luzem 7-9 dni<br \/>\nCzas wysy\u0142ki: Express 3-7 dni; Air 12-16 dni; Boat 25-30 dni\uff08R\u00f3\u017cne kraje maj\u0105 r\u00f3\u017cne czasy)<\/p>\n<p>Cena:Skontaktuj si\u0119 z nami, aby wys\u0142a\u0107 zapytanie!<\/p>","protected":false},"featured_media":3926,"template":"","meta":[],"product_brand":[],"product_cat":[30,423,428,31],"product_tag":[823,822,821],"class_list":{"0":"post-3922","1":"product","2":"type-product","3":"status-publish","4":"has-post-thumbnail","6":"product_cat-by-industry","7":"product_cat-custom-presentation-boxes-by-industry","8":"product_cat-irregular-shaped-gift-boxes","9":"product_cat-paper-box-style","10":"product_tag-calendar-box-manufacturer","11":"product_tag-christmas-tree-calendar-box","12":"product_tag-customized-box","14":"first","15":"instock","16":"shipping-taxable","17":"product-type-grouped"},"_links":{"self":[{"href":"https:\/\/zojopackaging.com\/pl\/wp-json\/wp\/v2\/product\/3922","targetHints":{"allow":["GET"]}}],"collection":[{"href":"https:\/\/zojopackaging.com\/pl\/wp-json\/wp\/v2\/product"}],"about":[{"href":"https:\/\/zojopackaging.com\/pl\/wp-json\/wp\/v2\/types\/product"}],"version-history":[{"count":2,"href":"https:\/\/zojopackaging.com\/pl\/wp-json\/wp\/v2\/product\/3922\/revisions"}],"predecessor-version":[{"id":8470,"href":"https:\/\/zojopackaging.com\/pl\/wp-json\/wp\/v2\/product\/3922\/revisions\/8470"}],"wp:featuredmedia":[{"embeddable":true,"href":"https:\/\/zojopackaging.com\/pl\/wp-json\/wp\/v2\/media\/3926"}],"wp:attachment":[{"href":"https:\/\/zojopackaging.com\/pl\/wp-json\/wp\/v2\/media?parent=3922"}],"wp:term":[{"taxonomy":"product_brand","embeddable":true,"href":"https:\/\/zojopackaging.com\/pl\/wp-json\/wp\/v2\/product_brand?post=3922"},{"taxonomy":"product_cat","embeddable":true,"href":"https:\/\/zojopackaging.com\/pl\/wp-json\/wp\/v2\/product_cat?post=3922"},{"taxonomy":"product_tag","embeddable":true,"href":"https:\/\/zojopackaging.com\/pl\/wp-json\/wp\/v2\/product_tag?post=3922"}],"curies":[{"name":"wp","href":"https:\/\/api.w.org\/{rel}","templated":true}]}}