{"id":3930,"date":"2024-03-20T14:59:24","date_gmt":"2024-03-20T06:59:24","guid":{"rendered":"https:\/\/zojopackaging.com\/?post_type=product&#038;p=3930"},"modified":"2025-03-28T16:01:30","modified_gmt":"2025-03-28T08:01:30","slug":"double-opening-calendar-boxes","status":"publish","type":"product","link":"https:\/\/zojopackaging.com\/pl\/product\/double-opening-calendar-boxes\/","title":{"rendered":"Niestandardowe pude\u0142ka z podw\u00f3jnymi drzwiami Producent pude\u0142ek na kalendarze"},"content":{"rendered":"<h1>Niestandardowe pude\u0142ka z podw\u00f3jnymi drzwiami Producent pude\u0142ek na kalendarze<\/h1>\n<p>Pude\u0142ka na kalendarze z podw\u00f3jnym otwieraniem to unikalne i innowacyjne rozwi\u0105zanie opakowaniowe, kt\u00f3re oferuje podw\u00f3jn\u0105 funkcjonalno\u015b\u0107 dla produktu kalendarza. Pude\u0142ka te zosta\u0142y zaprojektowane z dwoma oddzielnymi otworami, zapewniaj\u0105c wszechstronno\u015b\u0107 i wygod\u0119 dost\u0119pu do zawarto\u015bci kalendarza z r\u00f3\u017cnych stron.<\/p>\n<p>Zewn\u0119trzn\u0105 cz\u0119\u015b\u0107 pude\u0142ka mo\u017cna dostosowa\u0107 do preferencji dotycz\u0105cych marki i projektu, tworz\u0105c sp\u00f3jne i atrakcyjne wizualnie opakowanie. Podw\u00f3jne otwory umo\u017cliwiaj\u0105 \u0142atwy dost\u0119p do kalendarza, dzi\u0119ki czemu u\u017cytkownicy mog\u0105 wygodnie przewraca\u0107 strony lub wy\u015bwietla\u0107 kalendarz w r\u00f3\u017cnych orientacjach.<\/p>\n<p>Wn\u0119trze pude\u0142ka zosta\u0142o zaprojektowane tak, aby bezpiecznie przechowywa\u0107 i chroni\u0107 kalendarz, zapewniaj\u0105c, \u017ce pozostanie on w nieskazitelnym stanie podczas przechowywania lub transportu. Pude\u0142ka na kalendarze z podw\u00f3jnym otwieraniem to nie tylko praktyczne rozwi\u0105zanie do przechowywania, ale tak\u017ce wyj\u0105tkowy i atrakcyjny spos\u00f3b na prezentacj\u0119 kalendarza.<\/p>\n<p>Pude\u0142ka na kalendarze z podw\u00f3jnym otwarciem, idealne do ekspozycji detalicznej, wydarze\u0144 promocyjnych lub prezent\u00f3w, oferuj\u0105 nowoczesn\u0105 i funkcjonaln\u0105 opcj\u0119 pakowania, kt\u00f3ra poprawia og\u00f3lne wra\u017cenia u\u017cytkownika.<\/p>\n<h1><strong>Specyfikacja<\/strong><\/h1>\n<table style=\"height: 666px;\" width=\"1070\">\n<tbody>\n<tr>\n<td width=\"373\">Wymiary<\/td>\n<td width=\"373\">Wszystkie niestandardowe rozmiary i kszta\u0142ty<\/td>\n<\/tr>\n<tr>\n<td width=\"373\">MOQ<\/td>\n<td width=\"373\">500szt.<\/td>\n<\/tr>\n<tr>\n<td width=\"373\">Czas pr\u00f3by<\/td>\n<td width=\"373\">3-5 dni<\/td>\n<\/tr>\n<tr>\n<td width=\"373\">Proces domy\u015blny<\/td>\n<td width=\"373\">Sztancowanie, klejenie, nacinanie, perforacja<\/td>\n<\/tr>\n<tr>\n<td width=\"373\">Drukowanie<\/td>\n<td width=\"373\">Cmyk, pms, bez drukowania<\/td>\n<\/tr>\n<tr>\n<td width=\"373\">Opcja materia\u0142u<\/td>\n<td width=\"373\">Bia\u0142y papier kartonowy, papier powlekany, papier artystyczny, papier siarczanowy, ko\u015b\u0107 s\u0142oniowa, tektura dwustronna, papier specjalny itp.<\/td>\n<\/tr>\n<tr>\n<td width=\"373\">Wyko\u0144czenie powierzchni<\/td>\n<td width=\"373\">Laminowanie matowe\/b\u0142yszcz\u0105ce, punktowe UVDebossing, t\u0142oczenie, t\u0142oczenie foli\u0105 itp.<\/td>\n<\/tr>\n<tr>\n<td width=\"373\">Wykorzystanie w przemy\u015ble<\/td>\n<td width=\"373\">kosmetyki, perfumy, odzie\u017c, bi\u017cuteria, tyto\u0144, \u017cywno\u015b\u0107, towary codziennego u\u017cytku,<\/td>\n<\/tr>\n<tr>\n<td width=\"373\">Kontrola jako\u015bci<\/td>\n<td width=\"373\">Zaawansowany sprz\u0119t i do\u015bwiadczony zesp\u00f3\u0142 kontroli jako\u015bci dok\u0142adnie sprawdz\u0105 materia\u0142y, p\u00f3\u0142produkty i gotowe produkty na ka\u017cdym etapie przed ich u\u017cyciem.<\/td>\n<\/tr>\n<tr>\n<td width=\"373\">Cena<\/td>\n<td width=\"373\">Ostateczna cena b\u0119dzie dostosowana do produktu i wymaganej ilo\u015bci<\/td>\n<\/tr>\n<tr>\n<td width=\"373\">Czas zwrotu<\/td>\n<td width=\"373\">7-14 dni roboczych, po\u015bpiech<\/td>\n<\/tr>\n<tr>\n<td width=\"373\">Papier<\/td>\n<td width=\"373\">10pt do 28pt (60lb do 400lb) ekologiczny Kraft, tektura falista e-flute, tektura bux, karton<\/td>\n<\/tr>\n<tr>\n<td width=\"373\">Format grafiki<\/td>\n<td width=\"373\">JPG, PDF, AI, CDR, EPS, GIF....<\/td>\n<\/tr>\n<tr>\n<td width=\"373\">Akcesoria<\/td>\n<td width=\"373\">Magnes, ta\u015bma, forma EVA, plastikowa taca, g\u0105bka, okienko PVC\/PET\/PP,...<\/td>\n<\/tr>\n<tr>\n<td width=\"373\">Termin p\u0142atno\u015bci<\/td>\n<td width=\"373\">T \/ T, Western Union, Paypal, depozyt 30% i saldo 70% przed wysy\u0142k\u0105.<\/td>\n<\/tr>\n<\/tbody>\n<\/table>\n<div class=\"widget block block-static-block\">\n<div class=\"landing-page-section option-bottom\">\n<div class=\"custom-materials-tabs-content container container-adjustment\">\n<div class=\"custom-materials-tab-content active\">\n<div class=\"widget block block-static-block\">\n<div class=\"options-items\">\n<div class=\"flex-grid-row-option\">\n<div class=\"flex-grid-item-option\">\n<div class=\"material-box\">\n<p>&nbsp;<\/p>\n<\/div>\n<\/div>\n<\/div>\n<\/div>\n<p><!---end of option item--><\/p>\n<\/div>\n<\/div>\n<\/div>\n<\/div>\n<\/div>","protected":false},"excerpt":{"rendered":"<p>Pude\u0142ka na kalendarze z podw\u00f3jnym otwarciem to unikalne i innowacyjne rozwi\u0105zanie opakowaniowe.<\/p>\n<p>Niestandardowe sztywne pude\u0142ka na kalendarz adwentowy z podw\u00f3jnymi drzwiczkami i wspania\u0142ym wn\u0119trzem to wyrafinowany spos\u00f3b na zaprezentowanie prezent\u00f3w \u015bwi\u0105tecznych.<\/p>\n<p>Rodzaj materia\u0142u: Ekologiczne, posiadaj\u0105 certyfikaty FSC\/ISO\/BSCI<br \/>\nCzas produkcji: Pr\u00f3bka 1-3 dni; Luzem 7-9 dni<br \/>\nCzas wysy\u0142ki: Express 3-7 dni; Air 12-16 dni; Boat 25-30 dni\uff08R\u00f3\u017cne kraje maj\u0105 r\u00f3\u017cne czasy)<\/p>\n<p>Cena:Skontaktuj si\u0119 z nami, aby wys\u0142a\u0107 zapytanie!<\/p>","protected":false},"featured_media":3934,"template":"","meta":[],"product_brand":[],"product_cat":[30,423,428,31],"product_tag":[816,817,815],"class_list":{"0":"post-3930","1":"product","2":"type-product","3":"status-publish","4":"has-post-thumbnail","6":"product_cat-by-industry","7":"product_cat-custom-presentation-boxes-by-industry","8":"product_cat-irregular-shaped-gift-boxes","9":"product_cat-paper-box-style","10":"product_tag-calender-boxes-manufacturer","11":"product_tag-custom-box","12":"product_tag-double-doors-box","14":"first","15":"instock","16":"shipping-taxable","17":"product-type-grouped"},"_links":{"self":[{"href":"https:\/\/zojopackaging.com\/pl\/wp-json\/wp\/v2\/product\/3930","targetHints":{"allow":["GET"]}}],"collection":[{"href":"https:\/\/zojopackaging.com\/pl\/wp-json\/wp\/v2\/product"}],"about":[{"href":"https:\/\/zojopackaging.com\/pl\/wp-json\/wp\/v2\/types\/product"}],"version-history":[{"count":2,"href":"https:\/\/zojopackaging.com\/pl\/wp-json\/wp\/v2\/product\/3930\/revisions"}],"predecessor-version":[{"id":8468,"href":"https:\/\/zojopackaging.com\/pl\/wp-json\/wp\/v2\/product\/3930\/revisions\/8468"}],"wp:featuredmedia":[{"embeddable":true,"href":"https:\/\/zojopackaging.com\/pl\/wp-json\/wp\/v2\/media\/3934"}],"wp:attachment":[{"href":"https:\/\/zojopackaging.com\/pl\/wp-json\/wp\/v2\/media?parent=3930"}],"wp:term":[{"taxonomy":"product_brand","embeddable":true,"href":"https:\/\/zojopackaging.com\/pl\/wp-json\/wp\/v2\/product_brand?post=3930"},{"taxonomy":"product_cat","embeddable":true,"href":"https:\/\/zojopackaging.com\/pl\/wp-json\/wp\/v2\/product_cat?post=3930"},{"taxonomy":"product_tag","embeddable":true,"href":"https:\/\/zojopackaging.com\/pl\/wp-json\/wp\/v2\/product_tag?post=3930"}],"curies":[{"name":"wp","href":"https:\/\/api.w.org\/{rel}","templated":true}]}}