{"id":3936,"date":"2024-03-20T15:04:13","date_gmt":"2024-03-20T07:04:13","guid":{"rendered":"https:\/\/zojopackaging.com\/?post_type=product&#038;p=3936"},"modified":"2025-03-28T11:12:50","modified_gmt":"2025-03-28T03:12:50","slug":"customized-double-open-calendar-box","status":"publish","type":"product","link":"https:\/\/zojopackaging.com\/pl\/product\/customized-double-open-calendar-box\/","title":{"rendered":"Hurtownia niestandardowych opakowa\u0144 kalendarzy adwentowych"},"content":{"rendered":"<h1>Hurtownia niestandardowych opakowa\u0144 kalendarzy adwentowych<\/h1>\n<p>Hurtowe niestandardowe opakowanie na kalendarz adwentowy to wyrafinowane i praktyczne rozwi\u0105zanie opakowaniowe, kt\u00f3re oferuje unikalny i wszechstronny spos\u00f3b prezentacji produktu kalendarza. Pude\u0142ko to jest starannie zaprojektowane z dwoma oddzielnymi otworami, zapewniaj\u0105c \u0142atwy dost\u0119p do zawarto\u015bci kalendarza z r\u00f3\u017cnych stron dla dodatkowej wygody i funkcjonalno\u015bci.<\/p>\n<p>Zewn\u0119trzna cz\u0119\u015b\u0107 pude\u0142ka mo\u017ce zawiera\u0107 logo, grafik\u0119 lub dowoln\u0105 inn\u0105 grafik\u0119, aby stworzy\u0107 sp\u00f3jne i atrakcyjne wizualnie opakowanie. Podw\u00f3jne otwory pozwalaj\u0105 u\u017cytkownikom na interakcj\u0119 z kalendarzem w dynamiczny i anga\u017cuj\u0105cy spos\u00f3b, dzi\u0119ki czemu idealnie nadaje si\u0119 do wy\u015bwietlania na biurkach, p\u00f3\u0142kach lub blatach.<\/p>\n<p>Wn\u0119trze pude\u0142ka jest starannie wykonane, aby bezpiecznie przechowywa\u0107 i chroni\u0107 kalendarz, zapewniaj\u0105c, \u017ce pozostanie on w nieskazitelnym stanie podczas przechowywania lub transportu. Niestandardowe pude\u0142ko na kalendarz z podw\u00f3jnym otworem s\u0142u\u017cy nie tylko jako praktyczne rozwi\u0105zanie do przechowywania, ale tak\u017ce jako stylowe i innowacyjne akcesorium, kt\u00f3re poprawia og\u00f3ln\u0105 prezentacj\u0119 produktu kalendarza.<\/p>\n<p>Niezale\u017cnie od tego, czy chodzi o ekspozycj\u0119 detaliczn\u0105, wydarzenia promocyjne czy prezenty, to spersonalizowane pude\u0142ko dodaje odrobin\u0119 wyrafinowania i kreatywno\u015bci do opakowania kalendarza. Dzi\u0119ki podw\u00f3jnym otworom i konfigurowalnemu projektowi, spersonalizowane pude\u0142ko na kalendarz z podw\u00f3jnym otworem jest wyr\u00f3\u017cniaj\u0105cym si\u0119 wyborem, kt\u00f3ry podnosi komfort u\u017cytkowania i wywiera trwa\u0142e wra\u017cenie na klientach.<\/p>\n<h1><strong>Specyfikacja<\/strong><\/h1>\n<table style=\"height: 666px;\" width=\"1070\">\n<tbody>\n<tr>\n<td width=\"373\">Wymiary<\/td>\n<td width=\"373\">Wszystkie niestandardowe rozmiary i kszta\u0142ty<\/td>\n<\/tr>\n<tr>\n<td width=\"373\">MOQ<\/td>\n<td width=\"373\">500szt.<\/td>\n<\/tr>\n<tr>\n<td width=\"373\">Czas pr\u00f3by<\/td>\n<td width=\"373\">3-5 dni<\/td>\n<\/tr>\n<tr>\n<td width=\"373\">Proces domy\u015blny<\/td>\n<td width=\"373\">Sztancowanie, klejenie, nacinanie, perforacja<\/td>\n<\/tr>\n<tr>\n<td width=\"373\">Drukowanie<\/td>\n<td width=\"373\">Cmyk, pms, bez drukowania<\/td>\n<\/tr>\n<tr>\n<td width=\"373\">Opcja materia\u0142u<\/td>\n<td width=\"373\">Bia\u0142y papier kartonowy, papier powlekany, papier artystyczny, papier siarczanowy, ko\u015b\u0107 s\u0142oniowa, tektura dwustronna, papier specjalny itp.<\/td>\n<\/tr>\n<tr>\n<td width=\"373\">Wyko\u0144czenie powierzchni<\/td>\n<td width=\"373\">Laminowanie matowe\/b\u0142yszcz\u0105ce, punktowe UVDebossing, t\u0142oczenie, t\u0142oczenie foli\u0105 itp.<\/td>\n<\/tr>\n<tr>\n<td width=\"373\">Wykorzystanie w przemy\u015ble<\/td>\n<td width=\"373\">kosmetyki, perfumy, odzie\u017c, bi\u017cuteria, tyto\u0144, \u017cywno\u015b\u0107, towary codziennego u\u017cytku,<\/td>\n<\/tr>\n<tr>\n<td width=\"373\">Kontrola jako\u015bci<\/td>\n<td width=\"373\">Zaawansowany sprz\u0119t i do\u015bwiadczony zesp\u00f3\u0142 kontroli jako\u015bci dok\u0142adnie sprawdz\u0105 materia\u0142y, p\u00f3\u0142produkty i gotowe produkty na ka\u017cdym etapie przed ich u\u017cyciem.<\/td>\n<\/tr>\n<tr>\n<td width=\"373\">Cena<\/td>\n<td width=\"373\">Ostateczna cena b\u0119dzie dostosowana do produktu i wymaganej ilo\u015bci<\/td>\n<\/tr>\n<tr>\n<td width=\"373\">Czas zwrotu<\/td>\n<td width=\"373\">7-14 dni roboczych, po\u015bpiech<\/td>\n<\/tr>\n<tr>\n<td width=\"373\">Papier<\/td>\n<td width=\"373\">10pt do 28pt (60lb do 400lb) ekologiczny Kraft, tektura falista e-flute, tektura bux, karton<\/td>\n<\/tr>\n<tr>\n<td width=\"373\">Format grafiki<\/td>\n<td width=\"373\">JPG, PDF, AI, CDR, EPS, GIF....<\/td>\n<\/tr>\n<tr>\n<td width=\"373\">Akcesoria<\/td>\n<td width=\"373\">Magnes, ta\u015bma, forma EVA, plastikowa taca, g\u0105bka, okienko PVC\/PET\/PP,...<\/td>\n<\/tr>\n<tr>\n<td width=\"373\">Termin p\u0142atno\u015bci<\/td>\n<td width=\"373\">T \/ T, Western Union, Paypal, depozyt 30% i saldo 70% przed wysy\u0142k\u0105.<\/td>\n<\/tr>\n<\/tbody>\n<\/table>\n<div class=\"widget block block-static-block\">\n<div class=\"landing-page-section option-bottom\">\n<div class=\"custom-materials-tabs-content container container-adjustment\">\n<div class=\"custom-materials-tab-content active\">\n<div class=\"widget block block-static-block\">\n<div class=\"options-items\">\n<div class=\"flex-grid-row-option\">\n<div class=\"flex-grid-item-option\">\n<div class=\"material-box\">\n<p>&nbsp;<\/p>\n<\/div>\n<\/div>\n<\/div>\n<\/div>\n<p><!---end of option item--><\/p>\n<\/div>\n<\/div>\n<\/div>\n<\/div>\n<\/div>","protected":false},"excerpt":{"rendered":"<p>1. Dwudrzwiowe pude\u0142ko z kalendarzem kosmetycznym, kt\u00f3re ka\u017cdego dnia otwiera siatk\u0119. Wzmocnij oczekiwanie na festiwal dzi\u0119ki wra\u017ceniu otwierania pude\u0142ka w ciemno<br \/>\n2. Dzi\u0119ki akcesoriom, takim jak wst\u0105\u017cki, zwi\u0119ksza pi\u0119kno i atrakcyjno\u015b\u0107 wizualn\u0105 oraz zwi\u0119ksza rozpoznawalno\u015b\u0107 marki.<br \/>\n3. R\u00f3\u017cne rozmiary mo\u017cna dostosowa\u0107 do swoich produkt\u00f3w, odpowiednie do pakowania r\u00f3\u017cnych kategorii kosmetyk\u00f3w<\/p>","protected":false},"featured_media":3940,"template":"","meta":[],"product_brand":[],"product_cat":[30,390,428,31],"product_tag":[753,754,755],"class_list":{"0":"post-3936","1":"product","2":"type-product","3":"status-publish","4":"has-post-thumbnail","6":"product_cat-by-industry","7":"product_cat-custom-cosmetics-boxes","8":"product_cat-irregular-shaped-gift-boxes","9":"product_cat-paper-box-style","10":"product_tag-advent-calendar-packaging-box","11":"product_tag-beauty-advent-calendar-packaging","12":"product_tag-wholesale-advent-calendar-packaging-box","14":"first","15":"instock","16":"shipping-taxable","17":"product-type-grouped"},"_links":{"self":[{"href":"https:\/\/zojopackaging.com\/pl\/wp-json\/wp\/v2\/product\/3936","targetHints":{"allow":["GET"]}}],"collection":[{"href":"https:\/\/zojopackaging.com\/pl\/wp-json\/wp\/v2\/product"}],"about":[{"href":"https:\/\/zojopackaging.com\/pl\/wp-json\/wp\/v2\/types\/product"}],"version-history":[{"count":2,"href":"https:\/\/zojopackaging.com\/pl\/wp-json\/wp\/v2\/product\/3936\/revisions"}],"predecessor-version":[{"id":8439,"href":"https:\/\/zojopackaging.com\/pl\/wp-json\/wp\/v2\/product\/3936\/revisions\/8439"}],"wp:featuredmedia":[{"embeddable":true,"href":"https:\/\/zojopackaging.com\/pl\/wp-json\/wp\/v2\/media\/3940"}],"wp:attachment":[{"href":"https:\/\/zojopackaging.com\/pl\/wp-json\/wp\/v2\/media?parent=3936"}],"wp:term":[{"taxonomy":"product_brand","embeddable":true,"href":"https:\/\/zojopackaging.com\/pl\/wp-json\/wp\/v2\/product_brand?post=3936"},{"taxonomy":"product_cat","embeddable":true,"href":"https:\/\/zojopackaging.com\/pl\/wp-json\/wp\/v2\/product_cat?post=3936"},{"taxonomy":"product_tag","embeddable":true,"href":"https:\/\/zojopackaging.com\/pl\/wp-json\/wp\/v2\/product_tag?post=3936"}],"curies":[{"name":"wp","href":"https:\/\/api.w.org\/{rel}","templated":true}]}}