{"id":3963,"date":"2024-03-20T15:42:17","date_gmt":"2024-03-20T07:42:17","guid":{"rendered":"https:\/\/zojopackaging.com\/?post_type=product&#038;p=3963"},"modified":"2025-03-25T15:25:47","modified_gmt":"2025-03-25T07:25:47","slug":"bottle-box-packaging-printing","status":"publish","type":"product","link":"https:\/\/zojopackaging.com\/pl\/product\/bottle-box-packaging-printing\/","title":{"rendered":"Niestandardowy zestaw do pakowania olejk\u00f3w eterycznych do piel\u0119gnacji sk\u00f3ry Hurtownia"},"content":{"rendered":"<h1>Niestandardowy zestaw olejk\u00f3w eterycznych do piel\u0119gnacji sk\u00f3ry Pude\u0142ka do pakowania Hurtownia<\/h1>\n<p>Pakowanie i drukowanie pude\u0142ek na butelki odnosi si\u0119 do procesu tworzenia niestandardowych pude\u0142ek zaprojektowanych specjalnie do przechowywania i ochrony butelek o r\u00f3\u017cnych kszta\u0142tach i rozmiarach.<\/p>\n<p>Je\u015bli chodzi o opakowania i nadruki na butelkach, warto wzi\u0105\u0107 pod uwag\u0119 kilka kluczowych cech:<\/p>\n<ul>\n<li>Materia\u0142: Pude\u0142ka s\u0105 zazwyczaj wykonane z wytrzyma\u0142ych materia\u0142\u00f3w, takich jak karton, tektura falista lub tektura papierowa, aby zapewni\u0107 odpowiedni\u0105 ochron\u0119 butelek.<\/li>\n<li>Konstrukcja: Konstrukcja pude\u0142ka powinna by\u0107 dostosowana do kszta\u0142tu i rozmiaru butelki, aby zapewni\u0107 bezpieczne dopasowanie. Niestandardowe wk\u0142adki lub przegrody mog\u0105 by\u0107 do\u0142\u0105czone, aby zapobiec przemieszczaniu si\u0119 i p\u0119kaniu podczas transportu.<\/li>\n<li>Drukowanie: Wysokiej jako\u015bci techniki drukowania, takie jak druk offsetowy lub cyfrowy, mog\u0105 by\u0107 wykorzystywane do dodawania element\u00f3w brandingowych, takich jak logo, informacje o produkcie i wzory dekoracyjne do pude\u0142ka.<\/li>\n<li>Wyko\u0144czenia: R\u00f3\u017cne wyko\u0144czenia, takie jak matowe lub b\u0142yszcz\u0105ce pow\u0142oki, wyt\u0142aczanie, usuwanie wyt\u0142ocze\u0144 i t\u0142oczenie foli\u0105, mog\u0105 by\u0107 stosowane w celu zwi\u0119kszenia atrakcyjno\u015bci wizualnej opakowania i stworzenia wygl\u0105du premium.<\/li>\n<li>Personalizacja: Opakowanie na butelk\u0119 mo\u017cna dostosowa\u0107 pod wzgl\u0119dem rozmiaru, kszta\u0142tu, koloru i projektu, aby odzwierciedli\u0107 to\u017csamo\u015b\u0107 marki i stworzy\u0107 wyj\u0105tkowe wra\u017cenia podczas rozpakowywania dla klient\u00f3w.<\/li>\n<\/ul>\n<h1><strong>Specyfikacja<\/strong><\/h1>\n<table style=\"border-collapse: collapse; width: 759.02pt;\" border=\"0\" width=\"1012\" cellspacing=\"0\" cellpadding=\"0\">\n<tbody>\n<tr style=\"height: 16.50pt;\">\n<td class=\"et3\" style=\"height: 16.50pt; width: 379.50pt;\" width=\"506\" height=\"22\">Wymiary<\/td>\n<td class=\"et3\" style=\"width: 379.50pt;\" width=\"506\">Wszystkie niestandardowe rozmiary i kszta\u0142ty<\/td>\n<\/tr>\n<tr style=\"height: 16.50pt;\">\n<td class=\"et3\" style=\"height: 16.50pt;\" height=\"22\">Min. ilo\u015b\u0107<\/td>\n<td class=\"et3\">50 pude\u0142ek (dost\u0119pna opcja twardej pr\u00f3bki)<\/td>\n<\/tr>\n<tr style=\"height: 16.50pt;\">\n<td class=\"et3\" style=\"height: 16.50pt;\" height=\"22\">Proces domy\u015blny<\/td>\n<td class=\"et3\">Sztancowanie, klejenie, nacinanie, perforacja<\/td>\n<\/tr>\n<tr style=\"height: 16.50pt;\">\n<td class=\"et3\" style=\"height: 16.50pt;\" height=\"22\">Drukowanie<\/td>\n<td class=\"et3\">Cmyk, pms, bez drukowania<\/td>\n<\/tr>\n<tr style=\"height: 16.50pt;\">\n<td class=\"et3\" style=\"height: 16.50pt;\" height=\"22\">Opcja materia\u0142u<\/td>\n<td class=\"et3\">Bia\u0142y papier kartonowy, papier powlekany, papier artystyczny, papier siarczanowy, ko\u015b\u0107 s\u0142oniowa, tektura dwustronna, papier specjalny itp.<\/td>\n<\/tr>\n<tr style=\"height: 17.25pt;\">\n<td class=\"et3\" style=\"height: 17.25pt;\" height=\"23\">Wyko\u0144czenie powierzchni<\/td>\n<td class=\"et4\" style=\"width: 379.50pt;\" width=\"506\">Laminowanie matowe\/b\u0142yszcz\u0105ce, punktowe UVDebossing, t\u0142oczenie, t\u0142oczenie foli\u0105 itp.<\/td>\n<\/tr>\n<tr style=\"height: 17.25pt;\">\n<td class=\"et4\" style=\"height: 17.25pt; width: 379.50pt;\" width=\"506\" height=\"23\">Wykorzystanie w przemy\u015ble<\/td>\n<td class=\"et4\" style=\"width: 379.50pt;\" width=\"506\">kosmetyki, perfumy, odzie\u017c, bi\u017cuteria, tyto\u0144, \u017cywno\u015b\u0107, towary codziennego u\u017cytku,<\/td>\n<\/tr>\n<tr style=\"height: 34.50pt;\">\n<td class=\"et4\" style=\"height: 34.50pt; width: 379.50pt;\" width=\"506\" height=\"46\">Kontrola jako\u015bci<\/td>\n<td class=\"et4\" style=\"width: 379.50pt;\" width=\"506\">Zaawansowany sprz\u0119t i do\u015bwiadczony zesp\u00f3\u0142 kontroli jako\u015bci dok\u0142adnie sprawdz\u0105 materia\u0142y, p\u00f3\u0142produkty i gotowe produkty na ka\u017cdym etapie przed ich u\u017cyciem.<\/td>\n<\/tr>\n<tr style=\"height: 34.50pt;\">\n<td class=\"et4\" style=\"height: 34.50pt; width: 379.50pt;\" width=\"506\" height=\"46\">Cena<\/td>\n<td class=\"et4\" style=\"width: 379.50pt;\" width=\"506\">Ostateczna cena b\u0119dzie dostosowana do produktu i wymaganej ilo\u015bci<\/td>\n<\/tr>\n<tr style=\"height: 16.50pt;\">\n<td class=\"et3\" style=\"height: 16.50pt;\" height=\"22\">Czas zwrotu<\/td>\n<td class=\"et3\">10-12 dni roboczych, po\u015bpiech<\/td>\n<\/tr>\n<tr style=\"height: 16.50pt;\">\n<td class=\"et3\" style=\"height: 16.50pt;\" height=\"22\">Papier<\/td>\n<td class=\"et3\">10pt do 28pt (60lb do 400lb) ekologiczny Kraft, tektura falista e-flute, tektura bux, karton<\/td>\n<\/tr>\n<tr style=\"height: 16.50pt;\">\n<td class=\"et3\" style=\"height: 16.50pt;\" height=\"22\">Dow\u00f3d<\/td>\n<td class=\"et3\">Widok p\u0142aski, makieta 3D, pr\u00f3bkowanie fizyczne (na \u017c\u0105danie)<\/td>\n<\/tr>\n<\/tbody>\n<\/table>\n<div class=\"widget block block-static-block\">\n<div class=\"landing-page-section option-bottom\">\n<div class=\"custom-materials-tabs-content container container-adjustment\">\n<div class=\"custom-materials-tab-content active\">\n<div class=\"widget block block-static-block\">\n<div class=\"options-items\">\n<div class=\"flex-grid-row-option\">\n<div class=\"flex-grid-item-option\">\n<div class=\"material-box\">\n<div class=\"material-des\">\n<p>&nbsp;<\/p>\n<\/div>\n<p>&nbsp;<\/p>\n<\/div>\n<\/div>\n<\/div>\n<\/div>\n<p><!---end of option item--><\/p>\n<\/div>\n<\/div>\n<\/div>\n<\/div>\n<\/div>","protected":false},"excerpt":{"rendered":"<p>Wysokiej jako\u015bci papierowe pude\u0142ka kosmetyczne powlekane z\u0142ot\u0105 foli\u0105 na gor\u0105co, nieograniczone rozmiary mo\u017cna dostosowa\u0107 do w\u0142asnych potrzeb, bezpo\u015brednie dostawy z Chin po cenach fabrycznych, sk\u0142adana konstrukcja oszcz\u0119dza miejsce na wysy\u0142k\u0119.<\/p>","protected":false},"featured_media":3969,"template":"","meta":[],"product_brand":[],"product_cat":[30,390,424,31],"product_tag":[617,616,618],"class_list":{"0":"post-3963","1":"product","2":"type-product","3":"status-publish","4":"has-post-thumbnail","6":"product_cat-by-industry","7":"product_cat-custom-cosmetics-boxes","8":"product_cat-magnetic-closure-boxes","9":"product_cat-paper-box-style","10":"product_tag-custom-skin-care-boxes","11":"product_tag-essential-oil-packaging","12":"product_tag-essential-oil-packaging-wholesale","14":"first","15":"instock","16":"shipping-taxable","17":"product-type-grouped"},"_links":{"self":[{"href":"https:\/\/zojopackaging.com\/pl\/wp-json\/wp\/v2\/product\/3963","targetHints":{"allow":["GET"]}}],"collection":[{"href":"https:\/\/zojopackaging.com\/pl\/wp-json\/wp\/v2\/product"}],"about":[{"href":"https:\/\/zojopackaging.com\/pl\/wp-json\/wp\/v2\/types\/product"}],"version-history":[{"count":2,"href":"https:\/\/zojopackaging.com\/pl\/wp-json\/wp\/v2\/product\/3963\/revisions"}],"predecessor-version":[{"id":8214,"href":"https:\/\/zojopackaging.com\/pl\/wp-json\/wp\/v2\/product\/3963\/revisions\/8214"}],"wp:featuredmedia":[{"embeddable":true,"href":"https:\/\/zojopackaging.com\/pl\/wp-json\/wp\/v2\/media\/3969"}],"wp:attachment":[{"href":"https:\/\/zojopackaging.com\/pl\/wp-json\/wp\/v2\/media?parent=3963"}],"wp:term":[{"taxonomy":"product_brand","embeddable":true,"href":"https:\/\/zojopackaging.com\/pl\/wp-json\/wp\/v2\/product_brand?post=3963"},{"taxonomy":"product_cat","embeddable":true,"href":"https:\/\/zojopackaging.com\/pl\/wp-json\/wp\/v2\/product_cat?post=3963"},{"taxonomy":"product_tag","embeddable":true,"href":"https:\/\/zojopackaging.com\/pl\/wp-json\/wp\/v2\/product_tag?post=3963"}],"curies":[{"name":"wp","href":"https:\/\/api.w.org\/{rel}","templated":true}]}}