{"id":3977,"date":"2024-03-20T15:57:19","date_gmt":"2024-03-20T07:57:19","guid":{"rendered":"https:\/\/zojopackaging.com\/?post_type=product&#038;p=3977"},"modified":"2025-03-24T19:52:01","modified_gmt":"2025-03-24T11:52:01","slug":"customized-card-box","status":"publish","type":"product","link":"https:\/\/zojopackaging.com\/pl\/product\/customized-card-box\/","title":{"rendered":"Spersonalizowane niestandardowe opakowanie sprayu do twarzy Dostawca"},"content":{"rendered":"<h1>Spersonalizowane niestandardowe opakowanie sprayu do twarzy Dostawca<\/h1>\n<p>Spersonalizowane pude\u0142ko na karty to spersonalizowane rozwi\u0105zanie opakowaniowe zaprojektowane do przechowywania i ochrony talii kart, kart do gry, kart kolekcjonerskich lub dowolnego innego rodzaju produktu opartego na kartach.<\/p>\n<p><strong>Kluczowe cechy spersonalizowanego pude\u0142ka na karty:<\/strong><\/p>\n<ul>\n<li>Personalizacja: Pude\u0142ko mo\u017cna w pe\u0142ni dostosowa\u0107 do unikalnych potrzeb kart i marki. Obejmuje to opcje rozmiaru, kszta\u0142tu, materia\u0142u, koloru, nadruku, wyko\u0144czenia i element\u00f3w projektu, aby stworzy\u0107 jedyne w swoim rodzaju rozwi\u0105zanie opakowaniowe.<\/li>\n<li>Materia\u0142: Niestandardowe pude\u0142ka na karty s\u0105 zwykle wykonane z wytrzyma\u0142ych materia\u0142\u00f3w, takich jak karton, tektura lub specjalny karton, aby zapewni\u0107 trwa\u0142o\u015b\u0107 i ochron\u0119 kart w \u015brodku.<\/li>\n<li>Projekt: Projekt pude\u0142ka mo\u017ce by\u0107 dostosowany do motywu, marki lub stylu kart. Niestandardowa grafika, logo, grafika i tekst mog\u0105 zosta\u0107 dodane w celu zwi\u0119kszenia atrakcyjno\u015bci wizualnej i stworzenia sp\u00f3jnego wygl\u0105du z samymi kartami.<\/li>\n<li>Zamkni\u0119cie: Pude\u0142ko mo\u017ce by\u0107 wyposa\u017cone w bezpieczny mechanizm zamykaj\u0105cy, taki jak chowana klapka, zamkni\u0119cie magnetyczne lub tuleja, aby utrzyma\u0107 karty bezpiecznie zamkni\u0119te i zapobiec ich wypadni\u0119ciu.<\/li>\n<li>Wk\u0142adki: Niestandardowe wk\u0142adki lub przek\u0142adki mog\u0105 by\u0107 do\u0142\u0105czone do pude\u0142ka, aby uporz\u0105dkowa\u0107 i oddzieli\u0107 karty, zapobiegaj\u0105c uszkodzeniom lub przemieszczaniu si\u0119 podczas przechowywania lub transportu.<\/li>\n<li>Wyko\u0144czenia: R\u00f3\u017cne wyko\u0144czenia, takie jak matowe lub b\u0142yszcz\u0105ce pow\u0142oki, wyt\u0142aczanie, wyt\u0142aczanie, punktowe UV lub t\u0142oczenie foli\u0105, mog\u0105 by\u0107 nak\u0142adane na pude\u0142ko, aby nada\u0107 mu doskona\u0142y wygl\u0105d.<\/li>\n<\/ul>\n<h1><strong>Specyfikacja<\/strong><\/h1>\n<table style=\"height: 666px;\" width=\"1070\">\n<tbody>\n<tr>\n<td width=\"373\">Wymiary<\/td>\n<td width=\"373\">Wszystkie niestandardowe rozmiary i kszta\u0142ty<\/td>\n<\/tr>\n<tr>\n<td width=\"373\">MOQ<\/td>\n<td width=\"373\">500szt.<\/td>\n<\/tr>\n<tr>\n<td width=\"373\">Czas pr\u00f3by<\/td>\n<td width=\"373\">3-5 dni<\/td>\n<\/tr>\n<tr>\n<td width=\"373\">Proces domy\u015blny<\/td>\n<td width=\"373\">Sztancowanie, klejenie, nacinanie, perforacja<\/td>\n<\/tr>\n<tr>\n<td width=\"373\">Drukowanie<\/td>\n<td width=\"373\">Cmyk, pms, bez drukowania<\/td>\n<\/tr>\n<tr>\n<td width=\"373\">Opcja materia\u0142u<\/td>\n<td width=\"373\">Bia\u0142y papier kartonowy, papier powlekany, papier artystyczny, papier siarczanowy, ko\u015b\u0107 s\u0142oniowa, tektura dwustronna, papier specjalny itp.<\/td>\n<\/tr>\n<tr>\n<td width=\"373\">Wyko\u0144czenie powierzchni<\/td>\n<td width=\"373\">Laminowanie matowe\/b\u0142yszcz\u0105ce, punktowe UVDebossing, t\u0142oczenie, t\u0142oczenie foli\u0105 itp.<\/td>\n<\/tr>\n<tr>\n<td width=\"373\">Wykorzystanie w przemy\u015ble<\/td>\n<td width=\"373\">kosmetyki, perfumy, odzie\u017c, bi\u017cuteria, tyto\u0144, \u017cywno\u015b\u0107, towary codziennego u\u017cytku,<\/td>\n<\/tr>\n<tr>\n<td width=\"373\">Kontrola jako\u015bci<\/td>\n<td width=\"373\">Zaawansowany sprz\u0119t i do\u015bwiadczony zesp\u00f3\u0142 kontroli jako\u015bci dok\u0142adnie sprawdz\u0105 materia\u0142y, p\u00f3\u0142produkty i gotowe produkty na ka\u017cdym etapie przed ich u\u017cyciem.<\/td>\n<\/tr>\n<tr>\n<td width=\"373\">Cena<\/td>\n<td width=\"373\">Ostateczna cena b\u0119dzie dostosowana do produktu i wymaganej ilo\u015bci<\/td>\n<\/tr>\n<tr>\n<td width=\"373\">Czas zwrotu<\/td>\n<td width=\"373\">7-14 dni roboczych, po\u015bpiech<\/td>\n<\/tr>\n<tr>\n<td width=\"373\">Papier<\/td>\n<td width=\"373\">10pt do 28pt (60lb do 400lb) ekologiczny Kraft, tektura falista e-flute, tektura bux, karton<\/td>\n<\/tr>\n<tr>\n<td width=\"373\">Format grafiki<\/td>\n<td width=\"373\">JPG, PDF, AI, CDR, EPS, GIF....<\/td>\n<\/tr>\n<tr>\n<td width=\"373\">Akcesoria<\/td>\n<td width=\"373\">Magnes, ta\u015bma, forma EVA, plastikowa taca, g\u0105bka, okienko PVC\/PET\/PP,...<\/td>\n<\/tr>\n<tr>\n<td width=\"373\">Termin p\u0142atno\u015bci<\/td>\n<td width=\"373\">T \/ T, Western Union, Paypal, depozyt 30% i saldo 70% przed wysy\u0142k\u0105.<\/td>\n<\/tr>\n<\/tbody>\n<\/table>\n<div class=\"widget block block-static-block\">\n<div class=\"landing-page-section option-bottom\">\n<div class=\"custom-materials-tabs-content container container-adjustment\">\n<div class=\"custom-materials-tab-content active\">\n<div class=\"widget block block-static-block\">\n<div class=\"options-items\">\n<div class=\"flex-grid-row-option\">\n<div class=\"flex-grid-item-option\">\n<div class=\"material-box\">\n<p>&nbsp;<\/p>\n<\/div>\n<\/div>\n<\/div>\n<\/div>\n<p><!---end of option item--><\/p>\n<\/div>\n<\/div>\n<\/div>\n<\/div>\n<\/div>","protected":false},"excerpt":{"rendered":"<ul>\n<li>MOQ: 500 sztuk<\/li>\n<li>Czas dostawy: 7-14 dni roboczych, po\u015bpiech<\/li>\n<li>Wymiary na zam\u00f3wienie (\u015brednica x wysoko\u015b\u0107)<\/li>\n<li>Drukowanie na zam\u00f3wienie<\/li>\n<li>Przyjazny dla \u015brodowiska, nadaj\u0105cy si\u0119 do recyklingu i niezawieraj\u0105cy plastiku<\/li>\n<li>Cena \uff1a Ostateczna cena zostanie dostosowana do produktu i wymaganej ilo\u015bci<\/li>\n<\/ul>","protected":false},"featured_media":3982,"template":"","meta":[],"product_brand":[],"product_cat":[30,390,430],"product_tag":[120,243,230],"class_list":{"0":"post-3977","1":"product","2":"type-product","3":"status-publish","4":"has-post-thumbnail","6":"product_cat-by-industry","7":"product_cat-custom-cosmetics-boxes","8":"product_cat-folding-cartons","9":"product_tag-customized-card-box","10":"product_tag-paper-box-manufacturer","11":"product_tag-wholesale-packaging-box","13":"first","14":"instock","15":"shipping-taxable","16":"product-type-grouped"},"_links":{"self":[{"href":"https:\/\/zojopackaging.com\/pl\/wp-json\/wp\/v2\/product\/3977","targetHints":{"allow":["GET"]}}],"collection":[{"href":"https:\/\/zojopackaging.com\/pl\/wp-json\/wp\/v2\/product"}],"about":[{"href":"https:\/\/zojopackaging.com\/pl\/wp-json\/wp\/v2\/types\/product"}],"version-history":[{"count":1,"href":"https:\/\/zojopackaging.com\/pl\/wp-json\/wp\/v2\/product\/3977\/revisions"}],"predecessor-version":[{"id":8122,"href":"https:\/\/zojopackaging.com\/pl\/wp-json\/wp\/v2\/product\/3977\/revisions\/8122"}],"wp:featuredmedia":[{"embeddable":true,"href":"https:\/\/zojopackaging.com\/pl\/wp-json\/wp\/v2\/media\/3982"}],"wp:attachment":[{"href":"https:\/\/zojopackaging.com\/pl\/wp-json\/wp\/v2\/media?parent=3977"}],"wp:term":[{"taxonomy":"product_brand","embeddable":true,"href":"https:\/\/zojopackaging.com\/pl\/wp-json\/wp\/v2\/product_brand?post=3977"},{"taxonomy":"product_cat","embeddable":true,"href":"https:\/\/zojopackaging.com\/pl\/wp-json\/wp\/v2\/product_cat?post=3977"},{"taxonomy":"product_tag","embeddable":true,"href":"https:\/\/zojopackaging.com\/pl\/wp-json\/wp\/v2\/product_tag?post=3977"}],"curies":[{"name":"wp","href":"https:\/\/api.w.org\/{rel}","templated":true}]}}